{"id":27794,"date":"2020-09-30T18:45:59","date_gmt":"2020-09-30T17:45:59","guid":{"rendered":"https:\/\/abilica.com\/se\/?post_type=product&#038;p=27794"},"modified":"2025-10-16T13:33:36","modified_gmt":"2025-10-16T12:33:36","slug":"abilica-resistancebands-set","status":"publish","type":"product","link":"https:\/\/abilica.com\/sv\/styrka\/gummiband\/abilica-resistancebands-set\/","title":{"rendered":"Abilica ResistanceBands Set"},"content":{"rendered":"<div class=\"wpb-content-wrapper\"><p>[vc_row][vc_column][vc_column_text el_class=&#8221;product-video&#8221;]<\/p>\n<p class=\"lead\">Set med 3 breda tr\u00e4ningsband i stark textil i h\u00f6g kvalitet som kan str\u00e4ckas upp till 210%! Elastiken i banden har olika styrkor och \u00e4r perfekt f\u00f6r utomhusbruk eftersom de t\u00e5l mer \u00e4n gummiband. Praktisk f\u00f6rvaringsv\u00e4ska ing\u00e5r.\u00a0Elastiken i Abilica ResistanceBand Set \u00e4r l\u00e4ngre och bredare \u00e4n vanliga elastik i naturgummi och m\u00f6jligg\u00f6r d\u00e4rf\u00f6r lite olika \u00f6vningar. De uppfattas ofta som bekv\u00e4mare att anv\u00e4nda \u00e4n vanliga gummiband.<\/p>\n<p><strong>Motst\u00e5nd<\/strong><br \/>\nL\u00e4tt (ljus beige f\u00e4rg) ca 8-17 kg<br \/>\nMedium (m\u00f6rk beige f\u00e4rg) ca 12-23 kg<br \/>\nH\u00e5rd (gr\u00e5 f\u00e4rg) ca 16-28 kg<\/p>\n<div style=\"width: 640px;\" class=\"wp-video\"><!--[if lt IE 9]><script>document.createElement('video');<\/script><![endif]-->\n<video class=\"wp-video-shortcode\" id=\"video-27794-1\" width=\"640\" height=\"360\" poster=\"https:\/\/abilica.com\/se\/wp-content\/uploads\/2020\/09\/6S2A2520.jpg\" preload=\"metadata\" controls=\"controls\"><source type=\"video\/mp4\" src=\"https:\/\/abilica.com\/se\/wp-content\/uploads\/2021\/01\/ResistanceBands-Set.mp4?_=1\" \/><a href=\"https:\/\/abilica.com\/se\/wp-content\/uploads\/2021\/01\/ResistanceBands-Set.mp4\">https:\/\/abilica.com\/se\/wp-content\/uploads\/2021\/01\/ResistanceBands-Set.mp4<\/a><\/video><\/div>\n<p>[\/vc_column_text][\/vc_column][\/vc_row][vc_row][vc_column][vc_column_text]<\/p>\n<p>[\/vc_column_text][\/vc_column][\/vc_row]<\/p>\n<\/div>","protected":false},"excerpt":{"rendered":"<p>[vc_row][vc_column][vc_column_text el_class=&#8221;product-video&#8221;] Set med 3 breda tr\u00e4ningsband i stark textil i h\u00f6g kvalitet som kan&#8230;<\/p>\n","protected":false},"featured_media":27807,"template":"","meta":{"_acf_changed":false},"product_brand":[],"product_cat":[484,471],"product_tag":[183,182,177,179],"class_list":{"0":"post-27794","1":"product","2":"type-product","3":"status-publish","4":"has-post-thumbnail","6":"product_cat-gummiband","7":"product_cat-styrka","8":"product_tag-abilica-pregnancy","9":"product_tag-garage-gym","10":"product_tag-small-items","11":"product_tag-summer-workout","13":"first","14":"instock","15":"product-type-simple"},"acf":[],"yoast_head":"<!-- This site is optimized with the Yoast SEO Premium plugin v21.1 (Yoast SEO v25.4) - https:\/\/yoast.com\/wordpress\/plugins\/seo\/ -->\n<title>Abilica ResistanceBands Set Abilica<\/title>\n<meta name=\"robots\" content=\"index, follow, max-snippet:-1, max-image-preview:large, max-video-preview:-1\" \/>\n<link rel=\"canonical\" href=\"https:\/\/abilica.com\/sv\/styrka\/gummiband\/abilica-resistancebands-set\/\" \/>\n<meta property=\"og:locale\" content=\"sv_SE\" \/>\n<meta property=\"og:type\" content=\"article\" \/>\n<meta property=\"og:title\" content=\"Abilica ResistanceBands Set\" \/>\n<meta property=\"og:description\" content=\"[vc_row][vc_column][vc_column_text el_class=&#8221;product-video&#8221;] Set med 3 breda tr\u00e4ningsband i stark textil i h\u00f6g kvalitet som kan...\" \/>\n<meta property=\"og:url\" content=\"https:\/\/abilica.com\/sv\/styrka\/gummiband\/abilica-resistancebands-set\/\" \/>\n<meta property=\"og:site_name\" content=\"Abilica\" \/>\n<meta property=\"article:publisher\" content=\"https:\/\/www.facebook.com\/abilicahometraining\/\" \/>\n<meta property=\"article:modified_time\" content=\"2025-10-16T12:33:36+00:00\" \/>\n<meta property=\"og:image\" content=\"https:\/\/abilica.com\/wp-content\/uploads\/2020\/10\/373773.jpg\" \/>\n\t<meta property=\"og:image:width\" content=\"1200\" \/>\n\t<meta property=\"og:image:height\" content=\"1200\" \/>\n\t<meta property=\"og:image:type\" content=\"image\/jpeg\" \/>\n<meta name=\"twitter:card\" content=\"summary_large_image\" \/>\n<meta name=\"twitter:label1\" content=\"Ber\u00e4knad l\u00e4stid\" \/>\n\t<meta name=\"twitter:data1\" content=\"1 minut\" \/>\n<script type=\"application\/ld+json\" class=\"yoast-schema-graph\">{\"@context\":\"https:\/\/schema.org\",\"@graph\":[{\"@type\":\"WebPage\",\"@id\":\"https:\/\/abilica.com\/sv\/styrka\/gummiband\/abilica-resistancebands-set\/\",\"url\":\"https:\/\/abilica.com\/sv\/styrka\/gummiband\/abilica-resistancebands-set\/\",\"name\":\"Abilica ResistanceBands Set Abilica\",\"isPartOf\":{\"@id\":\"https:\/\/abilica.com\/#website\"},\"primaryImageOfPage\":{\"@id\":\"https:\/\/abilica.com\/sv\/styrka\/gummiband\/abilica-resistancebands-set\/#primaryimage\"},\"image\":{\"@id\":\"https:\/\/abilica.com\/sv\/styrka\/gummiband\/abilica-resistancebands-set\/#primaryimage\"},\"thumbnailUrl\":\"https:\/\/abilica.com\/wp-content\/uploads\/2020\/10\/373773.jpg\",\"datePublished\":\"2020-09-30T17:45:59+00:00\",\"dateModified\":\"2025-10-16T12:33:36+00:00\",\"breadcrumb\":{\"@id\":\"https:\/\/abilica.com\/sv\/styrka\/gummiband\/abilica-resistancebands-set\/#breadcrumb\"},\"inLanguage\":\"sv-SE\",\"potentialAction\":[{\"@type\":\"ReadAction\",\"target\":[\"https:\/\/abilica.com\/sv\/styrka\/gummiband\/abilica-resistancebands-set\/\"]}]},{\"@type\":\"ImageObject\",\"inLanguage\":\"sv-SE\",\"@id\":\"https:\/\/abilica.com\/sv\/styrka\/gummiband\/abilica-resistancebands-set\/#primaryimage\",\"url\":\"https:\/\/abilica.com\/wp-content\/uploads\/2020\/10\/373773.jpg\",\"contentUrl\":\"https:\/\/abilica.com\/wp-content\/uploads\/2020\/10\/373773.jpg\",\"width\":1200,\"height\":1200},{\"@type\":\"BreadcrumbList\",\"@id\":\"https:\/\/abilica.com\/sv\/styrka\/gummiband\/abilica-resistancebands-set\/#breadcrumb\",\"itemListElement\":[{\"@type\":\"ListItem\",\"position\":1,\"name\":\"Hem\",\"item\":\"https:\/\/abilica.com\/sv\/\"},{\"@type\":\"ListItem\",\"position\":2,\"name\":\"Produkter\",\"item\":\"https:\/\/abilica.com\/sv\/shop\/\"},{\"@type\":\"ListItem\",\"position\":3,\"name\":\"Abilica ResistanceBands Set\"}]},{\"@type\":\"WebSite\",\"@id\":\"https:\/\/abilica.com\/#website\",\"url\":\"https:\/\/abilica.com\/\",\"name\":\"Abilica\",\"description\":\"Abilica Home Training\",\"potentialAction\":[{\"@type\":\"SearchAction\",\"target\":{\"@type\":\"EntryPoint\",\"urlTemplate\":\"https:\/\/abilica.com\/?s={search_term_string}\"},\"query-input\":{\"@type\":\"PropertyValueSpecification\",\"valueRequired\":true,\"valueName\":\"search_term_string\"}}],\"inLanguage\":\"sv-SE\"}]}<\/script>\n<!-- \/ Yoast SEO Premium plugin. -->","yoast_head_json":{"title":"Abilica ResistanceBands Set Abilica","robots":{"index":"index","follow":"follow","max-snippet":"max-snippet:-1","max-image-preview":"max-image-preview:large","max-video-preview":"max-video-preview:-1"},"canonical":"https:\/\/abilica.com\/sv\/styrka\/gummiband\/abilica-resistancebands-set\/","og_locale":"sv_SE","og_type":"article","og_title":"Abilica ResistanceBands Set","og_description":"[vc_row][vc_column][vc_column_text el_class=&#8221;product-video&#8221;] Set med 3 breda tr\u00e4ningsband i stark textil i h\u00f6g kvalitet som kan...","og_url":"https:\/\/abilica.com\/sv\/styrka\/gummiband\/abilica-resistancebands-set\/","og_site_name":"Abilica","article_publisher":"https:\/\/www.facebook.com\/abilicahometraining\/","article_modified_time":"2025-10-16T12:33:36+00:00","og_image":[{"width":1200,"height":1200,"url":"https:\/\/abilica.com\/wp-content\/uploads\/2020\/10\/373773.jpg","type":"image\/jpeg"}],"twitter_card":"summary_large_image","twitter_misc":{"Ber\u00e4knad l\u00e4stid":"1 minut"},"schema":{"@context":"https:\/\/schema.org","@graph":[{"@type":"WebPage","@id":"https:\/\/abilica.com\/sv\/styrka\/gummiband\/abilica-resistancebands-set\/","url":"https:\/\/abilica.com\/sv\/styrka\/gummiband\/abilica-resistancebands-set\/","name":"Abilica ResistanceBands Set Abilica","isPartOf":{"@id":"https:\/\/abilica.com\/#website"},"primaryImageOfPage":{"@id":"https:\/\/abilica.com\/sv\/styrka\/gummiband\/abilica-resistancebands-set\/#primaryimage"},"image":{"@id":"https:\/\/abilica.com\/sv\/styrka\/gummiband\/abilica-resistancebands-set\/#primaryimage"},"thumbnailUrl":"https:\/\/abilica.com\/wp-content\/uploads\/2020\/10\/373773.jpg","datePublished":"2020-09-30T17:45:59+00:00","dateModified":"2025-10-16T12:33:36+00:00","breadcrumb":{"@id":"https:\/\/abilica.com\/sv\/styrka\/gummiband\/abilica-resistancebands-set\/#breadcrumb"},"inLanguage":"sv-SE","potentialAction":[{"@type":"ReadAction","target":["https:\/\/abilica.com\/sv\/styrka\/gummiband\/abilica-resistancebands-set\/"]}]},{"@type":"ImageObject","inLanguage":"sv-SE","@id":"https:\/\/abilica.com\/sv\/styrka\/gummiband\/abilica-resistancebands-set\/#primaryimage","url":"https:\/\/abilica.com\/wp-content\/uploads\/2020\/10\/373773.jpg","contentUrl":"https:\/\/abilica.com\/wp-content\/uploads\/2020\/10\/373773.jpg","width":1200,"height":1200},{"@type":"BreadcrumbList","@id":"https:\/\/abilica.com\/sv\/styrka\/gummiband\/abilica-resistancebands-set\/#breadcrumb","itemListElement":[{"@type":"ListItem","position":1,"name":"Hem","item":"https:\/\/abilica.com\/sv\/"},{"@type":"ListItem","position":2,"name":"Produkter","item":"https:\/\/abilica.com\/sv\/shop\/"},{"@type":"ListItem","position":3,"name":"Abilica ResistanceBands Set"}]},{"@type":"WebSite","@id":"https:\/\/abilica.com\/#website","url":"https:\/\/abilica.com\/","name":"Abilica","description":"Abilica Home Training","potentialAction":[{"@type":"SearchAction","target":{"@type":"EntryPoint","urlTemplate":"https:\/\/abilica.com\/?s={search_term_string}"},"query-input":{"@type":"PropertyValueSpecification","valueRequired":true,"valueName":"search_term_string"}}],"inLanguage":"sv-SE"}]}},"_links":{"self":[{"href":"https:\/\/abilica.com\/sv\/wp-json\/wp\/v2\/product\/27794","targetHints":{"allow":["GET"]}}],"collection":[{"href":"https:\/\/abilica.com\/sv\/wp-json\/wp\/v2\/product"}],"about":[{"href":"https:\/\/abilica.com\/sv\/wp-json\/wp\/v2\/types\/product"}],"wp:featuredmedia":[{"embeddable":true,"href":"https:\/\/abilica.com\/sv\/wp-json\/wp\/v2\/media\/27807"}],"wp:attachment":[{"href":"https:\/\/abilica.com\/sv\/wp-json\/wp\/v2\/media?parent=27794"}],"wp:term":[{"taxonomy":"product_brand","embeddable":true,"href":"https:\/\/abilica.com\/sv\/wp-json\/wp\/v2\/product_brand?post=27794"},{"taxonomy":"product_cat","embeddable":true,"href":"https:\/\/abilica.com\/sv\/wp-json\/wp\/v2\/product_cat?post=27794"},{"taxonomy":"product_tag","embeddable":true,"href":"https:\/\/abilica.com\/sv\/wp-json\/wp\/v2\/product_tag?post=27794"}],"curies":[{"name":"wp","href":"https:\/\/api.w.org\/{rel}","templated":true}]}}