{"id":27795,"date":"2020-09-30T18:46:23","date_gmt":"2020-09-30T17:46:23","guid":{"rendered":"https:\/\/abilica.com\/se\/?post_type=product&#038;p=27795"},"modified":"2025-10-23T11:12:40","modified_gmt":"2025-10-23T10:12:40","slug":"abilica-massagegun-pro","status":"publish","type":"product","link":"https:\/\/abilica.com\/sv\/restitution-och-skadeforebyggande\/massage\/abilica-massagegun-pro\/","title":{"rendered":"Abilica MassageGun Pro"},"content":{"rendered":"<p class=\"lead\">Nya Abilica MassageGun Pro \u00e4r en handh\u00e5llen massagepistol som \u00e4r utm\u00e4rkt f\u00f6r att v\u00e4rma upp musklerna f\u00f6re aktivitet och f\u00f6r att skapa god blodcirkulation till musklerna efter tr\u00e4ning, vilket minskar inflammation och muskelsp\u00e4nningar.<\/p>\n<p>Den effektiva Abilica MassageGun Pro har 6 massagefrekvenser mellan 1200-2800 repetitioner per minut vilket ger ett bra tillf\u00e4lle att anpassa vibrationerna s\u00e5 bra som m\u00f6jligt f\u00f6r en effektiv massage. Den levereras med s\u00e5 m\u00e5nga som 5 olika massagehuvuden som \u00e4r anpassade till olika muskelgrupper f\u00f6r att ge en varierad och bra massage. Massagepistolen \u00e4r uppladdningsbar och batteritiden \u00e4r 2-5 timmar. Laddningstiden \u00e4r cirka 3,5 timmar. Abilica MassageGun Pro \u00e4r tyst, har en snygg design och kommer i ett praktiskt fodral d\u00e4r alla delar kan lagras tillsammans. Svart f\u00e4rg.<\/p>\n<p><strong>Batteri:<\/strong> 2000mah 20W<br \/>\n<strong>Batteritid:<\/strong>\u00a02-5 timmar<br \/>\n<strong>Laddningstid:<\/strong> 3,5 timmar<br \/>\n<strong>Vikt:<\/strong> 700 gram<br \/>\n<strong>Material:<\/strong> Rostfritt st\u00e5l, ABS och kiselgel<br \/>\n<strong>Massagefrekvens:<\/strong> 1200-2800<br \/>\n<strong>Utslag: 8 mm<\/strong><\/p>\n<p><strong>Massageniv\u00e5er<\/strong><br \/>\nNiv\u00e5 1: 1200 rpm<br \/>\nNiv\u00e5 2: 1520 rpm<br \/>\nNiv\u00e5 3: 1840 rpm<br \/>\nNiv\u00e5 4: 2160 rpm<br \/>\nNiv\u00e5 5: 2480 rpm<br \/>\nNiv\u00e5 6: 2800 rpm<\/p>\n<p><strong>Produkten inneh\u00e5ller<\/strong><br \/>\n1 st Massagepistol<br \/>\n5 olika massagehuvuden<br \/>\n1 laddare<br \/>\n1 fodral f\u00f6r f\u00f6rvaring<\/p>\n","protected":false},"excerpt":{"rendered":"<p>Nya Abilica MassageGun Pro \u00e4r en handh\u00e5llen massagepistol som \u00e4r utm\u00e4rkt f\u00f6r att v\u00e4rma upp&#8230;<\/p>\n","protected":false},"featured_media":27813,"template":"","meta":{"_acf_changed":false},"product_brand":[],"product_cat":[510,481],"product_tag":[181,49,177],"class_list":{"0":"post-27795","1":"product","2":"type-product","3":"status-publish","4":"has-post-thumbnail","6":"product_cat-massage","7":"product_cat-restitution-och-skadeforebyggande","8":"product_tag-home-gym","9":"product_tag-premium","10":"product_tag-small-items","12":"first","13":"outofstock","14":"product-type-simple"},"acf":[],"yoast_head":"<!-- This site is optimized with the Yoast SEO Premium plugin v21.1 (Yoast SEO v25.4) - https:\/\/yoast.com\/wordpress\/plugins\/seo\/ -->\n<title>Abilica MassageGun Pro Abilica<\/title>\n<meta name=\"robots\" content=\"index, follow, max-snippet:-1, max-image-preview:large, max-video-preview:-1\" \/>\n<link rel=\"canonical\" href=\"https:\/\/abilica.com\/sv\/restitution-och-skadeforebyggande\/massage\/abilica-massagegun-pro\/\" \/>\n<meta property=\"og:locale\" content=\"sv_SE\" \/>\n<meta property=\"og:type\" content=\"article\" \/>\n<meta property=\"og:title\" content=\"Abilica MassageGun Pro\" \/>\n<meta property=\"og:description\" content=\"Nya Abilica MassageGun Pro \u00e4r en handh\u00e5llen massagepistol som \u00e4r utm\u00e4rkt f\u00f6r att v\u00e4rma upp...\" \/>\n<meta property=\"og:url\" content=\"https:\/\/abilica.com\/sv\/restitution-och-skadeforebyggande\/massage\/abilica-massagegun-pro\/\" \/>\n<meta property=\"og:site_name\" content=\"Abilica\" \/>\n<meta property=\"article:publisher\" content=\"https:\/\/www.facebook.com\/abilicahometraining\/\" \/>\n<meta property=\"article:modified_time\" content=\"2025-10-23T10:12:40+00:00\" \/>\n<meta property=\"og:image\" content=\"https:\/\/abilica.com\/wp-content\/uploads\/2020\/10\/373816.jpg\" \/>\n\t<meta property=\"og:image:width\" content=\"1200\" \/>\n\t<meta property=\"og:image:height\" content=\"1200\" \/>\n\t<meta property=\"og:image:type\" content=\"image\/jpeg\" \/>\n<meta name=\"twitter:card\" content=\"summary_large_image\" \/>\n<meta name=\"twitter:label1\" content=\"Ber\u00e4knad l\u00e4stid\" \/>\n\t<meta name=\"twitter:data1\" content=\"1 minut\" \/>\n<script type=\"application\/ld+json\" class=\"yoast-schema-graph\">{\"@context\":\"https:\/\/schema.org\",\"@graph\":[{\"@type\":\"WebPage\",\"@id\":\"https:\/\/abilica.com\/sv\/restitution-och-skadeforebyggande\/massage\/abilica-massagegun-pro\/\",\"url\":\"https:\/\/abilica.com\/sv\/restitution-och-skadeforebyggande\/massage\/abilica-massagegun-pro\/\",\"name\":\"Abilica MassageGun Pro Abilica\",\"isPartOf\":{\"@id\":\"https:\/\/abilica.com\/#website\"},\"primaryImageOfPage\":{\"@id\":\"https:\/\/abilica.com\/sv\/restitution-och-skadeforebyggande\/massage\/abilica-massagegun-pro\/#primaryimage\"},\"image\":{\"@id\":\"https:\/\/abilica.com\/sv\/restitution-och-skadeforebyggande\/massage\/abilica-massagegun-pro\/#primaryimage\"},\"thumbnailUrl\":\"https:\/\/abilica.com\/wp-content\/uploads\/2020\/10\/373816.jpg\",\"datePublished\":\"2020-09-30T17:46:23+00:00\",\"dateModified\":\"2025-10-23T10:12:40+00:00\",\"breadcrumb\":{\"@id\":\"https:\/\/abilica.com\/sv\/restitution-och-skadeforebyggande\/massage\/abilica-massagegun-pro\/#breadcrumb\"},\"inLanguage\":\"sv-SE\",\"potentialAction\":[{\"@type\":\"ReadAction\",\"target\":[\"https:\/\/abilica.com\/sv\/restitution-och-skadeforebyggande\/massage\/abilica-massagegun-pro\/\"]}]},{\"@type\":\"ImageObject\",\"inLanguage\":\"sv-SE\",\"@id\":\"https:\/\/abilica.com\/sv\/restitution-och-skadeforebyggande\/massage\/abilica-massagegun-pro\/#primaryimage\",\"url\":\"https:\/\/abilica.com\/wp-content\/uploads\/2020\/10\/373816.jpg\",\"contentUrl\":\"https:\/\/abilica.com\/wp-content\/uploads\/2020\/10\/373816.jpg\",\"width\":1200,\"height\":1200},{\"@type\":\"BreadcrumbList\",\"@id\":\"https:\/\/abilica.com\/sv\/restitution-och-skadeforebyggande\/massage\/abilica-massagegun-pro\/#breadcrumb\",\"itemListElement\":[{\"@type\":\"ListItem\",\"position\":1,\"name\":\"Hem\",\"item\":\"https:\/\/abilica.com\/sv\/\"},{\"@type\":\"ListItem\",\"position\":2,\"name\":\"Produkter\",\"item\":\"https:\/\/abilica.com\/sv\/shop\/\"},{\"@type\":\"ListItem\",\"position\":3,\"name\":\"Abilica MassageGun Pro\"}]},{\"@type\":\"WebSite\",\"@id\":\"https:\/\/abilica.com\/#website\",\"url\":\"https:\/\/abilica.com\/\",\"name\":\"Abilica\",\"description\":\"Abilica Home Training\",\"potentialAction\":[{\"@type\":\"SearchAction\",\"target\":{\"@type\":\"EntryPoint\",\"urlTemplate\":\"https:\/\/abilica.com\/?s={search_term_string}\"},\"query-input\":{\"@type\":\"PropertyValueSpecification\",\"valueRequired\":true,\"valueName\":\"search_term_string\"}}],\"inLanguage\":\"sv-SE\"}]}<\/script>\n<!-- \/ Yoast SEO Premium plugin. -->","yoast_head_json":{"title":"Abilica MassageGun Pro Abilica","robots":{"index":"index","follow":"follow","max-snippet":"max-snippet:-1","max-image-preview":"max-image-preview:large","max-video-preview":"max-video-preview:-1"},"canonical":"https:\/\/abilica.com\/sv\/restitution-och-skadeforebyggande\/massage\/abilica-massagegun-pro\/","og_locale":"sv_SE","og_type":"article","og_title":"Abilica MassageGun Pro","og_description":"Nya Abilica MassageGun Pro \u00e4r en handh\u00e5llen massagepistol som \u00e4r utm\u00e4rkt f\u00f6r att v\u00e4rma upp...","og_url":"https:\/\/abilica.com\/sv\/restitution-och-skadeforebyggande\/massage\/abilica-massagegun-pro\/","og_site_name":"Abilica","article_publisher":"https:\/\/www.facebook.com\/abilicahometraining\/","article_modified_time":"2025-10-23T10:12:40+00:00","og_image":[{"width":1200,"height":1200,"url":"https:\/\/abilica.com\/wp-content\/uploads\/2020\/10\/373816.jpg","type":"image\/jpeg"}],"twitter_card":"summary_large_image","twitter_misc":{"Ber\u00e4knad l\u00e4stid":"1 minut"},"schema":{"@context":"https:\/\/schema.org","@graph":[{"@type":"WebPage","@id":"https:\/\/abilica.com\/sv\/restitution-och-skadeforebyggande\/massage\/abilica-massagegun-pro\/","url":"https:\/\/abilica.com\/sv\/restitution-och-skadeforebyggande\/massage\/abilica-massagegun-pro\/","name":"Abilica MassageGun Pro Abilica","isPartOf":{"@id":"https:\/\/abilica.com\/#website"},"primaryImageOfPage":{"@id":"https:\/\/abilica.com\/sv\/restitution-och-skadeforebyggande\/massage\/abilica-massagegun-pro\/#primaryimage"},"image":{"@id":"https:\/\/abilica.com\/sv\/restitution-och-skadeforebyggande\/massage\/abilica-massagegun-pro\/#primaryimage"},"thumbnailUrl":"https:\/\/abilica.com\/wp-content\/uploads\/2020\/10\/373816.jpg","datePublished":"2020-09-30T17:46:23+00:00","dateModified":"2025-10-23T10:12:40+00:00","breadcrumb":{"@id":"https:\/\/abilica.com\/sv\/restitution-och-skadeforebyggande\/massage\/abilica-massagegun-pro\/#breadcrumb"},"inLanguage":"sv-SE","potentialAction":[{"@type":"ReadAction","target":["https:\/\/abilica.com\/sv\/restitution-och-skadeforebyggande\/massage\/abilica-massagegun-pro\/"]}]},{"@type":"ImageObject","inLanguage":"sv-SE","@id":"https:\/\/abilica.com\/sv\/restitution-och-skadeforebyggande\/massage\/abilica-massagegun-pro\/#primaryimage","url":"https:\/\/abilica.com\/wp-content\/uploads\/2020\/10\/373816.jpg","contentUrl":"https:\/\/abilica.com\/wp-content\/uploads\/2020\/10\/373816.jpg","width":1200,"height":1200},{"@type":"BreadcrumbList","@id":"https:\/\/abilica.com\/sv\/restitution-och-skadeforebyggande\/massage\/abilica-massagegun-pro\/#breadcrumb","itemListElement":[{"@type":"ListItem","position":1,"name":"Hem","item":"https:\/\/abilica.com\/sv\/"},{"@type":"ListItem","position":2,"name":"Produkter","item":"https:\/\/abilica.com\/sv\/shop\/"},{"@type":"ListItem","position":3,"name":"Abilica MassageGun Pro"}]},{"@type":"WebSite","@id":"https:\/\/abilica.com\/#website","url":"https:\/\/abilica.com\/","name":"Abilica","description":"Abilica Home Training","potentialAction":[{"@type":"SearchAction","target":{"@type":"EntryPoint","urlTemplate":"https:\/\/abilica.com\/?s={search_term_string}"},"query-input":{"@type":"PropertyValueSpecification","valueRequired":true,"valueName":"search_term_string"}}],"inLanguage":"sv-SE"}]}},"_links":{"self":[{"href":"https:\/\/abilica.com\/sv\/wp-json\/wp\/v2\/product\/27795","targetHints":{"allow":["GET"]}}],"collection":[{"href":"https:\/\/abilica.com\/sv\/wp-json\/wp\/v2\/product"}],"about":[{"href":"https:\/\/abilica.com\/sv\/wp-json\/wp\/v2\/types\/product"}],"wp:featuredmedia":[{"embeddable":true,"href":"https:\/\/abilica.com\/sv\/wp-json\/wp\/v2\/media\/27813"}],"wp:attachment":[{"href":"https:\/\/abilica.com\/sv\/wp-json\/wp\/v2\/media?parent=27795"}],"wp:term":[{"taxonomy":"product_brand","embeddable":true,"href":"https:\/\/abilica.com\/sv\/wp-json\/wp\/v2\/product_brand?post=27795"},{"taxonomy":"product_cat","embeddable":true,"href":"https:\/\/abilica.com\/sv\/wp-json\/wp\/v2\/product_cat?post=27795"},{"taxonomy":"product_tag","embeddable":true,"href":"https:\/\/abilica.com\/sv\/wp-json\/wp\/v2\/product_tag?post=27795"}],"curies":[{"name":"wp","href":"https:\/\/api.w.org\/{rel}","templated":true}]}}