{"id":27798,"date":"2020-09-30T19:45:36","date_gmt":"2020-09-30T18:45:36","guid":{"rendered":"https:\/\/abilica.com\/se\/?post_type=product&#038;p=27798"},"modified":"2025-08-21T10:01:24","modified_gmt":"2025-08-21T09:01:24","slug":"abilica-weightset-9-kg","status":"publish","type":"product","link":"https:\/\/abilica.com\/sv\/styrka\/hantlar\/abilica-weightset-9-kg\/","title":{"rendered":"Abilica WeightSet 9 kg"},"content":{"rendered":"<p class=\"lead\">Abilica WeightSet 9 kg \u00e4r v\u00e5r billigaste viktupps\u00e4ttning och h\u00e5ller god kvalitet.\u00a0Tr\u00e4na biceps curl, goblet squat, triceps curl och mer. Fodralet best\u00e5r av 1 st. hantel 1,25 kg., 2 x 1,25 kg viktskivor, 2 x 2,5 kg viktskivor och 2 st. l\u00e5s (0,25 kg.). Viktplattornas innerdiameter \u00e4r 25 mm. En total belastning p\u00e5 upp till 9 kilo. Levereras i ett praktiskt f\u00f6rvaringsfodral.\u00a0Tillverkad av gjutj\u00e4rn och f\u00f6rkromat st\u00e5l.<\/p>\n","protected":false},"excerpt":{"rendered":"<p>Abilica WeightSet 9 kg \u00e4r v\u00e5r billigaste viktupps\u00e4ttning och h\u00e5ller god kvalitet.\u00a0Tr\u00e4na biceps curl, goblet&#8230;<\/p>\n","protected":false},"featured_media":27808,"template":"","meta":{"_acf_changed":false},"product_brand":[],"product_cat":[479,474,471],"product_tag":[],"class_list":{"0":"post-27798","1":"product","2":"type-product","3":"status-publish","4":"has-post-thumbnail","6":"product_cat-hantlar","7":"product_cat-skivor-och-stanger","8":"product_cat-styrka","10":"first","11":"instock","12":"product-type-simple"},"acf":[],"yoast_head":"<!-- This site is optimized with the Yoast SEO Premium plugin v21.1 (Yoast SEO v25.4) - https:\/\/yoast.com\/wordpress\/plugins\/seo\/ -->\n<title>Abilica WeightSet 9 kg Abilica<\/title>\n<meta name=\"robots\" content=\"index, follow, max-snippet:-1, max-image-preview:large, max-video-preview:-1\" \/>\n<link rel=\"canonical\" href=\"https:\/\/abilica.com\/sv\/styrka\/hantlar\/abilica-weightset-9-kg\/\" \/>\n<meta property=\"og:locale\" content=\"sv_SE\" \/>\n<meta property=\"og:type\" content=\"article\" \/>\n<meta property=\"og:title\" content=\"Abilica WeightSet 9 kg\" \/>\n<meta property=\"og:description\" content=\"Abilica WeightSet 9 kg \u00e4r v\u00e5r billigaste viktupps\u00e4ttning och h\u00e5ller god kvalitet.\u00a0Tr\u00e4na biceps curl, goblet...\" \/>\n<meta property=\"og:url\" content=\"https:\/\/abilica.com\/sv\/styrka\/hantlar\/abilica-weightset-9-kg\/\" \/>\n<meta property=\"og:site_name\" content=\"Abilica\" \/>\n<meta property=\"article:publisher\" content=\"https:\/\/www.facebook.com\/abilicahometraining\/\" \/>\n<meta property=\"article:modified_time\" content=\"2025-08-21T09:01:24+00:00\" \/>\n<meta property=\"og:image\" content=\"https:\/\/abilica.com\/wp-content\/uploads\/2020\/10\/373776.jpg\" \/>\n\t<meta property=\"og:image:width\" content=\"1200\" \/>\n\t<meta property=\"og:image:height\" content=\"1200\" \/>\n\t<meta property=\"og:image:type\" content=\"image\/jpeg\" \/>\n<meta name=\"twitter:card\" content=\"summary_large_image\" \/>\n<script type=\"application\/ld+json\" class=\"yoast-schema-graph\">{\"@context\":\"https:\/\/schema.org\",\"@graph\":[{\"@type\":\"WebPage\",\"@id\":\"https:\/\/abilica.com\/sv\/styrka\/hantlar\/abilica-weightset-9-kg\/\",\"url\":\"https:\/\/abilica.com\/sv\/styrka\/hantlar\/abilica-weightset-9-kg\/\",\"name\":\"Abilica WeightSet 9 kg Abilica\",\"isPartOf\":{\"@id\":\"https:\/\/abilica.com\/#website\"},\"primaryImageOfPage\":{\"@id\":\"https:\/\/abilica.com\/sv\/styrka\/hantlar\/abilica-weightset-9-kg\/#primaryimage\"},\"image\":{\"@id\":\"https:\/\/abilica.com\/sv\/styrka\/hantlar\/abilica-weightset-9-kg\/#primaryimage\"},\"thumbnailUrl\":\"https:\/\/abilica.com\/wp-content\/uploads\/2020\/10\/373776.jpg\",\"datePublished\":\"2020-09-30T18:45:36+00:00\",\"dateModified\":\"2025-08-21T09:01:24+00:00\",\"breadcrumb\":{\"@id\":\"https:\/\/abilica.com\/sv\/styrka\/hantlar\/abilica-weightset-9-kg\/#breadcrumb\"},\"inLanguage\":\"sv-SE\",\"potentialAction\":[{\"@type\":\"ReadAction\",\"target\":[\"https:\/\/abilica.com\/sv\/styrka\/hantlar\/abilica-weightset-9-kg\/\"]}]},{\"@type\":\"ImageObject\",\"inLanguage\":\"sv-SE\",\"@id\":\"https:\/\/abilica.com\/sv\/styrka\/hantlar\/abilica-weightset-9-kg\/#primaryimage\",\"url\":\"https:\/\/abilica.com\/wp-content\/uploads\/2020\/10\/373776.jpg\",\"contentUrl\":\"https:\/\/abilica.com\/wp-content\/uploads\/2020\/10\/373776.jpg\",\"width\":1200,\"height\":1200},{\"@type\":\"BreadcrumbList\",\"@id\":\"https:\/\/abilica.com\/sv\/styrka\/hantlar\/abilica-weightset-9-kg\/#breadcrumb\",\"itemListElement\":[{\"@type\":\"ListItem\",\"position\":1,\"name\":\"Hem\",\"item\":\"https:\/\/abilica.com\/sv\/\"},{\"@type\":\"ListItem\",\"position\":2,\"name\":\"Produkter\",\"item\":\"https:\/\/abilica.com\/sv\/shop\/\"},{\"@type\":\"ListItem\",\"position\":3,\"name\":\"Abilica WeightSet 9 kg\"}]},{\"@type\":\"WebSite\",\"@id\":\"https:\/\/abilica.com\/#website\",\"url\":\"https:\/\/abilica.com\/\",\"name\":\"Abilica\",\"description\":\"Abilica Home Training\",\"potentialAction\":[{\"@type\":\"SearchAction\",\"target\":{\"@type\":\"EntryPoint\",\"urlTemplate\":\"https:\/\/abilica.com\/?s={search_term_string}\"},\"query-input\":{\"@type\":\"PropertyValueSpecification\",\"valueRequired\":true,\"valueName\":\"search_term_string\"}}],\"inLanguage\":\"sv-SE\"}]}<\/script>\n<!-- \/ Yoast SEO Premium plugin. -->","yoast_head_json":{"title":"Abilica WeightSet 9 kg Abilica","robots":{"index":"index","follow":"follow","max-snippet":"max-snippet:-1","max-image-preview":"max-image-preview:large","max-video-preview":"max-video-preview:-1"},"canonical":"https:\/\/abilica.com\/sv\/styrka\/hantlar\/abilica-weightset-9-kg\/","og_locale":"sv_SE","og_type":"article","og_title":"Abilica WeightSet 9 kg","og_description":"Abilica WeightSet 9 kg \u00e4r v\u00e5r billigaste viktupps\u00e4ttning och h\u00e5ller god kvalitet.\u00a0Tr\u00e4na biceps curl, goblet...","og_url":"https:\/\/abilica.com\/sv\/styrka\/hantlar\/abilica-weightset-9-kg\/","og_site_name":"Abilica","article_publisher":"https:\/\/www.facebook.com\/abilicahometraining\/","article_modified_time":"2025-08-21T09:01:24+00:00","og_image":[{"width":1200,"height":1200,"url":"https:\/\/abilica.com\/wp-content\/uploads\/2020\/10\/373776.jpg","type":"image\/jpeg"}],"twitter_card":"summary_large_image","schema":{"@context":"https:\/\/schema.org","@graph":[{"@type":"WebPage","@id":"https:\/\/abilica.com\/sv\/styrka\/hantlar\/abilica-weightset-9-kg\/","url":"https:\/\/abilica.com\/sv\/styrka\/hantlar\/abilica-weightset-9-kg\/","name":"Abilica WeightSet 9 kg Abilica","isPartOf":{"@id":"https:\/\/abilica.com\/#website"},"primaryImageOfPage":{"@id":"https:\/\/abilica.com\/sv\/styrka\/hantlar\/abilica-weightset-9-kg\/#primaryimage"},"image":{"@id":"https:\/\/abilica.com\/sv\/styrka\/hantlar\/abilica-weightset-9-kg\/#primaryimage"},"thumbnailUrl":"https:\/\/abilica.com\/wp-content\/uploads\/2020\/10\/373776.jpg","datePublished":"2020-09-30T18:45:36+00:00","dateModified":"2025-08-21T09:01:24+00:00","breadcrumb":{"@id":"https:\/\/abilica.com\/sv\/styrka\/hantlar\/abilica-weightset-9-kg\/#breadcrumb"},"inLanguage":"sv-SE","potentialAction":[{"@type":"ReadAction","target":["https:\/\/abilica.com\/sv\/styrka\/hantlar\/abilica-weightset-9-kg\/"]}]},{"@type":"ImageObject","inLanguage":"sv-SE","@id":"https:\/\/abilica.com\/sv\/styrka\/hantlar\/abilica-weightset-9-kg\/#primaryimage","url":"https:\/\/abilica.com\/wp-content\/uploads\/2020\/10\/373776.jpg","contentUrl":"https:\/\/abilica.com\/wp-content\/uploads\/2020\/10\/373776.jpg","width":1200,"height":1200},{"@type":"BreadcrumbList","@id":"https:\/\/abilica.com\/sv\/styrka\/hantlar\/abilica-weightset-9-kg\/#breadcrumb","itemListElement":[{"@type":"ListItem","position":1,"name":"Hem","item":"https:\/\/abilica.com\/sv\/"},{"@type":"ListItem","position":2,"name":"Produkter","item":"https:\/\/abilica.com\/sv\/shop\/"},{"@type":"ListItem","position":3,"name":"Abilica WeightSet 9 kg"}]},{"@type":"WebSite","@id":"https:\/\/abilica.com\/#website","url":"https:\/\/abilica.com\/","name":"Abilica","description":"Abilica Home Training","potentialAction":[{"@type":"SearchAction","target":{"@type":"EntryPoint","urlTemplate":"https:\/\/abilica.com\/?s={search_term_string}"},"query-input":{"@type":"PropertyValueSpecification","valueRequired":true,"valueName":"search_term_string"}}],"inLanguage":"sv-SE"}]}},"_links":{"self":[{"href":"https:\/\/abilica.com\/sv\/wp-json\/wp\/v2\/product\/27798","targetHints":{"allow":["GET"]}}],"collection":[{"href":"https:\/\/abilica.com\/sv\/wp-json\/wp\/v2\/product"}],"about":[{"href":"https:\/\/abilica.com\/sv\/wp-json\/wp\/v2\/types\/product"}],"wp:featuredmedia":[{"embeddable":true,"href":"https:\/\/abilica.com\/sv\/wp-json\/wp\/v2\/media\/27808"}],"wp:attachment":[{"href":"https:\/\/abilica.com\/sv\/wp-json\/wp\/v2\/media?parent=27798"}],"wp:term":[{"taxonomy":"product_brand","embeddable":true,"href":"https:\/\/abilica.com\/sv\/wp-json\/wp\/v2\/product_brand?post=27798"},{"taxonomy":"product_cat","embeddable":true,"href":"https:\/\/abilica.com\/sv\/wp-json\/wp\/v2\/product_cat?post=27798"},{"taxonomy":"product_tag","embeddable":true,"href":"https:\/\/abilica.com\/sv\/wp-json\/wp\/v2\/product_tag?post=27798"}],"curies":[{"name":"wp","href":"https:\/\/api.w.org\/{rel}","templated":true}]}}