{"id":2811,"date":"2016-10-17T00:00:00","date_gmt":"2016-10-17T00:00:00","guid":{"rendered":"https:\/\/abilica.com\/se\/produkt\/abilica-powerbox\/"},"modified":"2024-07-11T12:39:37","modified_gmt":"2024-07-11T11:39:37","slug":"abilica-powerbox","status":"publish","type":"product","link":"https:\/\/abilica.com\/sv\/styrka\/hantlar\/abilica-powerbox\/","title":{"rendered":"Abilica PowerBox"},"content":{"rendered":"<div class=\"wpb-content-wrapper\"><p>[vc_row][vc_column][vc_column_text]Komplett viktv\u00e4ska p\u00e5 totalt 15 kg. 2 st. kromad st\u00e4ngerna 35 cm.\/2,5 kg. inklusive s\u00e4kerhetsl\u00e5s och kromade viktskivor (4 st 0,5 kg och 8 st 1 kg) som ocks\u00e5 kan anv\u00e4ndas p\u00e5 Abilica skivst\u00e4nger. Allt i 25 mm. F\u00f6rl\u00e4ngningsstycke p\u00e5 10 cm ing\u00e5r, s\u00e5 att du kan ansluta st\u00e4ngerna tillsammans till en l\u00e5ng skivst\u00e5ng (totalt 70 cm) f\u00f6r anv\u00e4ndning till biceps curl etc.[\/vc_column_text][vc_empty_space height=&#8221;52px&#8221;][\/vc_column][\/vc_row][vc_row][vc_column][vc_btn title=&#8221;Tr\u00e4ningstips&#8221; style=&#8221;flat&#8221; color=&#8221;black&#8221; align=&#8221;center&#8221; i_icon_fontawesome=&#8221;fa fa-align-left&#8221; add_icon=&#8221;true&#8221; link=&#8221;url:http%3A%2F%2Fwww.hemmatraningsbloggen.se%2Fstyrka%2Fovningar-med-hantlar%2F||target:%20_blank|&#8221;][\/vc_column][\/vc_row]<\/p>\n<\/div>","protected":false},"excerpt":{"rendered":"<p>[vc_row][vc_column][vc_column_text]Komplett viktv\u00e4ska p\u00e5 totalt 15 kg. 2 st. kromad st\u00e4ngerna 35 cm.\/2,5 kg. inklusive s\u00e4kerhetsl\u00e5s&#8230;<\/p>\n","protected":false},"featured_media":15973,"template":"","meta":{"_acf_changed":false},"product_brand":[],"product_cat":[479,474,471],"product_tag":[95,34],"class_list":{"0":"post-2811","1":"product","2":"type-product","3":"status-publish","4":"has-post-thumbnail","6":"product_cat-hantlar","7":"product_cat-skivor-och-stanger","8":"product_cat-styrka","9":"product_tag-nyheter","10":"product_tag-styrka","12":"first","13":"instock","14":"product-type-simple"},"acf":[],"yoast_head":"<!-- This site is optimized with the Yoast SEO Premium plugin v21.1 (Yoast SEO v25.4) - https:\/\/yoast.com\/wordpress\/plugins\/seo\/ -->\n<title>Abilica PowerBox Abilica<\/title>\n<meta name=\"robots\" content=\"index, follow, max-snippet:-1, max-image-preview:large, max-video-preview:-1\" \/>\n<link rel=\"canonical\" href=\"https:\/\/abilica.com\/sv\/styrka\/hantlar\/abilica-powerbox\/\" \/>\n<meta property=\"og:locale\" content=\"sv_SE\" \/>\n<meta property=\"og:type\" content=\"article\" \/>\n<meta property=\"og:title\" content=\"Abilica PowerBox\" \/>\n<meta property=\"og:description\" content=\"[vc_row][vc_column][vc_column_text]Komplett viktv\u00e4ska p\u00e5 totalt 15 kg. 2 st. kromad st\u00e4ngerna 35 cm.\/2,5 kg. inklusive s\u00e4kerhetsl\u00e5s...\" \/>\n<meta property=\"og:url\" content=\"https:\/\/abilica.com\/sv\/styrka\/hantlar\/abilica-powerbox\/\" \/>\n<meta property=\"og:site_name\" content=\"Abilica\" \/>\n<meta property=\"article:publisher\" content=\"https:\/\/www.facebook.com\/abilicahometraining\/\" \/>\n<meta property=\"article:modified_time\" content=\"2024-07-11T11:39:37+00:00\" \/>\n<meta property=\"og:image\" content=\"https:\/\/abilica.com\/wp-content\/uploads\/2017\/03\/300513.jpg\" \/>\n\t<meta property=\"og:image:width\" content=\"1200\" \/>\n\t<meta property=\"og:image:height\" content=\"1200\" \/>\n\t<meta property=\"og:image:type\" content=\"image\/jpeg\" \/>\n<meta name=\"twitter:card\" content=\"summary_large_image\" \/>\n<meta name=\"twitter:label1\" content=\"Ber\u00e4knad l\u00e4stid\" \/>\n\t<meta name=\"twitter:data1\" content=\"1 minut\" \/>\n<script type=\"application\/ld+json\" class=\"yoast-schema-graph\">{\"@context\":\"https:\/\/schema.org\",\"@graph\":[{\"@type\":\"WebPage\",\"@id\":\"https:\/\/abilica.com\/sv\/styrka\/hantlar\/abilica-powerbox\/\",\"url\":\"https:\/\/abilica.com\/sv\/styrka\/hantlar\/abilica-powerbox\/\",\"name\":\"Abilica PowerBox Abilica\",\"isPartOf\":{\"@id\":\"https:\/\/abilica.com\/#website\"},\"primaryImageOfPage\":{\"@id\":\"https:\/\/abilica.com\/sv\/styrka\/hantlar\/abilica-powerbox\/#primaryimage\"},\"image\":{\"@id\":\"https:\/\/abilica.com\/sv\/styrka\/hantlar\/abilica-powerbox\/#primaryimage\"},\"thumbnailUrl\":\"https:\/\/abilica.com\/wp-content\/uploads\/2017\/03\/300513.jpg\",\"datePublished\":\"2016-10-17T00:00:00+00:00\",\"dateModified\":\"2024-07-11T11:39:37+00:00\",\"breadcrumb\":{\"@id\":\"https:\/\/abilica.com\/sv\/styrka\/hantlar\/abilica-powerbox\/#breadcrumb\"},\"inLanguage\":\"sv-SE\",\"potentialAction\":[{\"@type\":\"ReadAction\",\"target\":[\"https:\/\/abilica.com\/sv\/styrka\/hantlar\/abilica-powerbox\/\"]}]},{\"@type\":\"ImageObject\",\"inLanguage\":\"sv-SE\",\"@id\":\"https:\/\/abilica.com\/sv\/styrka\/hantlar\/abilica-powerbox\/#primaryimage\",\"url\":\"https:\/\/abilica.com\/wp-content\/uploads\/2017\/03\/300513.jpg\",\"contentUrl\":\"https:\/\/abilica.com\/wp-content\/uploads\/2017\/03\/300513.jpg\",\"width\":1200,\"height\":1200},{\"@type\":\"BreadcrumbList\",\"@id\":\"https:\/\/abilica.com\/sv\/styrka\/hantlar\/abilica-powerbox\/#breadcrumb\",\"itemListElement\":[{\"@type\":\"ListItem\",\"position\":1,\"name\":\"Hem\",\"item\":\"https:\/\/abilica.com\/sv\/\"},{\"@type\":\"ListItem\",\"position\":2,\"name\":\"Produkter\",\"item\":\"https:\/\/abilica.com\/sv\/shop\/\"},{\"@type\":\"ListItem\",\"position\":3,\"name\":\"Abilica PowerBox\"}]},{\"@type\":\"WebSite\",\"@id\":\"https:\/\/abilica.com\/#website\",\"url\":\"https:\/\/abilica.com\/\",\"name\":\"Abilica\",\"description\":\"Abilica Home Training\",\"potentialAction\":[{\"@type\":\"SearchAction\",\"target\":{\"@type\":\"EntryPoint\",\"urlTemplate\":\"https:\/\/abilica.com\/?s={search_term_string}\"},\"query-input\":{\"@type\":\"PropertyValueSpecification\",\"valueRequired\":true,\"valueName\":\"search_term_string\"}}],\"inLanguage\":\"sv-SE\"}]}<\/script>\n<!-- \/ Yoast SEO Premium plugin. -->","yoast_head_json":{"title":"Abilica PowerBox Abilica","robots":{"index":"index","follow":"follow","max-snippet":"max-snippet:-1","max-image-preview":"max-image-preview:large","max-video-preview":"max-video-preview:-1"},"canonical":"https:\/\/abilica.com\/sv\/styrka\/hantlar\/abilica-powerbox\/","og_locale":"sv_SE","og_type":"article","og_title":"Abilica PowerBox","og_description":"[vc_row][vc_column][vc_column_text]Komplett viktv\u00e4ska p\u00e5 totalt 15 kg. 2 st. kromad st\u00e4ngerna 35 cm.\/2,5 kg. inklusive s\u00e4kerhetsl\u00e5s...","og_url":"https:\/\/abilica.com\/sv\/styrka\/hantlar\/abilica-powerbox\/","og_site_name":"Abilica","article_publisher":"https:\/\/www.facebook.com\/abilicahometraining\/","article_modified_time":"2024-07-11T11:39:37+00:00","og_image":[{"width":1200,"height":1200,"url":"https:\/\/abilica.com\/wp-content\/uploads\/2017\/03\/300513.jpg","type":"image\/jpeg"}],"twitter_card":"summary_large_image","twitter_misc":{"Ber\u00e4knad l\u00e4stid":"1 minut"},"schema":{"@context":"https:\/\/schema.org","@graph":[{"@type":"WebPage","@id":"https:\/\/abilica.com\/sv\/styrka\/hantlar\/abilica-powerbox\/","url":"https:\/\/abilica.com\/sv\/styrka\/hantlar\/abilica-powerbox\/","name":"Abilica PowerBox Abilica","isPartOf":{"@id":"https:\/\/abilica.com\/#website"},"primaryImageOfPage":{"@id":"https:\/\/abilica.com\/sv\/styrka\/hantlar\/abilica-powerbox\/#primaryimage"},"image":{"@id":"https:\/\/abilica.com\/sv\/styrka\/hantlar\/abilica-powerbox\/#primaryimage"},"thumbnailUrl":"https:\/\/abilica.com\/wp-content\/uploads\/2017\/03\/300513.jpg","datePublished":"2016-10-17T00:00:00+00:00","dateModified":"2024-07-11T11:39:37+00:00","breadcrumb":{"@id":"https:\/\/abilica.com\/sv\/styrka\/hantlar\/abilica-powerbox\/#breadcrumb"},"inLanguage":"sv-SE","potentialAction":[{"@type":"ReadAction","target":["https:\/\/abilica.com\/sv\/styrka\/hantlar\/abilica-powerbox\/"]}]},{"@type":"ImageObject","inLanguage":"sv-SE","@id":"https:\/\/abilica.com\/sv\/styrka\/hantlar\/abilica-powerbox\/#primaryimage","url":"https:\/\/abilica.com\/wp-content\/uploads\/2017\/03\/300513.jpg","contentUrl":"https:\/\/abilica.com\/wp-content\/uploads\/2017\/03\/300513.jpg","width":1200,"height":1200},{"@type":"BreadcrumbList","@id":"https:\/\/abilica.com\/sv\/styrka\/hantlar\/abilica-powerbox\/#breadcrumb","itemListElement":[{"@type":"ListItem","position":1,"name":"Hem","item":"https:\/\/abilica.com\/sv\/"},{"@type":"ListItem","position":2,"name":"Produkter","item":"https:\/\/abilica.com\/sv\/shop\/"},{"@type":"ListItem","position":3,"name":"Abilica PowerBox"}]},{"@type":"WebSite","@id":"https:\/\/abilica.com\/#website","url":"https:\/\/abilica.com\/","name":"Abilica","description":"Abilica Home Training","potentialAction":[{"@type":"SearchAction","target":{"@type":"EntryPoint","urlTemplate":"https:\/\/abilica.com\/?s={search_term_string}"},"query-input":{"@type":"PropertyValueSpecification","valueRequired":true,"valueName":"search_term_string"}}],"inLanguage":"sv-SE"}]}},"_links":{"self":[{"href":"https:\/\/abilica.com\/sv\/wp-json\/wp\/v2\/product\/2811","targetHints":{"allow":["GET"]}}],"collection":[{"href":"https:\/\/abilica.com\/sv\/wp-json\/wp\/v2\/product"}],"about":[{"href":"https:\/\/abilica.com\/sv\/wp-json\/wp\/v2\/types\/product"}],"wp:featuredmedia":[{"embeddable":true,"href":"https:\/\/abilica.com\/sv\/wp-json\/wp\/v2\/media\/15973"}],"wp:attachment":[{"href":"https:\/\/abilica.com\/sv\/wp-json\/wp\/v2\/media?parent=2811"}],"wp:term":[{"taxonomy":"product_brand","embeddable":true,"href":"https:\/\/abilica.com\/sv\/wp-json\/wp\/v2\/product_brand?post=2811"},{"taxonomy":"product_cat","embeddable":true,"href":"https:\/\/abilica.com\/sv\/wp-json\/wp\/v2\/product_cat?post=2811"},{"taxonomy":"product_tag","embeddable":true,"href":"https:\/\/abilica.com\/sv\/wp-json\/wp\/v2\/product_tag?post=2811"}],"curies":[{"name":"wp","href":"https:\/\/api.w.org\/{rel}","templated":true}]}}