{"id":28321,"date":"2020-11-19T18:45:24","date_gmt":"2020-11-19T17:45:24","guid":{"rendered":"https:\/\/abilica.com\/se\/?post_type=product&#038;p=28321"},"modified":"2026-02-05T12:10:59","modified_gmt":"2026-02-05T11:10:59","slug":"abilica-footmassager","status":"publish","type":"product","link":"https:\/\/abilica.com\/sv\/restitution-och-skadeforebyggande\/massage\/abilica-footmassager\/","title":{"rendered":"Abilica FootMassager"},"content":{"rendered":"<p class=\"lead\">Abilica FootMassager kan anv\u00e4ndas st\u00e5ende och sittande och den mjukar upp strama och tr\u00f6tta muskler i f\u00f6tterna f\u00f6re och efter tr\u00e4ning.\u00a0Fotmassage kan anv\u00e4ndas mot m\u00e5nga olika problem. FootMassager med hjul f\u00f6r optimal r\u00f6rlighet och struktur f\u00f6r goda resultat. Produkten \u00e4r tillverkad av TPE- och PP-material. L\u00e4ngd 16 cm och 8 cm i diameter.<\/p>\n","protected":false},"excerpt":{"rendered":"<p>Abilica FootMassager kan anv\u00e4ndas st\u00e5ende och sittande och den mjukar upp strama och tr\u00f6tta muskler&#8230;<\/p>\n","protected":false},"featured_media":30923,"template":"","meta":{"_acf_changed":false},"product_brand":[],"product_cat":[510,481],"product_tag":[183],"class_list":{"0":"post-28321","1":"product","2":"type-product","3":"status-publish","4":"has-post-thumbnail","6":"product_cat-massage","7":"product_cat-restitution-och-skadeforebyggande","8":"product_tag-abilica-pregnancy","10":"first","11":"instock","12":"product-type-simple"},"acf":[],"yoast_head":"<!-- This site is optimized with the Yoast SEO Premium plugin v21.1 (Yoast SEO v25.4) - https:\/\/yoast.com\/wordpress\/plugins\/seo\/ -->\n<title>Abilica FootMassager Abilica<\/title>\n<meta name=\"robots\" content=\"index, follow, max-snippet:-1, max-image-preview:large, max-video-preview:-1\" \/>\n<link rel=\"canonical\" href=\"https:\/\/abilica.com\/sv\/restitution-och-skadeforebyggande\/massage\/abilica-footmassager\/\" \/>\n<meta property=\"og:locale\" content=\"sv_SE\" \/>\n<meta property=\"og:type\" content=\"article\" \/>\n<meta property=\"og:title\" content=\"Abilica FootMassager\" \/>\n<meta property=\"og:description\" content=\"Abilica FootMassager kan anv\u00e4ndas st\u00e5ende och sittande och den mjukar upp strama och tr\u00f6tta muskler...\" \/>\n<meta property=\"og:url\" content=\"https:\/\/abilica.com\/sv\/restitution-och-skadeforebyggande\/massage\/abilica-footmassager\/\" \/>\n<meta property=\"og:site_name\" content=\"Abilica\" \/>\n<meta property=\"article:publisher\" content=\"https:\/\/www.facebook.com\/abilicahometraining\/\" \/>\n<meta property=\"article:modified_time\" content=\"2026-02-05T11:10:59+00:00\" \/>\n<meta property=\"og:image\" content=\"https:\/\/abilica.com\/wp-content\/uploads\/2020\/11\/Untitled-1.jpg\" \/>\n\t<meta property=\"og:image:width\" content=\"1200\" \/>\n\t<meta property=\"og:image:height\" content=\"1200\" \/>\n\t<meta property=\"og:image:type\" content=\"image\/jpeg\" \/>\n<meta name=\"twitter:card\" content=\"summary_large_image\" \/>\n<script type=\"application\/ld+json\" class=\"yoast-schema-graph\">{\"@context\":\"https:\/\/schema.org\",\"@graph\":[{\"@type\":\"WebPage\",\"@id\":\"https:\/\/abilica.com\/sv\/restitution-och-skadeforebyggande\/massage\/abilica-footmassager\/\",\"url\":\"https:\/\/abilica.com\/sv\/restitution-och-skadeforebyggande\/massage\/abilica-footmassager\/\",\"name\":\"Abilica FootMassager Abilica\",\"isPartOf\":{\"@id\":\"https:\/\/abilica.com\/#website\"},\"primaryImageOfPage\":{\"@id\":\"https:\/\/abilica.com\/sv\/restitution-och-skadeforebyggande\/massage\/abilica-footmassager\/#primaryimage\"},\"image\":{\"@id\":\"https:\/\/abilica.com\/sv\/restitution-och-skadeforebyggande\/massage\/abilica-footmassager\/#primaryimage\"},\"thumbnailUrl\":\"https:\/\/abilica.com\/wp-content\/uploads\/2020\/11\/Untitled-1.jpg\",\"datePublished\":\"2020-11-19T17:45:24+00:00\",\"dateModified\":\"2026-02-05T11:10:59+00:00\",\"breadcrumb\":{\"@id\":\"https:\/\/abilica.com\/sv\/restitution-och-skadeforebyggande\/massage\/abilica-footmassager\/#breadcrumb\"},\"inLanguage\":\"sv-SE\",\"potentialAction\":[{\"@type\":\"ReadAction\",\"target\":[\"https:\/\/abilica.com\/sv\/restitution-och-skadeforebyggande\/massage\/abilica-footmassager\/\"]}]},{\"@type\":\"ImageObject\",\"inLanguage\":\"sv-SE\",\"@id\":\"https:\/\/abilica.com\/sv\/restitution-och-skadeforebyggande\/massage\/abilica-footmassager\/#primaryimage\",\"url\":\"https:\/\/abilica.com\/wp-content\/uploads\/2020\/11\/Untitled-1.jpg\",\"contentUrl\":\"https:\/\/abilica.com\/wp-content\/uploads\/2020\/11\/Untitled-1.jpg\",\"width\":1200,\"height\":1200},{\"@type\":\"BreadcrumbList\",\"@id\":\"https:\/\/abilica.com\/sv\/restitution-och-skadeforebyggande\/massage\/abilica-footmassager\/#breadcrumb\",\"itemListElement\":[{\"@type\":\"ListItem\",\"position\":1,\"name\":\"Hem\",\"item\":\"https:\/\/abilica.com\/sv\/\"},{\"@type\":\"ListItem\",\"position\":2,\"name\":\"Produkter\",\"item\":\"https:\/\/abilica.com\/sv\/shop\/\"},{\"@type\":\"ListItem\",\"position\":3,\"name\":\"Abilica FootMassager\"}]},{\"@type\":\"WebSite\",\"@id\":\"https:\/\/abilica.com\/#website\",\"url\":\"https:\/\/abilica.com\/\",\"name\":\"Abilica\",\"description\":\"Abilica Home Training\",\"potentialAction\":[{\"@type\":\"SearchAction\",\"target\":{\"@type\":\"EntryPoint\",\"urlTemplate\":\"https:\/\/abilica.com\/?s={search_term_string}\"},\"query-input\":{\"@type\":\"PropertyValueSpecification\",\"valueRequired\":true,\"valueName\":\"search_term_string\"}}],\"inLanguage\":\"sv-SE\"}]}<\/script>\n<!-- \/ Yoast SEO Premium plugin. -->","yoast_head_json":{"title":"Abilica FootMassager Abilica","robots":{"index":"index","follow":"follow","max-snippet":"max-snippet:-1","max-image-preview":"max-image-preview:large","max-video-preview":"max-video-preview:-1"},"canonical":"https:\/\/abilica.com\/sv\/restitution-och-skadeforebyggande\/massage\/abilica-footmassager\/","og_locale":"sv_SE","og_type":"article","og_title":"Abilica FootMassager","og_description":"Abilica FootMassager kan anv\u00e4ndas st\u00e5ende och sittande och den mjukar upp strama och tr\u00f6tta muskler...","og_url":"https:\/\/abilica.com\/sv\/restitution-och-skadeforebyggande\/massage\/abilica-footmassager\/","og_site_name":"Abilica","article_publisher":"https:\/\/www.facebook.com\/abilicahometraining\/","article_modified_time":"2026-02-05T11:10:59+00:00","og_image":[{"width":1200,"height":1200,"url":"https:\/\/abilica.com\/wp-content\/uploads\/2020\/11\/Untitled-1.jpg","type":"image\/jpeg"}],"twitter_card":"summary_large_image","schema":{"@context":"https:\/\/schema.org","@graph":[{"@type":"WebPage","@id":"https:\/\/abilica.com\/sv\/restitution-och-skadeforebyggande\/massage\/abilica-footmassager\/","url":"https:\/\/abilica.com\/sv\/restitution-och-skadeforebyggande\/massage\/abilica-footmassager\/","name":"Abilica FootMassager Abilica","isPartOf":{"@id":"https:\/\/abilica.com\/#website"},"primaryImageOfPage":{"@id":"https:\/\/abilica.com\/sv\/restitution-och-skadeforebyggande\/massage\/abilica-footmassager\/#primaryimage"},"image":{"@id":"https:\/\/abilica.com\/sv\/restitution-och-skadeforebyggande\/massage\/abilica-footmassager\/#primaryimage"},"thumbnailUrl":"https:\/\/abilica.com\/wp-content\/uploads\/2020\/11\/Untitled-1.jpg","datePublished":"2020-11-19T17:45:24+00:00","dateModified":"2026-02-05T11:10:59+00:00","breadcrumb":{"@id":"https:\/\/abilica.com\/sv\/restitution-och-skadeforebyggande\/massage\/abilica-footmassager\/#breadcrumb"},"inLanguage":"sv-SE","potentialAction":[{"@type":"ReadAction","target":["https:\/\/abilica.com\/sv\/restitution-och-skadeforebyggande\/massage\/abilica-footmassager\/"]}]},{"@type":"ImageObject","inLanguage":"sv-SE","@id":"https:\/\/abilica.com\/sv\/restitution-och-skadeforebyggande\/massage\/abilica-footmassager\/#primaryimage","url":"https:\/\/abilica.com\/wp-content\/uploads\/2020\/11\/Untitled-1.jpg","contentUrl":"https:\/\/abilica.com\/wp-content\/uploads\/2020\/11\/Untitled-1.jpg","width":1200,"height":1200},{"@type":"BreadcrumbList","@id":"https:\/\/abilica.com\/sv\/restitution-och-skadeforebyggande\/massage\/abilica-footmassager\/#breadcrumb","itemListElement":[{"@type":"ListItem","position":1,"name":"Hem","item":"https:\/\/abilica.com\/sv\/"},{"@type":"ListItem","position":2,"name":"Produkter","item":"https:\/\/abilica.com\/sv\/shop\/"},{"@type":"ListItem","position":3,"name":"Abilica FootMassager"}]},{"@type":"WebSite","@id":"https:\/\/abilica.com\/#website","url":"https:\/\/abilica.com\/","name":"Abilica","description":"Abilica Home Training","potentialAction":[{"@type":"SearchAction","target":{"@type":"EntryPoint","urlTemplate":"https:\/\/abilica.com\/?s={search_term_string}"},"query-input":{"@type":"PropertyValueSpecification","valueRequired":true,"valueName":"search_term_string"}}],"inLanguage":"sv-SE"}]}},"_links":{"self":[{"href":"https:\/\/abilica.com\/sv\/wp-json\/wp\/v2\/product\/28321","targetHints":{"allow":["GET"]}}],"collection":[{"href":"https:\/\/abilica.com\/sv\/wp-json\/wp\/v2\/product"}],"about":[{"href":"https:\/\/abilica.com\/sv\/wp-json\/wp\/v2\/types\/product"}],"wp:featuredmedia":[{"embeddable":true,"href":"https:\/\/abilica.com\/sv\/wp-json\/wp\/v2\/media\/30923"}],"wp:attachment":[{"href":"https:\/\/abilica.com\/sv\/wp-json\/wp\/v2\/media?parent=28321"}],"wp:term":[{"taxonomy":"product_brand","embeddable":true,"href":"https:\/\/abilica.com\/sv\/wp-json\/wp\/v2\/product_brand?post=28321"},{"taxonomy":"product_cat","embeddable":true,"href":"https:\/\/abilica.com\/sv\/wp-json\/wp\/v2\/product_cat?post=28321"},{"taxonomy":"product_tag","embeddable":true,"href":"https:\/\/abilica.com\/sv\/wp-json\/wp\/v2\/product_tag?post=28321"}],"curies":[{"name":"wp","href":"https:\/\/api.w.org\/{rel}","templated":true}]}}