{"id":29846,"date":"2021-03-17T13:45:26","date_gmt":"2021-03-17T12:45:26","guid":{"rendered":"https:\/\/abilica.com\/se\/?post_type=product&#038;p=29846"},"modified":"2023-10-16T20:37:29","modified_gmt":"2023-10-16T19:37:29","slug":"abilica-hipthrust","status":"publish","type":"product","link":"https:\/\/abilica.com\/sv\/styrka\/traningsbank\/abilica-hipthrust\/","title":{"rendered":"Abilica HipThrust"},"content":{"rendered":"<p>Abilica HipThrust \u00e4r en must-have tr\u00e4ningsb\u00e4nk f\u00f6r hemmagymmet! Perfekt f\u00f6r dig som vill tr\u00e4na rumpmuskler, baksida l\u00e5r och k\u00e4rnmuskulaturen.\u00a0Utf\u00f6r hip thrust med vikt p\u00e5 ett enkelt och s\u00e4kert s\u00e4tt med Abilica HipThrust. Du f\u00e5r ett st\u00f6rre r\u00f6relseomf\u00e5ng n\u00e4r du tr\u00e4nar hip thrust \u00e4n vid glute bridge p\u00e5 en tr\u00e4ningsmatta. Som vikt kan du anv\u00e4nda b\u00e5de skivst\u00e5ng eller gummiband genom att f\u00e4sta dem p\u00e5 tapparna p\u00e5 sidan av b\u00e4nken. Kudden p\u00e5 b\u00e4nken kan enkelt f\u00e4llas ihop, vilket g\u00f6r tr\u00e4ningsb\u00e4nken mycket l\u00e4tt att f\u00f6rvara n\u00e4r den inte anv\u00e4nds.<\/p>\n<p><strong>SPESIFIKATIONER<\/strong><\/p>\n<p><strong>Produktvikt<br \/>\n<\/strong>30 kg<\/p>\n<p><strong>Storlek<br \/>\n<\/strong>125 x 62 x 41 cm (L x B x H)<\/p>\n<p><strong>Max anv\u00e4ndarvikt<br \/>\n<\/strong>200 kg<\/p>\n","protected":false},"excerpt":{"rendered":"<p>Abilica HipThrust \u00e4r en must-have tr\u00e4ningsb\u00e4nk f\u00f6r hemmagymmet! Perfekt f\u00f6r dig som vill tr\u00e4na rumpmuskler,&#8230;<\/p>\n","protected":false},"featured_media":30385,"template":"","meta":{"_acf_changed":false},"product_brand":[],"product_cat":[471,480],"product_tag":[],"class_list":{"0":"post-29846","1":"product","2":"type-product","3":"status-publish","4":"has-post-thumbnail","6":"product_cat-styrka","7":"product_cat-traningsbank","9":"first","10":"instock","11":"product-type-simple"},"acf":[],"yoast_head":"<!-- This site is optimized with the Yoast SEO Premium plugin v21.1 (Yoast SEO v25.4) - https:\/\/yoast.com\/wordpress\/plugins\/seo\/ -->\n<title>Abilica HipThrust Abilica<\/title>\n<meta name=\"robots\" content=\"index, follow, max-snippet:-1, max-image-preview:large, max-video-preview:-1\" \/>\n<link rel=\"canonical\" href=\"https:\/\/abilica.com\/sv\/styrka\/traningsbank\/abilica-hipthrust\/\" \/>\n<meta property=\"og:locale\" content=\"sv_SE\" \/>\n<meta property=\"og:type\" content=\"article\" \/>\n<meta property=\"og:title\" content=\"Abilica HipThrust\" \/>\n<meta property=\"og:description\" content=\"Abilica HipThrust \u00e4r en must-have tr\u00e4ningsb\u00e4nk f\u00f6r hemmagymmet! Perfekt f\u00f6r dig som vill tr\u00e4na rumpmuskler,...\" \/>\n<meta property=\"og:url\" content=\"https:\/\/abilica.com\/sv\/styrka\/traningsbank\/abilica-hipthrust\/\" \/>\n<meta property=\"og:site_name\" content=\"Abilica\" \/>\n<meta property=\"article:publisher\" content=\"https:\/\/www.facebook.com\/abilicahometraining\/\" \/>\n<meta property=\"article:modified_time\" content=\"2023-10-16T19:37:29+00:00\" \/>\n<meta property=\"og:image\" content=\"https:\/\/abilica.com\/wp-content\/uploads\/2021\/03\/080a0046-edit_1.jpg\" \/>\n\t<meta property=\"og:image:width\" content=\"1200\" \/>\n\t<meta property=\"og:image:height\" content=\"1200\" \/>\n\t<meta property=\"og:image:type\" content=\"image\/jpeg\" \/>\n<meta name=\"twitter:card\" content=\"summary_large_image\" \/>\n<meta name=\"twitter:label1\" content=\"Ber\u00e4knad l\u00e4stid\" \/>\n\t<meta name=\"twitter:data1\" content=\"1 minut\" \/>\n<script type=\"application\/ld+json\" class=\"yoast-schema-graph\">{\"@context\":\"https:\/\/schema.org\",\"@graph\":[{\"@type\":\"WebPage\",\"@id\":\"https:\/\/abilica.com\/sv\/styrka\/traningsbank\/abilica-hipthrust\/\",\"url\":\"https:\/\/abilica.com\/sv\/styrka\/traningsbank\/abilica-hipthrust\/\",\"name\":\"Abilica HipThrust Abilica\",\"isPartOf\":{\"@id\":\"https:\/\/abilica.com\/#website\"},\"primaryImageOfPage\":{\"@id\":\"https:\/\/abilica.com\/sv\/styrka\/traningsbank\/abilica-hipthrust\/#primaryimage\"},\"image\":{\"@id\":\"https:\/\/abilica.com\/sv\/styrka\/traningsbank\/abilica-hipthrust\/#primaryimage\"},\"thumbnailUrl\":\"https:\/\/abilica.com\/wp-content\/uploads\/2021\/03\/080a0046-edit_1.jpg\",\"datePublished\":\"2021-03-17T12:45:26+00:00\",\"dateModified\":\"2023-10-16T19:37:29+00:00\",\"breadcrumb\":{\"@id\":\"https:\/\/abilica.com\/sv\/styrka\/traningsbank\/abilica-hipthrust\/#breadcrumb\"},\"inLanguage\":\"sv-SE\",\"potentialAction\":[{\"@type\":\"ReadAction\",\"target\":[\"https:\/\/abilica.com\/sv\/styrka\/traningsbank\/abilica-hipthrust\/\"]}]},{\"@type\":\"ImageObject\",\"inLanguage\":\"sv-SE\",\"@id\":\"https:\/\/abilica.com\/sv\/styrka\/traningsbank\/abilica-hipthrust\/#primaryimage\",\"url\":\"https:\/\/abilica.com\/wp-content\/uploads\/2021\/03\/080a0046-edit_1.jpg\",\"contentUrl\":\"https:\/\/abilica.com\/wp-content\/uploads\/2021\/03\/080a0046-edit_1.jpg\",\"width\":1200,\"height\":1200},{\"@type\":\"BreadcrumbList\",\"@id\":\"https:\/\/abilica.com\/sv\/styrka\/traningsbank\/abilica-hipthrust\/#breadcrumb\",\"itemListElement\":[{\"@type\":\"ListItem\",\"position\":1,\"name\":\"Hem\",\"item\":\"https:\/\/abilica.com\/sv\/\"},{\"@type\":\"ListItem\",\"position\":2,\"name\":\"Produkter\",\"item\":\"https:\/\/abilica.com\/sv\/shop\/\"},{\"@type\":\"ListItem\",\"position\":3,\"name\":\"Abilica HipThrust\"}]},{\"@type\":\"WebSite\",\"@id\":\"https:\/\/abilica.com\/#website\",\"url\":\"https:\/\/abilica.com\/\",\"name\":\"Abilica\",\"description\":\"Abilica Home Training\",\"potentialAction\":[{\"@type\":\"SearchAction\",\"target\":{\"@type\":\"EntryPoint\",\"urlTemplate\":\"https:\/\/abilica.com\/?s={search_term_string}\"},\"query-input\":{\"@type\":\"PropertyValueSpecification\",\"valueRequired\":true,\"valueName\":\"search_term_string\"}}],\"inLanguage\":\"sv-SE\"}]}<\/script>\n<!-- \/ Yoast SEO Premium plugin. -->","yoast_head_json":{"title":"Abilica HipThrust Abilica","robots":{"index":"index","follow":"follow","max-snippet":"max-snippet:-1","max-image-preview":"max-image-preview:large","max-video-preview":"max-video-preview:-1"},"canonical":"https:\/\/abilica.com\/sv\/styrka\/traningsbank\/abilica-hipthrust\/","og_locale":"sv_SE","og_type":"article","og_title":"Abilica HipThrust","og_description":"Abilica HipThrust \u00e4r en must-have tr\u00e4ningsb\u00e4nk f\u00f6r hemmagymmet! Perfekt f\u00f6r dig som vill tr\u00e4na rumpmuskler,...","og_url":"https:\/\/abilica.com\/sv\/styrka\/traningsbank\/abilica-hipthrust\/","og_site_name":"Abilica","article_publisher":"https:\/\/www.facebook.com\/abilicahometraining\/","article_modified_time":"2023-10-16T19:37:29+00:00","og_image":[{"width":1200,"height":1200,"url":"https:\/\/abilica.com\/wp-content\/uploads\/2021\/03\/080a0046-edit_1.jpg","type":"image\/jpeg"}],"twitter_card":"summary_large_image","twitter_misc":{"Ber\u00e4knad l\u00e4stid":"1 minut"},"schema":{"@context":"https:\/\/schema.org","@graph":[{"@type":"WebPage","@id":"https:\/\/abilica.com\/sv\/styrka\/traningsbank\/abilica-hipthrust\/","url":"https:\/\/abilica.com\/sv\/styrka\/traningsbank\/abilica-hipthrust\/","name":"Abilica HipThrust Abilica","isPartOf":{"@id":"https:\/\/abilica.com\/#website"},"primaryImageOfPage":{"@id":"https:\/\/abilica.com\/sv\/styrka\/traningsbank\/abilica-hipthrust\/#primaryimage"},"image":{"@id":"https:\/\/abilica.com\/sv\/styrka\/traningsbank\/abilica-hipthrust\/#primaryimage"},"thumbnailUrl":"https:\/\/abilica.com\/wp-content\/uploads\/2021\/03\/080a0046-edit_1.jpg","datePublished":"2021-03-17T12:45:26+00:00","dateModified":"2023-10-16T19:37:29+00:00","breadcrumb":{"@id":"https:\/\/abilica.com\/sv\/styrka\/traningsbank\/abilica-hipthrust\/#breadcrumb"},"inLanguage":"sv-SE","potentialAction":[{"@type":"ReadAction","target":["https:\/\/abilica.com\/sv\/styrka\/traningsbank\/abilica-hipthrust\/"]}]},{"@type":"ImageObject","inLanguage":"sv-SE","@id":"https:\/\/abilica.com\/sv\/styrka\/traningsbank\/abilica-hipthrust\/#primaryimage","url":"https:\/\/abilica.com\/wp-content\/uploads\/2021\/03\/080a0046-edit_1.jpg","contentUrl":"https:\/\/abilica.com\/wp-content\/uploads\/2021\/03\/080a0046-edit_1.jpg","width":1200,"height":1200},{"@type":"BreadcrumbList","@id":"https:\/\/abilica.com\/sv\/styrka\/traningsbank\/abilica-hipthrust\/#breadcrumb","itemListElement":[{"@type":"ListItem","position":1,"name":"Hem","item":"https:\/\/abilica.com\/sv\/"},{"@type":"ListItem","position":2,"name":"Produkter","item":"https:\/\/abilica.com\/sv\/shop\/"},{"@type":"ListItem","position":3,"name":"Abilica HipThrust"}]},{"@type":"WebSite","@id":"https:\/\/abilica.com\/#website","url":"https:\/\/abilica.com\/","name":"Abilica","description":"Abilica Home Training","potentialAction":[{"@type":"SearchAction","target":{"@type":"EntryPoint","urlTemplate":"https:\/\/abilica.com\/?s={search_term_string}"},"query-input":{"@type":"PropertyValueSpecification","valueRequired":true,"valueName":"search_term_string"}}],"inLanguage":"sv-SE"}]}},"_links":{"self":[{"href":"https:\/\/abilica.com\/sv\/wp-json\/wp\/v2\/product\/29846","targetHints":{"allow":["GET"]}}],"collection":[{"href":"https:\/\/abilica.com\/sv\/wp-json\/wp\/v2\/product"}],"about":[{"href":"https:\/\/abilica.com\/sv\/wp-json\/wp\/v2\/types\/product"}],"wp:featuredmedia":[{"embeddable":true,"href":"https:\/\/abilica.com\/sv\/wp-json\/wp\/v2\/media\/30385"}],"wp:attachment":[{"href":"https:\/\/abilica.com\/sv\/wp-json\/wp\/v2\/media?parent=29846"}],"wp:term":[{"taxonomy":"product_brand","embeddable":true,"href":"https:\/\/abilica.com\/sv\/wp-json\/wp\/v2\/product_brand?post=29846"},{"taxonomy":"product_cat","embeddable":true,"href":"https:\/\/abilica.com\/sv\/wp-json\/wp\/v2\/product_cat?post=29846"},{"taxonomy":"product_tag","embeddable":true,"href":"https:\/\/abilica.com\/sv\/wp-json\/wp\/v2\/product_tag?post=29846"}],"curies":[{"name":"wp","href":"https:\/\/api.w.org\/{rel}","templated":true}]}}