{"id":29891,"date":"2021-04-08T14:45:18","date_gmt":"2021-04-08T13:45:18","guid":{"rendered":"https:\/\/abilica.com\/se\/?post_type=product&#038;p=29891"},"modified":"2025-12-23T13:43:21","modified_gmt":"2025-12-23T12:43:21","slug":"abilica-tm-45-bt","status":"publish","type":"product","link":"https:\/\/abilica.com\/sv\/kondition\/lopband\/abilica-tm-45-bt\/","title":{"rendered":"Abilica TM 45 BT"},"content":{"rendered":"<div class=\"wpb-content-wrapper\"><p>[vc_row][vc_column][vc_column_text css=&#8221;&#8221; el_class=&#8221;product-video&#8221;]<\/p>\n<p class=\"lead\">Abilica TM 45 BT \u00e4r ett l\u00f6pband f\u00f6r dig med tydliga m\u00e5l f\u00f6r din tr\u00e4ning. Bluetooth-anslutning till apparna Zwift, Kinomap och iConsole + Training ger dig bra tr\u00e4ningsm\u00f6jligheter och extra motivation. Abilica TM 45 BT levereras med 2,5 HK DC motor. L\u00f6pbandet har en hastighet fr\u00e5n 0,8 till 22 km \/ h och l\u00f6pbandet m\u00e4ter 52 x 150 cm. Med en st\u00f6rre l\u00f6pyta finns det m\u00f6jlighet till h\u00f6gre hastighet. D\u00e4rf\u00f6r \u00e4r Abilica TM 45 BT konstruerad f\u00f6r h\u00f6ghastighets- och intervalltr\u00e4ning. L\u00f6pbandet har 12 f\u00f6rinst\u00e4llda program och elektronisk h\u00f6jdjustering i 15 niv\u00e5er. Den har kortkommandon f\u00f6r hastighet och lutning samt h\u00f6gtalare med anslutningsm\u00f6jligheter f\u00f6r att spela musik. LCD-sk\u00e4rmen som visar tid, hastighet, distans, kalorif\u00f6rbrukning och hj\u00e4rtfrekvens g\u00f6r det enkelt att f\u00f6lja utvecklingen av din tr\u00e4ning.<\/p>\n<p class=\"lead\">Abilica TM 45 BT har ocks\u00e5 anslutning till flera tr\u00e4ningsappar. Med Zwift-appen kan du springa i den virtuella v\u00e4rlden, och du kan antingen ta en trevlig promenad ensam eller g\u00e5 med i samh\u00e4llet och jogga med andra. Zwift l\u00e5ter dig ocks\u00e5 h\u00e5lla koll p\u00e5 dina tr\u00e4ningsplaner. I iConsole + Training-appen kan du enkelt skapa dina egna intervallpass och tr\u00e4ningsv\u00e4gar i \u201dkartl\u00e4gg min rutt\u201d och i betalningsappen Kinomap kan du tr\u00e4na till inspirerande videor fr\u00e5n sp\u00e4nnande tr\u00e4ningspass fr\u00e5n hela v\u00e4rlden. Den kraftfulla ramen g\u00f6r detta till ett solid l\u00f6pband och d\u00e4mpningskuddarna under l\u00f6pbandet ger bra d\u00e4mpning. L\u00f6pbandet \u00e4r hopf\u00e4llbart och har hjul f\u00f6r enkel f\u00f6rflyttning. Abilica TM 45 BT v\u00e4ger 91,5 kg. Maximal anv\u00e4ndarvikt \u00e4r 125 kg. <a href=\"https:\/\/abilica.com\/se\/kinomap\/\"><strong>L\u00e4s mer om Kinomap h\u00e4r.<\/strong><\/a><\/p>\n<p><img loading=\"lazy\" decoding=\"async\" class=\"alignnone wp-image-35589\" src=\"https:\/\/abilica.com\/no\/wp-content\/uploads\/2017\/08\/iconsole-150x150.png\" alt=\"\" width=\"100\" height=\"100\" \/><img loading=\"lazy\" decoding=\"async\" class=\"alignnone wp-image-35587\" src=\"https:\/\/abilica.com\/no\/wp-content\/uploads\/2017\/08\/Kinomap-150x150.png\" alt=\"\" width=\"100\" height=\"100\" \/><img loading=\"lazy\" decoding=\"async\" class=\"alignnone wp-image-35588\" src=\"https:\/\/abilica.com\/no\/wp-content\/uploads\/2017\/08\/zwift-150x150.png\" alt=\"\" width=\"100\" height=\"100\" \/><\/p>\n<p><strong>TEKNISK INFO<\/strong><\/p>\n<p><strong>H\u00f6gsta hastighet<\/strong><br \/>\n22 km\/t<\/p>\n<p><strong>Motor<\/strong><br \/>\n2.5 HK<\/p>\n<p><strong>Motor prestanda peak<\/strong><br \/>\n5 HK<\/p>\n<p><strong>Motortyp<\/strong><br \/>\nDC<\/p>\n<p><strong>L\u00f6pyta<\/strong><br \/>\n52 x 150 cm<\/p>\n<p><strong>H\u00f6jd \u00f6ver golvet<\/strong><br \/>\n21 cm<\/p>\n<p><strong>Motoriserad lutning<\/strong><br \/>\nJa<\/p>\n<p><strong>Lutningsniv\u00e5<\/strong><br \/>\n15<\/p>\n<p><strong>Lutnings intervall<\/strong><br \/>\n14.8 %<\/p>\n<p><strong>Hopf\u00e4llbar<\/strong><br \/>\nJa<\/p>\n<p><strong>M\u00e5tt monterad (L x B x H)<\/strong><br \/>\n191 x 87 x147 cm<\/p>\n<p><strong>M\u00e5tt hopf\u00e4lld (L x B x H)<\/strong><br \/>\n124 x 87 x 161 cm<\/p>\n<p><strong>Produktvikt<\/strong><br \/>\n91,5 kg<\/p>\n<p><strong>Max anv\u00e4ndarvikt<\/strong><br \/>\n125 kg<\/p>\n<div style=\"width: 640px;\" class=\"wp-video\"><!--[if lt IE 9]><script>document.createElement('video');<\/script><![endif]-->\n<video class=\"wp-video-shortcode\" id=\"video-29891-1\" width=\"640\" height=\"360\" poster=\"https:\/\/abilica.com\/se\/wp-content\/uploads\/2021\/04\/CH_Abilica_-13.jpg\" preload=\"metadata\" controls=\"controls\"><source type=\"video\/mp4\" src=\"https:\/\/abilica.com\/se\/wp-content\/uploads\/2021\/09\/Abilica-TM-45-BT-169-blank.mp4?_=1\" \/><a href=\"https:\/\/abilica.com\/se\/wp-content\/uploads\/2021\/09\/Abilica-TM-45-BT-169-blank.mp4\">https:\/\/abilica.com\/se\/wp-content\/uploads\/2021\/09\/Abilica-TM-45-BT-169-blank.mp4<\/a><\/video><\/div>\n<p>[\/vc_column_text][vc_empty_space height=&#8221;52px&#8221;][vc_btn title=&#8221;Teknisk information&#8221; style=&#8221;flat&#8221; color=&#8221;black&#8221; i_icon_fontawesome=&#8221;far fa-file-pdf&#8221; add_icon=&#8221;true&#8221; link=&#8221;url:https%3A%2F%2Fabilica.com%2Fno%2Fwp-content%2Fuploads%2F2021%2F09%2FTreadmills.pdf&#8221;][vc_btn title=&#8221;Anv\u00e4ndarmanual&#8221; style=&#8221;flat&#8221; color=&#8221;black&#8221; i_icon_fontawesome=&#8221;far fa-file-pdf&#8221; add_icon=&#8221;true&#8221; link=&#8221;url:https%3A%2F%2Fabilica.com%2Fse%2Fwp-content%2Fuploads%2F2021%2F04%2FAB_TM45_BT_Rev_1_210218.pdf&#8221;][vc_btn title=&#8221;Underh\u00e5llstips&#8221; style=&#8221;flat&#8221; color=&#8221;black&#8221; i_icon_fontawesome=&#8221;fas fa-align-left&#8221; add_icon=&#8221;true&#8221; link=&#8221;url:https%3A%2F%2Fabilica.com%2Fse%2Ftraningsartiklar%2Ftraningstips-for-kondition%2Funderhall-av-traningsmaskiner%2F|title:Underh%C3%A5ll%20av%20tr%C3%A4ningsmaskiner&#8221;][vc_btn title=&#8221;Tr\u00e4ningstips&#8221; style=&#8221;flat&#8221; color=&#8221;black&#8221; i_icon_fontawesome=&#8221;fas fa-align-left&#8221; add_icon=&#8221;true&#8221; link=&#8221;url:https%3A%2F%2Fabilica.com%2Fse%2Ftraningsartiklar%2Ftraningstips-for-kondition%2F|title:Underh%C3%A5ll%20av%20tr%C3%A4ningsmaskiner&#8221;][vc_btn title=&#8221;Abilica Stream&#8221; style=&#8221;flat&#8221; color=&#8221;black&#8221; i_icon_fontawesome=&#8221;fab fa-bluetooth-b&#8221; add_icon=&#8221;true&#8221; link=&#8221;url:https%3A%2F%2Fabilica.com%2Fse%2Fabilica-stream%2F|title:Underh%C3%A5ll%20av%20tr%C3%A4ningsmaskiner&#8221;][\/vc_column][\/vc_row]<\/p>\n<\/div>","protected":false},"excerpt":{"rendered":"<p>[vc_row][vc_column][vc_column_text css=&#8221;&#8221; el_class=&#8221;product-video&#8221;] Abilica TM 45 BT \u00e4r ett l\u00f6pband f\u00f6r dig med tydliga m\u00e5l&#8230;<\/p>\n","protected":false},"featured_media":70571,"template":"","meta":{"_acf_changed":false},"product_brand":[],"product_cat":[475,477],"product_tag":[186],"class_list":{"0":"post-29891","1":"product","2":"type-product","3":"status-publish","4":"has-post-thumbnail","6":"product_cat-kondition","7":"product_cat-lopband","8":"product_tag-kinomap","10":"first","11":"instock","12":"product-type-simple"},"acf":[],"yoast_head":"<!-- This site is optimized with the Yoast SEO Premium plugin v21.1 (Yoast SEO v25.4) - https:\/\/yoast.com\/wordpress\/plugins\/seo\/ -->\n<title>Abilica TM 45 BT Abilica<\/title>\n<meta name=\"robots\" content=\"index, follow, max-snippet:-1, max-image-preview:large, max-video-preview:-1\" \/>\n<link rel=\"canonical\" href=\"https:\/\/abilica.com\/sv\/kondition\/lopband\/abilica-tm-45-bt\/\" \/>\n<meta property=\"og:locale\" content=\"sv_SE\" \/>\n<meta property=\"og:type\" content=\"article\" \/>\n<meta property=\"og:title\" content=\"Abilica TM 45 BT\" \/>\n<meta property=\"og:description\" content=\"[vc_row][vc_column][vc_column_text css=&#8221;&#8221; el_class=&#8221;product-video&#8221;] Abilica TM 45 BT \u00e4r ett l\u00f6pband f\u00f6r dig med tydliga m\u00e5l...\" \/>\n<meta property=\"og:url\" content=\"https:\/\/abilica.com\/sv\/kondition\/lopband\/abilica-tm-45-bt\/\" \/>\n<meta property=\"og:site_name\" content=\"Abilica\" \/>\n<meta property=\"article:publisher\" content=\"https:\/\/www.facebook.com\/abilicahometraining\/\" \/>\n<meta property=\"article:modified_time\" content=\"2025-12-23T12:43:21+00:00\" \/>\n<meta property=\"og:image\" content=\"https:\/\/abilica.com\/wp-content\/uploads\/2023\/10\/417530_Abilica-TM-45-BT_03.jpg\" \/>\n\t<meta property=\"og:image:width\" content=\"1200\" \/>\n\t<meta property=\"og:image:height\" content=\"1200\" \/>\n\t<meta property=\"og:image:type\" content=\"image\/jpeg\" \/>\n<meta name=\"twitter:card\" content=\"summary_large_image\" \/>\n<meta name=\"twitter:label1\" content=\"Ber\u00e4knad l\u00e4stid\" \/>\n\t<meta name=\"twitter:data1\" content=\"3 minuter\" \/>\n<script type=\"application\/ld+json\" class=\"yoast-schema-graph\">{\"@context\":\"https:\/\/schema.org\",\"@graph\":[{\"@type\":\"WebPage\",\"@id\":\"https:\/\/abilica.com\/sv\/kondition\/lopband\/abilica-tm-45-bt\/\",\"url\":\"https:\/\/abilica.com\/sv\/kondition\/lopband\/abilica-tm-45-bt\/\",\"name\":\"Abilica TM 45 BT Abilica\",\"isPartOf\":{\"@id\":\"https:\/\/abilica.com\/#website\"},\"primaryImageOfPage\":{\"@id\":\"https:\/\/abilica.com\/sv\/kondition\/lopband\/abilica-tm-45-bt\/#primaryimage\"},\"image\":{\"@id\":\"https:\/\/abilica.com\/sv\/kondition\/lopband\/abilica-tm-45-bt\/#primaryimage\"},\"thumbnailUrl\":\"https:\/\/abilica.com\/wp-content\/uploads\/2023\/10\/417530_Abilica-TM-45-BT_03.jpg\",\"datePublished\":\"2021-04-08T13:45:18+00:00\",\"dateModified\":\"2025-12-23T12:43:21+00:00\",\"breadcrumb\":{\"@id\":\"https:\/\/abilica.com\/sv\/kondition\/lopband\/abilica-tm-45-bt\/#breadcrumb\"},\"inLanguage\":\"sv-SE\",\"potentialAction\":[{\"@type\":\"ReadAction\",\"target\":[\"https:\/\/abilica.com\/sv\/kondition\/lopband\/abilica-tm-45-bt\/\"]}]},{\"@type\":\"ImageObject\",\"inLanguage\":\"sv-SE\",\"@id\":\"https:\/\/abilica.com\/sv\/kondition\/lopband\/abilica-tm-45-bt\/#primaryimage\",\"url\":\"https:\/\/abilica.com\/wp-content\/uploads\/2023\/10\/417530_Abilica-TM-45-BT_03.jpg\",\"contentUrl\":\"https:\/\/abilica.com\/wp-content\/uploads\/2023\/10\/417530_Abilica-TM-45-BT_03.jpg\",\"width\":1200,\"height\":1200},{\"@type\":\"BreadcrumbList\",\"@id\":\"https:\/\/abilica.com\/sv\/kondition\/lopband\/abilica-tm-45-bt\/#breadcrumb\",\"itemListElement\":[{\"@type\":\"ListItem\",\"position\":1,\"name\":\"Hem\",\"item\":\"https:\/\/abilica.com\/sv\/\"},{\"@type\":\"ListItem\",\"position\":2,\"name\":\"Produkter\",\"item\":\"https:\/\/abilica.com\/sv\/shop\/\"},{\"@type\":\"ListItem\",\"position\":3,\"name\":\"Abilica TM 45 BT\"}]},{\"@type\":\"WebSite\",\"@id\":\"https:\/\/abilica.com\/#website\",\"url\":\"https:\/\/abilica.com\/\",\"name\":\"Abilica\",\"description\":\"Abilica Home Training\",\"potentialAction\":[{\"@type\":\"SearchAction\",\"target\":{\"@type\":\"EntryPoint\",\"urlTemplate\":\"https:\/\/abilica.com\/?s={search_term_string}\"},\"query-input\":{\"@type\":\"PropertyValueSpecification\",\"valueRequired\":true,\"valueName\":\"search_term_string\"}}],\"inLanguage\":\"sv-SE\"}]}<\/script>\n<!-- \/ Yoast SEO Premium plugin. -->","yoast_head_json":{"title":"Abilica TM 45 BT Abilica","robots":{"index":"index","follow":"follow","max-snippet":"max-snippet:-1","max-image-preview":"max-image-preview:large","max-video-preview":"max-video-preview:-1"},"canonical":"https:\/\/abilica.com\/sv\/kondition\/lopband\/abilica-tm-45-bt\/","og_locale":"sv_SE","og_type":"article","og_title":"Abilica TM 45 BT","og_description":"[vc_row][vc_column][vc_column_text css=&#8221;&#8221; el_class=&#8221;product-video&#8221;] Abilica TM 45 BT \u00e4r ett l\u00f6pband f\u00f6r dig med tydliga m\u00e5l...","og_url":"https:\/\/abilica.com\/sv\/kondition\/lopband\/abilica-tm-45-bt\/","og_site_name":"Abilica","article_publisher":"https:\/\/www.facebook.com\/abilicahometraining\/","article_modified_time":"2025-12-23T12:43:21+00:00","og_image":[{"width":1200,"height":1200,"url":"https:\/\/abilica.com\/wp-content\/uploads\/2023\/10\/417530_Abilica-TM-45-BT_03.jpg","type":"image\/jpeg"}],"twitter_card":"summary_large_image","twitter_misc":{"Ber\u00e4knad l\u00e4stid":"3 minuter"},"schema":{"@context":"https:\/\/schema.org","@graph":[{"@type":"WebPage","@id":"https:\/\/abilica.com\/sv\/kondition\/lopband\/abilica-tm-45-bt\/","url":"https:\/\/abilica.com\/sv\/kondition\/lopband\/abilica-tm-45-bt\/","name":"Abilica TM 45 BT Abilica","isPartOf":{"@id":"https:\/\/abilica.com\/#website"},"primaryImageOfPage":{"@id":"https:\/\/abilica.com\/sv\/kondition\/lopband\/abilica-tm-45-bt\/#primaryimage"},"image":{"@id":"https:\/\/abilica.com\/sv\/kondition\/lopband\/abilica-tm-45-bt\/#primaryimage"},"thumbnailUrl":"https:\/\/abilica.com\/wp-content\/uploads\/2023\/10\/417530_Abilica-TM-45-BT_03.jpg","datePublished":"2021-04-08T13:45:18+00:00","dateModified":"2025-12-23T12:43:21+00:00","breadcrumb":{"@id":"https:\/\/abilica.com\/sv\/kondition\/lopband\/abilica-tm-45-bt\/#breadcrumb"},"inLanguage":"sv-SE","potentialAction":[{"@type":"ReadAction","target":["https:\/\/abilica.com\/sv\/kondition\/lopband\/abilica-tm-45-bt\/"]}]},{"@type":"ImageObject","inLanguage":"sv-SE","@id":"https:\/\/abilica.com\/sv\/kondition\/lopband\/abilica-tm-45-bt\/#primaryimage","url":"https:\/\/abilica.com\/wp-content\/uploads\/2023\/10\/417530_Abilica-TM-45-BT_03.jpg","contentUrl":"https:\/\/abilica.com\/wp-content\/uploads\/2023\/10\/417530_Abilica-TM-45-BT_03.jpg","width":1200,"height":1200},{"@type":"BreadcrumbList","@id":"https:\/\/abilica.com\/sv\/kondition\/lopband\/abilica-tm-45-bt\/#breadcrumb","itemListElement":[{"@type":"ListItem","position":1,"name":"Hem","item":"https:\/\/abilica.com\/sv\/"},{"@type":"ListItem","position":2,"name":"Produkter","item":"https:\/\/abilica.com\/sv\/shop\/"},{"@type":"ListItem","position":3,"name":"Abilica TM 45 BT"}]},{"@type":"WebSite","@id":"https:\/\/abilica.com\/#website","url":"https:\/\/abilica.com\/","name":"Abilica","description":"Abilica Home Training","potentialAction":[{"@type":"SearchAction","target":{"@type":"EntryPoint","urlTemplate":"https:\/\/abilica.com\/?s={search_term_string}"},"query-input":{"@type":"PropertyValueSpecification","valueRequired":true,"valueName":"search_term_string"}}],"inLanguage":"sv-SE"}]}},"_links":{"self":[{"href":"https:\/\/abilica.com\/sv\/wp-json\/wp\/v2\/product\/29891","targetHints":{"allow":["GET"]}}],"collection":[{"href":"https:\/\/abilica.com\/sv\/wp-json\/wp\/v2\/product"}],"about":[{"href":"https:\/\/abilica.com\/sv\/wp-json\/wp\/v2\/types\/product"}],"wp:featuredmedia":[{"embeddable":true,"href":"https:\/\/abilica.com\/sv\/wp-json\/wp\/v2\/media\/70571"}],"wp:attachment":[{"href":"https:\/\/abilica.com\/sv\/wp-json\/wp\/v2\/media?parent=29891"}],"wp:term":[{"taxonomy":"product_brand","embeddable":true,"href":"https:\/\/abilica.com\/sv\/wp-json\/wp\/v2\/product_brand?post=29891"},{"taxonomy":"product_cat","embeddable":true,"href":"https:\/\/abilica.com\/sv\/wp-json\/wp\/v2\/product_cat?post=29891"},{"taxonomy":"product_tag","embeddable":true,"href":"https:\/\/abilica.com\/sv\/wp-json\/wp\/v2\/product_tag?post=29891"}],"curies":[{"name":"wp","href":"https:\/\/api.w.org\/{rel}","templated":true}]}}