{"id":30000,"date":"2021-05-28T10:45:26","date_gmt":"2021-05-28T09:45:26","guid":{"rendered":"https:\/\/abilica.com\/se\/?post_type=product&#038;p=30000"},"modified":"2024-10-20T09:37:35","modified_gmt":"2024-10-20T08:37:35","slug":"abilica-winracer","status":"publish","type":"product","link":"https:\/\/abilica.com\/sv\/kondition\/spinningcykel\/abilica-winracer\/","title":{"rendered":"Abilica WinRacer"},"content":{"rendered":"<div class=\"wpb-content-wrapper\"><p>[vc_row][vc_column][vc_column_text el_class=&#8221;product-video&#8221;]<\/p>\n<p class=\"lead\">Spinningcykeln f\u00f6r dig som \u00e4r intresserad av att ha en bra och kraftfull cykel f\u00f6r att cykla inomhus. Abilica WinRacer \u00e4r utrustad med en dator som ber\u00e4knar hastighet, tid, hj\u00e4rtfrekvens, avst\u00e5nd, kalorier och kadens f\u00f6r dig. Med stora justeringar b\u00e5de horisontellt och vertikalt p\u00e5 b\u00e5de s\u00e4tet och styret kan den h\u00e4r cykeln anpassas till dina specifika behov. Med kombipedaler\/SPD-pedaler kan du anv\u00e4nda vanliga tr\u00e4ningsskor eller cykelskor f\u00f6r att f\u00e5 ut \u00e4nnu mer av pedalen. Abilica WinRacer har 22 kg sv\u00e4nghjul som ger j\u00e4mn trampning och friktionsbroms i l\u00e4der som ger dig o\u00e4ndligt motst\u00e5nd. Praktiska transporthjul g\u00f6r det enkelt att flytta cykeln. Maximal anv\u00e4ndarvikt 150 kg.<\/p>\n<div style=\"width: 640px;\" class=\"wp-video\"><!--[if lt IE 9]><script>document.createElement('video');<\/script><![endif]-->\n<video class=\"wp-video-shortcode\" id=\"video-30000-1\" width=\"640\" height=\"360\" poster=\"https:\/\/abilica.com\/se\/wp-content\/uploads\/2021\/05\/Abilica-WinRacer-hires_02.jpg\" preload=\"metadata\" controls=\"controls\"><source type=\"video\/mp4\" src=\"https:\/\/abilica.com\/se\/wp-content\/uploads\/2021\/05\/Abilica-WinRacer_product.mp4?_=1\" \/><a href=\"https:\/\/abilica.com\/se\/wp-content\/uploads\/2021\/05\/Abilica-WinRacer_product.mp4\">https:\/\/abilica.com\/se\/wp-content\/uploads\/2021\/05\/Abilica-WinRacer_product.mp4<\/a><\/video><\/div>\n<p>[\/vc_column_text][vc_empty_space height=&#8221;50px&#8221;][vc_btn title=&#8221;Teknisk information&#8221; style=&#8221;flat&#8221; color=&#8221;black&#8221; i_icon_fontawesome=&#8221;far fa-file-pdf&#8221; add_icon=&#8221;true&#8221; link=&#8221;url:https%3A%2F%2Fabilica.com%2Fse%2Fwp-content%2Fuploads%2F2020%2F10%2FSpinning-stake-UK.pdf&#8221;][vc_btn title=&#8221;Anv\u00e4ndarmanual&#8221; style=&#8221;flat&#8221; color=&#8221;black&#8221; i_icon_fontawesome=&#8221;far fa-file-pdf&#8221; add_icon=&#8221;true&#8221; link=&#8221;url:https%3A%2F%2Fabilica.com%2Fse%2Fwp-content%2Fuploads%2F2023%2F04%2FAB_WinRacer-Rev1_210707-.pdf&#8221;][vc_btn title=&#8221;Tr\u00e4ningstips&#8221; style=&#8221;flat&#8221; color=&#8221;black&#8221; i_icon_fontawesome=&#8221;fas fa-align-left&#8221; add_icon=&#8221;true&#8221; link=&#8221;url:https%3A%2F%2Fabilica.com%2Fse%2Ftraningsartiklar%2Ftraningstips-for-kondition%2F|title:Tr%C3%A4ningstips%20f%C3%B6r%20kondition&#8221;][vc_btn title=&#8221;Underh\u00e5llstips&#8221; style=&#8221;flat&#8221; color=&#8221;black&#8221; i_icon_fontawesome=&#8221;fas fa-align-left&#8221; add_icon=&#8221;true&#8221; link=&#8221;url:https%3A%2F%2Fabilica.com%2Fse%2Ftraningsartiklar%2Ftraningstips-for-kondition%2Funderhall-av-traningsmaskiner%2F|title:Tr%C3%A4ningstips%20f%C3%B6r%20kondition&#8221;][\/vc_column][\/vc_row]<\/p>\n<\/div>","protected":false},"excerpt":{"rendered":"<p>[vc_row][vc_column][vc_column_text el_class=&#8221;product-video&#8221;] Spinningcykeln f\u00f6r dig som \u00e4r intresserad av att ha en bra och kraftfull&#8230;<\/p>\n","protected":false},"featured_media":31557,"template":"","meta":{"_acf_changed":false},"product_brand":[],"product_cat":[475,489],"product_tag":[],"class_list":{"0":"post-30000","1":"product","2":"type-product","3":"status-publish","4":"has-post-thumbnail","6":"product_cat-kondition","7":"product_cat-spinningcykel","9":"first","10":"instock","11":"product-type-simple"},"acf":[],"yoast_head":"<!-- This site is optimized with the Yoast SEO Premium plugin v21.1 (Yoast SEO v25.4) - https:\/\/yoast.com\/wordpress\/plugins\/seo\/ -->\n<title>Abilica WinRacer Abilica<\/title>\n<meta name=\"robots\" content=\"index, follow, max-snippet:-1, max-image-preview:large, max-video-preview:-1\" \/>\n<link rel=\"canonical\" href=\"https:\/\/abilica.com\/sv\/kondition\/spinningcykel\/abilica-winracer\/\" \/>\n<meta property=\"og:locale\" content=\"sv_SE\" \/>\n<meta property=\"og:type\" content=\"article\" \/>\n<meta property=\"og:title\" content=\"Abilica WinRacer\" \/>\n<meta property=\"og:description\" content=\"[vc_row][vc_column][vc_column_text el_class=&#8221;product-video&#8221;] Spinningcykeln f\u00f6r dig som \u00e4r intresserad av att ha en bra och kraftfull...\" \/>\n<meta property=\"og:url\" content=\"https:\/\/abilica.com\/sv\/kondition\/spinningcykel\/abilica-winracer\/\" \/>\n<meta property=\"og:site_name\" content=\"Abilica\" \/>\n<meta property=\"article:publisher\" content=\"https:\/\/www.facebook.com\/abilicahometraining\/\" \/>\n<meta property=\"article:modified_time\" content=\"2024-10-20T08:37:35+00:00\" \/>\n<meta property=\"og:image\" content=\"https:\/\/abilica.com\/wp-content\/uploads\/2023\/03\/winracer-7.jpg\" \/>\n\t<meta property=\"og:image:width\" content=\"1200\" \/>\n\t<meta property=\"og:image:height\" content=\"1200\" \/>\n\t<meta property=\"og:image:type\" content=\"image\/jpeg\" \/>\n<meta name=\"twitter:card\" content=\"summary_large_image\" \/>\n<meta name=\"twitter:label1\" content=\"Ber\u00e4knad l\u00e4stid\" \/>\n\t<meta name=\"twitter:data1\" content=\"2 minuter\" \/>\n<script type=\"application\/ld+json\" class=\"yoast-schema-graph\">{\"@context\":\"https:\/\/schema.org\",\"@graph\":[{\"@type\":\"WebPage\",\"@id\":\"https:\/\/abilica.com\/sv\/kondition\/spinningcykel\/abilica-winracer\/\",\"url\":\"https:\/\/abilica.com\/sv\/kondition\/spinningcykel\/abilica-winracer\/\",\"name\":\"Abilica WinRacer Abilica\",\"isPartOf\":{\"@id\":\"https:\/\/abilica.com\/#website\"},\"primaryImageOfPage\":{\"@id\":\"https:\/\/abilica.com\/sv\/kondition\/spinningcykel\/abilica-winracer\/#primaryimage\"},\"image\":{\"@id\":\"https:\/\/abilica.com\/sv\/kondition\/spinningcykel\/abilica-winracer\/#primaryimage\"},\"thumbnailUrl\":\"https:\/\/abilica.com\/wp-content\/uploads\/2023\/03\/winracer-7.jpg\",\"datePublished\":\"2021-05-28T09:45:26+00:00\",\"dateModified\":\"2024-10-20T08:37:35+00:00\",\"breadcrumb\":{\"@id\":\"https:\/\/abilica.com\/sv\/kondition\/spinningcykel\/abilica-winracer\/#breadcrumb\"},\"inLanguage\":\"sv-SE\",\"potentialAction\":[{\"@type\":\"ReadAction\",\"target\":[\"https:\/\/abilica.com\/sv\/kondition\/spinningcykel\/abilica-winracer\/\"]}]},{\"@type\":\"ImageObject\",\"inLanguage\":\"sv-SE\",\"@id\":\"https:\/\/abilica.com\/sv\/kondition\/spinningcykel\/abilica-winracer\/#primaryimage\",\"url\":\"https:\/\/abilica.com\/wp-content\/uploads\/2023\/03\/winracer-7.jpg\",\"contentUrl\":\"https:\/\/abilica.com\/wp-content\/uploads\/2023\/03\/winracer-7.jpg\",\"width\":1200,\"height\":1200},{\"@type\":\"BreadcrumbList\",\"@id\":\"https:\/\/abilica.com\/sv\/kondition\/spinningcykel\/abilica-winracer\/#breadcrumb\",\"itemListElement\":[{\"@type\":\"ListItem\",\"position\":1,\"name\":\"Hem\",\"item\":\"https:\/\/abilica.com\/sv\/\"},{\"@type\":\"ListItem\",\"position\":2,\"name\":\"Produkter\",\"item\":\"https:\/\/abilica.com\/sv\/shop\/\"},{\"@type\":\"ListItem\",\"position\":3,\"name\":\"Abilica WinRacer\"}]},{\"@type\":\"WebSite\",\"@id\":\"https:\/\/abilica.com\/#website\",\"url\":\"https:\/\/abilica.com\/\",\"name\":\"Abilica\",\"description\":\"Abilica Home Training\",\"potentialAction\":[{\"@type\":\"SearchAction\",\"target\":{\"@type\":\"EntryPoint\",\"urlTemplate\":\"https:\/\/abilica.com\/?s={search_term_string}\"},\"query-input\":{\"@type\":\"PropertyValueSpecification\",\"valueRequired\":true,\"valueName\":\"search_term_string\"}}],\"inLanguage\":\"sv-SE\"}]}<\/script>\n<!-- \/ Yoast SEO Premium plugin. -->","yoast_head_json":{"title":"Abilica WinRacer Abilica","robots":{"index":"index","follow":"follow","max-snippet":"max-snippet:-1","max-image-preview":"max-image-preview:large","max-video-preview":"max-video-preview:-1"},"canonical":"https:\/\/abilica.com\/sv\/kondition\/spinningcykel\/abilica-winracer\/","og_locale":"sv_SE","og_type":"article","og_title":"Abilica WinRacer","og_description":"[vc_row][vc_column][vc_column_text el_class=&#8221;product-video&#8221;] Spinningcykeln f\u00f6r dig som \u00e4r intresserad av att ha en bra och kraftfull...","og_url":"https:\/\/abilica.com\/sv\/kondition\/spinningcykel\/abilica-winracer\/","og_site_name":"Abilica","article_publisher":"https:\/\/www.facebook.com\/abilicahometraining\/","article_modified_time":"2024-10-20T08:37:35+00:00","og_image":[{"width":1200,"height":1200,"url":"https:\/\/abilica.com\/wp-content\/uploads\/2023\/03\/winracer-7.jpg","type":"image\/jpeg"}],"twitter_card":"summary_large_image","twitter_misc":{"Ber\u00e4knad l\u00e4stid":"2 minuter"},"schema":{"@context":"https:\/\/schema.org","@graph":[{"@type":"WebPage","@id":"https:\/\/abilica.com\/sv\/kondition\/spinningcykel\/abilica-winracer\/","url":"https:\/\/abilica.com\/sv\/kondition\/spinningcykel\/abilica-winracer\/","name":"Abilica WinRacer Abilica","isPartOf":{"@id":"https:\/\/abilica.com\/#website"},"primaryImageOfPage":{"@id":"https:\/\/abilica.com\/sv\/kondition\/spinningcykel\/abilica-winracer\/#primaryimage"},"image":{"@id":"https:\/\/abilica.com\/sv\/kondition\/spinningcykel\/abilica-winracer\/#primaryimage"},"thumbnailUrl":"https:\/\/abilica.com\/wp-content\/uploads\/2023\/03\/winracer-7.jpg","datePublished":"2021-05-28T09:45:26+00:00","dateModified":"2024-10-20T08:37:35+00:00","breadcrumb":{"@id":"https:\/\/abilica.com\/sv\/kondition\/spinningcykel\/abilica-winracer\/#breadcrumb"},"inLanguage":"sv-SE","potentialAction":[{"@type":"ReadAction","target":["https:\/\/abilica.com\/sv\/kondition\/spinningcykel\/abilica-winracer\/"]}]},{"@type":"ImageObject","inLanguage":"sv-SE","@id":"https:\/\/abilica.com\/sv\/kondition\/spinningcykel\/abilica-winracer\/#primaryimage","url":"https:\/\/abilica.com\/wp-content\/uploads\/2023\/03\/winracer-7.jpg","contentUrl":"https:\/\/abilica.com\/wp-content\/uploads\/2023\/03\/winracer-7.jpg","width":1200,"height":1200},{"@type":"BreadcrumbList","@id":"https:\/\/abilica.com\/sv\/kondition\/spinningcykel\/abilica-winracer\/#breadcrumb","itemListElement":[{"@type":"ListItem","position":1,"name":"Hem","item":"https:\/\/abilica.com\/sv\/"},{"@type":"ListItem","position":2,"name":"Produkter","item":"https:\/\/abilica.com\/sv\/shop\/"},{"@type":"ListItem","position":3,"name":"Abilica WinRacer"}]},{"@type":"WebSite","@id":"https:\/\/abilica.com\/#website","url":"https:\/\/abilica.com\/","name":"Abilica","description":"Abilica Home Training","potentialAction":[{"@type":"SearchAction","target":{"@type":"EntryPoint","urlTemplate":"https:\/\/abilica.com\/?s={search_term_string}"},"query-input":{"@type":"PropertyValueSpecification","valueRequired":true,"valueName":"search_term_string"}}],"inLanguage":"sv-SE"}]}},"_links":{"self":[{"href":"https:\/\/abilica.com\/sv\/wp-json\/wp\/v2\/product\/30000","targetHints":{"allow":["GET"]}}],"collection":[{"href":"https:\/\/abilica.com\/sv\/wp-json\/wp\/v2\/product"}],"about":[{"href":"https:\/\/abilica.com\/sv\/wp-json\/wp\/v2\/types\/product"}],"wp:featuredmedia":[{"embeddable":true,"href":"https:\/\/abilica.com\/sv\/wp-json\/wp\/v2\/media\/31557"}],"wp:attachment":[{"href":"https:\/\/abilica.com\/sv\/wp-json\/wp\/v2\/media?parent=30000"}],"wp:term":[{"taxonomy":"product_brand","embeddable":true,"href":"https:\/\/abilica.com\/sv\/wp-json\/wp\/v2\/product_brand?post=30000"},{"taxonomy":"product_cat","embeddable":true,"href":"https:\/\/abilica.com\/sv\/wp-json\/wp\/v2\/product_cat?post=30000"},{"taxonomy":"product_tag","embeddable":true,"href":"https:\/\/abilica.com\/sv\/wp-json\/wp\/v2\/product_tag?post=30000"}],"curies":[{"name":"wp","href":"https:\/\/api.w.org\/{rel}","templated":true}]}}