{"id":30010,"date":"2021-06-01T11:45:39","date_gmt":"2021-06-01T10:45:39","guid":{"rendered":"https:\/\/abilica.com\/se\/?post_type=product&#038;p=30010"},"modified":"2026-02-23T15:29:29","modified_gmt":"2026-02-23T14:29:29","slug":"abilica-yogamat-life-eco","status":"publish","type":"product","link":"https:\/\/abilica.com\/sv\/yoga-2\/yogamatta\/abilica-yogamat-life-eco\/","title":{"rendered":"Abilica YogaMat Life ECO"},"content":{"rendered":"<div class=\"wpb-content-wrapper\"><p>[vc_row][vc_column][vc_column_text]<\/p>\n<p class=\"lead\"><img loading=\"lazy\" decoding=\"async\" class=\"alignnone wp-image-30034\" src=\"https:\/\/abilica.com\/se\/wp-content\/uploads\/2021\/06\/ECO-hvit-150x150-1.png\" alt=\"\" width=\"91\" height=\"91\" \/><\/p>\n<p class=\"lead\">Abilica YogaMat Life ECO \u00e4r yogamattan som h\u00e5ller sig fr\u00e4sch och ren &#8211; livet ut. Yogamattan \u00e4r tillverkad i samarbete med Life Naturals och inneh\u00e5ller Life Naturals antimikrobiell teknik. Life Natural anv\u00e4nder naturligt v\u00e4xtextrakt som d\u00f6dar bakterier som skapar lukt. Pepparmynta ger mattan en behaglig och mild doft. Allt detta med milj\u00f6v\u00e4nlig teknik f\u00f6r en gr\u00f6nare v\u00e4rld. Abilica YogaMat Life ECO har tv\u00e5 olika strukturer och kan anv\u00e4ndas p\u00e5 b\u00e5da sidor. Den h\u00e4r modellen \u00e4r v\u00e5r tjockaste yogamatta vilket g\u00f6r att den ocks\u00e5 passar bra f\u00f6r Pilates eller annan tr\u00e4ning. Abilica YogaMat Life ECO tillverkas i det milj\u00f6v\u00e4nliga materialet TPE. F\u00e4rg: Tv\u00e5f\u00e4rgad, bl\u00e5 och gr\u00e5. L\u00e4ngd: 183 cm. Bredd: 61 cm. Tjocklek: 6 mm. Aktiva ingredienser: Pepparmyntsolja. B\u00e4rrem ing\u00e5r.<\/p>\n<p>[\/vc_column_text][vc_btn title=&#8221;Tr\u00e4ningstips&#8221; style=&#8221;flat&#8221; color=&#8221;black&#8221; i_icon_fontawesome=&#8221;fas fa-align-left&#8221; add_icon=&#8221;true&#8221; link=&#8221;url:https%3A%2F%2Fabilica.com%2Fse%2Ftraningsartiklar%2Ftraningstips-for-yoga%2F|title:Tr%C3%A4ningstips%20f%C3%B6r%20yoga&#8221;][\/vc_column][\/vc_row]<\/p>\n<\/div>","protected":false},"excerpt":{"rendered":"<p>[vc_row][vc_column][vc_column_text] Abilica YogaMat Life ECO \u00e4r yogamattan som h\u00e5ller sig fr\u00e4sch och ren &#8211; livet&#8230;<\/p>\n","protected":false},"featured_media":30020,"template":"","meta":{"_acf_changed":false},"product_brand":[],"product_cat":[486],"product_tag":[76],"class_list":{"0":"post-30010","1":"product","2":"type-product","3":"status-publish","4":"has-post-thumbnail","6":"product_cat-yogamatta","7":"product_tag-eco-friendly","9":"first","10":"instock","11":"product-type-simple"},"acf":[],"yoast_head":"<!-- This site is optimized with the Yoast SEO Premium plugin v21.1 (Yoast SEO v25.4) - https:\/\/yoast.com\/wordpress\/plugins\/seo\/ -->\n<title>Abilica YogaMat Life ECO Abilica<\/title>\n<meta name=\"robots\" content=\"index, follow, max-snippet:-1, max-image-preview:large, max-video-preview:-1\" \/>\n<link rel=\"canonical\" href=\"https:\/\/abilica.com\/sv\/yoga-2\/yogamatta\/abilica-yogamat-life-eco\/\" \/>\n<meta property=\"og:locale\" content=\"sv_SE\" \/>\n<meta property=\"og:type\" content=\"article\" \/>\n<meta property=\"og:title\" content=\"Abilica YogaMat Life ECO\" \/>\n<meta property=\"og:description\" content=\"[vc_row][vc_column][vc_column_text] Abilica YogaMat Life ECO \u00e4r yogamattan som h\u00e5ller sig fr\u00e4sch och ren &#8211; livet...\" \/>\n<meta property=\"og:url\" content=\"https:\/\/abilica.com\/sv\/yoga-2\/yogamatta\/abilica-yogamat-life-eco\/\" \/>\n<meta property=\"og:site_name\" content=\"Abilica\" \/>\n<meta property=\"article:publisher\" content=\"https:\/\/www.facebook.com\/abilicahometraining\/\" \/>\n<meta property=\"article:modified_time\" content=\"2026-02-23T14:29:29+00:00\" \/>\n<meta property=\"og:image\" content=\"https:\/\/abilica.com\/wp-content\/uploads\/2021\/06\/yoga.jpg\" \/>\n\t<meta property=\"og:image:width\" content=\"1200\" \/>\n\t<meta property=\"og:image:height\" content=\"1200\" \/>\n\t<meta property=\"og:image:type\" content=\"image\/jpeg\" \/>\n<meta name=\"twitter:card\" content=\"summary_large_image\" \/>\n<meta name=\"twitter:label1\" content=\"Ber\u00e4knad l\u00e4stid\" \/>\n\t<meta name=\"twitter:data1\" content=\"1 minut\" \/>\n<script type=\"application\/ld+json\" class=\"yoast-schema-graph\">{\"@context\":\"https:\/\/schema.org\",\"@graph\":[{\"@type\":\"WebPage\",\"@id\":\"https:\/\/abilica.com\/sv\/yoga-2\/yogamatta\/abilica-yogamat-life-eco\/\",\"url\":\"https:\/\/abilica.com\/sv\/yoga-2\/yogamatta\/abilica-yogamat-life-eco\/\",\"name\":\"Abilica YogaMat Life ECO Abilica\",\"isPartOf\":{\"@id\":\"https:\/\/abilica.com\/#website\"},\"primaryImageOfPage\":{\"@id\":\"https:\/\/abilica.com\/sv\/yoga-2\/yogamatta\/abilica-yogamat-life-eco\/#primaryimage\"},\"image\":{\"@id\":\"https:\/\/abilica.com\/sv\/yoga-2\/yogamatta\/abilica-yogamat-life-eco\/#primaryimage\"},\"thumbnailUrl\":\"https:\/\/abilica.com\/wp-content\/uploads\/2021\/06\/yoga.jpg\",\"datePublished\":\"2021-06-01T10:45:39+00:00\",\"dateModified\":\"2026-02-23T14:29:29+00:00\",\"breadcrumb\":{\"@id\":\"https:\/\/abilica.com\/sv\/yoga-2\/yogamatta\/abilica-yogamat-life-eco\/#breadcrumb\"},\"inLanguage\":\"sv-SE\",\"potentialAction\":[{\"@type\":\"ReadAction\",\"target\":[\"https:\/\/abilica.com\/sv\/yoga-2\/yogamatta\/abilica-yogamat-life-eco\/\"]}]},{\"@type\":\"ImageObject\",\"inLanguage\":\"sv-SE\",\"@id\":\"https:\/\/abilica.com\/sv\/yoga-2\/yogamatta\/abilica-yogamat-life-eco\/#primaryimage\",\"url\":\"https:\/\/abilica.com\/wp-content\/uploads\/2021\/06\/yoga.jpg\",\"contentUrl\":\"https:\/\/abilica.com\/wp-content\/uploads\/2021\/06\/yoga.jpg\",\"width\":1200,\"height\":1200},{\"@type\":\"BreadcrumbList\",\"@id\":\"https:\/\/abilica.com\/sv\/yoga-2\/yogamatta\/abilica-yogamat-life-eco\/#breadcrumb\",\"itemListElement\":[{\"@type\":\"ListItem\",\"position\":1,\"name\":\"Hem\",\"item\":\"https:\/\/abilica.com\/sv\/\"},{\"@type\":\"ListItem\",\"position\":2,\"name\":\"Produkter\",\"item\":\"https:\/\/abilica.com\/sv\/shop\/\"},{\"@type\":\"ListItem\",\"position\":3,\"name\":\"Abilica YogaMat Life ECO\"}]},{\"@type\":\"WebSite\",\"@id\":\"https:\/\/abilica.com\/#website\",\"url\":\"https:\/\/abilica.com\/\",\"name\":\"Abilica\",\"description\":\"Abilica Home Training\",\"potentialAction\":[{\"@type\":\"SearchAction\",\"target\":{\"@type\":\"EntryPoint\",\"urlTemplate\":\"https:\/\/abilica.com\/?s={search_term_string}\"},\"query-input\":{\"@type\":\"PropertyValueSpecification\",\"valueRequired\":true,\"valueName\":\"search_term_string\"}}],\"inLanguage\":\"sv-SE\"}]}<\/script>\n<!-- \/ Yoast SEO Premium plugin. -->","yoast_head_json":{"title":"Abilica YogaMat Life ECO Abilica","robots":{"index":"index","follow":"follow","max-snippet":"max-snippet:-1","max-image-preview":"max-image-preview:large","max-video-preview":"max-video-preview:-1"},"canonical":"https:\/\/abilica.com\/sv\/yoga-2\/yogamatta\/abilica-yogamat-life-eco\/","og_locale":"sv_SE","og_type":"article","og_title":"Abilica YogaMat Life ECO","og_description":"[vc_row][vc_column][vc_column_text] Abilica YogaMat Life ECO \u00e4r yogamattan som h\u00e5ller sig fr\u00e4sch och ren &#8211; livet...","og_url":"https:\/\/abilica.com\/sv\/yoga-2\/yogamatta\/abilica-yogamat-life-eco\/","og_site_name":"Abilica","article_publisher":"https:\/\/www.facebook.com\/abilicahometraining\/","article_modified_time":"2026-02-23T14:29:29+00:00","og_image":[{"width":1200,"height":1200,"url":"https:\/\/abilica.com\/wp-content\/uploads\/2021\/06\/yoga.jpg","type":"image\/jpeg"}],"twitter_card":"summary_large_image","twitter_misc":{"Ber\u00e4knad l\u00e4stid":"1 minut"},"schema":{"@context":"https:\/\/schema.org","@graph":[{"@type":"WebPage","@id":"https:\/\/abilica.com\/sv\/yoga-2\/yogamatta\/abilica-yogamat-life-eco\/","url":"https:\/\/abilica.com\/sv\/yoga-2\/yogamatta\/abilica-yogamat-life-eco\/","name":"Abilica YogaMat Life ECO Abilica","isPartOf":{"@id":"https:\/\/abilica.com\/#website"},"primaryImageOfPage":{"@id":"https:\/\/abilica.com\/sv\/yoga-2\/yogamatta\/abilica-yogamat-life-eco\/#primaryimage"},"image":{"@id":"https:\/\/abilica.com\/sv\/yoga-2\/yogamatta\/abilica-yogamat-life-eco\/#primaryimage"},"thumbnailUrl":"https:\/\/abilica.com\/wp-content\/uploads\/2021\/06\/yoga.jpg","datePublished":"2021-06-01T10:45:39+00:00","dateModified":"2026-02-23T14:29:29+00:00","breadcrumb":{"@id":"https:\/\/abilica.com\/sv\/yoga-2\/yogamatta\/abilica-yogamat-life-eco\/#breadcrumb"},"inLanguage":"sv-SE","potentialAction":[{"@type":"ReadAction","target":["https:\/\/abilica.com\/sv\/yoga-2\/yogamatta\/abilica-yogamat-life-eco\/"]}]},{"@type":"ImageObject","inLanguage":"sv-SE","@id":"https:\/\/abilica.com\/sv\/yoga-2\/yogamatta\/abilica-yogamat-life-eco\/#primaryimage","url":"https:\/\/abilica.com\/wp-content\/uploads\/2021\/06\/yoga.jpg","contentUrl":"https:\/\/abilica.com\/wp-content\/uploads\/2021\/06\/yoga.jpg","width":1200,"height":1200},{"@type":"BreadcrumbList","@id":"https:\/\/abilica.com\/sv\/yoga-2\/yogamatta\/abilica-yogamat-life-eco\/#breadcrumb","itemListElement":[{"@type":"ListItem","position":1,"name":"Hem","item":"https:\/\/abilica.com\/sv\/"},{"@type":"ListItem","position":2,"name":"Produkter","item":"https:\/\/abilica.com\/sv\/shop\/"},{"@type":"ListItem","position":3,"name":"Abilica YogaMat Life ECO"}]},{"@type":"WebSite","@id":"https:\/\/abilica.com\/#website","url":"https:\/\/abilica.com\/","name":"Abilica","description":"Abilica Home Training","potentialAction":[{"@type":"SearchAction","target":{"@type":"EntryPoint","urlTemplate":"https:\/\/abilica.com\/?s={search_term_string}"},"query-input":{"@type":"PropertyValueSpecification","valueRequired":true,"valueName":"search_term_string"}}],"inLanguage":"sv-SE"}]}},"_links":{"self":[{"href":"https:\/\/abilica.com\/sv\/wp-json\/wp\/v2\/product\/30010","targetHints":{"allow":["GET"]}}],"collection":[{"href":"https:\/\/abilica.com\/sv\/wp-json\/wp\/v2\/product"}],"about":[{"href":"https:\/\/abilica.com\/sv\/wp-json\/wp\/v2\/types\/product"}],"wp:featuredmedia":[{"embeddable":true,"href":"https:\/\/abilica.com\/sv\/wp-json\/wp\/v2\/media\/30020"}],"wp:attachment":[{"href":"https:\/\/abilica.com\/sv\/wp-json\/wp\/v2\/media?parent=30010"}],"wp:term":[{"taxonomy":"product_brand","embeddable":true,"href":"https:\/\/abilica.com\/sv\/wp-json\/wp\/v2\/product_brand?post=30010"},{"taxonomy":"product_cat","embeddable":true,"href":"https:\/\/abilica.com\/sv\/wp-json\/wp\/v2\/product_cat?post=30010"},{"taxonomy":"product_tag","embeddable":true,"href":"https:\/\/abilica.com\/sv\/wp-json\/wp\/v2\/product_tag?post=30010"}],"curies":[{"name":"wp","href":"https:\/\/api.w.org\/{rel}","templated":true}]}}