{"id":30011,"date":"2021-06-01T11:45:39","date_gmt":"2021-06-01T10:45:39","guid":{"rendered":"https:\/\/abilica.com\/se\/?post_type=product&#038;p=30011"},"modified":"2023-10-26T13:45:37","modified_gmt":"2023-10-26T12:45:37","slug":"abilica-trainingmat-eco","status":"publish","type":"product","link":"https:\/\/abilica.com\/sv\/styrka\/mattor\/abilica-trainingmat-eco\/","title":{"rendered":"Abilica TrainingMat ECO"},"content":{"rendered":"<div class=\"wpb-content-wrapper\"><p>[vc_row][vc_column][vc_column_text]<\/p>\n<p class=\"lead\"><img loading=\"lazy\" decoding=\"async\" class=\"alignnone wp-image-30034\" src=\"https:\/\/abilica.com\/se\/wp-content\/uploads\/2021\/06\/ECO-hvit-150x150-1.png\" alt=\"\" width=\"91\" height=\"91\" \/><\/p>\n<p class=\"lead\">Abilica TrainingMat ECO \u00e4r en universell tr\u00e4ningsmatta som passar alla typer av mattr\u00e4ning, inklusive yoga.\u00a0Mattan tillverkas i milj\u00f6v\u00e4nligt EVA-material som \u00e4r 100% \u00e5tervinningsbart. Ytornas struktur s\u00e4kerst\u00e4ller att den kan anv\u00e4ndas p\u00e5 b\u00e5da sidor. Mattan \u00e4r v\u00e4ldigt l\u00e4tt i vikt, luktfri och extra slitstark. L\u00e4ngd: 180 cm. Bredd: 60 cm: Tjocklek: 5,5 mm. Svart f\u00e4rg.<\/p>\n<p>[\/vc_column_text][vc_btn title=&#8221;Tr\u00e4ningstips&#8221; style=&#8221;flat&#8221; color=&#8221;black&#8221; i_icon_fontawesome=&#8221;fas fa-align-left&#8221; add_icon=&#8221;true&#8221; link=&#8221;url:https%3A%2F%2Fabilica.com%2Fse%2Ftraningsartiklar%2Ftraningstips-for-styrka%2F|title:Tr%C3%A4ningstips%20f%C3%B6r%20styrka&#8221;][\/vc_column][\/vc_row]<\/p>\n<\/div>","protected":false},"excerpt":{"rendered":"<p>[vc_row][vc_column][vc_column_text] Abilica TrainingMat ECO \u00e4r en universell tr\u00e4ningsmatta som passar alla typer av mattr\u00e4ning, inklusive&#8230;<\/p>\n","protected":false},"featured_media":30022,"template":"","meta":{"_acf_changed":false},"product_brand":[],"product_cat":[493,471],"product_tag":[76],"class_list":{"0":"post-30011","1":"product","2":"type-product","3":"status-publish","4":"has-post-thumbnail","6":"product_cat-mattor","7":"product_cat-styrka","8":"product_tag-eco-friendly","10":"first","11":"instock","12":"product-type-simple"},"acf":[],"yoast_head":"<!-- This site is optimized with the Yoast SEO Premium plugin v21.1 (Yoast SEO v25.4) - https:\/\/yoast.com\/wordpress\/plugins\/seo\/ -->\n<title>Abilica TrainingMat ECO Abilica<\/title>\n<meta name=\"robots\" content=\"index, follow, max-snippet:-1, max-image-preview:large, max-video-preview:-1\" \/>\n<link rel=\"canonical\" href=\"https:\/\/abilica.com\/sv\/styrka\/mattor\/abilica-trainingmat-eco\/\" \/>\n<meta property=\"og:locale\" content=\"sv_SE\" \/>\n<meta property=\"og:type\" content=\"article\" \/>\n<meta property=\"og:title\" content=\"Abilica TrainingMat ECO\" \/>\n<meta property=\"og:description\" content=\"[vc_row][vc_column][vc_column_text] Abilica TrainingMat ECO \u00e4r en universell tr\u00e4ningsmatta som passar alla typer av mattr\u00e4ning, inklusive...\" \/>\n<meta property=\"og:url\" content=\"https:\/\/abilica.com\/sv\/styrka\/mattor\/abilica-trainingmat-eco\/\" \/>\n<meta property=\"og:site_name\" content=\"Abilica\" \/>\n<meta property=\"article:publisher\" content=\"https:\/\/www.facebook.com\/abilicahometraining\/\" \/>\n<meta property=\"article:modified_time\" content=\"2023-10-26T12:45:37+00:00\" \/>\n<meta property=\"og:image\" content=\"https:\/\/abilica.com\/wp-content\/uploads\/2021\/06\/msteco.jpg\" \/>\n\t<meta property=\"og:image:width\" content=\"1200\" \/>\n\t<meta property=\"og:image:height\" content=\"1200\" \/>\n\t<meta property=\"og:image:type\" content=\"image\/jpeg\" \/>\n<meta name=\"twitter:card\" content=\"summary_large_image\" \/>\n<meta name=\"twitter:label1\" content=\"Ber\u00e4knad l\u00e4stid\" \/>\n\t<meta name=\"twitter:data1\" content=\"1 minut\" \/>\n<script type=\"application\/ld+json\" class=\"yoast-schema-graph\">{\"@context\":\"https:\/\/schema.org\",\"@graph\":[{\"@type\":\"WebPage\",\"@id\":\"https:\/\/abilica.com\/sv\/styrka\/mattor\/abilica-trainingmat-eco\/\",\"url\":\"https:\/\/abilica.com\/sv\/styrka\/mattor\/abilica-trainingmat-eco\/\",\"name\":\"Abilica TrainingMat ECO Abilica\",\"isPartOf\":{\"@id\":\"https:\/\/abilica.com\/#website\"},\"primaryImageOfPage\":{\"@id\":\"https:\/\/abilica.com\/sv\/styrka\/mattor\/abilica-trainingmat-eco\/#primaryimage\"},\"image\":{\"@id\":\"https:\/\/abilica.com\/sv\/styrka\/mattor\/abilica-trainingmat-eco\/#primaryimage\"},\"thumbnailUrl\":\"https:\/\/abilica.com\/wp-content\/uploads\/2021\/06\/msteco.jpg\",\"datePublished\":\"2021-06-01T10:45:39+00:00\",\"dateModified\":\"2023-10-26T12:45:37+00:00\",\"breadcrumb\":{\"@id\":\"https:\/\/abilica.com\/sv\/styrka\/mattor\/abilica-trainingmat-eco\/#breadcrumb\"},\"inLanguage\":\"sv-SE\",\"potentialAction\":[{\"@type\":\"ReadAction\",\"target\":[\"https:\/\/abilica.com\/sv\/styrka\/mattor\/abilica-trainingmat-eco\/\"]}]},{\"@type\":\"ImageObject\",\"inLanguage\":\"sv-SE\",\"@id\":\"https:\/\/abilica.com\/sv\/styrka\/mattor\/abilica-trainingmat-eco\/#primaryimage\",\"url\":\"https:\/\/abilica.com\/wp-content\/uploads\/2021\/06\/msteco.jpg\",\"contentUrl\":\"https:\/\/abilica.com\/wp-content\/uploads\/2021\/06\/msteco.jpg\",\"width\":1200,\"height\":1200},{\"@type\":\"BreadcrumbList\",\"@id\":\"https:\/\/abilica.com\/sv\/styrka\/mattor\/abilica-trainingmat-eco\/#breadcrumb\",\"itemListElement\":[{\"@type\":\"ListItem\",\"position\":1,\"name\":\"Hem\",\"item\":\"https:\/\/abilica.com\/sv\/\"},{\"@type\":\"ListItem\",\"position\":2,\"name\":\"Produkter\",\"item\":\"https:\/\/abilica.com\/sv\/shop\/\"},{\"@type\":\"ListItem\",\"position\":3,\"name\":\"Abilica TrainingMat ECO\"}]},{\"@type\":\"WebSite\",\"@id\":\"https:\/\/abilica.com\/#website\",\"url\":\"https:\/\/abilica.com\/\",\"name\":\"Abilica\",\"description\":\"Abilica Home Training\",\"potentialAction\":[{\"@type\":\"SearchAction\",\"target\":{\"@type\":\"EntryPoint\",\"urlTemplate\":\"https:\/\/abilica.com\/?s={search_term_string}\"},\"query-input\":{\"@type\":\"PropertyValueSpecification\",\"valueRequired\":true,\"valueName\":\"search_term_string\"}}],\"inLanguage\":\"sv-SE\"}]}<\/script>\n<!-- \/ Yoast SEO Premium plugin. -->","yoast_head_json":{"title":"Abilica TrainingMat ECO Abilica","robots":{"index":"index","follow":"follow","max-snippet":"max-snippet:-1","max-image-preview":"max-image-preview:large","max-video-preview":"max-video-preview:-1"},"canonical":"https:\/\/abilica.com\/sv\/styrka\/mattor\/abilica-trainingmat-eco\/","og_locale":"sv_SE","og_type":"article","og_title":"Abilica TrainingMat ECO","og_description":"[vc_row][vc_column][vc_column_text] Abilica TrainingMat ECO \u00e4r en universell tr\u00e4ningsmatta som passar alla typer av mattr\u00e4ning, inklusive...","og_url":"https:\/\/abilica.com\/sv\/styrka\/mattor\/abilica-trainingmat-eco\/","og_site_name":"Abilica","article_publisher":"https:\/\/www.facebook.com\/abilicahometraining\/","article_modified_time":"2023-10-26T12:45:37+00:00","og_image":[{"width":1200,"height":1200,"url":"https:\/\/abilica.com\/wp-content\/uploads\/2021\/06\/msteco.jpg","type":"image\/jpeg"}],"twitter_card":"summary_large_image","twitter_misc":{"Ber\u00e4knad l\u00e4stid":"1 minut"},"schema":{"@context":"https:\/\/schema.org","@graph":[{"@type":"WebPage","@id":"https:\/\/abilica.com\/sv\/styrka\/mattor\/abilica-trainingmat-eco\/","url":"https:\/\/abilica.com\/sv\/styrka\/mattor\/abilica-trainingmat-eco\/","name":"Abilica TrainingMat ECO Abilica","isPartOf":{"@id":"https:\/\/abilica.com\/#website"},"primaryImageOfPage":{"@id":"https:\/\/abilica.com\/sv\/styrka\/mattor\/abilica-trainingmat-eco\/#primaryimage"},"image":{"@id":"https:\/\/abilica.com\/sv\/styrka\/mattor\/abilica-trainingmat-eco\/#primaryimage"},"thumbnailUrl":"https:\/\/abilica.com\/wp-content\/uploads\/2021\/06\/msteco.jpg","datePublished":"2021-06-01T10:45:39+00:00","dateModified":"2023-10-26T12:45:37+00:00","breadcrumb":{"@id":"https:\/\/abilica.com\/sv\/styrka\/mattor\/abilica-trainingmat-eco\/#breadcrumb"},"inLanguage":"sv-SE","potentialAction":[{"@type":"ReadAction","target":["https:\/\/abilica.com\/sv\/styrka\/mattor\/abilica-trainingmat-eco\/"]}]},{"@type":"ImageObject","inLanguage":"sv-SE","@id":"https:\/\/abilica.com\/sv\/styrka\/mattor\/abilica-trainingmat-eco\/#primaryimage","url":"https:\/\/abilica.com\/wp-content\/uploads\/2021\/06\/msteco.jpg","contentUrl":"https:\/\/abilica.com\/wp-content\/uploads\/2021\/06\/msteco.jpg","width":1200,"height":1200},{"@type":"BreadcrumbList","@id":"https:\/\/abilica.com\/sv\/styrka\/mattor\/abilica-trainingmat-eco\/#breadcrumb","itemListElement":[{"@type":"ListItem","position":1,"name":"Hem","item":"https:\/\/abilica.com\/sv\/"},{"@type":"ListItem","position":2,"name":"Produkter","item":"https:\/\/abilica.com\/sv\/shop\/"},{"@type":"ListItem","position":3,"name":"Abilica TrainingMat ECO"}]},{"@type":"WebSite","@id":"https:\/\/abilica.com\/#website","url":"https:\/\/abilica.com\/","name":"Abilica","description":"Abilica Home Training","potentialAction":[{"@type":"SearchAction","target":{"@type":"EntryPoint","urlTemplate":"https:\/\/abilica.com\/?s={search_term_string}"},"query-input":{"@type":"PropertyValueSpecification","valueRequired":true,"valueName":"search_term_string"}}],"inLanguage":"sv-SE"}]}},"_links":{"self":[{"href":"https:\/\/abilica.com\/sv\/wp-json\/wp\/v2\/product\/30011","targetHints":{"allow":["GET"]}}],"collection":[{"href":"https:\/\/abilica.com\/sv\/wp-json\/wp\/v2\/product"}],"about":[{"href":"https:\/\/abilica.com\/sv\/wp-json\/wp\/v2\/types\/product"}],"wp:featuredmedia":[{"embeddable":true,"href":"https:\/\/abilica.com\/sv\/wp-json\/wp\/v2\/media\/30022"}],"wp:attachment":[{"href":"https:\/\/abilica.com\/sv\/wp-json\/wp\/v2\/media?parent=30011"}],"wp:term":[{"taxonomy":"product_brand","embeddable":true,"href":"https:\/\/abilica.com\/sv\/wp-json\/wp\/v2\/product_brand?post=30011"},{"taxonomy":"product_cat","embeddable":true,"href":"https:\/\/abilica.com\/sv\/wp-json\/wp\/v2\/product_cat?post=30011"},{"taxonomy":"product_tag","embeddable":true,"href":"https:\/\/abilica.com\/sv\/wp-json\/wp\/v2\/product_tag?post=30011"}],"curies":[{"name":"wp","href":"https:\/\/api.w.org\/{rel}","templated":true}]}}