{"id":30038,"date":"2021-06-03T14:46:34","date_gmt":"2021-06-03T13:46:34","guid":{"rendered":"https:\/\/abilica.com\/se\/?post_type=product&#038;p=30038"},"modified":"2024-04-05T09:51:10","modified_gmt":"2024-04-05T08:51:10","slug":"abilica-elasticbands","status":"publish","type":"product","link":"https:\/\/abilica.com\/sv\/styrka\/gummiband\/abilica-elasticbands\/","title":{"rendered":"Abilica ElasticBands"},"content":{"rendered":"<div class=\"wpb-content-wrapper\"><p>[vc_row][vc_column][vc_column_text]<\/p>\n<p class=\"lead\">Abilica ElasticBands, ocks\u00e5 k\u00e4nd som Abilica Snodden, \u00e4r mycket l\u00e4mpliga f\u00f6r styrketr\u00e4ning f\u00f6r hela kroppen, eller som en uppv\u00e4rmning f\u00f6re annan styrketr\u00e4ning\u00a0Gummibanden \u00e4r gjorda av latex, \u00e4r belagda med polyester och har handtag i PVC. Handtagen m\u00f6jligg\u00f6r ett antal \u00f6vningar f\u00f6r b\u00e5de \u00f6verkroppen och benen. Finns med tv\u00e5 typer av motst\u00e5nd \u2013 medium (gr\u00e5) och h\u00e5rd (svart). L\u00e4ngd: 185 cm. Diameter: 11 mm.<\/p>\n<p>[\/vc_column_text][vc_btn title=&#8221;Tr\u00e4ningstips&#8221; style=&#8221;flat&#8221; color=&#8221;black&#8221; i_icon_fontawesome=&#8221;fas fa-align-left&#8221; add_icon=&#8221;true&#8221; link=&#8221;url:https%3A%2F%2Fabilica.com%2Fse%2Ftraningsartiklar%2Ftraningstips-for-styrka%2Ftraning-med-gummiband-hemma%2F|title:Tr%C3%A4ning%20med%20gummiband%20hemma&#8221;][vc_btn title=&#8221;Tr\u00e4ningsprogram&#8221; style=&#8221;flat&#8221; color=&#8221;black&#8221; i_icon_fontawesome=&#8221;far fa-file-pdf&#8221; add_icon=&#8221;true&#8221; link=&#8221;url:https%3A%2F%2Fabilica.com%2Fse%2Fwp-content%2Fuploads%2F2022%2F01%2FAbilica-ElasticBands.pdf|title:Tr%C3%A4ning%20med%20gummiband%20hemma&#8221;][\/vc_column][\/vc_row]<\/p>\n<\/div>","protected":false},"excerpt":{"rendered":"<p>[vc_row][vc_column][vc_column_text] Abilica ElasticBands, ocks\u00e5 k\u00e4nd som Abilica Snodden, \u00e4r mycket l\u00e4mpliga f\u00f6r styrketr\u00e4ning f\u00f6r hela&#8230;<\/p>\n","protected":false},"featured_media":30024,"template":"","meta":{"_acf_changed":false},"product_brand":[],"product_cat":[484,471],"product_tag":[],"class_list":{"0":"post-30038","1":"product","2":"type-product","3":"status-publish","4":"has-post-thumbnail","6":"product_cat-gummiband","7":"product_cat-styrka","9":"first","10":"outofstock","11":"product-type-variable"},"acf":[],"yoast_head":"<!-- This site is optimized with the Yoast SEO Premium plugin v21.1 (Yoast SEO v25.4) - https:\/\/yoast.com\/wordpress\/plugins\/seo\/ -->\n<title>Abilica ElasticBands Abilica<\/title>\n<meta name=\"robots\" content=\"index, follow, max-snippet:-1, max-image-preview:large, max-video-preview:-1\" \/>\n<link rel=\"canonical\" href=\"https:\/\/abilica.com\/sv\/styrka\/gummiband\/abilica-elasticbands\/\" \/>\n<meta property=\"og:locale\" content=\"sv_SE\" \/>\n<meta property=\"og:type\" content=\"article\" \/>\n<meta property=\"og:title\" content=\"Abilica ElasticBands\" \/>\n<meta property=\"og:description\" content=\"[vc_row][vc_column][vc_column_text] Abilica ElasticBands, ocks\u00e5 k\u00e4nd som Abilica Snodden, \u00e4r mycket l\u00e4mpliga f\u00f6r styrketr\u00e4ning f\u00f6r hela...\" \/>\n<meta property=\"og:url\" content=\"https:\/\/abilica.com\/sv\/styrka\/gummiband\/abilica-elasticbands\/\" \/>\n<meta property=\"og:site_name\" content=\"Abilica\" \/>\n<meta property=\"article:publisher\" content=\"https:\/\/www.facebook.com\/abilicahometraining\/\" \/>\n<meta property=\"article:modified_time\" content=\"2024-04-05T08:51:10+00:00\" \/>\n<meta property=\"og:image\" content=\"https:\/\/abilica.com\/wp-content\/uploads\/2021\/06\/elastic.jpg\" \/>\n\t<meta property=\"og:image:width\" content=\"1200\" \/>\n\t<meta property=\"og:image:height\" content=\"1200\" \/>\n\t<meta property=\"og:image:type\" content=\"image\/jpeg\" \/>\n<meta name=\"twitter:card\" content=\"summary_large_image\" \/>\n<meta name=\"twitter:label1\" content=\"Ber\u00e4knad l\u00e4stid\" \/>\n\t<meta name=\"twitter:data1\" content=\"1 minut\" \/>\n<script type=\"application\/ld+json\" class=\"yoast-schema-graph\">{\"@context\":\"https:\/\/schema.org\",\"@graph\":[{\"@type\":\"WebPage\",\"@id\":\"https:\/\/abilica.com\/sv\/styrka\/gummiband\/abilica-elasticbands\/\",\"url\":\"https:\/\/abilica.com\/sv\/styrka\/gummiband\/abilica-elasticbands\/\",\"name\":\"Abilica ElasticBands Abilica\",\"isPartOf\":{\"@id\":\"https:\/\/abilica.com\/#website\"},\"primaryImageOfPage\":{\"@id\":\"https:\/\/abilica.com\/sv\/styrka\/gummiband\/abilica-elasticbands\/#primaryimage\"},\"image\":{\"@id\":\"https:\/\/abilica.com\/sv\/styrka\/gummiband\/abilica-elasticbands\/#primaryimage\"},\"thumbnailUrl\":\"https:\/\/abilica.com\/wp-content\/uploads\/2021\/06\/elastic.jpg\",\"datePublished\":\"2021-06-03T13:46:34+00:00\",\"dateModified\":\"2024-04-05T08:51:10+00:00\",\"breadcrumb\":{\"@id\":\"https:\/\/abilica.com\/sv\/styrka\/gummiband\/abilica-elasticbands\/#breadcrumb\"},\"inLanguage\":\"sv-SE\",\"potentialAction\":[{\"@type\":\"ReadAction\",\"target\":[\"https:\/\/abilica.com\/sv\/styrka\/gummiband\/abilica-elasticbands\/\"]}]},{\"@type\":\"ImageObject\",\"inLanguage\":\"sv-SE\",\"@id\":\"https:\/\/abilica.com\/sv\/styrka\/gummiband\/abilica-elasticbands\/#primaryimage\",\"url\":\"https:\/\/abilica.com\/wp-content\/uploads\/2021\/06\/elastic.jpg\",\"contentUrl\":\"https:\/\/abilica.com\/wp-content\/uploads\/2021\/06\/elastic.jpg\",\"width\":1200,\"height\":1200},{\"@type\":\"BreadcrumbList\",\"@id\":\"https:\/\/abilica.com\/sv\/styrka\/gummiband\/abilica-elasticbands\/#breadcrumb\",\"itemListElement\":[{\"@type\":\"ListItem\",\"position\":1,\"name\":\"Hem\",\"item\":\"https:\/\/abilica.com\/sv\/\"},{\"@type\":\"ListItem\",\"position\":2,\"name\":\"Produkter\",\"item\":\"https:\/\/abilica.com\/sv\/shop\/\"},{\"@type\":\"ListItem\",\"position\":3,\"name\":\"Abilica ElasticBands\"}]},{\"@type\":\"WebSite\",\"@id\":\"https:\/\/abilica.com\/#website\",\"url\":\"https:\/\/abilica.com\/\",\"name\":\"Abilica\",\"description\":\"Abilica Home Training\",\"potentialAction\":[{\"@type\":\"SearchAction\",\"target\":{\"@type\":\"EntryPoint\",\"urlTemplate\":\"https:\/\/abilica.com\/?s={search_term_string}\"},\"query-input\":{\"@type\":\"PropertyValueSpecification\",\"valueRequired\":true,\"valueName\":\"search_term_string\"}}],\"inLanguage\":\"sv-SE\"}]}<\/script>\n<!-- \/ Yoast SEO Premium plugin. -->","yoast_head_json":{"title":"Abilica ElasticBands Abilica","robots":{"index":"index","follow":"follow","max-snippet":"max-snippet:-1","max-image-preview":"max-image-preview:large","max-video-preview":"max-video-preview:-1"},"canonical":"https:\/\/abilica.com\/sv\/styrka\/gummiband\/abilica-elasticbands\/","og_locale":"sv_SE","og_type":"article","og_title":"Abilica ElasticBands","og_description":"[vc_row][vc_column][vc_column_text] Abilica ElasticBands, ocks\u00e5 k\u00e4nd som Abilica Snodden, \u00e4r mycket l\u00e4mpliga f\u00f6r styrketr\u00e4ning f\u00f6r hela...","og_url":"https:\/\/abilica.com\/sv\/styrka\/gummiband\/abilica-elasticbands\/","og_site_name":"Abilica","article_publisher":"https:\/\/www.facebook.com\/abilicahometraining\/","article_modified_time":"2024-04-05T08:51:10+00:00","og_image":[{"width":1200,"height":1200,"url":"https:\/\/abilica.com\/wp-content\/uploads\/2021\/06\/elastic.jpg","type":"image\/jpeg"}],"twitter_card":"summary_large_image","twitter_misc":{"Ber\u00e4knad l\u00e4stid":"1 minut"},"schema":{"@context":"https:\/\/schema.org","@graph":[{"@type":"WebPage","@id":"https:\/\/abilica.com\/sv\/styrka\/gummiband\/abilica-elasticbands\/","url":"https:\/\/abilica.com\/sv\/styrka\/gummiband\/abilica-elasticbands\/","name":"Abilica ElasticBands Abilica","isPartOf":{"@id":"https:\/\/abilica.com\/#website"},"primaryImageOfPage":{"@id":"https:\/\/abilica.com\/sv\/styrka\/gummiband\/abilica-elasticbands\/#primaryimage"},"image":{"@id":"https:\/\/abilica.com\/sv\/styrka\/gummiband\/abilica-elasticbands\/#primaryimage"},"thumbnailUrl":"https:\/\/abilica.com\/wp-content\/uploads\/2021\/06\/elastic.jpg","datePublished":"2021-06-03T13:46:34+00:00","dateModified":"2024-04-05T08:51:10+00:00","breadcrumb":{"@id":"https:\/\/abilica.com\/sv\/styrka\/gummiband\/abilica-elasticbands\/#breadcrumb"},"inLanguage":"sv-SE","potentialAction":[{"@type":"ReadAction","target":["https:\/\/abilica.com\/sv\/styrka\/gummiband\/abilica-elasticbands\/"]}]},{"@type":"ImageObject","inLanguage":"sv-SE","@id":"https:\/\/abilica.com\/sv\/styrka\/gummiband\/abilica-elasticbands\/#primaryimage","url":"https:\/\/abilica.com\/wp-content\/uploads\/2021\/06\/elastic.jpg","contentUrl":"https:\/\/abilica.com\/wp-content\/uploads\/2021\/06\/elastic.jpg","width":1200,"height":1200},{"@type":"BreadcrumbList","@id":"https:\/\/abilica.com\/sv\/styrka\/gummiband\/abilica-elasticbands\/#breadcrumb","itemListElement":[{"@type":"ListItem","position":1,"name":"Hem","item":"https:\/\/abilica.com\/sv\/"},{"@type":"ListItem","position":2,"name":"Produkter","item":"https:\/\/abilica.com\/sv\/shop\/"},{"@type":"ListItem","position":3,"name":"Abilica ElasticBands"}]},{"@type":"WebSite","@id":"https:\/\/abilica.com\/#website","url":"https:\/\/abilica.com\/","name":"Abilica","description":"Abilica Home Training","potentialAction":[{"@type":"SearchAction","target":{"@type":"EntryPoint","urlTemplate":"https:\/\/abilica.com\/?s={search_term_string}"},"query-input":{"@type":"PropertyValueSpecification","valueRequired":true,"valueName":"search_term_string"}}],"inLanguage":"sv-SE"}]}},"_links":{"self":[{"href":"https:\/\/abilica.com\/sv\/wp-json\/wp\/v2\/product\/30038","targetHints":{"allow":["GET"]}}],"collection":[{"href":"https:\/\/abilica.com\/sv\/wp-json\/wp\/v2\/product"}],"about":[{"href":"https:\/\/abilica.com\/sv\/wp-json\/wp\/v2\/types\/product"}],"wp:featuredmedia":[{"embeddable":true,"href":"https:\/\/abilica.com\/sv\/wp-json\/wp\/v2\/media\/30024"}],"wp:attachment":[{"href":"https:\/\/abilica.com\/sv\/wp-json\/wp\/v2\/media?parent=30038"}],"wp:term":[{"taxonomy":"product_brand","embeddable":true,"href":"https:\/\/abilica.com\/sv\/wp-json\/wp\/v2\/product_brand?post=30038"},{"taxonomy":"product_cat","embeddable":true,"href":"https:\/\/abilica.com\/sv\/wp-json\/wp\/v2\/product_cat?post=30038"},{"taxonomy":"product_tag","embeddable":true,"href":"https:\/\/abilica.com\/sv\/wp-json\/wp\/v2\/product_tag?post=30038"}],"curies":[{"name":"wp","href":"https:\/\/api.w.org\/{rel}","templated":true}]}}