{"id":30251,"date":"2021-08-16T11:45:18","date_gmt":"2021-08-16T10:45:18","guid":{"rendered":"https:\/\/abilica.com\/se\/?post_type=product&#038;p=30251"},"modified":"2024-06-18T13:02:39","modified_gmt":"2024-06-18T12:02:39","slug":"abilica-massagegun-premium","status":"publish","type":"product","link":"https:\/\/abilica.com\/sv\/restitution-och-skadeforebyggande\/massage\/abilica-massagegun-premium\/","title":{"rendered":"Abilica MassageGun Premium"},"content":{"rendered":"<p class=\"lead\">Kraftfull motor som ger 6 olika massagefrekvenser mellan 1200-3300 repetitioner per minut.\u00a0Detta ger dig en bra m\u00f6jlighet att justera vibrationerna s\u00e5 bra som m\u00f6jligt f\u00f6r att massera musklerna effektivt. Den levereras ocks\u00e5 med 6 olika massagehuvuden som \u00e4r anpassade f\u00f6r de olika muskelgrupperna. Tv\u00e5 handtag som g\u00f6r det enkelt att komma till musklerna p\u00e5 axlar och rygg och som g\u00f6r den l\u00e4mplig b\u00e5de f\u00f6r sj\u00e4lvmassage eller f\u00f6r att massera andra. Massagepistolen \u00e4r laddningsbar och batteritiden \u00e4r 3-5 timmar. Laddningstiden \u00e4r cirka 3.5 timmar. Levereras i ett fodral med st\u00e5lram f\u00f6r enkel f\u00f6rvaring och frakt.<\/p>\n<p>30W motor<br \/>\nBatteri: 2600mAh<br \/>\nBatteritid: 3-5 timmar<br \/>\nLaddningstid: 3,5 timmar<br \/>\nMassagefrekvens: 1200-3300<br \/>\nMassage niv\u00e5er: 6<br \/>\nUtslag: 12 mm<\/p>\n<p><strong>Produkten inneh\u00e5ller:<\/strong><br \/>\n1 v\u00e4ska f\u00f6r f\u00f6rvaring<br \/>\n1 massagepistol<br \/>\n5 massagehuvuden<br \/>\n1 laddare<\/p>\n<p>Vikt: 1,09 kg<br \/>\nMaterial: Rostfritt st\u00e5l + ABS + Silica Gel<br \/>\nLjudniv\u00e5: 60 db<\/p>\n<p><strong>Styrkor \/ intervaller niv\u00e5 1-6:<\/strong><br \/>\nNiv\u00e5 1: 1200<br \/>\nNiv\u00e5 2: 1620<br \/>\nNiv\u00e5 3: 2040<br \/>\nNiv\u00e5 4: 2460<br \/>\nNiv\u00e5 5: 2880<br \/>\nNiv\u00e5 6: 3300<\/p>\n","protected":false},"excerpt":{"rendered":"<p>Kraftfull motor som ger 6 olika massagefrekvenser mellan 1200-3300 repetitioner per minut.\u00a0Detta ger dig en&#8230;<\/p>\n","protected":false},"featured_media":30252,"template":"","meta":{"_acf_changed":false},"product_brand":[],"product_cat":[510,481],"product_tag":[],"class_list":{"0":"post-30251","1":"product","2":"type-product","3":"status-publish","4":"has-post-thumbnail","6":"product_cat-massage","7":"product_cat-restitution-och-skadeforebyggande","9":"first","10":"instock","11":"product-type-simple"},"acf":[],"yoast_head":"<!-- This site is optimized with the Yoast SEO Premium plugin v21.1 (Yoast SEO v25.4) - https:\/\/yoast.com\/wordpress\/plugins\/seo\/ -->\n<title>Abilica MassageGun Premium Abilica<\/title>\n<meta name=\"robots\" content=\"index, follow, max-snippet:-1, max-image-preview:large, max-video-preview:-1\" \/>\n<link rel=\"canonical\" href=\"https:\/\/abilica.com\/sv\/restitution-och-skadeforebyggande\/massage\/abilica-massagegun-premium\/\" \/>\n<meta property=\"og:locale\" content=\"sv_SE\" \/>\n<meta property=\"og:type\" content=\"article\" \/>\n<meta property=\"og:title\" content=\"Abilica MassageGun Premium\" \/>\n<meta property=\"og:description\" content=\"Kraftfull motor som ger 6 olika massagefrekvenser mellan 1200-3300 repetitioner per minut.\u00a0Detta ger dig en...\" \/>\n<meta property=\"og:url\" content=\"https:\/\/abilica.com\/sv\/restitution-och-skadeforebyggande\/massage\/abilica-massagegun-premium\/\" \/>\n<meta property=\"og:site_name\" content=\"Abilica\" \/>\n<meta property=\"article:publisher\" content=\"https:\/\/www.facebook.com\/abilicahometraining\/\" \/>\n<meta property=\"article:modified_time\" content=\"2024-06-18T12:02:39+00:00\" \/>\n<meta property=\"og:image\" content=\"https:\/\/abilica.com\/wp-content\/uploads\/2021\/08\/Untitled-1.jpg\" \/>\n\t<meta property=\"og:image:width\" content=\"1200\" \/>\n\t<meta property=\"og:image:height\" content=\"1200\" \/>\n\t<meta property=\"og:image:type\" content=\"image\/jpeg\" \/>\n<meta name=\"twitter:card\" content=\"summary_large_image\" \/>\n<meta name=\"twitter:label1\" content=\"Ber\u00e4knad l\u00e4stid\" \/>\n\t<meta name=\"twitter:data1\" content=\"1 minut\" \/>\n<script type=\"application\/ld+json\" class=\"yoast-schema-graph\">{\"@context\":\"https:\/\/schema.org\",\"@graph\":[{\"@type\":\"WebPage\",\"@id\":\"https:\/\/abilica.com\/sv\/restitution-och-skadeforebyggande\/massage\/abilica-massagegun-premium\/\",\"url\":\"https:\/\/abilica.com\/sv\/restitution-och-skadeforebyggande\/massage\/abilica-massagegun-premium\/\",\"name\":\"Abilica MassageGun Premium Abilica\",\"isPartOf\":{\"@id\":\"https:\/\/abilica.com\/#website\"},\"primaryImageOfPage\":{\"@id\":\"https:\/\/abilica.com\/sv\/restitution-och-skadeforebyggande\/massage\/abilica-massagegun-premium\/#primaryimage\"},\"image\":{\"@id\":\"https:\/\/abilica.com\/sv\/restitution-och-skadeforebyggande\/massage\/abilica-massagegun-premium\/#primaryimage\"},\"thumbnailUrl\":\"https:\/\/abilica.com\/wp-content\/uploads\/2021\/08\/Untitled-1.jpg\",\"datePublished\":\"2021-08-16T10:45:18+00:00\",\"dateModified\":\"2024-06-18T12:02:39+00:00\",\"breadcrumb\":{\"@id\":\"https:\/\/abilica.com\/sv\/restitution-och-skadeforebyggande\/massage\/abilica-massagegun-premium\/#breadcrumb\"},\"inLanguage\":\"sv-SE\",\"potentialAction\":[{\"@type\":\"ReadAction\",\"target\":[\"https:\/\/abilica.com\/sv\/restitution-och-skadeforebyggande\/massage\/abilica-massagegun-premium\/\"]}]},{\"@type\":\"ImageObject\",\"inLanguage\":\"sv-SE\",\"@id\":\"https:\/\/abilica.com\/sv\/restitution-och-skadeforebyggande\/massage\/abilica-massagegun-premium\/#primaryimage\",\"url\":\"https:\/\/abilica.com\/wp-content\/uploads\/2021\/08\/Untitled-1.jpg\",\"contentUrl\":\"https:\/\/abilica.com\/wp-content\/uploads\/2021\/08\/Untitled-1.jpg\",\"width\":1200,\"height\":1200},{\"@type\":\"BreadcrumbList\",\"@id\":\"https:\/\/abilica.com\/sv\/restitution-och-skadeforebyggande\/massage\/abilica-massagegun-premium\/#breadcrumb\",\"itemListElement\":[{\"@type\":\"ListItem\",\"position\":1,\"name\":\"Hem\",\"item\":\"https:\/\/abilica.com\/sv\/\"},{\"@type\":\"ListItem\",\"position\":2,\"name\":\"Produkter\",\"item\":\"https:\/\/abilica.com\/sv\/shop\/\"},{\"@type\":\"ListItem\",\"position\":3,\"name\":\"Abilica MassageGun Premium\"}]},{\"@type\":\"WebSite\",\"@id\":\"https:\/\/abilica.com\/#website\",\"url\":\"https:\/\/abilica.com\/\",\"name\":\"Abilica\",\"description\":\"Abilica Home Training\",\"potentialAction\":[{\"@type\":\"SearchAction\",\"target\":{\"@type\":\"EntryPoint\",\"urlTemplate\":\"https:\/\/abilica.com\/?s={search_term_string}\"},\"query-input\":{\"@type\":\"PropertyValueSpecification\",\"valueRequired\":true,\"valueName\":\"search_term_string\"}}],\"inLanguage\":\"sv-SE\"}]}<\/script>\n<!-- \/ Yoast SEO Premium plugin. -->","yoast_head_json":{"title":"Abilica MassageGun Premium Abilica","robots":{"index":"index","follow":"follow","max-snippet":"max-snippet:-1","max-image-preview":"max-image-preview:large","max-video-preview":"max-video-preview:-1"},"canonical":"https:\/\/abilica.com\/sv\/restitution-och-skadeforebyggande\/massage\/abilica-massagegun-premium\/","og_locale":"sv_SE","og_type":"article","og_title":"Abilica MassageGun Premium","og_description":"Kraftfull motor som ger 6 olika massagefrekvenser mellan 1200-3300 repetitioner per minut.\u00a0Detta ger dig en...","og_url":"https:\/\/abilica.com\/sv\/restitution-och-skadeforebyggande\/massage\/abilica-massagegun-premium\/","og_site_name":"Abilica","article_publisher":"https:\/\/www.facebook.com\/abilicahometraining\/","article_modified_time":"2024-06-18T12:02:39+00:00","og_image":[{"width":1200,"height":1200,"url":"https:\/\/abilica.com\/wp-content\/uploads\/2021\/08\/Untitled-1.jpg","type":"image\/jpeg"}],"twitter_card":"summary_large_image","twitter_misc":{"Ber\u00e4knad l\u00e4stid":"1 minut"},"schema":{"@context":"https:\/\/schema.org","@graph":[{"@type":"WebPage","@id":"https:\/\/abilica.com\/sv\/restitution-och-skadeforebyggande\/massage\/abilica-massagegun-premium\/","url":"https:\/\/abilica.com\/sv\/restitution-och-skadeforebyggande\/massage\/abilica-massagegun-premium\/","name":"Abilica MassageGun Premium Abilica","isPartOf":{"@id":"https:\/\/abilica.com\/#website"},"primaryImageOfPage":{"@id":"https:\/\/abilica.com\/sv\/restitution-och-skadeforebyggande\/massage\/abilica-massagegun-premium\/#primaryimage"},"image":{"@id":"https:\/\/abilica.com\/sv\/restitution-och-skadeforebyggande\/massage\/abilica-massagegun-premium\/#primaryimage"},"thumbnailUrl":"https:\/\/abilica.com\/wp-content\/uploads\/2021\/08\/Untitled-1.jpg","datePublished":"2021-08-16T10:45:18+00:00","dateModified":"2024-06-18T12:02:39+00:00","breadcrumb":{"@id":"https:\/\/abilica.com\/sv\/restitution-och-skadeforebyggande\/massage\/abilica-massagegun-premium\/#breadcrumb"},"inLanguage":"sv-SE","potentialAction":[{"@type":"ReadAction","target":["https:\/\/abilica.com\/sv\/restitution-och-skadeforebyggande\/massage\/abilica-massagegun-premium\/"]}]},{"@type":"ImageObject","inLanguage":"sv-SE","@id":"https:\/\/abilica.com\/sv\/restitution-och-skadeforebyggande\/massage\/abilica-massagegun-premium\/#primaryimage","url":"https:\/\/abilica.com\/wp-content\/uploads\/2021\/08\/Untitled-1.jpg","contentUrl":"https:\/\/abilica.com\/wp-content\/uploads\/2021\/08\/Untitled-1.jpg","width":1200,"height":1200},{"@type":"BreadcrumbList","@id":"https:\/\/abilica.com\/sv\/restitution-och-skadeforebyggande\/massage\/abilica-massagegun-premium\/#breadcrumb","itemListElement":[{"@type":"ListItem","position":1,"name":"Hem","item":"https:\/\/abilica.com\/sv\/"},{"@type":"ListItem","position":2,"name":"Produkter","item":"https:\/\/abilica.com\/sv\/shop\/"},{"@type":"ListItem","position":3,"name":"Abilica MassageGun Premium"}]},{"@type":"WebSite","@id":"https:\/\/abilica.com\/#website","url":"https:\/\/abilica.com\/","name":"Abilica","description":"Abilica Home Training","potentialAction":[{"@type":"SearchAction","target":{"@type":"EntryPoint","urlTemplate":"https:\/\/abilica.com\/?s={search_term_string}"},"query-input":{"@type":"PropertyValueSpecification","valueRequired":true,"valueName":"search_term_string"}}],"inLanguage":"sv-SE"}]}},"_links":{"self":[{"href":"https:\/\/abilica.com\/sv\/wp-json\/wp\/v2\/product\/30251","targetHints":{"allow":["GET"]}}],"collection":[{"href":"https:\/\/abilica.com\/sv\/wp-json\/wp\/v2\/product"}],"about":[{"href":"https:\/\/abilica.com\/sv\/wp-json\/wp\/v2\/types\/product"}],"wp:featuredmedia":[{"embeddable":true,"href":"https:\/\/abilica.com\/sv\/wp-json\/wp\/v2\/media\/30252"}],"wp:attachment":[{"href":"https:\/\/abilica.com\/sv\/wp-json\/wp\/v2\/media?parent=30251"}],"wp:term":[{"taxonomy":"product_brand","embeddable":true,"href":"https:\/\/abilica.com\/sv\/wp-json\/wp\/v2\/product_brand?post=30251"},{"taxonomy":"product_cat","embeddable":true,"href":"https:\/\/abilica.com\/sv\/wp-json\/wp\/v2\/product_cat?post=30251"},{"taxonomy":"product_tag","embeddable":true,"href":"https:\/\/abilica.com\/sv\/wp-json\/wp\/v2\/product_tag?post=30251"}],"curies":[{"name":"wp","href":"https:\/\/api.w.org\/{rel}","templated":true}]}}