{"id":30351,"date":"2021-09-28T15:45:10","date_gmt":"2021-09-28T14:45:10","guid":{"rendered":"https:\/\/abilica.com\/se\/?post_type=product&#038;p=30351"},"modified":"2024-04-09T09:00:55","modified_gmt":"2024-04-09T08:00:55","slug":"abilica-premium-ac-bt-treadmill","status":"publish","type":"product","link":"https:\/\/abilica.com\/sv\/kondition\/lopband\/abilica-premium-ac-bt-treadmill\/","title":{"rendered":"Abilica Premium AC BT Treadmill"},"content":{"rendered":"<div class=\"wpb-content-wrapper\"><p>[vc_row][vc_column][vc_column_text el_class=&#8221;product-video&#8221;]<\/p>\n<p class=\"lead\">Mycket bra l\u00f6pband f\u00f6r aktiva anv\u00e4ndare som st\u00e4ller h\u00f6ga krav p\u00e5 funktion, tillf\u00f6rlitlighet och komfort.\u00a0L\u00e4mplig f\u00f6r milj\u00f6er med flera anv\u00e4ndningsomr\u00e5den. Solid och p\u00e5litlig l\u00f6pband med enast\u00e5ende prestanda. Kraftfull AC-motor p\u00e5 3 HK t\u00e5l mycket och l\u00e5ngvarig anv\u00e4ndning. Topphastigheten p\u00e5 hela 24 km\/t och en stor l\u00f6pyta g\u00f6r att den ocks\u00e5 \u00e4r v\u00e4l l\u00e4mpad f\u00f6r intervalltr\u00e4ning med h\u00f6ga hastigheter. Datorn har 16 f\u00f6rinst\u00e4llda program, pulsstyrda program och nedr\u00e4kningsfunktion f\u00f6r kalorier, tid och avst\u00e5nd. Med Bluetooth-anslutning till apparna Zwift, Kinomap och iConsole + som ger dig bra tr\u00e4ningsm\u00f6jligheter och extra motivation. <a href=\"https:\/\/abilica.com\/se\/kinomap\/\"><strong>L\u00e4s mer om Kinomap h\u00e4r.<\/strong><\/a><\/p>\n<p><em><strong>iPad p\u00e5 bilden f\u00f6ljer inte med.<\/strong><\/em><\/p>\n<div style=\"width: 640px;\" class=\"wp-video\"><!--[if lt IE 9]><script>document.createElement('video');<\/script><![endif]-->\n<video class=\"wp-video-shortcode\" id=\"video-30351-1\" width=\"640\" height=\"360\" poster=\"https:\/\/abilica.com\/se\/wp-content\/uploads\/2021\/09\/CH_Abilica_-2.jpg\" preload=\"metadata\" controls=\"controls\"><source type=\"video\/mp4\" src=\"https:\/\/abilica.com\/se\/wp-content\/uploads\/2021\/09\/Abilica-Premium-AC-BT-Treadmill-169.mp4?_=1\" \/><a href=\"https:\/\/abilica.com\/se\/wp-content\/uploads\/2021\/09\/Abilica-Premium-AC-BT-Treadmill-169.mp4\">https:\/\/abilica.com\/se\/wp-content\/uploads\/2021\/09\/Abilica-Premium-AC-BT-Treadmill-169.mp4<\/a><\/video><\/div>\n<p>[\/vc_column_text][vc_empty_space height=&#8221;52px&#8221;][vc_btn title=&#8221;Teknisk information&#8221; style=&#8221;flat&#8221; color=&#8221;black&#8221; i_icon_fontawesome=&#8221;far fa-file-pdf&#8221; add_icon=&#8221;true&#8221; link=&#8221;url:https%3A%2F%2Fabilica.com%2Fse%2Fwp-content%2Fuploads%2F2021%2F06%2FTredemoller-UK-1.pdf&#8221;][vc_btn title=&#8221;Tr\u00e4ningstips&#8221; style=&#8221;flat&#8221; color=&#8221;black&#8221; i_icon_fontawesome=&#8221;fas fa-align-left&#8221; add_icon=&#8221;true&#8221; link=&#8221;url:https%3A%2F%2Fabilica.com%2Fse%2Ftraningsartiklar%2Ftraningstips-for-kondition%2F|title:Tr%C3%A4ningstips%20f%C3%B6r%20kondition&#8221;][vc_btn title=&#8221;Underh\u00e5llstips&#8221; style=&#8221;flat&#8221; color=&#8221;black&#8221; i_icon_fontawesome=&#8221;fas fa-align-left&#8221; add_icon=&#8221;true&#8221; link=&#8221;url:https%3A%2F%2Fabilica.com%2Fse%2Ftraningsartiklar%2Ftraningstips-for-kondition%2Funderhall-av-traningsmaskiner%2F|title:Tr%C3%A4ningstips%20f%C3%B6r%20kondition&#8221;][\/vc_column][\/vc_row]<\/p>\n<\/div>","protected":false},"excerpt":{"rendered":"<p>sdfsdf sdfsd f sdd fssd f dsfdsf dsfd sfsdf<\/p>\n<p>&nbsp;<\/p>\n<p>fs sdfsdfdsfds f<\/p>\n","protected":false},"featured_media":28202,"template":"","meta":{"_acf_changed":false},"product_brand":[],"product_cat":[475,477],"product_tag":[186,49],"class_list":{"0":"post-30351","1":"product","2":"type-product","3":"status-publish","4":"has-post-thumbnail","6":"product_cat-kondition","7":"product_cat-lopband","8":"product_tag-kinomap","9":"product_tag-premium","11":"first","12":"outofstock","13":"product-type-simple"},"acf":[],"yoast_head":"<!-- This site is optimized with the Yoast SEO Premium plugin v21.1 (Yoast SEO v25.4) - https:\/\/yoast.com\/wordpress\/plugins\/seo\/ -->\n<title>Abilica Premium AC BT Treadmill Abilica<\/title>\n<meta name=\"robots\" content=\"index, follow, max-snippet:-1, max-image-preview:large, max-video-preview:-1\" \/>\n<link rel=\"canonical\" href=\"https:\/\/abilica.com\/sv\/kondition\/lopband\/abilica-premium-ac-bt-treadmill\/\" \/>\n<meta property=\"og:locale\" content=\"sv_SE\" \/>\n<meta property=\"og:type\" content=\"article\" \/>\n<meta property=\"og:title\" content=\"Abilica Premium AC BT Treadmill\" \/>\n<meta property=\"og:description\" content=\"sdfsdf sdfsd f sdd fssd f dsfdsf dsfd sfsdf  &nbsp;  fs sdfsdfdsfds f\" \/>\n<meta property=\"og:url\" content=\"https:\/\/abilica.com\/sv\/kondition\/lopband\/abilica-premium-ac-bt-treadmill\/\" \/>\n<meta property=\"og:site_name\" content=\"Abilica\" \/>\n<meta property=\"article:publisher\" content=\"https:\/\/www.facebook.com\/abilicahometraining\/\" \/>\n<meta property=\"article:modified_time\" content=\"2024-04-09T08:00:55+00:00\" \/>\n<meta property=\"og:image\" content=\"https:\/\/abilica.com\/wp-content\/uploads\/2016\/01\/300304-1.jpg\" \/>\n\t<meta property=\"og:image:width\" content=\"1200\" \/>\n\t<meta property=\"og:image:height\" content=\"1200\" \/>\n\t<meta property=\"og:image:type\" content=\"image\/jpeg\" \/>\n<meta name=\"twitter:card\" content=\"summary_large_image\" \/>\n<meta name=\"twitter:label1\" content=\"Ber\u00e4knad l\u00e4stid\" \/>\n\t<meta name=\"twitter:data1\" content=\"1 minut\" \/>\n<script type=\"application\/ld+json\" class=\"yoast-schema-graph\">{\"@context\":\"https:\/\/schema.org\",\"@graph\":[{\"@type\":\"WebPage\",\"@id\":\"https:\/\/abilica.com\/sv\/kondition\/lopband\/abilica-premium-ac-bt-treadmill\/\",\"url\":\"https:\/\/abilica.com\/sv\/kondition\/lopband\/abilica-premium-ac-bt-treadmill\/\",\"name\":\"Abilica Premium AC BT Treadmill Abilica\",\"isPartOf\":{\"@id\":\"https:\/\/abilica.com\/#website\"},\"primaryImageOfPage\":{\"@id\":\"https:\/\/abilica.com\/sv\/kondition\/lopband\/abilica-premium-ac-bt-treadmill\/#primaryimage\"},\"image\":{\"@id\":\"https:\/\/abilica.com\/sv\/kondition\/lopband\/abilica-premium-ac-bt-treadmill\/#primaryimage\"},\"thumbnailUrl\":\"https:\/\/abilica.com\/wp-content\/uploads\/2016\/01\/300304-1.jpg\",\"datePublished\":\"2021-09-28T14:45:10+00:00\",\"dateModified\":\"2024-04-09T08:00:55+00:00\",\"breadcrumb\":{\"@id\":\"https:\/\/abilica.com\/sv\/kondition\/lopband\/abilica-premium-ac-bt-treadmill\/#breadcrumb\"},\"inLanguage\":\"sv-SE\",\"potentialAction\":[{\"@type\":\"ReadAction\",\"target\":[\"https:\/\/abilica.com\/sv\/kondition\/lopband\/abilica-premium-ac-bt-treadmill\/\"]}]},{\"@type\":\"ImageObject\",\"inLanguage\":\"sv-SE\",\"@id\":\"https:\/\/abilica.com\/sv\/kondition\/lopband\/abilica-premium-ac-bt-treadmill\/#primaryimage\",\"url\":\"https:\/\/abilica.com\/wp-content\/uploads\/2016\/01\/300304-1.jpg\",\"contentUrl\":\"https:\/\/abilica.com\/wp-content\/uploads\/2016\/01\/300304-1.jpg\",\"width\":1200,\"height\":1200},{\"@type\":\"BreadcrumbList\",\"@id\":\"https:\/\/abilica.com\/sv\/kondition\/lopband\/abilica-premium-ac-bt-treadmill\/#breadcrumb\",\"itemListElement\":[{\"@type\":\"ListItem\",\"position\":1,\"name\":\"Hem\",\"item\":\"https:\/\/abilica.com\/sv\/\"},{\"@type\":\"ListItem\",\"position\":2,\"name\":\"Produkter\",\"item\":\"https:\/\/abilica.com\/sv\/shop\/\"},{\"@type\":\"ListItem\",\"position\":3,\"name\":\"Abilica Premium AC BT Treadmill\"}]},{\"@type\":\"WebSite\",\"@id\":\"https:\/\/abilica.com\/#website\",\"url\":\"https:\/\/abilica.com\/\",\"name\":\"Abilica\",\"description\":\"Abilica Home Training\",\"potentialAction\":[{\"@type\":\"SearchAction\",\"target\":{\"@type\":\"EntryPoint\",\"urlTemplate\":\"https:\/\/abilica.com\/?s={search_term_string}\"},\"query-input\":{\"@type\":\"PropertyValueSpecification\",\"valueRequired\":true,\"valueName\":\"search_term_string\"}}],\"inLanguage\":\"sv-SE\"}]}<\/script>\n<!-- \/ Yoast SEO Premium plugin. -->","yoast_head_json":{"title":"Abilica Premium AC BT Treadmill Abilica","robots":{"index":"index","follow":"follow","max-snippet":"max-snippet:-1","max-image-preview":"max-image-preview:large","max-video-preview":"max-video-preview:-1"},"canonical":"https:\/\/abilica.com\/sv\/kondition\/lopband\/abilica-premium-ac-bt-treadmill\/","og_locale":"sv_SE","og_type":"article","og_title":"Abilica Premium AC BT Treadmill","og_description":"sdfsdf sdfsd f sdd fssd f dsfdsf dsfd sfsdf  &nbsp;  fs sdfsdfdsfds f","og_url":"https:\/\/abilica.com\/sv\/kondition\/lopband\/abilica-premium-ac-bt-treadmill\/","og_site_name":"Abilica","article_publisher":"https:\/\/www.facebook.com\/abilicahometraining\/","article_modified_time":"2024-04-09T08:00:55+00:00","og_image":[{"width":1200,"height":1200,"url":"https:\/\/abilica.com\/wp-content\/uploads\/2016\/01\/300304-1.jpg","type":"image\/jpeg"}],"twitter_card":"summary_large_image","twitter_misc":{"Ber\u00e4knad l\u00e4stid":"1 minut"},"schema":{"@context":"https:\/\/schema.org","@graph":[{"@type":"WebPage","@id":"https:\/\/abilica.com\/sv\/kondition\/lopband\/abilica-premium-ac-bt-treadmill\/","url":"https:\/\/abilica.com\/sv\/kondition\/lopband\/abilica-premium-ac-bt-treadmill\/","name":"Abilica Premium AC BT Treadmill Abilica","isPartOf":{"@id":"https:\/\/abilica.com\/#website"},"primaryImageOfPage":{"@id":"https:\/\/abilica.com\/sv\/kondition\/lopband\/abilica-premium-ac-bt-treadmill\/#primaryimage"},"image":{"@id":"https:\/\/abilica.com\/sv\/kondition\/lopband\/abilica-premium-ac-bt-treadmill\/#primaryimage"},"thumbnailUrl":"https:\/\/abilica.com\/wp-content\/uploads\/2016\/01\/300304-1.jpg","datePublished":"2021-09-28T14:45:10+00:00","dateModified":"2024-04-09T08:00:55+00:00","breadcrumb":{"@id":"https:\/\/abilica.com\/sv\/kondition\/lopband\/abilica-premium-ac-bt-treadmill\/#breadcrumb"},"inLanguage":"sv-SE","potentialAction":[{"@type":"ReadAction","target":["https:\/\/abilica.com\/sv\/kondition\/lopband\/abilica-premium-ac-bt-treadmill\/"]}]},{"@type":"ImageObject","inLanguage":"sv-SE","@id":"https:\/\/abilica.com\/sv\/kondition\/lopband\/abilica-premium-ac-bt-treadmill\/#primaryimage","url":"https:\/\/abilica.com\/wp-content\/uploads\/2016\/01\/300304-1.jpg","contentUrl":"https:\/\/abilica.com\/wp-content\/uploads\/2016\/01\/300304-1.jpg","width":1200,"height":1200},{"@type":"BreadcrumbList","@id":"https:\/\/abilica.com\/sv\/kondition\/lopband\/abilica-premium-ac-bt-treadmill\/#breadcrumb","itemListElement":[{"@type":"ListItem","position":1,"name":"Hem","item":"https:\/\/abilica.com\/sv\/"},{"@type":"ListItem","position":2,"name":"Produkter","item":"https:\/\/abilica.com\/sv\/shop\/"},{"@type":"ListItem","position":3,"name":"Abilica Premium AC BT Treadmill"}]},{"@type":"WebSite","@id":"https:\/\/abilica.com\/#website","url":"https:\/\/abilica.com\/","name":"Abilica","description":"Abilica Home Training","potentialAction":[{"@type":"SearchAction","target":{"@type":"EntryPoint","urlTemplate":"https:\/\/abilica.com\/?s={search_term_string}"},"query-input":{"@type":"PropertyValueSpecification","valueRequired":true,"valueName":"search_term_string"}}],"inLanguage":"sv-SE"}]}},"_links":{"self":[{"href":"https:\/\/abilica.com\/sv\/wp-json\/wp\/v2\/product\/30351","targetHints":{"allow":["GET"]}}],"collection":[{"href":"https:\/\/abilica.com\/sv\/wp-json\/wp\/v2\/product"}],"about":[{"href":"https:\/\/abilica.com\/sv\/wp-json\/wp\/v2\/types\/product"}],"wp:featuredmedia":[{"embeddable":true,"href":"https:\/\/abilica.com\/sv\/wp-json\/wp\/v2\/media\/28202"}],"wp:attachment":[{"href":"https:\/\/abilica.com\/sv\/wp-json\/wp\/v2\/media?parent=30351"}],"wp:term":[{"taxonomy":"product_brand","embeddable":true,"href":"https:\/\/abilica.com\/sv\/wp-json\/wp\/v2\/product_brand?post=30351"},{"taxonomy":"product_cat","embeddable":true,"href":"https:\/\/abilica.com\/sv\/wp-json\/wp\/v2\/product_cat?post=30351"},{"taxonomy":"product_tag","embeddable":true,"href":"https:\/\/abilica.com\/sv\/wp-json\/wp\/v2\/product_tag?post=30351"}],"curies":[{"name":"wp","href":"https:\/\/api.w.org\/{rel}","templated":true}]}}