{"id":30986,"date":"2022-04-05T11:46:34","date_gmt":"2022-04-05T10:46:34","guid":{"rendered":"https:\/\/abilica.com\/se\/?post_type=product&#038;p=30986"},"modified":"2023-11-06T11:01:09","modified_gmt":"2023-11-06T10:01:09","slug":"abilica-the-earth-collection","status":"publish","type":"product","link":"https:\/\/abilica.com\/sv\/the-earth-collection-2\/abilica-the-earth-collection\/","title":{"rendered":"Abilica The Earth Collection"},"content":{"rendered":"<div class=\"wpb-content-wrapper\"><p>[vc_row][vc_column][vc_video link=&#8221;https:\/\/vimeo.com\/700716218&#8243; align=&#8221;center&#8221;][vc_empty_space][vc_btn title=&#8221;Tr\u00e4ningsfilmer&#8221; style=&#8221;flat&#8221; color=&#8221;black&#8221; align=&#8221;center&#8221; i_icon_fontawesome=&#8221;fas fa-play&#8221; add_icon=&#8221;true&#8221; link=&#8221;url:https%3A%2F%2Fabilica.com%2Fse%2Fthe-earth-collection-training-videos%2F&#8221;][vc_empty_space][vc_column_text]<\/p>\n<h2><strong><img loading=\"lazy\" decoding=\"async\" class=\"size-full wp-image-30034 aligncenter\" src=\"https:\/\/abilica.com\/se\/wp-content\/uploads\/2021\/06\/ECO-hvit-150x150-1.png\" alt=\"\" width=\"150\" height=\"150\" \/><\/strong><\/h2>\n<h2><strong>Abilica The Earth Collection<\/strong><\/h2>\n<p>Earth Collection Bundle inneh\u00e5ller allt du beh\u00f6ver f\u00f6r en h\u00e4lsosam livsstil n\u00e4r du \u00e4r p\u00e5 spr\u00e5ng. Denna samling \u00e4r i begr\u00e4nsad upplaga. K\u00f6p din innan det \u00e4r f\u00f6r sent.<\/p>\n<p><strong>Paketet\/paketet inneh\u00e5ller:<\/strong><br \/>\nAbilica ExerTube ECO<br \/>\nAbilica LoopBand Duo<br \/>\nAbilica PilatesBall 20 cm<br \/>\nAbilica PopSocket<br \/>\nAbilica WaterBottle Steel<br \/>\nAbilica YogaMat Earth ECO<\/p>\n<p><strong>Abilica ExerTube ECO<\/strong><br \/>\nDesignat f\u00f6r alla typer av motst\u00e5nds- och styrketr\u00e4ning. F\u00e5 ett komplett tr\u00e4ningspass utan all tung utrustning, eller l\u00e4gg till det i mixen under ditt n\u00e4sta viktpass. Den kan ocks\u00e5 anv\u00e4ndas f\u00f6r olika stretching rutiner, l\u00e4ggas till f\u00f6r st\u00f6d under pull-ups, helkropps\u00f6vningar och mer. Vi har s\u00e5lt detta i 20 \u00e5r!<\/p>\n<p><em>Storlek<br \/>\n<\/em>L\u00e4ngd 130 cm<br \/>\n<em>Material<br \/>\n<\/em>Naturgummi. PE. Loom PE.<\/p>\n<p><strong><br \/>\nAbilica LoopBand Duo<\/strong><br \/>\nEtt absolut m\u00e5ste och en av v\u00e5ra b\u00e4sts\u00e4ljare \u2013 nu justerbar! Detta 2-delade bandset inneh\u00e5ller ett l\u00e4tt och medelh\u00f6gt gummiband som du kan ta med dig \u00f6verallt f\u00f6r ett snabbt tr\u00e4ningspass. Med ett tjockare material i tygstil och ett inre silikongrepp kommer du inte ha problem med att dessa gummiband rullar eller glider upp och ner under ditt tr\u00e4ningspass, oavsett om det \u00e4r p\u00e5 gymmet eller hemma.<\/p>\n<div class=\"\" data-block=\"true\" data-editor=\"ae8t8\" data-offset-key=\"dsf4f-0-0\">\n<div class=\"public-DraftStyleDefault-block public-DraftStyleDefault-ltr\" data-offset-key=\"dsf4f-0-0\"><em>Storlek<\/em><\/div>\n<\/div>\n<div class=\"\" data-block=\"true\" data-editor=\"ae8t8\" data-offset-key=\"6virp-0-0\">\n<div class=\"public-DraftStyleDefault-block public-DraftStyleDefault-ltr\" data-offset-key=\"6virp-0-0\"><span data-offset-key=\"6virp-0-0\">Bredd 8 cm \/ Justerbar fr\u00e5n 15 cm till 43.5 cm<\/span><\/div>\n<\/div>\n<div class=\"\" data-block=\"true\" data-editor=\"ae8t8\" data-offset-key=\"4c4dv-0-0\">\n<div class=\"public-DraftStyleDefault-block public-DraftStyleDefault-ltr\" data-offset-key=\"4c4dv-0-0\"><em>Material<\/em><\/div>\n<\/div>\n<div class=\"\" data-block=\"true\" data-editor=\"ae8t8\" data-offset-key=\"dt4u9-0-0\">\n<div class=\"public-DraftStyleDefault-block public-DraftStyleDefault-ltr\" data-offset-key=\"dt4u9-0-0\"><span data-offset-key=\"dt4u9-0-0\">Polyester. Latex. POM<\/span><\/div>\n<\/div>\n<p><strong><br \/>\nAbilica PilatesBall 20 cm<\/strong><br \/>\nBollen \u00e4r en m\u00e5ngsidig och effektiv rekvisita som du kan bl\u00e5sa upp och t\u00f6mma f\u00f6r luft f\u00f6r att ta med dig \u00f6verallt! Du kan tr\u00e4na en m\u00e4ngd olika muskler som core, inre l\u00e5r och b\u00e4cken. Ingenting st\u00e4rker din core eller tonar dina inre l\u00e5r mer \u00e4n den h\u00e4r bollen.<\/p>\n<div class=\"\" data-block=\"true\" data-editor=\"ae8t8\" data-offset-key=\"5ok36-0-0\">\n<div class=\"public-DraftStyleDefault-block public-DraftStyleDefault-ltr\" data-offset-key=\"5ok36-0-0\"><em>Storlek<\/em><\/div>\n<\/div>\n<div class=\"\" data-block=\"true\" data-editor=\"ae8t8\" data-offset-key=\"3cr8l-0-0\">\n<div class=\"public-DraftStyleDefault-block public-DraftStyleDefault-ltr\" data-offset-key=\"3cr8l-0-0\"><span data-offset-key=\"3cr8l-0-0\">Diameter 20 cm<\/span><\/div>\n<\/div>\n<div class=\"\" data-block=\"true\" data-editor=\"ae8t8\" data-offset-key=\"eo6u1-0-0\">\n<div class=\"public-DraftStyleDefault-block public-DraftStyleDefault-ltr\" data-offset-key=\"eo6u1-0-0\"><em>Material<\/em><\/div>\n<\/div>\n<div class=\"\" data-block=\"true\" data-editor=\"ae8t8\" data-offset-key=\"dftei-0-0\">\n<div class=\"public-DraftStyleDefault-block public-DraftStyleDefault-ltr\" data-offset-key=\"dftei-0-0\"><span data-offset-key=\"dftei-0-0\">PVC<\/span><\/div>\n<\/div>\n<p><strong><br \/>\nAbilica PopSocket<br \/>\n<\/strong>Perfekt f\u00f6r att sms:a med en hand eller som ett bekv\u00e4mt stativ s\u00e5 att du kan titta p\u00e5 tr\u00e4ningsvideor.<\/p>\n<div class=\"\" data-block=\"true\" data-editor=\"ae8t8\" data-offset-key=\"c64a4-0-0\">\n<div class=\"public-DraftStyleDefault-block public-DraftStyleDefault-ltr\" data-offset-key=\"c64a4-0-0\"><em>Storlek<\/em><\/div>\n<\/div>\n<div class=\"\" data-block=\"true\" data-editor=\"ae8t8\" data-offset-key=\"d333c-0-0\">\n<div class=\"public-DraftStyleDefault-block public-DraftStyleDefault-ltr\" data-offset-key=\"d333c-0-0\"><span data-offset-key=\"d333c-0-0\">Diameter 38.8 mm x 7.7 mm \/ H\u00f6jd 24.3 mm (expanderat)<\/span><\/div>\n<\/div>\n<div class=\"\" data-block=\"true\" data-editor=\"ae8t8\" data-offset-key=\"4ktkg-0-0\">\n<div class=\"public-DraftStyleDefault-block public-DraftStyleDefault-ltr\" data-offset-key=\"4ktkg-0-0\"><em>Material<\/em><\/div>\n<\/div>\n<div class=\"\" data-block=\"true\" data-editor=\"ae8t8\" data-offset-key=\"4vg9t-0-0\">\n<div class=\"public-DraftStyleDefault-block public-DraftStyleDefault-ltr\" data-offset-key=\"4vg9t-0-0\"><span data-offset-key=\"4vg9t-0-0\">Polykarbonat.\u00a0TPU. Polyuretan.<\/span><\/div>\n<\/div>\n<p><strong><br \/>\nAbilica WaterBottle Steel<\/strong><br \/>\nDen perfekta dricksflaskan du vill ha med dig \u00f6verallt; under tr\u00e4ning, p\u00e5 jobbet eller i v\u00e4skan. H\u00e5ller drycker varma i upp till 8 timmar, eller kalla i upp till 12 timmar.<\/p>\n<div class=\"\" data-block=\"true\" data-editor=\"ae8t8\" data-offset-key=\"9l4ge-0-0\">\n<div class=\"public-DraftStyleDefault-block public-DraftStyleDefault-ltr\" data-offset-key=\"9l4ge-0-0\"><em>Storlek<\/em><\/div>\n<\/div>\n<div class=\"\" data-block=\"true\" data-editor=\"ae8t8\" data-offset-key=\"2up2s-0-0\">\n<div class=\"public-DraftStyleDefault-block public-DraftStyleDefault-ltr\" data-offset-key=\"2up2s-0-0\"><span data-offset-key=\"2up2s-0-0\">0.5 l \/ H\u00f6jd 26 cm \/ Diameter 7 cm<\/span><\/div>\n<\/div>\n<div class=\"\" data-block=\"true\" data-editor=\"ae8t8\" data-offset-key=\"er5i4-0-0\">\n<div class=\"public-DraftStyleDefault-block public-DraftStyleDefault-ltr\" data-offset-key=\"er5i4-0-0\"><em>Material<\/em><\/div>\n<\/div>\n<div class=\"\" data-block=\"true\" data-editor=\"ae8t8\" data-offset-key=\"7j005-0-0\">\n<div class=\"public-DraftStyleDefault-block public-DraftStyleDefault-ltr\" data-offset-key=\"7j005-0-0\"><span data-offset-key=\"7j005-0-0\">Rostfritt st\u00e5l. Fri f\u00f6r BPA. SUS304 \u2013 Rostfritt st\u00e5l f\u00f6r speciell anv\u00e4ndning<\/span><\/div>\n<\/div>\n<p><strong><br \/>\nAbilica YogaMat Earth ECO<\/strong><br \/>\nVi presenterar din nya partner f\u00f6r yoga! Genomt\u00e4nkt designat f\u00f6r att st\u00f6dja dig i din r\u00f6relse och f\u00f6r att vara h\u00e5llbar. Den \u00e4r designad f\u00f6r ett bekv\u00e4mt yogapass eller andra typer av tr\u00e4ning med en torravvisande toppyta f\u00f6r att f\u00f6rhindra glidning f\u00f6r v\u00e5ra HIIT-r\u00f6relseentusiaster. Den f\u00f6rblir s\u00e4kert p\u00e5 plats \u00e4ven under de mest intensiva tr\u00e4ningspass.<\/p>\n<div class=\"\" data-block=\"true\" data-editor=\"ae8t8\" data-offset-key=\"8vuj1-0-0\">\n<div class=\"public-DraftStyleDefault-block public-DraftStyleDefault-ltr\" data-offset-key=\"8vuj1-0-0\"><em>Storlek<\/em><\/div>\n<\/div>\n<div class=\"\" data-block=\"true\" data-editor=\"ae8t8\" data-offset-key=\"ciq2m-0-0\">\n<div class=\"public-DraftStyleDefault-block public-DraftStyleDefault-ltr\" data-offset-key=\"ciq2m-0-0\"><span data-offset-key=\"ciq2m-0-0\">L\u00e4ngd 175 cm \/ Bredd 61 cm \/ Tjocklek 3 mm<\/span><\/div>\n<\/div>\n<div class=\"\" data-block=\"true\" data-editor=\"ae8t8\" data-offset-key=\"7d95g-0-0\">\n<div class=\"public-DraftStyleDefault-block public-DraftStyleDefault-ltr\" data-offset-key=\"7d95g-0-0\"><em>Material<br \/>\n<\/em>PER<\/div>\n<\/div>\n<div class=\"\" data-block=\"true\" data-editor=\"ae8t8\" data-offset-key=\"17p9h-0-0\">\n<div class=\"public-DraftStyleDefault-block public-DraftStyleDefault-ltr\" data-offset-key=\"17p9h-0-0\">\n<p>&nbsp;<\/p>\n<\/div>\n<\/div>\n<div data-offset-key=\"17p9h-0-0\"><\/div>\n<div data-offset-key=\"17p9h-0-0\"><img loading=\"lazy\" decoding=\"async\" class=\"alignnone wp-image-31067 size-medium\" src=\"https:\/\/abilica.com\/se\/wp-content\/uploads\/2022\/04\/Trefadder_logo_liggende_bold-300x64.png\" alt=\"\" width=\"300\" height=\"64\" srcset=\"https:\/\/abilica.com\/wp-content\/uploads\/2022\/04\/Trefadder_logo_liggende_bold-300x64.png 300w, https:\/\/abilica.com\/wp-content\/uploads\/2022\/04\/Trefadder_logo_liggende_bold-768x163.png 768w, https:\/\/abilica.com\/wp-content\/uploads\/2022\/04\/Trefadder_logo_liggende_bold-500x106.png 500w, https:\/\/abilica.com\/wp-content\/uploads\/2022\/04\/Trefadder_logo_liggende_bold-960x204.png 960w, https:\/\/abilica.com\/wp-content\/uploads\/2022\/04\/Trefadder_logo_liggende_bold.png 1200w\" sizes=\"auto, (max-width: 300px) 100vw, 300px\" \/><\/div>\n<div data-offset-key=\"17p9h-0-0\">En studie fr\u00e5n 2019 i Z\u00fcrich fann att plantering av tr\u00e4d \u00e4r det mest effektiva och viktigaste vapnet vi har mot klimatf\u00f6r\u00e4ndringar.\u00a0F\u00f6r varje s\u00e5lt paket ger vi 20 NOK till Trefadder.<\/div>\n<p>[\/vc_column_text][\/vc_column][\/vc_row]<\/p>\n<\/div>","protected":false},"excerpt":{"rendered":"<p><img loading=\"lazy\" decoding=\"async\" class=\"alignnone wp-image-38205\" src=\"https:\/\/abilica.com\/no\/wp-content\/uploads\/2021\/06\/ECO-hvit.png\" alt=\"\" width=\"75\" height=\"75\" \/><\/p>\n","protected":false},"featured_media":30995,"template":"","meta":{"_acf_changed":false},"product_brand":[],"product_cat":[519],"product_tag":[569],"class_list":{"0":"post-30986","1":"product","2":"type-product","3":"status-publish","4":"has-post-thumbnail","6":"product_cat-the-earth-collection-2","7":"product_tag-earth","9":"first","10":"instock","11":"product-type-simple"},"acf":[],"yoast_head":"<!-- This site is optimized with the Yoast SEO Premium plugin v21.1 (Yoast SEO v25.4) - https:\/\/yoast.com\/wordpress\/plugins\/seo\/ -->\n<title>Abilica The Earth Collection Abilica<\/title>\n<meta name=\"robots\" content=\"index, follow, max-snippet:-1, max-image-preview:large, max-video-preview:-1\" \/>\n<link rel=\"canonical\" href=\"https:\/\/abilica.com\/sv\/the-earth-collection-2\/abilica-the-earth-collection\/\" \/>\n<meta property=\"og:locale\" content=\"sv_SE\" \/>\n<meta property=\"og:type\" content=\"article\" \/>\n<meta property=\"og:title\" content=\"Abilica The Earth Collection\" \/>\n<meta property=\"og:url\" content=\"https:\/\/abilica.com\/sv\/the-earth-collection-2\/abilica-the-earth-collection\/\" \/>\n<meta property=\"og:site_name\" content=\"Abilica\" \/>\n<meta property=\"article:publisher\" content=\"https:\/\/www.facebook.com\/abilicahometraining\/\" \/>\n<meta property=\"article:modified_time\" content=\"2023-11-06T10:01:09+00:00\" \/>\n<meta property=\"og:image\" content=\"https:\/\/abilica.com\/wp-content\/uploads\/2022\/04\/Untitled-1.jpg\" \/>\n\t<meta property=\"og:image:width\" content=\"1200\" \/>\n\t<meta property=\"og:image:height\" content=\"1200\" \/>\n\t<meta property=\"og:image:type\" content=\"image\/jpeg\" \/>\n<meta name=\"twitter:card\" content=\"summary_large_image\" \/>\n<meta name=\"twitter:label1\" content=\"Ber\u00e4knad l\u00e4stid\" \/>\n\t<meta name=\"twitter:data1\" content=\"3 minuter\" \/>\n<script type=\"application\/ld+json\" class=\"yoast-schema-graph\">{\"@context\":\"https:\/\/schema.org\",\"@graph\":[{\"@type\":\"WebPage\",\"@id\":\"https:\/\/abilica.com\/sv\/the-earth-collection-2\/abilica-the-earth-collection\/\",\"url\":\"https:\/\/abilica.com\/sv\/the-earth-collection-2\/abilica-the-earth-collection\/\",\"name\":\"Abilica The Earth Collection Abilica\",\"isPartOf\":{\"@id\":\"https:\/\/abilica.com\/#website\"},\"primaryImageOfPage\":{\"@id\":\"https:\/\/abilica.com\/sv\/the-earth-collection-2\/abilica-the-earth-collection\/#primaryimage\"},\"image\":{\"@id\":\"https:\/\/abilica.com\/sv\/the-earth-collection-2\/abilica-the-earth-collection\/#primaryimage\"},\"thumbnailUrl\":\"https:\/\/abilica.com\/wp-content\/uploads\/2022\/04\/Untitled-1.jpg\",\"datePublished\":\"2022-04-05T10:46:34+00:00\",\"dateModified\":\"2023-11-06T10:01:09+00:00\",\"breadcrumb\":{\"@id\":\"https:\/\/abilica.com\/sv\/the-earth-collection-2\/abilica-the-earth-collection\/#breadcrumb\"},\"inLanguage\":\"sv-SE\",\"potentialAction\":[{\"@type\":\"ReadAction\",\"target\":[\"https:\/\/abilica.com\/sv\/the-earth-collection-2\/abilica-the-earth-collection\/\"]}]},{\"@type\":\"ImageObject\",\"inLanguage\":\"sv-SE\",\"@id\":\"https:\/\/abilica.com\/sv\/the-earth-collection-2\/abilica-the-earth-collection\/#primaryimage\",\"url\":\"https:\/\/abilica.com\/wp-content\/uploads\/2022\/04\/Untitled-1.jpg\",\"contentUrl\":\"https:\/\/abilica.com\/wp-content\/uploads\/2022\/04\/Untitled-1.jpg\",\"width\":1200,\"height\":1200},{\"@type\":\"BreadcrumbList\",\"@id\":\"https:\/\/abilica.com\/sv\/the-earth-collection-2\/abilica-the-earth-collection\/#breadcrumb\",\"itemListElement\":[{\"@type\":\"ListItem\",\"position\":1,\"name\":\"Hem\",\"item\":\"https:\/\/abilica.com\/sv\/\"},{\"@type\":\"ListItem\",\"position\":2,\"name\":\"Produkter\",\"item\":\"https:\/\/abilica.com\/sv\/shop\/\"},{\"@type\":\"ListItem\",\"position\":3,\"name\":\"Abilica The Earth Collection\"}]},{\"@type\":\"WebSite\",\"@id\":\"https:\/\/abilica.com\/#website\",\"url\":\"https:\/\/abilica.com\/\",\"name\":\"Abilica\",\"description\":\"Abilica Home Training\",\"potentialAction\":[{\"@type\":\"SearchAction\",\"target\":{\"@type\":\"EntryPoint\",\"urlTemplate\":\"https:\/\/abilica.com\/?s={search_term_string}\"},\"query-input\":{\"@type\":\"PropertyValueSpecification\",\"valueRequired\":true,\"valueName\":\"search_term_string\"}}],\"inLanguage\":\"sv-SE\"}]}<\/script>\n<!-- \/ Yoast SEO Premium plugin. -->","yoast_head_json":{"title":"Abilica The Earth Collection Abilica","robots":{"index":"index","follow":"follow","max-snippet":"max-snippet:-1","max-image-preview":"max-image-preview:large","max-video-preview":"max-video-preview:-1"},"canonical":"https:\/\/abilica.com\/sv\/the-earth-collection-2\/abilica-the-earth-collection\/","og_locale":"sv_SE","og_type":"article","og_title":"Abilica The Earth Collection","og_url":"https:\/\/abilica.com\/sv\/the-earth-collection-2\/abilica-the-earth-collection\/","og_site_name":"Abilica","article_publisher":"https:\/\/www.facebook.com\/abilicahometraining\/","article_modified_time":"2023-11-06T10:01:09+00:00","og_image":[{"width":1200,"height":1200,"url":"https:\/\/abilica.com\/wp-content\/uploads\/2022\/04\/Untitled-1.jpg","type":"image\/jpeg"}],"twitter_card":"summary_large_image","twitter_misc":{"Ber\u00e4knad l\u00e4stid":"3 minuter"},"schema":{"@context":"https:\/\/schema.org","@graph":[{"@type":"WebPage","@id":"https:\/\/abilica.com\/sv\/the-earth-collection-2\/abilica-the-earth-collection\/","url":"https:\/\/abilica.com\/sv\/the-earth-collection-2\/abilica-the-earth-collection\/","name":"Abilica The Earth Collection Abilica","isPartOf":{"@id":"https:\/\/abilica.com\/#website"},"primaryImageOfPage":{"@id":"https:\/\/abilica.com\/sv\/the-earth-collection-2\/abilica-the-earth-collection\/#primaryimage"},"image":{"@id":"https:\/\/abilica.com\/sv\/the-earth-collection-2\/abilica-the-earth-collection\/#primaryimage"},"thumbnailUrl":"https:\/\/abilica.com\/wp-content\/uploads\/2022\/04\/Untitled-1.jpg","datePublished":"2022-04-05T10:46:34+00:00","dateModified":"2023-11-06T10:01:09+00:00","breadcrumb":{"@id":"https:\/\/abilica.com\/sv\/the-earth-collection-2\/abilica-the-earth-collection\/#breadcrumb"},"inLanguage":"sv-SE","potentialAction":[{"@type":"ReadAction","target":["https:\/\/abilica.com\/sv\/the-earth-collection-2\/abilica-the-earth-collection\/"]}]},{"@type":"ImageObject","inLanguage":"sv-SE","@id":"https:\/\/abilica.com\/sv\/the-earth-collection-2\/abilica-the-earth-collection\/#primaryimage","url":"https:\/\/abilica.com\/wp-content\/uploads\/2022\/04\/Untitled-1.jpg","contentUrl":"https:\/\/abilica.com\/wp-content\/uploads\/2022\/04\/Untitled-1.jpg","width":1200,"height":1200},{"@type":"BreadcrumbList","@id":"https:\/\/abilica.com\/sv\/the-earth-collection-2\/abilica-the-earth-collection\/#breadcrumb","itemListElement":[{"@type":"ListItem","position":1,"name":"Hem","item":"https:\/\/abilica.com\/sv\/"},{"@type":"ListItem","position":2,"name":"Produkter","item":"https:\/\/abilica.com\/sv\/shop\/"},{"@type":"ListItem","position":3,"name":"Abilica The Earth Collection"}]},{"@type":"WebSite","@id":"https:\/\/abilica.com\/#website","url":"https:\/\/abilica.com\/","name":"Abilica","description":"Abilica Home Training","potentialAction":[{"@type":"SearchAction","target":{"@type":"EntryPoint","urlTemplate":"https:\/\/abilica.com\/?s={search_term_string}"},"query-input":{"@type":"PropertyValueSpecification","valueRequired":true,"valueName":"search_term_string"}}],"inLanguage":"sv-SE"}]}},"_links":{"self":[{"href":"https:\/\/abilica.com\/sv\/wp-json\/wp\/v2\/product\/30986","targetHints":{"allow":["GET"]}}],"collection":[{"href":"https:\/\/abilica.com\/sv\/wp-json\/wp\/v2\/product"}],"about":[{"href":"https:\/\/abilica.com\/sv\/wp-json\/wp\/v2\/types\/product"}],"wp:featuredmedia":[{"embeddable":true,"href":"https:\/\/abilica.com\/sv\/wp-json\/wp\/v2\/media\/30995"}],"wp:attachment":[{"href":"https:\/\/abilica.com\/sv\/wp-json\/wp\/v2\/media?parent=30986"}],"wp:term":[{"taxonomy":"product_brand","embeddable":true,"href":"https:\/\/abilica.com\/sv\/wp-json\/wp\/v2\/product_brand?post=30986"},{"taxonomy":"product_cat","embeddable":true,"href":"https:\/\/abilica.com\/sv\/wp-json\/wp\/v2\/product_cat?post=30986"},{"taxonomy":"product_tag","embeddable":true,"href":"https:\/\/abilica.com\/sv\/wp-json\/wp\/v2\/product_tag?post=30986"}],"curies":[{"name":"wp","href":"https:\/\/api.w.org\/{rel}","templated":true}]}}