{"id":31102,"date":"2022-05-19T14:45:24","date_gmt":"2022-05-19T13:45:24","guid":{"rendered":"https:\/\/abilica.com\/se\/?post_type=product&#038;p=31102"},"modified":"2026-01-19T09:55:47","modified_gmt":"2026-01-19T08:55:47","slug":"abilica-floorpads-eco-6-pcs-set","status":"publish","type":"product","link":"https:\/\/abilica.com\/sv\/styrka\/mattor\/abilica-floorpads-eco-6-pcs-set\/","title":{"rendered":"Abilica FloorPads ECO, 6 pcs set"},"content":{"rendered":"<div class=\"wpb-content-wrapper\"><p>[vc_row][vc_column][vc_column_text el_class=&#8221;product-video&#8221;]<img loading=\"lazy\" decoding=\"async\" class=\"alignnone wp-image-30034\" src=\"https:\/\/abilica.com\/se\/wp-content\/uploads\/2021\/06\/ECO-hvit-150x150-1.png\" alt=\"\" width=\"91\" height=\"91\" \/><\/p>\n<p>Abilica FloorPads ECO \u00e4r robusta brickor som skyddar golv, kakel, laminat och andra ytor och minskar ljud och vibrationer fr\u00e5n din tr\u00e4ningsutrustning.<\/p>\n<p>Abilica FloorPads ECO \u00e4r s\u00e4rskilt v\u00e4l l\u00e4mpad f\u00f6r <a href=\"https:\/\/abilica.com\/se\/kondition\/lopband\/\"><strong>l\u00f6pband<\/strong><\/a> d\u00e5 den rektangul\u00e4ra formen t\u00e4cker hjulens r\u00f6relse i samband med justering av lutningen. Givetvis kan de \u00e4ven anv\u00e4ndas p\u00e5 andra tr\u00e4ningsredskap med 6 ben, stora ben eller hjul som \u00e4r i r\u00f6relse. Brickorna har en h\u00f6g densitet vilket ger dem en extra l\u00e5ng h\u00e5llbarhet j\u00e4mf\u00f6rt med andra underlagsmattor. De \u00e4r tillverkade i milj\u00f6v\u00e4nligt EVA-material som \u00e4ven \u00e4r \u00e5tervinningsbart. Brickorna \u00e4r luktfria och vattent\u00e5liga. Setet best\u00e5r av 6 svarta brickor som m\u00e4ter 17 x 10 x 1 cm.<\/p>\n<p><strong>TEKNISK INFORMATION<\/strong><br \/>\n<strong><br \/>\nStorlek<\/strong><br \/>\n17 x 10 x 1 cm (L x B x H)<\/p>\n<p><strong>Material<\/strong><br \/>\nEVA<\/p>\n<p><strong>Antal<\/strong><br \/>\n6 st<\/p>\n<div style=\"width: 640px;\" class=\"wp-video\"><!--[if lt IE 9]><script>document.createElement('video');<\/script><![endif]-->\n<video class=\"wp-video-shortcode\" id=\"video-31102-1\" width=\"640\" height=\"1140\" poster=\"https:\/\/abilica.com\/se\/wp-content\/uploads\/2022\/05\/Screenshot@2x.jpg\" preload=\"metadata\" controls=\"controls\"><source type=\"video\/mp4\" src=\"https:\/\/abilica.com\/se\/wp-content\/uploads\/2022\/05\/Abilica-FloorPads-ECO.mp4?_=1\" \/><a href=\"https:\/\/abilica.com\/se\/wp-content\/uploads\/2022\/05\/Abilica-FloorPads-ECO.mp4\">https:\/\/abilica.com\/se\/wp-content\/uploads\/2022\/05\/Abilica-FloorPads-ECO.mp4<\/a><\/video><\/div>\n<p>[\/vc_column_text][\/vc_column][\/vc_row]<\/p>\n<\/div>","protected":false},"excerpt":{"rendered":"<p>[vc_row][vc_column][vc_column_text el_class=&#8221;product-video&#8221;] Abilica FloorPads ECO \u00e4r robusta brickor som skyddar golv, kakel, laminat och andra&#8230;<\/p>\n","protected":false},"featured_media":31161,"template":"","meta":{"_acf_changed":false},"product_brand":[],"product_cat":[493,471],"product_tag":[76],"class_list":{"0":"post-31102","1":"product","2":"type-product","3":"status-publish","4":"has-post-thumbnail","6":"product_cat-mattor","7":"product_cat-styrka","8":"product_tag-eco-friendly","10":"first","11":"instock","12":"product-type-simple"},"acf":[],"yoast_head":"<!-- This site is optimized with the Yoast SEO Premium plugin v21.1 (Yoast SEO v25.4) - https:\/\/yoast.com\/wordpress\/plugins\/seo\/ -->\n<title>Abilica FloorPads ECO, 6 pcs set Abilica<\/title>\n<meta name=\"robots\" content=\"index, follow, max-snippet:-1, max-image-preview:large, max-video-preview:-1\" \/>\n<link rel=\"canonical\" href=\"https:\/\/abilica.com\/sv\/styrka\/mattor\/abilica-floorpads-eco-6-pcs-set\/\" \/>\n<meta property=\"og:locale\" content=\"sv_SE\" \/>\n<meta property=\"og:type\" content=\"article\" \/>\n<meta property=\"og:title\" content=\"Abilica FloorPads ECO, 6 pcs set\" \/>\n<meta property=\"og:description\" content=\"[vc_row][vc_column][vc_column_text el_class=&#8221;product-video&#8221;] Abilica FloorPads ECO \u00e4r robusta brickor som skyddar golv, kakel, laminat och andra...\" \/>\n<meta property=\"og:url\" content=\"https:\/\/abilica.com\/sv\/styrka\/mattor\/abilica-floorpads-eco-6-pcs-set\/\" \/>\n<meta property=\"og:site_name\" content=\"Abilica\" \/>\n<meta property=\"article:publisher\" content=\"https:\/\/www.facebook.com\/abilicahometraining\/\" \/>\n<meta property=\"article:modified_time\" content=\"2026-01-19T08:55:47+00:00\" \/>\n<meta property=\"og:image\" content=\"https:\/\/abilica.com\/wp-content\/uploads\/2022\/05\/FloorPads_6-psc-set_2.jpg\" \/>\n\t<meta property=\"og:image:width\" content=\"2000\" \/>\n\t<meta property=\"og:image:height\" content=\"2000\" \/>\n\t<meta property=\"og:image:type\" content=\"image\/jpeg\" \/>\n<meta name=\"twitter:card\" content=\"summary_large_image\" \/>\n<meta name=\"twitter:label1\" content=\"Ber\u00e4knad l\u00e4stid\" \/>\n\t<meta name=\"twitter:data1\" content=\"1 minut\" \/>\n<script type=\"application\/ld+json\" class=\"yoast-schema-graph\">{\"@context\":\"https:\/\/schema.org\",\"@graph\":[{\"@type\":\"WebPage\",\"@id\":\"https:\/\/abilica.com\/sv\/styrka\/mattor\/abilica-floorpads-eco-6-pcs-set\/\",\"url\":\"https:\/\/abilica.com\/sv\/styrka\/mattor\/abilica-floorpads-eco-6-pcs-set\/\",\"name\":\"Abilica FloorPads ECO, 6 pcs set Abilica\",\"isPartOf\":{\"@id\":\"https:\/\/abilica.com\/#website\"},\"primaryImageOfPage\":{\"@id\":\"https:\/\/abilica.com\/sv\/styrka\/mattor\/abilica-floorpads-eco-6-pcs-set\/#primaryimage\"},\"image\":{\"@id\":\"https:\/\/abilica.com\/sv\/styrka\/mattor\/abilica-floorpads-eco-6-pcs-set\/#primaryimage\"},\"thumbnailUrl\":\"https:\/\/abilica.com\/wp-content\/uploads\/2022\/05\/FloorPads_6-psc-set_2.jpg\",\"datePublished\":\"2022-05-19T13:45:24+00:00\",\"dateModified\":\"2026-01-19T08:55:47+00:00\",\"breadcrumb\":{\"@id\":\"https:\/\/abilica.com\/sv\/styrka\/mattor\/abilica-floorpads-eco-6-pcs-set\/#breadcrumb\"},\"inLanguage\":\"sv-SE\",\"potentialAction\":[{\"@type\":\"ReadAction\",\"target\":[\"https:\/\/abilica.com\/sv\/styrka\/mattor\/abilica-floorpads-eco-6-pcs-set\/\"]}]},{\"@type\":\"ImageObject\",\"inLanguage\":\"sv-SE\",\"@id\":\"https:\/\/abilica.com\/sv\/styrka\/mattor\/abilica-floorpads-eco-6-pcs-set\/#primaryimage\",\"url\":\"https:\/\/abilica.com\/wp-content\/uploads\/2022\/05\/FloorPads_6-psc-set_2.jpg\",\"contentUrl\":\"https:\/\/abilica.com\/wp-content\/uploads\/2022\/05\/FloorPads_6-psc-set_2.jpg\",\"width\":2000,\"height\":2000},{\"@type\":\"BreadcrumbList\",\"@id\":\"https:\/\/abilica.com\/sv\/styrka\/mattor\/abilica-floorpads-eco-6-pcs-set\/#breadcrumb\",\"itemListElement\":[{\"@type\":\"ListItem\",\"position\":1,\"name\":\"Hem\",\"item\":\"https:\/\/abilica.com\/sv\/\"},{\"@type\":\"ListItem\",\"position\":2,\"name\":\"Produkter\",\"item\":\"https:\/\/abilica.com\/sv\/shop\/\"},{\"@type\":\"ListItem\",\"position\":3,\"name\":\"Abilica FloorPads ECO, 6 pcs set\"}]},{\"@type\":\"WebSite\",\"@id\":\"https:\/\/abilica.com\/#website\",\"url\":\"https:\/\/abilica.com\/\",\"name\":\"Abilica\",\"description\":\"Abilica Home Training\",\"potentialAction\":[{\"@type\":\"SearchAction\",\"target\":{\"@type\":\"EntryPoint\",\"urlTemplate\":\"https:\/\/abilica.com\/?s={search_term_string}\"},\"query-input\":{\"@type\":\"PropertyValueSpecification\",\"valueRequired\":true,\"valueName\":\"search_term_string\"}}],\"inLanguage\":\"sv-SE\"}]}<\/script>\n<!-- \/ Yoast SEO Premium plugin. -->","yoast_head_json":{"title":"Abilica FloorPads ECO, 6 pcs set Abilica","robots":{"index":"index","follow":"follow","max-snippet":"max-snippet:-1","max-image-preview":"max-image-preview:large","max-video-preview":"max-video-preview:-1"},"canonical":"https:\/\/abilica.com\/sv\/styrka\/mattor\/abilica-floorpads-eco-6-pcs-set\/","og_locale":"sv_SE","og_type":"article","og_title":"Abilica FloorPads ECO, 6 pcs set","og_description":"[vc_row][vc_column][vc_column_text el_class=&#8221;product-video&#8221;] Abilica FloorPads ECO \u00e4r robusta brickor som skyddar golv, kakel, laminat och andra...","og_url":"https:\/\/abilica.com\/sv\/styrka\/mattor\/abilica-floorpads-eco-6-pcs-set\/","og_site_name":"Abilica","article_publisher":"https:\/\/www.facebook.com\/abilicahometraining\/","article_modified_time":"2026-01-19T08:55:47+00:00","og_image":[{"width":2000,"height":2000,"url":"https:\/\/abilica.com\/wp-content\/uploads\/2022\/05\/FloorPads_6-psc-set_2.jpg","type":"image\/jpeg"}],"twitter_card":"summary_large_image","twitter_misc":{"Ber\u00e4knad l\u00e4stid":"1 minut"},"schema":{"@context":"https:\/\/schema.org","@graph":[{"@type":"WebPage","@id":"https:\/\/abilica.com\/sv\/styrka\/mattor\/abilica-floorpads-eco-6-pcs-set\/","url":"https:\/\/abilica.com\/sv\/styrka\/mattor\/abilica-floorpads-eco-6-pcs-set\/","name":"Abilica FloorPads ECO, 6 pcs set Abilica","isPartOf":{"@id":"https:\/\/abilica.com\/#website"},"primaryImageOfPage":{"@id":"https:\/\/abilica.com\/sv\/styrka\/mattor\/abilica-floorpads-eco-6-pcs-set\/#primaryimage"},"image":{"@id":"https:\/\/abilica.com\/sv\/styrka\/mattor\/abilica-floorpads-eco-6-pcs-set\/#primaryimage"},"thumbnailUrl":"https:\/\/abilica.com\/wp-content\/uploads\/2022\/05\/FloorPads_6-psc-set_2.jpg","datePublished":"2022-05-19T13:45:24+00:00","dateModified":"2026-01-19T08:55:47+00:00","breadcrumb":{"@id":"https:\/\/abilica.com\/sv\/styrka\/mattor\/abilica-floorpads-eco-6-pcs-set\/#breadcrumb"},"inLanguage":"sv-SE","potentialAction":[{"@type":"ReadAction","target":["https:\/\/abilica.com\/sv\/styrka\/mattor\/abilica-floorpads-eco-6-pcs-set\/"]}]},{"@type":"ImageObject","inLanguage":"sv-SE","@id":"https:\/\/abilica.com\/sv\/styrka\/mattor\/abilica-floorpads-eco-6-pcs-set\/#primaryimage","url":"https:\/\/abilica.com\/wp-content\/uploads\/2022\/05\/FloorPads_6-psc-set_2.jpg","contentUrl":"https:\/\/abilica.com\/wp-content\/uploads\/2022\/05\/FloorPads_6-psc-set_2.jpg","width":2000,"height":2000},{"@type":"BreadcrumbList","@id":"https:\/\/abilica.com\/sv\/styrka\/mattor\/abilica-floorpads-eco-6-pcs-set\/#breadcrumb","itemListElement":[{"@type":"ListItem","position":1,"name":"Hem","item":"https:\/\/abilica.com\/sv\/"},{"@type":"ListItem","position":2,"name":"Produkter","item":"https:\/\/abilica.com\/sv\/shop\/"},{"@type":"ListItem","position":3,"name":"Abilica FloorPads ECO, 6 pcs set"}]},{"@type":"WebSite","@id":"https:\/\/abilica.com\/#website","url":"https:\/\/abilica.com\/","name":"Abilica","description":"Abilica Home Training","potentialAction":[{"@type":"SearchAction","target":{"@type":"EntryPoint","urlTemplate":"https:\/\/abilica.com\/?s={search_term_string}"},"query-input":{"@type":"PropertyValueSpecification","valueRequired":true,"valueName":"search_term_string"}}],"inLanguage":"sv-SE"}]}},"_links":{"self":[{"href":"https:\/\/abilica.com\/sv\/wp-json\/wp\/v2\/product\/31102","targetHints":{"allow":["GET"]}}],"collection":[{"href":"https:\/\/abilica.com\/sv\/wp-json\/wp\/v2\/product"}],"about":[{"href":"https:\/\/abilica.com\/sv\/wp-json\/wp\/v2\/types\/product"}],"wp:featuredmedia":[{"embeddable":true,"href":"https:\/\/abilica.com\/sv\/wp-json\/wp\/v2\/media\/31161"}],"wp:attachment":[{"href":"https:\/\/abilica.com\/sv\/wp-json\/wp\/v2\/media?parent=31102"}],"wp:term":[{"taxonomy":"product_brand","embeddable":true,"href":"https:\/\/abilica.com\/sv\/wp-json\/wp\/v2\/product_brand?post=31102"},{"taxonomy":"product_cat","embeddable":true,"href":"https:\/\/abilica.com\/sv\/wp-json\/wp\/v2\/product_cat?post=31102"},{"taxonomy":"product_tag","embeddable":true,"href":"https:\/\/abilica.com\/sv\/wp-json\/wp\/v2\/product_tag?post=31102"}],"curies":[{"name":"wp","href":"https:\/\/api.w.org\/{rel}","templated":true}]}}