{"id":31230,"date":"2022-08-23T14:46:42","date_gmt":"2022-08-23T13:46:42","guid":{"rendered":"https:\/\/abilica.com\/se\/?post_type=product&#038;p=31230"},"modified":"2023-10-16T20:37:38","modified_gmt":"2023-10-16T19:37:38","slug":"abilica-weightbar-44-cm-50-mm","status":"publish","type":"product","link":"https:\/\/abilica.com\/sv\/styrka\/skivor-och-stanger\/abilica-weightbar-44-cm-50-mm\/","title":{"rendered":"Abilica WeightBar 44 cm 50 mm"},"content":{"rendered":"<div class=\"center-text\" data-block=\"true\" data-editor=\"bcmmp\" data-offset-key=\"er9re-0-0\">\n<div class=\"public-DraftStyleDefault-block public-DraftStyleDefault-ltr\" data-offset-key=\"er9re-0-0\">\n<p>Abilica WeightBar 44 cm 50 mm \u00e4r en viktst\u00e5ng f\u00f6r enarms\u00f6vningar. Skivst\u00e5ngen \u00e4r ett m\u00e5ste f\u00f6r dig som redan har <a href=\"https:\/\/abilica.com\/se\/styrka\/skivor-och-stanger\/abilica-olympic-weightplate\/\"><strong>50 mm viktskivor<\/strong><\/a>. Viktst\u00e5ngen \u00e4r f\u00f6rsedd med bronsliner och n\u00e5llager f\u00f6r bra rotation i \u00e4ndstyckena och med r\u00e4ffling f\u00f6r bra grepp. Med en greppbredd p\u00e5 13 cm och en omkrets p\u00e5 28 mm kommer denna skivst\u00e5ng att passa de allra flesta m\u00e4nniskor. Vi rekommenderar <a href=\"https:\/\/abilica.com\/se\/styrka\/skivor-och-stanger\/abilica-olympic-weightplate\/\"><strong>Abilica Olympic WeightPlate 50 mm viktskivor<\/strong><\/a> och <a href=\"https:\/\/abilica.com\/se\/styrka\/skivor-och-stanger\/jawclamp-50mm\/\"><strong>Abilica JawClamp<\/strong><\/a> tillsammans med skivst\u00e5ngen.<\/p>\n<p><strong>TEKNISK INFORMATION<\/strong><\/p>\n<p><strong>Storlek<\/strong><br \/>\n13 cm (greppbredd)<br \/>\n28 mm (skaft)<br \/>\n14 cm (\u00e4ndstycke)<\/p>\n<p><strong>Material<\/strong><br \/>\nBronsfoder och n\u00e5llager<\/p>\n<p><strong>Vikt<\/strong><br \/>\n4,8 kg (vikt)<br \/>\n75 kg (viktkapacitet)<\/p>\n<\/div>\n<\/div>\n","protected":false},"excerpt":{"rendered":"<p>Abilica WeightBar 44 cm 50 mm \u00e4r en viktst\u00e5ng f\u00f6r enarms\u00f6vningar. Skivst\u00e5ngen \u00e4r ett m\u00e5ste&#8230;<\/p>\n","protected":false},"featured_media":31228,"template":"","meta":{"_acf_changed":false},"product_brand":[],"product_cat":[474,471],"product_tag":[49],"class_list":{"0":"post-31230","1":"product","2":"type-product","3":"status-publish","4":"has-post-thumbnail","6":"product_cat-skivor-och-stanger","7":"product_cat-styrka","8":"product_tag-premium","10":"first","11":"instock","12":"product-type-simple"},"acf":[],"yoast_head":"<!-- This site is optimized with the Yoast SEO Premium plugin v21.1 (Yoast SEO v25.4) - https:\/\/yoast.com\/wordpress\/plugins\/seo\/ -->\n<title>Abilica WeightBar 44 cm 50 mm Abilica<\/title>\n<meta name=\"robots\" content=\"index, follow, max-snippet:-1, max-image-preview:large, max-video-preview:-1\" \/>\n<link rel=\"canonical\" href=\"https:\/\/abilica.com\/sv\/styrka\/skivor-och-stanger\/abilica-weightbar-44-cm-50-mm\/\" \/>\n<meta property=\"og:locale\" content=\"sv_SE\" \/>\n<meta property=\"og:type\" content=\"article\" \/>\n<meta property=\"og:title\" content=\"Abilica WeightBar 44 cm 50 mm\" \/>\n<meta property=\"og:description\" content=\"Abilica WeightBar 44 cm 50 mm \u00e4r en viktst\u00e5ng f\u00f6r enarms\u00f6vningar. Skivst\u00e5ngen \u00e4r ett m\u00e5ste...\" \/>\n<meta property=\"og:url\" content=\"https:\/\/abilica.com\/sv\/styrka\/skivor-och-stanger\/abilica-weightbar-44-cm-50-mm\/\" \/>\n<meta property=\"og:site_name\" content=\"Abilica\" \/>\n<meta property=\"article:publisher\" content=\"https:\/\/www.facebook.com\/abilicahometraining\/\" \/>\n<meta property=\"article:modified_time\" content=\"2023-10-16T19:37:38+00:00\" \/>\n<meta property=\"og:image\" content=\"https:\/\/abilica.com\/wp-content\/uploads\/2022\/08\/3.jpg\" \/>\n\t<meta property=\"og:image:width\" content=\"1200\" \/>\n\t<meta property=\"og:image:height\" content=\"1200\" \/>\n\t<meta property=\"og:image:type\" content=\"image\/jpeg\" \/>\n<meta name=\"twitter:card\" content=\"summary_large_image\" \/>\n<meta name=\"twitter:label1\" content=\"Ber\u00e4knad l\u00e4stid\" \/>\n\t<meta name=\"twitter:data1\" content=\"1 minut\" \/>\n<script type=\"application\/ld+json\" class=\"yoast-schema-graph\">{\"@context\":\"https:\/\/schema.org\",\"@graph\":[{\"@type\":\"WebPage\",\"@id\":\"https:\/\/abilica.com\/sv\/styrka\/skivor-och-stanger\/abilica-weightbar-44-cm-50-mm\/\",\"url\":\"https:\/\/abilica.com\/sv\/styrka\/skivor-och-stanger\/abilica-weightbar-44-cm-50-mm\/\",\"name\":\"Abilica WeightBar 44 cm 50 mm Abilica\",\"isPartOf\":{\"@id\":\"https:\/\/abilica.com\/#website\"},\"primaryImageOfPage\":{\"@id\":\"https:\/\/abilica.com\/sv\/styrka\/skivor-och-stanger\/abilica-weightbar-44-cm-50-mm\/#primaryimage\"},\"image\":{\"@id\":\"https:\/\/abilica.com\/sv\/styrka\/skivor-och-stanger\/abilica-weightbar-44-cm-50-mm\/#primaryimage\"},\"thumbnailUrl\":\"https:\/\/abilica.com\/wp-content\/uploads\/2022\/08\/3.jpg\",\"datePublished\":\"2022-08-23T13:46:42+00:00\",\"dateModified\":\"2023-10-16T19:37:38+00:00\",\"breadcrumb\":{\"@id\":\"https:\/\/abilica.com\/sv\/styrka\/skivor-och-stanger\/abilica-weightbar-44-cm-50-mm\/#breadcrumb\"},\"inLanguage\":\"sv-SE\",\"potentialAction\":[{\"@type\":\"ReadAction\",\"target\":[\"https:\/\/abilica.com\/sv\/styrka\/skivor-och-stanger\/abilica-weightbar-44-cm-50-mm\/\"]}]},{\"@type\":\"ImageObject\",\"inLanguage\":\"sv-SE\",\"@id\":\"https:\/\/abilica.com\/sv\/styrka\/skivor-och-stanger\/abilica-weightbar-44-cm-50-mm\/#primaryimage\",\"url\":\"https:\/\/abilica.com\/wp-content\/uploads\/2022\/08\/3.jpg\",\"contentUrl\":\"https:\/\/abilica.com\/wp-content\/uploads\/2022\/08\/3.jpg\",\"width\":1200,\"height\":1200},{\"@type\":\"BreadcrumbList\",\"@id\":\"https:\/\/abilica.com\/sv\/styrka\/skivor-och-stanger\/abilica-weightbar-44-cm-50-mm\/#breadcrumb\",\"itemListElement\":[{\"@type\":\"ListItem\",\"position\":1,\"name\":\"Hem\",\"item\":\"https:\/\/abilica.com\/sv\/\"},{\"@type\":\"ListItem\",\"position\":2,\"name\":\"Produkter\",\"item\":\"https:\/\/abilica.com\/sv\/shop\/\"},{\"@type\":\"ListItem\",\"position\":3,\"name\":\"Abilica WeightBar 44 cm 50 mm\"}]},{\"@type\":\"WebSite\",\"@id\":\"https:\/\/abilica.com\/#website\",\"url\":\"https:\/\/abilica.com\/\",\"name\":\"Abilica\",\"description\":\"Abilica Home Training\",\"potentialAction\":[{\"@type\":\"SearchAction\",\"target\":{\"@type\":\"EntryPoint\",\"urlTemplate\":\"https:\/\/abilica.com\/?s={search_term_string}\"},\"query-input\":{\"@type\":\"PropertyValueSpecification\",\"valueRequired\":true,\"valueName\":\"search_term_string\"}}],\"inLanguage\":\"sv-SE\"}]}<\/script>\n<!-- \/ Yoast SEO Premium plugin. -->","yoast_head_json":{"title":"Abilica WeightBar 44 cm 50 mm Abilica","robots":{"index":"index","follow":"follow","max-snippet":"max-snippet:-1","max-image-preview":"max-image-preview:large","max-video-preview":"max-video-preview:-1"},"canonical":"https:\/\/abilica.com\/sv\/styrka\/skivor-och-stanger\/abilica-weightbar-44-cm-50-mm\/","og_locale":"sv_SE","og_type":"article","og_title":"Abilica WeightBar 44 cm 50 mm","og_description":"Abilica WeightBar 44 cm 50 mm \u00e4r en viktst\u00e5ng f\u00f6r enarms\u00f6vningar. Skivst\u00e5ngen \u00e4r ett m\u00e5ste...","og_url":"https:\/\/abilica.com\/sv\/styrka\/skivor-och-stanger\/abilica-weightbar-44-cm-50-mm\/","og_site_name":"Abilica","article_publisher":"https:\/\/www.facebook.com\/abilicahometraining\/","article_modified_time":"2023-10-16T19:37:38+00:00","og_image":[{"width":1200,"height":1200,"url":"https:\/\/abilica.com\/wp-content\/uploads\/2022\/08\/3.jpg","type":"image\/jpeg"}],"twitter_card":"summary_large_image","twitter_misc":{"Ber\u00e4knad l\u00e4stid":"1 minut"},"schema":{"@context":"https:\/\/schema.org","@graph":[{"@type":"WebPage","@id":"https:\/\/abilica.com\/sv\/styrka\/skivor-och-stanger\/abilica-weightbar-44-cm-50-mm\/","url":"https:\/\/abilica.com\/sv\/styrka\/skivor-och-stanger\/abilica-weightbar-44-cm-50-mm\/","name":"Abilica WeightBar 44 cm 50 mm Abilica","isPartOf":{"@id":"https:\/\/abilica.com\/#website"},"primaryImageOfPage":{"@id":"https:\/\/abilica.com\/sv\/styrka\/skivor-och-stanger\/abilica-weightbar-44-cm-50-mm\/#primaryimage"},"image":{"@id":"https:\/\/abilica.com\/sv\/styrka\/skivor-och-stanger\/abilica-weightbar-44-cm-50-mm\/#primaryimage"},"thumbnailUrl":"https:\/\/abilica.com\/wp-content\/uploads\/2022\/08\/3.jpg","datePublished":"2022-08-23T13:46:42+00:00","dateModified":"2023-10-16T19:37:38+00:00","breadcrumb":{"@id":"https:\/\/abilica.com\/sv\/styrka\/skivor-och-stanger\/abilica-weightbar-44-cm-50-mm\/#breadcrumb"},"inLanguage":"sv-SE","potentialAction":[{"@type":"ReadAction","target":["https:\/\/abilica.com\/sv\/styrka\/skivor-och-stanger\/abilica-weightbar-44-cm-50-mm\/"]}]},{"@type":"ImageObject","inLanguage":"sv-SE","@id":"https:\/\/abilica.com\/sv\/styrka\/skivor-och-stanger\/abilica-weightbar-44-cm-50-mm\/#primaryimage","url":"https:\/\/abilica.com\/wp-content\/uploads\/2022\/08\/3.jpg","contentUrl":"https:\/\/abilica.com\/wp-content\/uploads\/2022\/08\/3.jpg","width":1200,"height":1200},{"@type":"BreadcrumbList","@id":"https:\/\/abilica.com\/sv\/styrka\/skivor-och-stanger\/abilica-weightbar-44-cm-50-mm\/#breadcrumb","itemListElement":[{"@type":"ListItem","position":1,"name":"Hem","item":"https:\/\/abilica.com\/sv\/"},{"@type":"ListItem","position":2,"name":"Produkter","item":"https:\/\/abilica.com\/sv\/shop\/"},{"@type":"ListItem","position":3,"name":"Abilica WeightBar 44 cm 50 mm"}]},{"@type":"WebSite","@id":"https:\/\/abilica.com\/#website","url":"https:\/\/abilica.com\/","name":"Abilica","description":"Abilica Home Training","potentialAction":[{"@type":"SearchAction","target":{"@type":"EntryPoint","urlTemplate":"https:\/\/abilica.com\/?s={search_term_string}"},"query-input":{"@type":"PropertyValueSpecification","valueRequired":true,"valueName":"search_term_string"}}],"inLanguage":"sv-SE"}]}},"_links":{"self":[{"href":"https:\/\/abilica.com\/sv\/wp-json\/wp\/v2\/product\/31230","targetHints":{"allow":["GET"]}}],"collection":[{"href":"https:\/\/abilica.com\/sv\/wp-json\/wp\/v2\/product"}],"about":[{"href":"https:\/\/abilica.com\/sv\/wp-json\/wp\/v2\/types\/product"}],"wp:featuredmedia":[{"embeddable":true,"href":"https:\/\/abilica.com\/sv\/wp-json\/wp\/v2\/media\/31228"}],"wp:attachment":[{"href":"https:\/\/abilica.com\/sv\/wp-json\/wp\/v2\/media?parent=31230"}],"wp:term":[{"taxonomy":"product_brand","embeddable":true,"href":"https:\/\/abilica.com\/sv\/wp-json\/wp\/v2\/product_brand?post=31230"},{"taxonomy":"product_cat","embeddable":true,"href":"https:\/\/abilica.com\/sv\/wp-json\/wp\/v2\/product_cat?post=31230"},{"taxonomy":"product_tag","embeddable":true,"href":"https:\/\/abilica.com\/sv\/wp-json\/wp\/v2\/product_tag?post=31230"}],"curies":[{"name":"wp","href":"https:\/\/api.w.org\/{rel}","templated":true}]}}