{"id":31310,"date":"2022-11-22T10:45:28","date_gmt":"2022-11-22T09:45:28","guid":{"rendered":"https:\/\/abilica.com\/se\/?post_type=product&#038;p=31310"},"modified":"2024-06-27T12:22:32","modified_gmt":"2024-06-27T11:22:32","slug":"abilica-jhooks-8005","status":"publish","type":"product","link":"https:\/\/abilica.com\/sv\/styrka\/cage-rack-2\/abilica-jhooks-8005\/","title":{"rendered":"Abilica JHooks 8005"},"content":{"rendered":"<p>Abilica Jhooks \u00e4r skivst\u00e5ngsh\u00e5llare f\u00f6r <a href=\"https:\/\/abilica.com\/se\/styrka\/abilica-powerrack-8005-2\/\"><strong>A<\/strong><strong>bilica PowerRack 8005<\/strong><\/a>. Detta \u00e4r till\u00e4ggsutrustning till stativet som g\u00f6r att skivst\u00e5ngen har minsta m\u00f6jliga r\u00f6relse under anv\u00e4ndning. S\u00e4ljs som ett par. Skivst\u00e5ngsh\u00e5llare med gummi f\u00f6r att skydda skivst\u00e5ngen och minska ljud. Extra skivst\u00e5ngh\u00e5llare g\u00f6r det enkelt att v\u00e4xla mellan \u00f6vningarna utan att beh\u00f6va flytta p\u00e5 h\u00e5llarna. Ex. f\u00f6rinst\u00e4lld h\u00f6jd f\u00f6r b\u00e4nkpress och f\u00f6rinst\u00e4lld h\u00f6jd f\u00f6r kn\u00e4b\u00f6j.<\/p>\n<p><strong>TEKNISK INFORMATION<\/strong><\/p>\n<p><strong>Storlek<\/strong><br \/>\n2,54 cm (h\u00e5ldiameter) 8 x 6 cm (ramstorlek)<\/p>\n<p><strong>Material<\/strong><br \/>\nSt\u00e5l och skivst\u00e5ngsskydd i gummi<\/p>\n<p><strong>Vikt<\/strong><br \/>\n3 kg (vikt)<br \/>\n300 kg (viktkapacitet per h\u00e5llare)<\/p>\n<p><strong>Antal<\/strong><br \/>\n2 st<\/p>\n","protected":false},"excerpt":{"rendered":"<p>Abilica Jhooks \u00e4r skivst\u00e5ngsh\u00e5llare f\u00f6r Abilica PowerRack 8005. Detta \u00e4r till\u00e4ggsutrustning till stativet som g\u00f6r&#8230;<\/p>\n","protected":false},"featured_media":31361,"template":"","meta":{"_acf_changed":false},"product_brand":[],"product_cat":[513,471],"product_tag":[49],"class_list":{"0":"post-31310","1":"product","2":"type-product","3":"status-publish","4":"has-post-thumbnail","6":"product_cat-cage-rack-2","7":"product_cat-styrka","8":"product_tag-premium","10":"first","11":"instock","12":"product-type-simple"},"acf":[],"yoast_head":"<!-- This site is optimized with the Yoast SEO Premium plugin v21.1 (Yoast SEO v25.4) - https:\/\/yoast.com\/wordpress\/plugins\/seo\/ -->\n<title>Abilica JHooks 8005 Abilica<\/title>\n<meta name=\"robots\" content=\"index, follow, max-snippet:-1, max-image-preview:large, max-video-preview:-1\" \/>\n<link rel=\"canonical\" href=\"https:\/\/abilica.com\/sv\/styrka\/cage-rack-2\/abilica-jhooks-8005\/\" \/>\n<meta property=\"og:locale\" content=\"sv_SE\" \/>\n<meta property=\"og:type\" content=\"article\" \/>\n<meta property=\"og:title\" content=\"Abilica JHooks 8005\" \/>\n<meta property=\"og:description\" content=\"Abilica Jhooks \u00e4r skivst\u00e5ngsh\u00e5llare f\u00f6r Abilica PowerRack 8005. Detta \u00e4r till\u00e4ggsutrustning till stativet som g\u00f6r...\" \/>\n<meta property=\"og:url\" content=\"https:\/\/abilica.com\/sv\/styrka\/cage-rack-2\/abilica-jhooks-8005\/\" \/>\n<meta property=\"og:site_name\" content=\"Abilica\" \/>\n<meta property=\"article:publisher\" content=\"https:\/\/www.facebook.com\/abilicahometraining\/\" \/>\n<meta property=\"article:modified_time\" content=\"2024-06-27T11:22:32+00:00\" \/>\n<meta property=\"og:image\" content=\"https:\/\/abilica.com\/wp-content\/uploads\/2022\/11\/373981.jpg\" \/>\n\t<meta property=\"og:image:width\" content=\"2000\" \/>\n\t<meta property=\"og:image:height\" content=\"2000\" \/>\n\t<meta property=\"og:image:type\" content=\"image\/jpeg\" \/>\n<meta name=\"twitter:card\" content=\"summary_large_image\" \/>\n<meta name=\"twitter:label1\" content=\"Ber\u00e4knad l\u00e4stid\" \/>\n\t<meta name=\"twitter:data1\" content=\"1 minut\" \/>\n<script type=\"application\/ld+json\" class=\"yoast-schema-graph\">{\"@context\":\"https:\/\/schema.org\",\"@graph\":[{\"@type\":\"WebPage\",\"@id\":\"https:\/\/abilica.com\/sv\/styrka\/cage-rack-2\/abilica-jhooks-8005\/\",\"url\":\"https:\/\/abilica.com\/sv\/styrka\/cage-rack-2\/abilica-jhooks-8005\/\",\"name\":\"Abilica JHooks 8005 Abilica\",\"isPartOf\":{\"@id\":\"https:\/\/abilica.com\/#website\"},\"primaryImageOfPage\":{\"@id\":\"https:\/\/abilica.com\/sv\/styrka\/cage-rack-2\/abilica-jhooks-8005\/#primaryimage\"},\"image\":{\"@id\":\"https:\/\/abilica.com\/sv\/styrka\/cage-rack-2\/abilica-jhooks-8005\/#primaryimage\"},\"thumbnailUrl\":\"https:\/\/abilica.com\/wp-content\/uploads\/2022\/11\/373981.jpg\",\"datePublished\":\"2022-11-22T09:45:28+00:00\",\"dateModified\":\"2024-06-27T11:22:32+00:00\",\"breadcrumb\":{\"@id\":\"https:\/\/abilica.com\/sv\/styrka\/cage-rack-2\/abilica-jhooks-8005\/#breadcrumb\"},\"inLanguage\":\"sv-SE\",\"potentialAction\":[{\"@type\":\"ReadAction\",\"target\":[\"https:\/\/abilica.com\/sv\/styrka\/cage-rack-2\/abilica-jhooks-8005\/\"]}]},{\"@type\":\"ImageObject\",\"inLanguage\":\"sv-SE\",\"@id\":\"https:\/\/abilica.com\/sv\/styrka\/cage-rack-2\/abilica-jhooks-8005\/#primaryimage\",\"url\":\"https:\/\/abilica.com\/wp-content\/uploads\/2022\/11\/373981.jpg\",\"contentUrl\":\"https:\/\/abilica.com\/wp-content\/uploads\/2022\/11\/373981.jpg\",\"width\":2000,\"height\":2000},{\"@type\":\"BreadcrumbList\",\"@id\":\"https:\/\/abilica.com\/sv\/styrka\/cage-rack-2\/abilica-jhooks-8005\/#breadcrumb\",\"itemListElement\":[{\"@type\":\"ListItem\",\"position\":1,\"name\":\"Hem\",\"item\":\"https:\/\/abilica.com\/sv\/\"},{\"@type\":\"ListItem\",\"position\":2,\"name\":\"Produkter\",\"item\":\"https:\/\/abilica.com\/sv\/shop\/\"},{\"@type\":\"ListItem\",\"position\":3,\"name\":\"Abilica JHooks 8005\"}]},{\"@type\":\"WebSite\",\"@id\":\"https:\/\/abilica.com\/#website\",\"url\":\"https:\/\/abilica.com\/\",\"name\":\"Abilica\",\"description\":\"Abilica Home Training\",\"potentialAction\":[{\"@type\":\"SearchAction\",\"target\":{\"@type\":\"EntryPoint\",\"urlTemplate\":\"https:\/\/abilica.com\/?s={search_term_string}\"},\"query-input\":{\"@type\":\"PropertyValueSpecification\",\"valueRequired\":true,\"valueName\":\"search_term_string\"}}],\"inLanguage\":\"sv-SE\"}]}<\/script>\n<!-- \/ Yoast SEO Premium plugin. -->","yoast_head_json":{"title":"Abilica JHooks 8005 Abilica","robots":{"index":"index","follow":"follow","max-snippet":"max-snippet:-1","max-image-preview":"max-image-preview:large","max-video-preview":"max-video-preview:-1"},"canonical":"https:\/\/abilica.com\/sv\/styrka\/cage-rack-2\/abilica-jhooks-8005\/","og_locale":"sv_SE","og_type":"article","og_title":"Abilica JHooks 8005","og_description":"Abilica Jhooks \u00e4r skivst\u00e5ngsh\u00e5llare f\u00f6r Abilica PowerRack 8005. Detta \u00e4r till\u00e4ggsutrustning till stativet som g\u00f6r...","og_url":"https:\/\/abilica.com\/sv\/styrka\/cage-rack-2\/abilica-jhooks-8005\/","og_site_name":"Abilica","article_publisher":"https:\/\/www.facebook.com\/abilicahometraining\/","article_modified_time":"2024-06-27T11:22:32+00:00","og_image":[{"width":2000,"height":2000,"url":"https:\/\/abilica.com\/wp-content\/uploads\/2022\/11\/373981.jpg","type":"image\/jpeg"}],"twitter_card":"summary_large_image","twitter_misc":{"Ber\u00e4knad l\u00e4stid":"1 minut"},"schema":{"@context":"https:\/\/schema.org","@graph":[{"@type":"WebPage","@id":"https:\/\/abilica.com\/sv\/styrka\/cage-rack-2\/abilica-jhooks-8005\/","url":"https:\/\/abilica.com\/sv\/styrka\/cage-rack-2\/abilica-jhooks-8005\/","name":"Abilica JHooks 8005 Abilica","isPartOf":{"@id":"https:\/\/abilica.com\/#website"},"primaryImageOfPage":{"@id":"https:\/\/abilica.com\/sv\/styrka\/cage-rack-2\/abilica-jhooks-8005\/#primaryimage"},"image":{"@id":"https:\/\/abilica.com\/sv\/styrka\/cage-rack-2\/abilica-jhooks-8005\/#primaryimage"},"thumbnailUrl":"https:\/\/abilica.com\/wp-content\/uploads\/2022\/11\/373981.jpg","datePublished":"2022-11-22T09:45:28+00:00","dateModified":"2024-06-27T11:22:32+00:00","breadcrumb":{"@id":"https:\/\/abilica.com\/sv\/styrka\/cage-rack-2\/abilica-jhooks-8005\/#breadcrumb"},"inLanguage":"sv-SE","potentialAction":[{"@type":"ReadAction","target":["https:\/\/abilica.com\/sv\/styrka\/cage-rack-2\/abilica-jhooks-8005\/"]}]},{"@type":"ImageObject","inLanguage":"sv-SE","@id":"https:\/\/abilica.com\/sv\/styrka\/cage-rack-2\/abilica-jhooks-8005\/#primaryimage","url":"https:\/\/abilica.com\/wp-content\/uploads\/2022\/11\/373981.jpg","contentUrl":"https:\/\/abilica.com\/wp-content\/uploads\/2022\/11\/373981.jpg","width":2000,"height":2000},{"@type":"BreadcrumbList","@id":"https:\/\/abilica.com\/sv\/styrka\/cage-rack-2\/abilica-jhooks-8005\/#breadcrumb","itemListElement":[{"@type":"ListItem","position":1,"name":"Hem","item":"https:\/\/abilica.com\/sv\/"},{"@type":"ListItem","position":2,"name":"Produkter","item":"https:\/\/abilica.com\/sv\/shop\/"},{"@type":"ListItem","position":3,"name":"Abilica JHooks 8005"}]},{"@type":"WebSite","@id":"https:\/\/abilica.com\/#website","url":"https:\/\/abilica.com\/","name":"Abilica","description":"Abilica Home Training","potentialAction":[{"@type":"SearchAction","target":{"@type":"EntryPoint","urlTemplate":"https:\/\/abilica.com\/?s={search_term_string}"},"query-input":{"@type":"PropertyValueSpecification","valueRequired":true,"valueName":"search_term_string"}}],"inLanguage":"sv-SE"}]}},"_links":{"self":[{"href":"https:\/\/abilica.com\/sv\/wp-json\/wp\/v2\/product\/31310","targetHints":{"allow":["GET"]}}],"collection":[{"href":"https:\/\/abilica.com\/sv\/wp-json\/wp\/v2\/product"}],"about":[{"href":"https:\/\/abilica.com\/sv\/wp-json\/wp\/v2\/types\/product"}],"wp:featuredmedia":[{"embeddable":true,"href":"https:\/\/abilica.com\/sv\/wp-json\/wp\/v2\/media\/31361"}],"wp:attachment":[{"href":"https:\/\/abilica.com\/sv\/wp-json\/wp\/v2\/media?parent=31310"}],"wp:term":[{"taxonomy":"product_brand","embeddable":true,"href":"https:\/\/abilica.com\/sv\/wp-json\/wp\/v2\/product_brand?post=31310"},{"taxonomy":"product_cat","embeddable":true,"href":"https:\/\/abilica.com\/sv\/wp-json\/wp\/v2\/product_cat?post=31310"},{"taxonomy":"product_tag","embeddable":true,"href":"https:\/\/abilica.com\/sv\/wp-json\/wp\/v2\/product_tag?post=31310"}],"curies":[{"name":"wp","href":"https:\/\/api.w.org\/{rel}","templated":true}]}}