{"id":31471,"date":"2023-03-08T10:45:02","date_gmt":"2023-03-08T09:45:02","guid":{"rendered":"https:\/\/abilica.com\/se\/?post_type=product&#038;p=31471"},"modified":"2026-01-06T09:39:44","modified_gmt":"2026-01-06T08:39:44","slug":"abilica-premium-row-90","status":"publish","type":"product","link":"https:\/\/abilica.com\/sv\/kondition\/roddmaskiner\/abilica-premium-row-90\/","title":{"rendered":"Abilica Premium Row 90"},"content":{"rendered":"<div class=\"wpb-content-wrapper\"><p>[vc_row][vc_column][vc_column_text css=&#8221;&#8221; el_class=&#8221;product-video&#8221;]Abilica Premium Row 90 \u00e4r utvecklad f\u00f6r f\u00f6retagsmarknaden och idrottare med h\u00f6ga krav p\u00e5 roddmaskinens funktionalitet och design. Solid konstruktion, med ett motst\u00e5ndssystem baserat p\u00e5 luft, detta \u00e4r en roddmaskin utvecklad f\u00f6r den som vill ha det b\u00e4sta. Storlek, best\u00e4ndighet och komponentsammans\u00e4ttning \u00e4r anpassade till den skandinaviska marknaden. De 10 motst\u00e5ndsniv\u00e5erna ger k\u00e4nslan av en rej\u00e4l roddmaskin som t\u00e5l tuffa tr\u00e4ningspass och ger dig kvalitet i varje lyft. Kan delas i tv\u00e5 delar vid f\u00f6rvaring. Avancerad dator d\u00e4r du kan f\u00f6rinst\u00e4lla \u00f6nskad m\u00e5luppfyllelse f\u00f6r tr\u00e4ningspasset. V\u00e4lj mellan att r\u00e4kna distans, kalorier eller tid. Datorn kommer \u00e4ven med olika alternativ f\u00f6r intervaller och en snygg layout som g\u00f6r det enkelt att h\u00e5lla koll p\u00e5 alla v\u00e4rden l\u00e4ngs v\u00e4gen. <span class=\"cf0\">Ovanf\u00f6r<\/span> <span class=\"cf0\">datorn<\/span><span class=\"cf0\"> finns <\/span><span class=\"cf0\">\u00e4ven<\/span><span class=\"cf0\"> en praktisk <\/span><span class=\"cf0\">h\u00e5llare<\/span> <span class=\"cf0\">f\u00f6r<\/span><span class=\"cf0\"> mobiltelefon.<br \/>\n<\/span>Max anv\u00e4ndarvikt \u00e4r 135 kg.<span class=\"Apple-converted-space\">\u00a0<\/span><\/p>\n<p><b>Specifikationer<br \/>\n<\/b>Motst\u00e5nd: Luft<br \/>\nMotst\u00e5ndsniv\u00e5er: 10\u200b<br \/>\nStr\u00f6mf\u00f6rs\u00f6rjning: Nej<br \/>\nTransporthjul: Ja<br \/>\n<span class=\"cf0\">H\u00e5llare<\/span> <span class=\"cf0\">f\u00f6r<\/span><span class=\"cf0\"> mobil: Ja<br \/>\n<\/span>M\u00e5tt: L\u00e4ngd: 240 x 62 x 106 cm\u200b (L x B x H)<br \/>\nM\u00e5tt ihopvikt: Kan delas i tv\u00e5 delar vid f\u00f6rvaring<br \/>\nProduktvikt: 39 kg<br \/>\nMax anv\u00e4ndarvikt: 135 kg<span class=\"Apple-converted-space\">\u00a0<\/span><\/p>\n<p><b>Specifikationer dator<br \/>\n<\/b>Tid och datum<br \/>\nTotal meter och ber\u00e4knad total meter\/30 min<br \/>\nTid, ber\u00e4knad tid p\u00e5 500 meter och medeltid per 500 meter<br \/>\nRotag per minut och total rotag<br \/>\nKalorier och ber\u00e4knade kalorier\/60 min<br \/>\nWatt och genomsnittliga watt<br \/>\nIntervalltr\u00e4ning: Tid, distans, kalorier<br \/>\nNedr\u00e4kning: Tid, distans, kalorier<br \/>\nKan kopplas till appar<br \/>\nPulskompatibel med 5.3k Hz b\u00e4lten<br \/>\nMinnesl\u00e4ge<\/p>\n<pre id=\"tw-target-text\" class=\"tw-data-text tw-text-large tw-ta\" dir=\"ltr\" tabindex=\"-1\" role=\"text\" data-placeholder=\"Oversettelse\" data-ved=\"2ahUKEwiVqN-xwfaRAxX_LBAIHSgxE7gQ3ewLegQIFhAW\" aria-label=\"Oversatt tekst: PS: Filmen visas med en tidigare version av datorn.\"><em><span class=\"Y2IQFc\" lang=\"sv\">PS: Filmen visas med en tidigare version av datorn.<\/span><\/em><\/pre>\n<div style=\"width: 640px;\" class=\"wp-video\"><!--[if lt IE 9]><script>document.createElement('video');<\/script><![endif]-->\n<video class=\"wp-video-shortcode\" id=\"video-31471-1\" width=\"640\" height=\"360\" poster=\"https:\/\/abilica.com\/se\/wp-content\/uploads\/2023\/03\/1-1.jpg\" preload=\"metadata\" controls=\"controls\"><source type=\"video\/mp4\" src=\"https:\/\/abilica.com\/se\/wp-content\/uploads\/2023\/03\/Abilica-Premium-Row-90_product.mp4?_=1\" \/><a href=\"https:\/\/abilica.com\/se\/wp-content\/uploads\/2023\/03\/Abilica-Premium-Row-90_product.mp4\">https:\/\/abilica.com\/se\/wp-content\/uploads\/2023\/03\/Abilica-Premium-Row-90_product.mp4<\/a><\/video><\/div>\n<p>[\/vc_column_text][vc_empty_space height=&#8221;52px&#8221;][vc_btn title=&#8221;Anv\u00e4ndarmanual&#8221; style=&#8221;flat&#8221; color=&#8221;black&#8221; i_icon_fontawesome=&#8221;far fa-file-pdf&#8221; add_icon=&#8221;true&#8221; link=&#8221;url:https%3A%2F%2Fabilica.com%2Fse%2Fwp-content%2Fuploads%2F2023%2F05%2FAB_Premium-Row-90_230306.pdf&#8221;][vc_btn title=&#8221;Tr\u00e4ningstips&#8221; style=&#8221;flat&#8221; color=&#8221;black&#8221; i_icon_fontawesome=&#8221;fas fa-align-left&#8221; add_icon=&#8221;true&#8221; link=&#8221;url:http%3A%2F%2Fwww.hemmatraningsbloggen.se%2Fkondition%2Ftrana-hemma-pa-roddmaskin%2F&#8221;][vc_btn title=&#8221;Underh\u00e5llstips&#8221; style=&#8221;flat&#8221; color=&#8221;black&#8221; i_icon_fontawesome=&#8221;fas fa-align-left&#8221; add_icon=&#8221;true&#8221; link=&#8221;url:https%3A%2F%2Fabilica.com%2Fse%2Ftraningsartiklar%2Ftraningstips-for-kondition%2Funderhall-av-traningsmaskiner%2F&#8221;][\/vc_column][\/vc_row]<\/p>\n<\/div>","protected":false},"excerpt":{"rendered":"<p>[vc_row][vc_column][vc_column_text css=&#8221;&#8221; el_class=&#8221;product-video&#8221;]Abilica Premium Row 90 \u00e4r utvecklad f\u00f6r f\u00f6retagsmarknaden och idrottare med h\u00f6ga krav&#8230;<\/p>\n","protected":false},"featured_media":70679,"template":"","meta":{"_acf_changed":false},"product_brand":[],"product_cat":[475,494],"product_tag":[49],"class_list":{"0":"post-31471","1":"product","2":"type-product","3":"status-publish","4":"has-post-thumbnail","6":"product_cat-kondition","7":"product_cat-roddmaskiner","8":"product_tag-premium","10":"first","11":"instock","12":"product-type-simple"},"acf":[],"yoast_head":"<!-- This site is optimized with the Yoast SEO Premium plugin v21.1 (Yoast SEO v25.4) - https:\/\/yoast.com\/wordpress\/plugins\/seo\/ -->\n<title>Abilica Premium Row 90 Abilica<\/title>\n<meta name=\"robots\" content=\"index, follow, max-snippet:-1, max-image-preview:large, max-video-preview:-1\" \/>\n<link rel=\"canonical\" href=\"https:\/\/abilica.com\/sv\/kondition\/roddmaskiner\/abilica-premium-row-90\/\" \/>\n<meta property=\"og:locale\" content=\"sv_SE\" \/>\n<meta property=\"og:type\" content=\"article\" \/>\n<meta property=\"og:title\" content=\"Abilica Premium Row 90\" \/>\n<meta property=\"og:description\" content=\"[vc_row][vc_column][vc_column_text css=&#8221;&#8221; el_class=&#8221;product-video&#8221;]Abilica Premium Row 90 \u00e4r utvecklad f\u00f6r f\u00f6retagsmarknaden och idrottare med h\u00f6ga krav...\" \/>\n<meta property=\"og:url\" content=\"https:\/\/abilica.com\/sv\/kondition\/roddmaskiner\/abilica-premium-row-90\/\" \/>\n<meta property=\"og:site_name\" content=\"Abilica\" \/>\n<meta property=\"article:publisher\" content=\"https:\/\/www.facebook.com\/abilicahometraining\/\" \/>\n<meta property=\"article:modified_time\" content=\"2026-01-06T08:39:44+00:00\" \/>\n<meta property=\"og:image\" content=\"https:\/\/abilica.com\/wp-content\/uploads\/2023\/10\/374726_Abilica-Premium-Row-90_03.jpg\" \/>\n\t<meta property=\"og:image:width\" content=\"1200\" \/>\n\t<meta property=\"og:image:height\" content=\"1200\" \/>\n\t<meta property=\"og:image:type\" content=\"image\/jpeg\" \/>\n<meta name=\"twitter:card\" content=\"summary_large_image\" \/>\n<meta name=\"twitter:label1\" content=\"Ber\u00e4knad l\u00e4stid\" \/>\n\t<meta name=\"twitter:data1\" content=\"2 minuter\" \/>\n<script type=\"application\/ld+json\" class=\"yoast-schema-graph\">{\"@context\":\"https:\/\/schema.org\",\"@graph\":[{\"@type\":\"WebPage\",\"@id\":\"https:\/\/abilica.com\/sv\/kondition\/roddmaskiner\/abilica-premium-row-90\/\",\"url\":\"https:\/\/abilica.com\/sv\/kondition\/roddmaskiner\/abilica-premium-row-90\/\",\"name\":\"Abilica Premium Row 90 Abilica\",\"isPartOf\":{\"@id\":\"https:\/\/abilica.com\/#website\"},\"primaryImageOfPage\":{\"@id\":\"https:\/\/abilica.com\/sv\/kondition\/roddmaskiner\/abilica-premium-row-90\/#primaryimage\"},\"image\":{\"@id\":\"https:\/\/abilica.com\/sv\/kondition\/roddmaskiner\/abilica-premium-row-90\/#primaryimage\"},\"thumbnailUrl\":\"https:\/\/abilica.com\/wp-content\/uploads\/2023\/10\/374726_Abilica-Premium-Row-90_03.jpg\",\"datePublished\":\"2023-03-08T09:45:02+00:00\",\"dateModified\":\"2026-01-06T08:39:44+00:00\",\"breadcrumb\":{\"@id\":\"https:\/\/abilica.com\/sv\/kondition\/roddmaskiner\/abilica-premium-row-90\/#breadcrumb\"},\"inLanguage\":\"sv-SE\",\"potentialAction\":[{\"@type\":\"ReadAction\",\"target\":[\"https:\/\/abilica.com\/sv\/kondition\/roddmaskiner\/abilica-premium-row-90\/\"]}]},{\"@type\":\"ImageObject\",\"inLanguage\":\"sv-SE\",\"@id\":\"https:\/\/abilica.com\/sv\/kondition\/roddmaskiner\/abilica-premium-row-90\/#primaryimage\",\"url\":\"https:\/\/abilica.com\/wp-content\/uploads\/2023\/10\/374726_Abilica-Premium-Row-90_03.jpg\",\"contentUrl\":\"https:\/\/abilica.com\/wp-content\/uploads\/2023\/10\/374726_Abilica-Premium-Row-90_03.jpg\",\"width\":1200,\"height\":1200},{\"@type\":\"BreadcrumbList\",\"@id\":\"https:\/\/abilica.com\/sv\/kondition\/roddmaskiner\/abilica-premium-row-90\/#breadcrumb\",\"itemListElement\":[{\"@type\":\"ListItem\",\"position\":1,\"name\":\"Hem\",\"item\":\"https:\/\/abilica.com\/sv\/\"},{\"@type\":\"ListItem\",\"position\":2,\"name\":\"Produkter\",\"item\":\"https:\/\/abilica.com\/sv\/shop\/\"},{\"@type\":\"ListItem\",\"position\":3,\"name\":\"Abilica Premium Row 90\"}]},{\"@type\":\"WebSite\",\"@id\":\"https:\/\/abilica.com\/#website\",\"url\":\"https:\/\/abilica.com\/\",\"name\":\"Abilica\",\"description\":\"Abilica Home Training\",\"potentialAction\":[{\"@type\":\"SearchAction\",\"target\":{\"@type\":\"EntryPoint\",\"urlTemplate\":\"https:\/\/abilica.com\/?s={search_term_string}\"},\"query-input\":{\"@type\":\"PropertyValueSpecification\",\"valueRequired\":true,\"valueName\":\"search_term_string\"}}],\"inLanguage\":\"sv-SE\"}]}<\/script>\n<!-- \/ Yoast SEO Premium plugin. -->","yoast_head_json":{"title":"Abilica Premium Row 90 Abilica","robots":{"index":"index","follow":"follow","max-snippet":"max-snippet:-1","max-image-preview":"max-image-preview:large","max-video-preview":"max-video-preview:-1"},"canonical":"https:\/\/abilica.com\/sv\/kondition\/roddmaskiner\/abilica-premium-row-90\/","og_locale":"sv_SE","og_type":"article","og_title":"Abilica Premium Row 90","og_description":"[vc_row][vc_column][vc_column_text css=&#8221;&#8221; el_class=&#8221;product-video&#8221;]Abilica Premium Row 90 \u00e4r utvecklad f\u00f6r f\u00f6retagsmarknaden och idrottare med h\u00f6ga krav...","og_url":"https:\/\/abilica.com\/sv\/kondition\/roddmaskiner\/abilica-premium-row-90\/","og_site_name":"Abilica","article_publisher":"https:\/\/www.facebook.com\/abilicahometraining\/","article_modified_time":"2026-01-06T08:39:44+00:00","og_image":[{"width":1200,"height":1200,"url":"https:\/\/abilica.com\/wp-content\/uploads\/2023\/10\/374726_Abilica-Premium-Row-90_03.jpg","type":"image\/jpeg"}],"twitter_card":"summary_large_image","twitter_misc":{"Ber\u00e4knad l\u00e4stid":"2 minuter"},"schema":{"@context":"https:\/\/schema.org","@graph":[{"@type":"WebPage","@id":"https:\/\/abilica.com\/sv\/kondition\/roddmaskiner\/abilica-premium-row-90\/","url":"https:\/\/abilica.com\/sv\/kondition\/roddmaskiner\/abilica-premium-row-90\/","name":"Abilica Premium Row 90 Abilica","isPartOf":{"@id":"https:\/\/abilica.com\/#website"},"primaryImageOfPage":{"@id":"https:\/\/abilica.com\/sv\/kondition\/roddmaskiner\/abilica-premium-row-90\/#primaryimage"},"image":{"@id":"https:\/\/abilica.com\/sv\/kondition\/roddmaskiner\/abilica-premium-row-90\/#primaryimage"},"thumbnailUrl":"https:\/\/abilica.com\/wp-content\/uploads\/2023\/10\/374726_Abilica-Premium-Row-90_03.jpg","datePublished":"2023-03-08T09:45:02+00:00","dateModified":"2026-01-06T08:39:44+00:00","breadcrumb":{"@id":"https:\/\/abilica.com\/sv\/kondition\/roddmaskiner\/abilica-premium-row-90\/#breadcrumb"},"inLanguage":"sv-SE","potentialAction":[{"@type":"ReadAction","target":["https:\/\/abilica.com\/sv\/kondition\/roddmaskiner\/abilica-premium-row-90\/"]}]},{"@type":"ImageObject","inLanguage":"sv-SE","@id":"https:\/\/abilica.com\/sv\/kondition\/roddmaskiner\/abilica-premium-row-90\/#primaryimage","url":"https:\/\/abilica.com\/wp-content\/uploads\/2023\/10\/374726_Abilica-Premium-Row-90_03.jpg","contentUrl":"https:\/\/abilica.com\/wp-content\/uploads\/2023\/10\/374726_Abilica-Premium-Row-90_03.jpg","width":1200,"height":1200},{"@type":"BreadcrumbList","@id":"https:\/\/abilica.com\/sv\/kondition\/roddmaskiner\/abilica-premium-row-90\/#breadcrumb","itemListElement":[{"@type":"ListItem","position":1,"name":"Hem","item":"https:\/\/abilica.com\/sv\/"},{"@type":"ListItem","position":2,"name":"Produkter","item":"https:\/\/abilica.com\/sv\/shop\/"},{"@type":"ListItem","position":3,"name":"Abilica Premium Row 90"}]},{"@type":"WebSite","@id":"https:\/\/abilica.com\/#website","url":"https:\/\/abilica.com\/","name":"Abilica","description":"Abilica Home Training","potentialAction":[{"@type":"SearchAction","target":{"@type":"EntryPoint","urlTemplate":"https:\/\/abilica.com\/?s={search_term_string}"},"query-input":{"@type":"PropertyValueSpecification","valueRequired":true,"valueName":"search_term_string"}}],"inLanguage":"sv-SE"}]}},"_links":{"self":[{"href":"https:\/\/abilica.com\/sv\/wp-json\/wp\/v2\/product\/31471","targetHints":{"allow":["GET"]}}],"collection":[{"href":"https:\/\/abilica.com\/sv\/wp-json\/wp\/v2\/product"}],"about":[{"href":"https:\/\/abilica.com\/sv\/wp-json\/wp\/v2\/types\/product"}],"wp:featuredmedia":[{"embeddable":true,"href":"https:\/\/abilica.com\/sv\/wp-json\/wp\/v2\/media\/70679"}],"wp:attachment":[{"href":"https:\/\/abilica.com\/sv\/wp-json\/wp\/v2\/media?parent=31471"}],"wp:term":[{"taxonomy":"product_brand","embeddable":true,"href":"https:\/\/abilica.com\/sv\/wp-json\/wp\/v2\/product_brand?post=31471"},{"taxonomy":"product_cat","embeddable":true,"href":"https:\/\/abilica.com\/sv\/wp-json\/wp\/v2\/product_cat?post=31471"},{"taxonomy":"product_tag","embeddable":true,"href":"https:\/\/abilica.com\/sv\/wp-json\/wp\/v2\/product_tag?post=31471"}],"curies":[{"name":"wp","href":"https:\/\/api.w.org\/{rel}","templated":true}]}}