{"id":31473,"date":"2023-03-08T10:45:02","date_gmt":"2023-03-08T09:45:02","guid":{"rendered":"https:\/\/abilica.com\/se\/?post_type=product&#038;p=31473"},"modified":"2024-12-05T13:29:40","modified_gmt":"2024-12-05T12:29:40","slug":"abilica-powerrack-40","status":"publish","type":"product","link":"https:\/\/abilica.com\/sv\/styrka\/cage-rack-2\/abilica-powerrack-40\/","title":{"rendered":"Abilica PowerRack 40"},"content":{"rendered":"<div class=\"wpb-content-wrapper\"><p>[vc_row][vc_column][vc_column_text]Abilica PowerRack 40 \u00e4r ett superrej\u00e4lt tr\u00e4ningsrack som passar dig som vill tr\u00e4na med tunga vikter med fokus p\u00e5 h\u00f6g s\u00e4kerhet. Detta \u00e4r ett rack som passar lika bra hemma som i ett f\u00f6retags tr\u00e4ningsrum. Abilica PowerRack 40 \u00e4r perfekt f\u00f6r dig som fokuserar p\u00e5 tung styrketr\u00e4ning eller vill ha den extra s\u00e4kerheten under tr\u00e4ningen. Med s\u00e4kerhetsstolpar p\u00e5 insidan av racket ger bra s\u00e4kerhet s\u00e5 att du kan fokusera p\u00e5 att prestera som b\u00e4st. Skivst\u00e5ngsh\u00e5llare och s\u00e4kerhetsstolpar har &#8221;slide-and-twist&#8221; f\u00e4sten som g\u00f6r det enkelt att \u00e4ndra h\u00f6jd under tr\u00e4ningspasset. Vill du ha ett enklare alternativ kan du \u00e4ven k\u00f6pa ytterligare skivst\u00e5ngsh\u00e5llare s\u00e5 att du har f\u00f6rinst\u00e4llt h\u00e5llarna f\u00f6r olika \u00f6vningar.<\/p>\n<p>Abilica PowerRack 40 \u00e4r utrustad med utdragbara handtag med en m\u00e4ngd olika grepp och 2 handtag f\u00f6r att f\u00e4sta gummiband. Med ett fotavtryck p\u00e5 124 x 140 cm har du gott om plats inne i racket f\u00f6r att g\u00f6ra alla \u00f6vningar som antingen g\u00f6rs st\u00e5ende eller som kr\u00e4ver b\u00e4nk.<\/p>\n<p>Vid k\u00f6p av <strong><a href=\"https:\/\/abilica.com\/se\/styrka\/abilica-lat-attachment-40\/\">Abilica Lat-attachment 40<\/a><\/strong> och <strong><a href=\"https:\/\/abilica.com\/se\/styrka\/abilica-dip-attachment-40\/\">Abilica Dip-attachment 40<\/a><\/strong> ut\u00f6kas \u00f6vningskatalogen ytterligare med \u00f6vningar som sittande kabelrodd, kabeldragningar och dips f\u00f6r att n\u00e4mna n\u00e5gra.Denna produkt \u00e4r inte l\u00e4mplig f\u00f6r utomhusf\u00f6rvaring och b\u00f6r inte placeras p\u00e5 fuktiga\/v\u00e5ta ytor.<\/p>\n<p><strong>SPECIFIKATIONER<\/strong><br \/>\nM\u00e5tt monterad: 124 x 140 x 216 (L x B x H)<br \/>\nRamstorlek: 60 x 60 cm<br \/>\nSt\u00e5ltjocklek: 2,5 mm<br \/>\nH\u00e5ldiameter: 16 mm<br \/>\nAntal justeringsh\u00e5l: 29<br \/>\nProduktvikt: 80 kg<br \/>\nAbilica Premium: Ja<\/p>\n<p><strong>Max belastning<br \/>\n<\/strong>J-hooks: 350 kg<br \/>\nS\u00e4kerhetsstolpar: 350 kg<br \/>\nPullups handtag: 250 kg[\/vc_column_text][vc_empty_space height=&#8221;52px&#8221;][vc_btn title=&#8221;Anv\u00e4ndarmanual&#8221; style=&#8221;flat&#8221; color=&#8221;black&#8221; i_icon_fontawesome=&#8221;far fa-file-pdf&#8221; add_icon=&#8221;true&#8221; link=&#8221;url:https%3A%2F%2Fabilica.com%2Fse%2Fwp-content%2Fuploads%2F2023%2F06%2FAB_PowerRack_40_Rev1_230424.pdf&#8221;][vc_btn title=&#8221;Underh\u00e5llstips&#8221; style=&#8221;flat&#8221; color=&#8221;black&#8221; i_icon_fontawesome=&#8221;fas fa-align-right&#8221; add_icon=&#8221;true&#8221; link=&#8221;url:https%3A%2F%2Fabilica.com%2Fse%2Ftraningsartiklar%2Ftraningstips-for-kondition%2Funderhall-av-traningsmaskiner%2F|title:M%C3%A5nga%20m%C3%B6jligheter%20med%20rack&#8221;][\/vc_column][\/vc_row]<\/p>\n<\/div>","protected":false},"excerpt":{"rendered":"<p>[vc_row][vc_column][vc_column_text]Abilica PowerRack 40 \u00e4r ett superrej\u00e4lt tr\u00e4ningsrack som passar dig som vill tr\u00e4na med tunga&#8230;<\/p>\n","protected":false},"featured_media":31743,"template":"","meta":{"_acf_changed":false},"product_brand":[],"product_cat":[513,471],"product_tag":[49],"class_list":{"0":"post-31473","1":"product","2":"type-product","3":"status-publish","4":"has-post-thumbnail","6":"product_cat-cage-rack-2","7":"product_cat-styrka","8":"product_tag-premium","10":"first","11":"outofstock","12":"product-type-simple"},"acf":[],"yoast_head":"<!-- This site is optimized with the Yoast SEO Premium plugin v21.1 (Yoast SEO v25.4) - https:\/\/yoast.com\/wordpress\/plugins\/seo\/ -->\n<title>Abilica PowerRack 40 Abilica<\/title>\n<meta name=\"robots\" content=\"index, follow, max-snippet:-1, max-image-preview:large, max-video-preview:-1\" \/>\n<link rel=\"canonical\" href=\"https:\/\/abilica.com\/sv\/styrka\/cage-rack-2\/abilica-powerrack-40\/\" \/>\n<meta property=\"og:locale\" content=\"sv_SE\" \/>\n<meta property=\"og:type\" content=\"article\" \/>\n<meta property=\"og:title\" content=\"Abilica PowerRack 40\" \/>\n<meta property=\"og:description\" content=\"[vc_row][vc_column][vc_column_text]Abilica PowerRack 40 \u00e4r ett superrej\u00e4lt tr\u00e4ningsrack som passar dig som vill tr\u00e4na med tunga...\" \/>\n<meta property=\"og:url\" content=\"https:\/\/abilica.com\/sv\/styrka\/cage-rack-2\/abilica-powerrack-40\/\" \/>\n<meta property=\"og:site_name\" content=\"Abilica\" \/>\n<meta property=\"article:publisher\" content=\"https:\/\/www.facebook.com\/abilicahometraining\/\" \/>\n<meta property=\"article:modified_time\" content=\"2024-12-05T12:29:40+00:00\" \/>\n<meta property=\"og:image\" content=\"https:\/\/abilica.com\/wp-content\/uploads\/2023\/06\/power-rack40.jpg\" \/>\n\t<meta property=\"og:image:width\" content=\"1200\" \/>\n\t<meta property=\"og:image:height\" content=\"1200\" \/>\n\t<meta property=\"og:image:type\" content=\"image\/jpeg\" \/>\n<meta name=\"twitter:card\" content=\"summary_large_image\" \/>\n<meta name=\"twitter:label1\" content=\"Ber\u00e4knad l\u00e4stid\" \/>\n\t<meta name=\"twitter:data1\" content=\"2 minuter\" \/>\n<script type=\"application\/ld+json\" class=\"yoast-schema-graph\">{\"@context\":\"https:\/\/schema.org\",\"@graph\":[{\"@type\":\"WebPage\",\"@id\":\"https:\/\/abilica.com\/sv\/styrka\/cage-rack-2\/abilica-powerrack-40\/\",\"url\":\"https:\/\/abilica.com\/sv\/styrka\/cage-rack-2\/abilica-powerrack-40\/\",\"name\":\"Abilica PowerRack 40 Abilica\",\"isPartOf\":{\"@id\":\"https:\/\/abilica.com\/#website\"},\"primaryImageOfPage\":{\"@id\":\"https:\/\/abilica.com\/sv\/styrka\/cage-rack-2\/abilica-powerrack-40\/#primaryimage\"},\"image\":{\"@id\":\"https:\/\/abilica.com\/sv\/styrka\/cage-rack-2\/abilica-powerrack-40\/#primaryimage\"},\"thumbnailUrl\":\"https:\/\/abilica.com\/wp-content\/uploads\/2023\/06\/power-rack40.jpg\",\"datePublished\":\"2023-03-08T09:45:02+00:00\",\"dateModified\":\"2024-12-05T12:29:40+00:00\",\"breadcrumb\":{\"@id\":\"https:\/\/abilica.com\/sv\/styrka\/cage-rack-2\/abilica-powerrack-40\/#breadcrumb\"},\"inLanguage\":\"sv-SE\",\"potentialAction\":[{\"@type\":\"ReadAction\",\"target\":[\"https:\/\/abilica.com\/sv\/styrka\/cage-rack-2\/abilica-powerrack-40\/\"]}]},{\"@type\":\"ImageObject\",\"inLanguage\":\"sv-SE\",\"@id\":\"https:\/\/abilica.com\/sv\/styrka\/cage-rack-2\/abilica-powerrack-40\/#primaryimage\",\"url\":\"https:\/\/abilica.com\/wp-content\/uploads\/2023\/06\/power-rack40.jpg\",\"contentUrl\":\"https:\/\/abilica.com\/wp-content\/uploads\/2023\/06\/power-rack40.jpg\",\"width\":1200,\"height\":1200},{\"@type\":\"BreadcrumbList\",\"@id\":\"https:\/\/abilica.com\/sv\/styrka\/cage-rack-2\/abilica-powerrack-40\/#breadcrumb\",\"itemListElement\":[{\"@type\":\"ListItem\",\"position\":1,\"name\":\"Hem\",\"item\":\"https:\/\/abilica.com\/sv\/\"},{\"@type\":\"ListItem\",\"position\":2,\"name\":\"Produkter\",\"item\":\"https:\/\/abilica.com\/sv\/shop\/\"},{\"@type\":\"ListItem\",\"position\":3,\"name\":\"Abilica PowerRack 40\"}]},{\"@type\":\"WebSite\",\"@id\":\"https:\/\/abilica.com\/#website\",\"url\":\"https:\/\/abilica.com\/\",\"name\":\"Abilica\",\"description\":\"Abilica Home Training\",\"potentialAction\":[{\"@type\":\"SearchAction\",\"target\":{\"@type\":\"EntryPoint\",\"urlTemplate\":\"https:\/\/abilica.com\/?s={search_term_string}\"},\"query-input\":{\"@type\":\"PropertyValueSpecification\",\"valueRequired\":true,\"valueName\":\"search_term_string\"}}],\"inLanguage\":\"sv-SE\"}]}<\/script>\n<!-- \/ Yoast SEO Premium plugin. -->","yoast_head_json":{"title":"Abilica PowerRack 40 Abilica","robots":{"index":"index","follow":"follow","max-snippet":"max-snippet:-1","max-image-preview":"max-image-preview:large","max-video-preview":"max-video-preview:-1"},"canonical":"https:\/\/abilica.com\/sv\/styrka\/cage-rack-2\/abilica-powerrack-40\/","og_locale":"sv_SE","og_type":"article","og_title":"Abilica PowerRack 40","og_description":"[vc_row][vc_column][vc_column_text]Abilica PowerRack 40 \u00e4r ett superrej\u00e4lt tr\u00e4ningsrack som passar dig som vill tr\u00e4na med tunga...","og_url":"https:\/\/abilica.com\/sv\/styrka\/cage-rack-2\/abilica-powerrack-40\/","og_site_name":"Abilica","article_publisher":"https:\/\/www.facebook.com\/abilicahometraining\/","article_modified_time":"2024-12-05T12:29:40+00:00","og_image":[{"width":1200,"height":1200,"url":"https:\/\/abilica.com\/wp-content\/uploads\/2023\/06\/power-rack40.jpg","type":"image\/jpeg"}],"twitter_card":"summary_large_image","twitter_misc":{"Ber\u00e4knad l\u00e4stid":"2 minuter"},"schema":{"@context":"https:\/\/schema.org","@graph":[{"@type":"WebPage","@id":"https:\/\/abilica.com\/sv\/styrka\/cage-rack-2\/abilica-powerrack-40\/","url":"https:\/\/abilica.com\/sv\/styrka\/cage-rack-2\/abilica-powerrack-40\/","name":"Abilica PowerRack 40 Abilica","isPartOf":{"@id":"https:\/\/abilica.com\/#website"},"primaryImageOfPage":{"@id":"https:\/\/abilica.com\/sv\/styrka\/cage-rack-2\/abilica-powerrack-40\/#primaryimage"},"image":{"@id":"https:\/\/abilica.com\/sv\/styrka\/cage-rack-2\/abilica-powerrack-40\/#primaryimage"},"thumbnailUrl":"https:\/\/abilica.com\/wp-content\/uploads\/2023\/06\/power-rack40.jpg","datePublished":"2023-03-08T09:45:02+00:00","dateModified":"2024-12-05T12:29:40+00:00","breadcrumb":{"@id":"https:\/\/abilica.com\/sv\/styrka\/cage-rack-2\/abilica-powerrack-40\/#breadcrumb"},"inLanguage":"sv-SE","potentialAction":[{"@type":"ReadAction","target":["https:\/\/abilica.com\/sv\/styrka\/cage-rack-2\/abilica-powerrack-40\/"]}]},{"@type":"ImageObject","inLanguage":"sv-SE","@id":"https:\/\/abilica.com\/sv\/styrka\/cage-rack-2\/abilica-powerrack-40\/#primaryimage","url":"https:\/\/abilica.com\/wp-content\/uploads\/2023\/06\/power-rack40.jpg","contentUrl":"https:\/\/abilica.com\/wp-content\/uploads\/2023\/06\/power-rack40.jpg","width":1200,"height":1200},{"@type":"BreadcrumbList","@id":"https:\/\/abilica.com\/sv\/styrka\/cage-rack-2\/abilica-powerrack-40\/#breadcrumb","itemListElement":[{"@type":"ListItem","position":1,"name":"Hem","item":"https:\/\/abilica.com\/sv\/"},{"@type":"ListItem","position":2,"name":"Produkter","item":"https:\/\/abilica.com\/sv\/shop\/"},{"@type":"ListItem","position":3,"name":"Abilica PowerRack 40"}]},{"@type":"WebSite","@id":"https:\/\/abilica.com\/#website","url":"https:\/\/abilica.com\/","name":"Abilica","description":"Abilica Home Training","potentialAction":[{"@type":"SearchAction","target":{"@type":"EntryPoint","urlTemplate":"https:\/\/abilica.com\/?s={search_term_string}"},"query-input":{"@type":"PropertyValueSpecification","valueRequired":true,"valueName":"search_term_string"}}],"inLanguage":"sv-SE"}]}},"_links":{"self":[{"href":"https:\/\/abilica.com\/sv\/wp-json\/wp\/v2\/product\/31473","targetHints":{"allow":["GET"]}}],"collection":[{"href":"https:\/\/abilica.com\/sv\/wp-json\/wp\/v2\/product"}],"about":[{"href":"https:\/\/abilica.com\/sv\/wp-json\/wp\/v2\/types\/product"}],"wp:featuredmedia":[{"embeddable":true,"href":"https:\/\/abilica.com\/sv\/wp-json\/wp\/v2\/media\/31743"}],"wp:attachment":[{"href":"https:\/\/abilica.com\/sv\/wp-json\/wp\/v2\/media?parent=31473"}],"wp:term":[{"taxonomy":"product_brand","embeddable":true,"href":"https:\/\/abilica.com\/sv\/wp-json\/wp\/v2\/product_brand?post=31473"},{"taxonomy":"product_cat","embeddable":true,"href":"https:\/\/abilica.com\/sv\/wp-json\/wp\/v2\/product_cat?post=31473"},{"taxonomy":"product_tag","embeddable":true,"href":"https:\/\/abilica.com\/sv\/wp-json\/wp\/v2\/product_tag?post=31473"}],"curies":[{"name":"wp","href":"https:\/\/api.w.org\/{rel}","templated":true}]}}