{"id":31474,"date":"2023-03-08T10:45:31","date_gmt":"2023-03-08T09:45:31","guid":{"rendered":"https:\/\/abilica.com\/se\/?post_type=product&#038;p=31474"},"modified":"2025-10-20T10:35:46","modified_gmt":"2025-10-20T09:35:46","slug":"abilica-fid-bench-40","status":"publish","type":"product","link":"https:\/\/abilica.com\/sv\/styrka\/traningsbank\/abilica-fid-bench-40\/","title":{"rendered":"Abilica FID Bench 40"},"content":{"rendered":"<div class=\"wpb-content-wrapper\"><p>[vc_row][vc_column][vc_column_text]Abilica FID Bench 40 \u00e4r en mycket kraftfull och rej\u00e4l justerbar b\u00e4nk f\u00f6r styrketr\u00e4ning som passar utm\u00e4rkt f\u00f6r b\u00e5de hemmatr\u00e4ning och f\u00f6retagsmarknaden. Ryggst\u00f6det har 7 justeringsniv\u00e5er som kan justeras fr\u00e5n -15\u00b0 upp till 85\u00b0. Med en mycket l\u00e5ng och bred ryggkudde p\u00e5 90 x 30 cm \u00e4r detta en b\u00e4nk som passar bra f\u00f6r alla kroppsh\u00f6jder. Sittdynan \u00e4r utrustad med den unika &#8221;zero-gap&#8221;-l\u00f6sningen, som eliminerar allt utrymme mellan sits och rygg, oavsett vilken vinkel du v\u00e4ljer. Detta s\u00e4kerst\u00e4ller att du hittar det avst\u00e5nd du beh\u00f6ver f\u00f6r en optimal lyftteknik. H\u00f6jden fr\u00e5n golvet till sittdynan \u00e4r 45 cm och \u00e4r speciellt utformad f\u00f6r att du ska ha ett bra f\u00e4ste under press\u00f6vningar. B\u00e4nken \u00e4r \u00e4ven utrustad med handtag och hjul som g\u00f6r den l\u00e4tt att flytta runt.<\/p>\n<p><strong>Specifikationer<br \/>\n<\/strong>M\u00e5tt sammansatt: 120 x 58 x 45 cm (L x B x H)<br \/>\nRamstorlek: 70 x 50 mm<br \/>\nSt\u00e5ltjocklek: 2 mm<br \/>\nMax belastning inklusive anv\u00e4ndare: 250 kg<br \/>\nProduktvikt: 26 kg<br \/>\nJusteringsniv\u00e5er f\u00f6r sittdynan: 5 niv\u00e5er (0\u00b0, 6\u00b0, 10\u00b0, 15\u00b0, 20\u00b0)<br \/>\nJusteringsniv\u00e5er f\u00f6r ryggkudden: 7 niv\u00e5er (-15 \u00b0, 0 \u00b0, 20 \u00b0, 35 \u00b0, 45 \u00b0, 60 \u00b0, 85 \u00b0)<br \/>\nM\u00e5tt p\u00e5 ryggkudden: 90 x 30 cm (L x B)<br \/>\nM\u00e5tt p\u00e5 sittdynan: 38 x 30 cm (L x B)<br \/>\nVadderingstjocklek: 45 mm<br \/>\nAvst\u00e5nd mellan sits och ryggdyna: 0-10 cm (&#8221;zero-gap&#8221;)<br \/>\nH\u00f6jd fr\u00e5n golv till sits: 45 cm<br \/>\nAbilica Premium: Ja[\/vc_column_text][vc_empty_space height=&#8221;52px&#8221;][vc_btn title=&#8221;Anv\u00e4ndarmanual&#8221; style=&#8221;flat&#8221; color=&#8221;black&#8221; i_icon_fontawesome=&#8221;far fa-file-pdf&#8221; add_icon=&#8221;true&#8221; link=&#8221;url:https%3A%2F%2Fabilica.com%2Fse%2Fwp-content%2Fuploads%2F2023%2F05%2FAB_FID-Bench-40_Rev1_230424.pdf&#8221;][\/vc_column][\/vc_row]<\/p>\n<\/div>","protected":false},"excerpt":{"rendered":"<p>[vc_row][vc_column][vc_column_text]Abilica FID Bench 40 \u00e4r en mycket kraftfull och rej\u00e4l justerbar b\u00e4nk f\u00f6r styrketr\u00e4ning som&#8230;<\/p>\n","protected":false},"featured_media":66291,"template":"","meta":{"_acf_changed":false},"product_brand":[],"product_cat":[471,480],"product_tag":[49],"class_list":{"0":"post-31474","1":"product","2":"type-product","3":"status-publish","4":"has-post-thumbnail","6":"product_cat-styrka","7":"product_cat-traningsbank","8":"product_tag-premium","10":"first","11":"outofstock","12":"product-type-simple"},"acf":[],"yoast_head":"<!-- This site is optimized with the Yoast SEO Premium plugin v21.1 (Yoast SEO v25.4) - https:\/\/yoast.com\/wordpress\/plugins\/seo\/ -->\n<title>Abilica FID Bench 40 Abilica<\/title>\n<meta name=\"robots\" content=\"index, follow, max-snippet:-1, max-image-preview:large, max-video-preview:-1\" \/>\n<link rel=\"canonical\" href=\"https:\/\/abilica.com\/sv\/styrka\/traningsbank\/abilica-fid-bench-40\/\" \/>\n<meta property=\"og:locale\" content=\"sv_SE\" \/>\n<meta property=\"og:type\" content=\"article\" \/>\n<meta property=\"og:title\" content=\"Abilica FID Bench 40\" \/>\n<meta property=\"og:description\" content=\"[vc_row][vc_column][vc_column_text]Abilica FID Bench 40 \u00e4r en mycket kraftfull och rej\u00e4l justerbar b\u00e4nk f\u00f6r styrketr\u00e4ning som...\" \/>\n<meta property=\"og:url\" content=\"https:\/\/abilica.com\/sv\/styrka\/traningsbank\/abilica-fid-bench-40\/\" \/>\n<meta property=\"og:site_name\" content=\"Abilica\" \/>\n<meta property=\"article:publisher\" content=\"https:\/\/www.facebook.com\/abilicahometraining\/\" \/>\n<meta property=\"article:modified_time\" content=\"2025-10-20T09:35:46+00:00\" \/>\n<meta property=\"og:image\" content=\"https:\/\/abilica.com\/wp-content\/uploads\/2023\/03\/fid1.jpg\" \/>\n\t<meta property=\"og:image:width\" content=\"1200\" \/>\n\t<meta property=\"og:image:height\" content=\"1200\" \/>\n\t<meta property=\"og:image:type\" content=\"image\/jpeg\" \/>\n<meta name=\"twitter:card\" content=\"summary_large_image\" \/>\n<meta name=\"twitter:label1\" content=\"Ber\u00e4knad l\u00e4stid\" \/>\n\t<meta name=\"twitter:data1\" content=\"1 minut\" \/>\n<script type=\"application\/ld+json\" class=\"yoast-schema-graph\">{\"@context\":\"https:\/\/schema.org\",\"@graph\":[{\"@type\":\"WebPage\",\"@id\":\"https:\/\/abilica.com\/sv\/styrka\/traningsbank\/abilica-fid-bench-40\/\",\"url\":\"https:\/\/abilica.com\/sv\/styrka\/traningsbank\/abilica-fid-bench-40\/\",\"name\":\"Abilica FID Bench 40 Abilica\",\"isPartOf\":{\"@id\":\"https:\/\/abilica.com\/#website\"},\"primaryImageOfPage\":{\"@id\":\"https:\/\/abilica.com\/sv\/styrka\/traningsbank\/abilica-fid-bench-40\/#primaryimage\"},\"image\":{\"@id\":\"https:\/\/abilica.com\/sv\/styrka\/traningsbank\/abilica-fid-bench-40\/#primaryimage\"},\"thumbnailUrl\":\"https:\/\/abilica.com\/wp-content\/uploads\/2023\/03\/fid1.jpg\",\"datePublished\":\"2023-03-08T09:45:31+00:00\",\"dateModified\":\"2025-10-20T09:35:46+00:00\",\"breadcrumb\":{\"@id\":\"https:\/\/abilica.com\/sv\/styrka\/traningsbank\/abilica-fid-bench-40\/#breadcrumb\"},\"inLanguage\":\"sv-SE\",\"potentialAction\":[{\"@type\":\"ReadAction\",\"target\":[\"https:\/\/abilica.com\/sv\/styrka\/traningsbank\/abilica-fid-bench-40\/\"]}]},{\"@type\":\"ImageObject\",\"inLanguage\":\"sv-SE\",\"@id\":\"https:\/\/abilica.com\/sv\/styrka\/traningsbank\/abilica-fid-bench-40\/#primaryimage\",\"url\":\"https:\/\/abilica.com\/wp-content\/uploads\/2023\/03\/fid1.jpg\",\"contentUrl\":\"https:\/\/abilica.com\/wp-content\/uploads\/2023\/03\/fid1.jpg\",\"width\":1200,\"height\":1200},{\"@type\":\"BreadcrumbList\",\"@id\":\"https:\/\/abilica.com\/sv\/styrka\/traningsbank\/abilica-fid-bench-40\/#breadcrumb\",\"itemListElement\":[{\"@type\":\"ListItem\",\"position\":1,\"name\":\"Hem\",\"item\":\"https:\/\/abilica.com\/sv\/\"},{\"@type\":\"ListItem\",\"position\":2,\"name\":\"Produkter\",\"item\":\"https:\/\/abilica.com\/sv\/shop\/\"},{\"@type\":\"ListItem\",\"position\":3,\"name\":\"Abilica FID Bench 40\"}]},{\"@type\":\"WebSite\",\"@id\":\"https:\/\/abilica.com\/#website\",\"url\":\"https:\/\/abilica.com\/\",\"name\":\"Abilica\",\"description\":\"Abilica Home Training\",\"potentialAction\":[{\"@type\":\"SearchAction\",\"target\":{\"@type\":\"EntryPoint\",\"urlTemplate\":\"https:\/\/abilica.com\/?s={search_term_string}\"},\"query-input\":{\"@type\":\"PropertyValueSpecification\",\"valueRequired\":true,\"valueName\":\"search_term_string\"}}],\"inLanguage\":\"sv-SE\"}]}<\/script>\n<!-- \/ Yoast SEO Premium plugin. -->","yoast_head_json":{"title":"Abilica FID Bench 40 Abilica","robots":{"index":"index","follow":"follow","max-snippet":"max-snippet:-1","max-image-preview":"max-image-preview:large","max-video-preview":"max-video-preview:-1"},"canonical":"https:\/\/abilica.com\/sv\/styrka\/traningsbank\/abilica-fid-bench-40\/","og_locale":"sv_SE","og_type":"article","og_title":"Abilica FID Bench 40","og_description":"[vc_row][vc_column][vc_column_text]Abilica FID Bench 40 \u00e4r en mycket kraftfull och rej\u00e4l justerbar b\u00e4nk f\u00f6r styrketr\u00e4ning som...","og_url":"https:\/\/abilica.com\/sv\/styrka\/traningsbank\/abilica-fid-bench-40\/","og_site_name":"Abilica","article_publisher":"https:\/\/www.facebook.com\/abilicahometraining\/","article_modified_time":"2025-10-20T09:35:46+00:00","og_image":[{"width":1200,"height":1200,"url":"https:\/\/abilica.com\/wp-content\/uploads\/2023\/03\/fid1.jpg","type":"image\/jpeg"}],"twitter_card":"summary_large_image","twitter_misc":{"Ber\u00e4knad l\u00e4stid":"1 minut"},"schema":{"@context":"https:\/\/schema.org","@graph":[{"@type":"WebPage","@id":"https:\/\/abilica.com\/sv\/styrka\/traningsbank\/abilica-fid-bench-40\/","url":"https:\/\/abilica.com\/sv\/styrka\/traningsbank\/abilica-fid-bench-40\/","name":"Abilica FID Bench 40 Abilica","isPartOf":{"@id":"https:\/\/abilica.com\/#website"},"primaryImageOfPage":{"@id":"https:\/\/abilica.com\/sv\/styrka\/traningsbank\/abilica-fid-bench-40\/#primaryimage"},"image":{"@id":"https:\/\/abilica.com\/sv\/styrka\/traningsbank\/abilica-fid-bench-40\/#primaryimage"},"thumbnailUrl":"https:\/\/abilica.com\/wp-content\/uploads\/2023\/03\/fid1.jpg","datePublished":"2023-03-08T09:45:31+00:00","dateModified":"2025-10-20T09:35:46+00:00","breadcrumb":{"@id":"https:\/\/abilica.com\/sv\/styrka\/traningsbank\/abilica-fid-bench-40\/#breadcrumb"},"inLanguage":"sv-SE","potentialAction":[{"@type":"ReadAction","target":["https:\/\/abilica.com\/sv\/styrka\/traningsbank\/abilica-fid-bench-40\/"]}]},{"@type":"ImageObject","inLanguage":"sv-SE","@id":"https:\/\/abilica.com\/sv\/styrka\/traningsbank\/abilica-fid-bench-40\/#primaryimage","url":"https:\/\/abilica.com\/wp-content\/uploads\/2023\/03\/fid1.jpg","contentUrl":"https:\/\/abilica.com\/wp-content\/uploads\/2023\/03\/fid1.jpg","width":1200,"height":1200},{"@type":"BreadcrumbList","@id":"https:\/\/abilica.com\/sv\/styrka\/traningsbank\/abilica-fid-bench-40\/#breadcrumb","itemListElement":[{"@type":"ListItem","position":1,"name":"Hem","item":"https:\/\/abilica.com\/sv\/"},{"@type":"ListItem","position":2,"name":"Produkter","item":"https:\/\/abilica.com\/sv\/shop\/"},{"@type":"ListItem","position":3,"name":"Abilica FID Bench 40"}]},{"@type":"WebSite","@id":"https:\/\/abilica.com\/#website","url":"https:\/\/abilica.com\/","name":"Abilica","description":"Abilica Home Training","potentialAction":[{"@type":"SearchAction","target":{"@type":"EntryPoint","urlTemplate":"https:\/\/abilica.com\/?s={search_term_string}"},"query-input":{"@type":"PropertyValueSpecification","valueRequired":true,"valueName":"search_term_string"}}],"inLanguage":"sv-SE"}]}},"_links":{"self":[{"href":"https:\/\/abilica.com\/sv\/wp-json\/wp\/v2\/product\/31474","targetHints":{"allow":["GET"]}}],"collection":[{"href":"https:\/\/abilica.com\/sv\/wp-json\/wp\/v2\/product"}],"about":[{"href":"https:\/\/abilica.com\/sv\/wp-json\/wp\/v2\/types\/product"}],"wp:featuredmedia":[{"embeddable":true,"href":"https:\/\/abilica.com\/sv\/wp-json\/wp\/v2\/media\/66291"}],"wp:attachment":[{"href":"https:\/\/abilica.com\/sv\/wp-json\/wp\/v2\/media?parent=31474"}],"wp:term":[{"taxonomy":"product_brand","embeddable":true,"href":"https:\/\/abilica.com\/sv\/wp-json\/wp\/v2\/product_brand?post=31474"},{"taxonomy":"product_cat","embeddable":true,"href":"https:\/\/abilica.com\/sv\/wp-json\/wp\/v2\/product_cat?post=31474"},{"taxonomy":"product_tag","embeddable":true,"href":"https:\/\/abilica.com\/sv\/wp-json\/wp\/v2\/product_tag?post=31474"}],"curies":[{"name":"wp","href":"https:\/\/api.w.org\/{rel}","templated":true}]}}