{"id":31477,"date":"2023-03-08T12:45:01","date_gmt":"2023-03-08T11:45:01","guid":{"rendered":"https:\/\/abilica.com\/se\/?post_type=product&#038;p=31477"},"modified":"2024-10-20T09:35:44","modified_gmt":"2024-10-20T08:35:44","slug":"abilica-rower-40","status":"publish","type":"product","link":"https:\/\/abilica.com\/sv\/kondition\/roddmaskiner\/abilica-rower-40\/","title":{"rendered":"Abilica Rower 40"},"content":{"rendered":"<div class=\"wpb-content-wrapper\"><p>[vc_row][vc_column][vc_column_text]Abilica Rower 40 \u00e4r en platsbesparande och solid roddmaskin f\u00f6r tr\u00e4ning av hela kroppen hemma. Roddmaskinen har luft- och magnetmotst\u00e5nd, n\u00e5got som ger en god k\u00e4nsla och g\u00f6r det enkelt att anpassa intensiteten efter \u00f6nskat niv\u00e5. I till\u00e4gg till luftmotst\u00e5nd ger de 8 olika magnetmotst\u00e5ndsniv\u00e5erna m\u00f6jlighet till h\u00f6g motst\u00e5nd med l\u00e5g frekvens. Du kan enkelt justera intensiteten och gradvis \u00f6ka utmaningen efter varje som du blir starkare och mer uth\u00e5llig.<\/p>\n<p>Abilica Rower 40 har dator med 8 funktioner, som visar bla. tid, distans, roddtag, kalorif\u00f6rbrukning och puls. F\u00f6r de som \u00f6nskar att trena efter pulszon, har Abilica Rower 40 en innebygd pulsmottagare som ger m\u00f6jligheter f\u00f6r tr\u00e5dl\u00f6s \u00f6verf\u00f6ring av pulsdata till datorer. Pulsb\u00e4lte s\u00e4ljs separat. Detta ger dig en god feedback p\u00e5 tr\u00e4ningen och kan hj\u00e4lpa dig med att n\u00e5 dina tr\u00e4ningsm\u00e5l snabbare.<\/p>\n<p>Abilica Rower 40 roddmaskin \u00e4r utrustad med transporthjul, som g\u00f6r den enkel att flytta. Den \u00e4r ocks\u00e5 ihopf\u00e4llbar, n\u00e5got som g\u00f6r att den tar liten plats n\u00e4r den inte anv\u00e4nds. Med en produktvikt p\u00e5 27 kg och en max anv\u00e4ndarvikt p\u00e5 130 kg \u00e4r Abilica Rower 40 en solid och stabil roddmaskin som passar de flesta.<\/p>\n<p><strong>Specifikationer<br \/>\n<\/strong>Motst\u00e5nd: Luft och magnet<br \/>\nMotst\u00e5ndsniv\u00e5er: 8\u200b<br \/>\nStr\u00f6mf\u00f6rs\u00f6rjning: Nej<br \/>\nTransporthjul: Ja<br \/>\nIhopf\u00e4llbar: Ja<span class=\"Apple-converted-space\"><br \/>\n<\/span>M\u00e5tt: 189 x 50 x 66 cm\u200b (L x B x H)<br \/>\nM\u00e5tt ihopf\u00e4llt: 95 x 50 x 125 cm (L x B x H)<br \/>\nProduktvikt: 27 kg<span class=\"Apple-converted-space\"><br \/>\n<\/span>Max anv\u00e4ndarvikt: 130 kg<br \/>\nMottagare f\u00f6r pulsb\u00e4lte: Ja<br \/>\nPulskompatibel med 5,3k hz b\u00e4lte<\/p>\n<p><strong>Funktioner<\/strong><br \/>\nTid<br \/>\nDistans<br \/>\nEstimerad tid p\u00e5 500 meter<br \/>\nRoddtag pr. min.<br \/>\nTotalt antal roddtag<br \/>\nKalorif\u00f6rbrukning (indikation)<br \/>\nNedr\u00e4kning: Tid, distans, kalorier<\/p>\n<p><iframe loading=\"lazy\" title=\"Abilica Rower 40\" width=\"640\" height=\"360\" src=\"https:\/\/www.youtube.com\/embed\/3HC9Y6JYKt8?wmode=transparent&amp;rel=0&amp;feature=oembed\" frameborder=\"0\" allow=\"accelerometer; autoplay; clipboard-write; encrypted-media; gyroscope; picture-in-picture; web-share\" referrerpolicy=\"strict-origin-when-cross-origin\" allowfullscreen><\/iframe><\/p>\n<p>[\/vc_column_text][vc_empty_space height=&#8221;52px&#8221;][vc_btn title=&#8221;Tr\u00e4ningstips&#8221; style=&#8221;flat&#8221; color=&#8221;black&#8221; i_icon_fontawesome=&#8221;fas fa-align-right&#8221; add_icon=&#8221;true&#8221; link=&#8221;url:https%3A%2F%2Fabilica.com%2Fse%2Ftraningsartiklar%2Ftraningstips-for-kondition%2F|title:Tr%C3%A4ningstips%20f%C3%B6r%20kondition&#8221;][vc_btn title=&#8221;Underh\u00e5llstips&#8221; style=&#8221;flat&#8221; color=&#8221;black&#8221; i_icon_fontawesome=&#8221;fas fa-align-right&#8221; add_icon=&#8221;true&#8221; link=&#8221;url:https%3A%2F%2Fabilica.com%2Fse%2Ftraningsartiklar%2Ftraningstips-for-kondition%2Funderhall-av-traningsmaskiner%2F|title:Tr%C3%A4ningstips%20f%C3%B6r%20kondition&#8221;][\/vc_column][\/vc_row]<\/p>\n<\/div>","protected":false},"excerpt":{"rendered":"<p>[vc_row][vc_column][vc_column_text]Abilica Rower 40 \u00e4r en platsbesparande och solid roddmaskin f\u00f6r tr\u00e4ning av hela kroppen hemma&#8230;.<\/p>\n","protected":false},"featured_media":66187,"template":"","meta":{"_acf_changed":false},"product_brand":[],"product_cat":[475,494],"product_tag":[],"class_list":{"0":"post-31477","1":"product","2":"type-product","3":"status-publish","4":"has-post-thumbnail","6":"product_cat-kondition","7":"product_cat-roddmaskiner","9":"first","10":"outofstock","11":"product-type-simple"},"acf":[],"yoast_head":"<!-- This site is optimized with the Yoast SEO Premium plugin v21.1 (Yoast SEO v25.4) - https:\/\/yoast.com\/wordpress\/plugins\/seo\/ -->\n<title>Abilica Rower 40 Abilica<\/title>\n<meta name=\"robots\" content=\"index, follow, max-snippet:-1, max-image-preview:large, max-video-preview:-1\" \/>\n<link rel=\"canonical\" href=\"https:\/\/abilica.com\/sv\/kondition\/roddmaskiner\/abilica-rower-40\/\" \/>\n<meta property=\"og:locale\" content=\"sv_SE\" \/>\n<meta property=\"og:type\" content=\"article\" \/>\n<meta property=\"og:title\" content=\"Abilica Rower 40\" \/>\n<meta property=\"og:description\" content=\"[vc_row][vc_column][vc_column_text]Abilica Rower 40 \u00e4r en platsbesparande och solid roddmaskin f\u00f6r tr\u00e4ning av hela kroppen hemma....\" \/>\n<meta property=\"og:url\" content=\"https:\/\/abilica.com\/sv\/kondition\/roddmaskiner\/abilica-rower-40\/\" \/>\n<meta property=\"og:site_name\" content=\"Abilica\" \/>\n<meta property=\"article:publisher\" content=\"https:\/\/www.facebook.com\/abilicahometraining\/\" \/>\n<meta property=\"article:modified_time\" content=\"2024-10-20T08:35:44+00:00\" \/>\n<meta property=\"og:image\" content=\"https:\/\/abilica.com\/wp-content\/uploads\/2023\/03\/rower406.jpg\" \/>\n\t<meta property=\"og:image:width\" content=\"1200\" \/>\n\t<meta property=\"og:image:height\" content=\"1200\" \/>\n\t<meta property=\"og:image:type\" content=\"image\/jpeg\" \/>\n<meta name=\"twitter:card\" content=\"summary_large_image\" \/>\n<meta name=\"twitter:label1\" content=\"Ber\u00e4knad l\u00e4stid\" \/>\n\t<meta name=\"twitter:data1\" content=\"2 minuter\" \/>\n<script type=\"application\/ld+json\" class=\"yoast-schema-graph\">{\"@context\":\"https:\/\/schema.org\",\"@graph\":[{\"@type\":\"WebPage\",\"@id\":\"https:\/\/abilica.com\/sv\/kondition\/roddmaskiner\/abilica-rower-40\/\",\"url\":\"https:\/\/abilica.com\/sv\/kondition\/roddmaskiner\/abilica-rower-40\/\",\"name\":\"Abilica Rower 40 Abilica\",\"isPartOf\":{\"@id\":\"https:\/\/abilica.com\/#website\"},\"primaryImageOfPage\":{\"@id\":\"https:\/\/abilica.com\/sv\/kondition\/roddmaskiner\/abilica-rower-40\/#primaryimage\"},\"image\":{\"@id\":\"https:\/\/abilica.com\/sv\/kondition\/roddmaskiner\/abilica-rower-40\/#primaryimage\"},\"thumbnailUrl\":\"https:\/\/abilica.com\/wp-content\/uploads\/2023\/03\/rower406.jpg\",\"datePublished\":\"2023-03-08T11:45:01+00:00\",\"dateModified\":\"2024-10-20T08:35:44+00:00\",\"breadcrumb\":{\"@id\":\"https:\/\/abilica.com\/sv\/kondition\/roddmaskiner\/abilica-rower-40\/#breadcrumb\"},\"inLanguage\":\"sv-SE\",\"potentialAction\":[{\"@type\":\"ReadAction\",\"target\":[\"https:\/\/abilica.com\/sv\/kondition\/roddmaskiner\/abilica-rower-40\/\"]}]},{\"@type\":\"ImageObject\",\"inLanguage\":\"sv-SE\",\"@id\":\"https:\/\/abilica.com\/sv\/kondition\/roddmaskiner\/abilica-rower-40\/#primaryimage\",\"url\":\"https:\/\/abilica.com\/wp-content\/uploads\/2023\/03\/rower406.jpg\",\"contentUrl\":\"https:\/\/abilica.com\/wp-content\/uploads\/2023\/03\/rower406.jpg\",\"width\":1200,\"height\":1200},{\"@type\":\"BreadcrumbList\",\"@id\":\"https:\/\/abilica.com\/sv\/kondition\/roddmaskiner\/abilica-rower-40\/#breadcrumb\",\"itemListElement\":[{\"@type\":\"ListItem\",\"position\":1,\"name\":\"Hem\",\"item\":\"https:\/\/abilica.com\/sv\/\"},{\"@type\":\"ListItem\",\"position\":2,\"name\":\"Produkter\",\"item\":\"https:\/\/abilica.com\/sv\/shop\/\"},{\"@type\":\"ListItem\",\"position\":3,\"name\":\"Abilica Rower 40\"}]},{\"@type\":\"WebSite\",\"@id\":\"https:\/\/abilica.com\/#website\",\"url\":\"https:\/\/abilica.com\/\",\"name\":\"Abilica\",\"description\":\"Abilica Home Training\",\"potentialAction\":[{\"@type\":\"SearchAction\",\"target\":{\"@type\":\"EntryPoint\",\"urlTemplate\":\"https:\/\/abilica.com\/?s={search_term_string}\"},\"query-input\":{\"@type\":\"PropertyValueSpecification\",\"valueRequired\":true,\"valueName\":\"search_term_string\"}}],\"inLanguage\":\"sv-SE\"}]}<\/script>\n<!-- \/ Yoast SEO Premium plugin. -->","yoast_head_json":{"title":"Abilica Rower 40 Abilica","robots":{"index":"index","follow":"follow","max-snippet":"max-snippet:-1","max-image-preview":"max-image-preview:large","max-video-preview":"max-video-preview:-1"},"canonical":"https:\/\/abilica.com\/sv\/kondition\/roddmaskiner\/abilica-rower-40\/","og_locale":"sv_SE","og_type":"article","og_title":"Abilica Rower 40","og_description":"[vc_row][vc_column][vc_column_text]Abilica Rower 40 \u00e4r en platsbesparande och solid roddmaskin f\u00f6r tr\u00e4ning av hela kroppen hemma....","og_url":"https:\/\/abilica.com\/sv\/kondition\/roddmaskiner\/abilica-rower-40\/","og_site_name":"Abilica","article_publisher":"https:\/\/www.facebook.com\/abilicahometraining\/","article_modified_time":"2024-10-20T08:35:44+00:00","og_image":[{"width":1200,"height":1200,"url":"https:\/\/abilica.com\/wp-content\/uploads\/2023\/03\/rower406.jpg","type":"image\/jpeg"}],"twitter_card":"summary_large_image","twitter_misc":{"Ber\u00e4knad l\u00e4stid":"2 minuter"},"schema":{"@context":"https:\/\/schema.org","@graph":[{"@type":"WebPage","@id":"https:\/\/abilica.com\/sv\/kondition\/roddmaskiner\/abilica-rower-40\/","url":"https:\/\/abilica.com\/sv\/kondition\/roddmaskiner\/abilica-rower-40\/","name":"Abilica Rower 40 Abilica","isPartOf":{"@id":"https:\/\/abilica.com\/#website"},"primaryImageOfPage":{"@id":"https:\/\/abilica.com\/sv\/kondition\/roddmaskiner\/abilica-rower-40\/#primaryimage"},"image":{"@id":"https:\/\/abilica.com\/sv\/kondition\/roddmaskiner\/abilica-rower-40\/#primaryimage"},"thumbnailUrl":"https:\/\/abilica.com\/wp-content\/uploads\/2023\/03\/rower406.jpg","datePublished":"2023-03-08T11:45:01+00:00","dateModified":"2024-10-20T08:35:44+00:00","breadcrumb":{"@id":"https:\/\/abilica.com\/sv\/kondition\/roddmaskiner\/abilica-rower-40\/#breadcrumb"},"inLanguage":"sv-SE","potentialAction":[{"@type":"ReadAction","target":["https:\/\/abilica.com\/sv\/kondition\/roddmaskiner\/abilica-rower-40\/"]}]},{"@type":"ImageObject","inLanguage":"sv-SE","@id":"https:\/\/abilica.com\/sv\/kondition\/roddmaskiner\/abilica-rower-40\/#primaryimage","url":"https:\/\/abilica.com\/wp-content\/uploads\/2023\/03\/rower406.jpg","contentUrl":"https:\/\/abilica.com\/wp-content\/uploads\/2023\/03\/rower406.jpg","width":1200,"height":1200},{"@type":"BreadcrumbList","@id":"https:\/\/abilica.com\/sv\/kondition\/roddmaskiner\/abilica-rower-40\/#breadcrumb","itemListElement":[{"@type":"ListItem","position":1,"name":"Hem","item":"https:\/\/abilica.com\/sv\/"},{"@type":"ListItem","position":2,"name":"Produkter","item":"https:\/\/abilica.com\/sv\/shop\/"},{"@type":"ListItem","position":3,"name":"Abilica Rower 40"}]},{"@type":"WebSite","@id":"https:\/\/abilica.com\/#website","url":"https:\/\/abilica.com\/","name":"Abilica","description":"Abilica Home Training","potentialAction":[{"@type":"SearchAction","target":{"@type":"EntryPoint","urlTemplate":"https:\/\/abilica.com\/?s={search_term_string}"},"query-input":{"@type":"PropertyValueSpecification","valueRequired":true,"valueName":"search_term_string"}}],"inLanguage":"sv-SE"}]}},"_links":{"self":[{"href":"https:\/\/abilica.com\/sv\/wp-json\/wp\/v2\/product\/31477","targetHints":{"allow":["GET"]}}],"collection":[{"href":"https:\/\/abilica.com\/sv\/wp-json\/wp\/v2\/product"}],"about":[{"href":"https:\/\/abilica.com\/sv\/wp-json\/wp\/v2\/types\/product"}],"wp:featuredmedia":[{"embeddable":true,"href":"https:\/\/abilica.com\/sv\/wp-json\/wp\/v2\/media\/66187"}],"wp:attachment":[{"href":"https:\/\/abilica.com\/sv\/wp-json\/wp\/v2\/media?parent=31477"}],"wp:term":[{"taxonomy":"product_brand","embeddable":true,"href":"https:\/\/abilica.com\/sv\/wp-json\/wp\/v2\/product_brand?post=31477"},{"taxonomy":"product_cat","embeddable":true,"href":"https:\/\/abilica.com\/sv\/wp-json\/wp\/v2\/product_cat?post=31477"},{"taxonomy":"product_tag","embeddable":true,"href":"https:\/\/abilica.com\/sv\/wp-json\/wp\/v2\/product_tag?post=31477"}],"curies":[{"name":"wp","href":"https:\/\/api.w.org\/{rel}","templated":true}]}}