{"id":31669,"date":"2023-05-11T11:46:14","date_gmt":"2023-05-11T10:46:14","guid":{"rendered":"https:\/\/abilica.com\/se\/?post_type=product&#038;p=31669"},"modified":"2023-11-02T10:02:27","modified_gmt":"2023-11-02T09:02:27","slug":"abilica-lat-attachment-40","status":"publish","type":"product","link":"https:\/\/abilica.com\/sv\/styrka\/cage-rack-2\/abilica-lat-attachment-40\/","title":{"rendered":"Abilica Lat-Attachment 40"},"content":{"rendered":"<div class=\"wpb-content-wrapper\"><p>[vc_row][vc_column][vc_column_text]Abilica Lat-Attachment \u00e4r tillbeh\u00f6ret som g\u00f6r din PowerRack 40 eller HalfRack 40 till ett komplett tr\u00e4ningsst\u00e4ll. Station f\u00f6r neddragning och sittande rodd f\u00f6r <strong><a href=\"https:\/\/abilica.com\/se\/styrka\/abilica-powerrack-40\/\">Abilica PowerRack 40<\/a><\/strong> och Abilica HalfRack 40. Passar ocks\u00e5 till Abilica HalfRack 010 om du har det. Abilica Lat-Attachment 40 \u00e4r f\u00f6rsedd med en justerbar l\u00e5rkudde som g\u00f6r det enkelt f\u00f6r dig att beh\u00e5lla positionen under vertikala drag\u00f6vningar som till exempel neddragningar. F\u00f6r den som gillar sittande rodd kan du \u00e4ven s\u00e4tta p\u00e5 de medf\u00f6ljande fotplattorna som ger dig extra bra fotf\u00e4ste vid horisontella drag\u00f6vningar. Viktskivadapter f\u00f6r 50 mm ing\u00e5r, vilket g\u00f6r att du kan anv\u00e4nda tillv\u00e4xtskivor med h\u00e5ldiametrar fr\u00e5n 25 mm upp till 50 mm. Last skapas med viktskivor (ing\u00e5r ej) som placeras p\u00e5 vikthylsorna.<\/p>\n<p><b>SPECIFIKATIONER<span class=\"Apple-converted-space\"><br \/>\n<\/span><\/b>M\u00e5tt monterad: 36 x 45 x 218 cm (L x B x H)<span class=\"Apple-converted-space\"><br \/>\n<\/span>Ramstorlek: 60 x 60 cm<span class=\"Apple-converted-space\"><br \/>\n<\/span>St\u00e5ltjocklek: 2 mm<span class=\"Apple-converted-space\"><br \/>\n<\/span>Max belastning: 100 kg<span class=\"Apple-converted-space\"><br \/>\n<\/span>Produktvikt: 25 kg[\/vc_column_text][\/vc_column][\/vc_row]<\/p>\n<\/div>","protected":false},"excerpt":{"rendered":"<p>[vc_row][vc_column][vc_column_text]Abilica Lat-Attachment \u00e4r tillbeh\u00f6ret som g\u00f6r din PowerRack 40 eller HalfRack 40 till ett komplett&#8230;<\/p>\n","protected":false},"featured_media":15909,"template":"","meta":{"_acf_changed":false},"product_brand":[],"product_cat":[464,513,471],"product_tag":[49],"class_list":{"0":"post-31669","1":"product","2":"type-product","3":"status-publish","4":"has-post-thumbnail","6":"product_cat-cage-rack","7":"product_cat-cage-rack-2","8":"product_cat-styrka","9":"product_tag-premium","11":"first","12":"outofstock","13":"product-type-simple"},"acf":[],"yoast_head":"<!-- This site is optimized with the Yoast SEO Premium plugin v21.1 (Yoast SEO v25.4) - https:\/\/yoast.com\/wordpress\/plugins\/seo\/ -->\n<title>Abilica Lat-Attachment 40 Abilica<\/title>\n<meta name=\"robots\" content=\"index, follow, max-snippet:-1, max-image-preview:large, max-video-preview:-1\" \/>\n<link rel=\"canonical\" href=\"https:\/\/abilica.com\/sv\/styrka\/cage-rack-2\/abilica-lat-attachment-40\/\" \/>\n<meta property=\"og:locale\" content=\"sv_SE\" \/>\n<meta property=\"og:type\" content=\"article\" \/>\n<meta property=\"og:title\" content=\"Abilica Lat-Attachment 40\" \/>\n<meta property=\"og:description\" content=\"[vc_row][vc_column][vc_column_text]Abilica Lat-Attachment \u00e4r tillbeh\u00f6ret som g\u00f6r din PowerRack 40 eller HalfRack 40 till ett komplett...\" \/>\n<meta property=\"og:url\" content=\"https:\/\/abilica.com\/sv\/styrka\/cage-rack-2\/abilica-lat-attachment-40\/\" \/>\n<meta property=\"og:site_name\" content=\"Abilica\" \/>\n<meta property=\"article:publisher\" content=\"https:\/\/www.facebook.com\/abilicahometraining\/\" \/>\n<meta property=\"article:modified_time\" content=\"2023-11-02T09:02:27+00:00\" \/>\n<meta property=\"og:image\" content=\"https:\/\/abilica.com\/wp-content\/uploads\/2017\/03\/300078.jpg\" \/>\n\t<meta property=\"og:image:width\" content=\"1200\" \/>\n\t<meta property=\"og:image:height\" content=\"1200\" \/>\n\t<meta property=\"og:image:type\" content=\"image\/jpeg\" \/>\n<meta name=\"twitter:card\" content=\"summary_large_image\" \/>\n<meta name=\"twitter:label1\" content=\"Ber\u00e4knad l\u00e4stid\" \/>\n\t<meta name=\"twitter:data1\" content=\"1 minut\" \/>\n<script type=\"application\/ld+json\" class=\"yoast-schema-graph\">{\"@context\":\"https:\/\/schema.org\",\"@graph\":[{\"@type\":\"WebPage\",\"@id\":\"https:\/\/abilica.com\/sv\/styrka\/cage-rack-2\/abilica-lat-attachment-40\/\",\"url\":\"https:\/\/abilica.com\/sv\/styrka\/cage-rack-2\/abilica-lat-attachment-40\/\",\"name\":\"Abilica Lat-Attachment 40 Abilica\",\"isPartOf\":{\"@id\":\"https:\/\/abilica.com\/#website\"},\"primaryImageOfPage\":{\"@id\":\"https:\/\/abilica.com\/sv\/styrka\/cage-rack-2\/abilica-lat-attachment-40\/#primaryimage\"},\"image\":{\"@id\":\"https:\/\/abilica.com\/sv\/styrka\/cage-rack-2\/abilica-lat-attachment-40\/#primaryimage\"},\"thumbnailUrl\":\"https:\/\/abilica.com\/wp-content\/uploads\/2017\/03\/300078.jpg\",\"datePublished\":\"2023-05-11T10:46:14+00:00\",\"dateModified\":\"2023-11-02T09:02:27+00:00\",\"breadcrumb\":{\"@id\":\"https:\/\/abilica.com\/sv\/styrka\/cage-rack-2\/abilica-lat-attachment-40\/#breadcrumb\"},\"inLanguage\":\"sv-SE\",\"potentialAction\":[{\"@type\":\"ReadAction\",\"target\":[\"https:\/\/abilica.com\/sv\/styrka\/cage-rack-2\/abilica-lat-attachment-40\/\"]}]},{\"@type\":\"ImageObject\",\"inLanguage\":\"sv-SE\",\"@id\":\"https:\/\/abilica.com\/sv\/styrka\/cage-rack-2\/abilica-lat-attachment-40\/#primaryimage\",\"url\":\"https:\/\/abilica.com\/wp-content\/uploads\/2017\/03\/300078.jpg\",\"contentUrl\":\"https:\/\/abilica.com\/wp-content\/uploads\/2017\/03\/300078.jpg\",\"width\":1200,\"height\":1200},{\"@type\":\"BreadcrumbList\",\"@id\":\"https:\/\/abilica.com\/sv\/styrka\/cage-rack-2\/abilica-lat-attachment-40\/#breadcrumb\",\"itemListElement\":[{\"@type\":\"ListItem\",\"position\":1,\"name\":\"Hem\",\"item\":\"https:\/\/abilica.com\/sv\/\"},{\"@type\":\"ListItem\",\"position\":2,\"name\":\"Produkter\",\"item\":\"https:\/\/abilica.com\/sv\/shop\/\"},{\"@type\":\"ListItem\",\"position\":3,\"name\":\"Abilica Lat-Attachment 40\"}]},{\"@type\":\"WebSite\",\"@id\":\"https:\/\/abilica.com\/#website\",\"url\":\"https:\/\/abilica.com\/\",\"name\":\"Abilica\",\"description\":\"Abilica Home Training\",\"potentialAction\":[{\"@type\":\"SearchAction\",\"target\":{\"@type\":\"EntryPoint\",\"urlTemplate\":\"https:\/\/abilica.com\/?s={search_term_string}\"},\"query-input\":{\"@type\":\"PropertyValueSpecification\",\"valueRequired\":true,\"valueName\":\"search_term_string\"}}],\"inLanguage\":\"sv-SE\"}]}<\/script>\n<!-- \/ Yoast SEO Premium plugin. -->","yoast_head_json":{"title":"Abilica Lat-Attachment 40 Abilica","robots":{"index":"index","follow":"follow","max-snippet":"max-snippet:-1","max-image-preview":"max-image-preview:large","max-video-preview":"max-video-preview:-1"},"canonical":"https:\/\/abilica.com\/sv\/styrka\/cage-rack-2\/abilica-lat-attachment-40\/","og_locale":"sv_SE","og_type":"article","og_title":"Abilica Lat-Attachment 40","og_description":"[vc_row][vc_column][vc_column_text]Abilica Lat-Attachment \u00e4r tillbeh\u00f6ret som g\u00f6r din PowerRack 40 eller HalfRack 40 till ett komplett...","og_url":"https:\/\/abilica.com\/sv\/styrka\/cage-rack-2\/abilica-lat-attachment-40\/","og_site_name":"Abilica","article_publisher":"https:\/\/www.facebook.com\/abilicahometraining\/","article_modified_time":"2023-11-02T09:02:27+00:00","og_image":[{"width":1200,"height":1200,"url":"https:\/\/abilica.com\/wp-content\/uploads\/2017\/03\/300078.jpg","type":"image\/jpeg"}],"twitter_card":"summary_large_image","twitter_misc":{"Ber\u00e4knad l\u00e4stid":"1 minut"},"schema":{"@context":"https:\/\/schema.org","@graph":[{"@type":"WebPage","@id":"https:\/\/abilica.com\/sv\/styrka\/cage-rack-2\/abilica-lat-attachment-40\/","url":"https:\/\/abilica.com\/sv\/styrka\/cage-rack-2\/abilica-lat-attachment-40\/","name":"Abilica Lat-Attachment 40 Abilica","isPartOf":{"@id":"https:\/\/abilica.com\/#website"},"primaryImageOfPage":{"@id":"https:\/\/abilica.com\/sv\/styrka\/cage-rack-2\/abilica-lat-attachment-40\/#primaryimage"},"image":{"@id":"https:\/\/abilica.com\/sv\/styrka\/cage-rack-2\/abilica-lat-attachment-40\/#primaryimage"},"thumbnailUrl":"https:\/\/abilica.com\/wp-content\/uploads\/2017\/03\/300078.jpg","datePublished":"2023-05-11T10:46:14+00:00","dateModified":"2023-11-02T09:02:27+00:00","breadcrumb":{"@id":"https:\/\/abilica.com\/sv\/styrka\/cage-rack-2\/abilica-lat-attachment-40\/#breadcrumb"},"inLanguage":"sv-SE","potentialAction":[{"@type":"ReadAction","target":["https:\/\/abilica.com\/sv\/styrka\/cage-rack-2\/abilica-lat-attachment-40\/"]}]},{"@type":"ImageObject","inLanguage":"sv-SE","@id":"https:\/\/abilica.com\/sv\/styrka\/cage-rack-2\/abilica-lat-attachment-40\/#primaryimage","url":"https:\/\/abilica.com\/wp-content\/uploads\/2017\/03\/300078.jpg","contentUrl":"https:\/\/abilica.com\/wp-content\/uploads\/2017\/03\/300078.jpg","width":1200,"height":1200},{"@type":"BreadcrumbList","@id":"https:\/\/abilica.com\/sv\/styrka\/cage-rack-2\/abilica-lat-attachment-40\/#breadcrumb","itemListElement":[{"@type":"ListItem","position":1,"name":"Hem","item":"https:\/\/abilica.com\/sv\/"},{"@type":"ListItem","position":2,"name":"Produkter","item":"https:\/\/abilica.com\/sv\/shop\/"},{"@type":"ListItem","position":3,"name":"Abilica Lat-Attachment 40"}]},{"@type":"WebSite","@id":"https:\/\/abilica.com\/#website","url":"https:\/\/abilica.com\/","name":"Abilica","description":"Abilica Home Training","potentialAction":[{"@type":"SearchAction","target":{"@type":"EntryPoint","urlTemplate":"https:\/\/abilica.com\/?s={search_term_string}"},"query-input":{"@type":"PropertyValueSpecification","valueRequired":true,"valueName":"search_term_string"}}],"inLanguage":"sv-SE"}]}},"_links":{"self":[{"href":"https:\/\/abilica.com\/sv\/wp-json\/wp\/v2\/product\/31669","targetHints":{"allow":["GET"]}}],"collection":[{"href":"https:\/\/abilica.com\/sv\/wp-json\/wp\/v2\/product"}],"about":[{"href":"https:\/\/abilica.com\/sv\/wp-json\/wp\/v2\/types\/product"}],"wp:featuredmedia":[{"embeddable":true,"href":"https:\/\/abilica.com\/sv\/wp-json\/wp\/v2\/media\/15909"}],"wp:attachment":[{"href":"https:\/\/abilica.com\/sv\/wp-json\/wp\/v2\/media?parent=31669"}],"wp:term":[{"taxonomy":"product_brand","embeddable":true,"href":"https:\/\/abilica.com\/sv\/wp-json\/wp\/v2\/product_brand?post=31669"},{"taxonomy":"product_cat","embeddable":true,"href":"https:\/\/abilica.com\/sv\/wp-json\/wp\/v2\/product_cat?post=31669"},{"taxonomy":"product_tag","embeddable":true,"href":"https:\/\/abilica.com\/sv\/wp-json\/wp\/v2\/product_tag?post=31669"}],"curies":[{"name":"wp","href":"https:\/\/api.w.org\/{rel}","templated":true}]}}