{"id":31699,"date":"2023-05-26T12:46:12","date_gmt":"2023-05-26T11:46:12","guid":{"rendered":"https:\/\/abilica.com\/se\/?post_type=product&#038;p=31699"},"modified":"2024-01-17T12:36:30","modified_gmt":"2024-01-17T11:36:30","slug":"abilica-premium-toprower-2-0-computer","status":"publish","type":"product","link":"https:\/\/abilica.com\/sv\/kondition\/roddmaskiner\/abilica-premium-toprower-2-0-computer\/","title":{"rendered":"Abilica Premium TopRower 2.0 Computer"},"content":{"rendered":"<div class=\"wpb-content-wrapper\"><p>[vc_row][vc_column][vc_column_text]Uppgraderad dator som kan anv\u00e4ndas p\u00e5 Abilica Premium TopRower.\u00a0Dator med ny setup som ger en bra \u00f6verblick \u00f6ver alla v\u00e4rden som beh\u00f6vs under ett tr\u00e4ningspass. Med bra anpassningar till b\u00e5de nedr\u00e4kningsfunktionen och intervallfunktionen \u00e4r denna dator en s\u00e4ker motivationsboost i din tr\u00e4ning. Du kan ocks\u00e5 f\u00f6rinst\u00e4lla \u00f6nskad m\u00e5luppfyllelse f\u00f6r tr\u00e4ningspasset och f\u00e5 en bra sammanfattning efter\u00e5t. Datorn kan \u00e4ven kopplas till Kinomap om du vill se tr\u00e4ningsfilmer, eller till D-Fit f\u00f6r att logga tr\u00e4ningspass. Skillnaderna och f\u00f6rb\u00e4ttringarna fr\u00e5n datorn p\u00e5 Abilica Premium TopRower \u00e4r markerade i den tekniska infon nedan.<\/p>\n<div><\/div>\n<div><strong>Teknisk information\u00a0<\/strong><\/div>\n<div>Tid och datum<\/div>\n<div>Total meter och ber\u00e4knad total meter\/30 min (Nyhet!)<\/div>\n<div>Tid, ber\u00e4knad tid p\u00e5 500 meter och medeltid per 500 meter (Nyhet!)<\/div>\n<div>Rotag per minut och total rotag<\/div>\n<div>Kalorier och ber\u00e4knade kalorier\/60 min<\/div>\n<div>Watt och genomsnittliga watt<\/div>\n<div>Intervalltr\u00e4ning: Tid, distans, kalorier (Nyhet!)<\/div>\n<div>Nedr\u00e4kning: Tid, distans, kalorier<\/div>\n<div>Kan kopplas till appar (Nyhet!)<\/div>\n<div>Pulskompatibel med 5,3k hz b\u00e4lten<\/div>\n<div>Minnesl\u00e4ge (Nyhet!)<\/div>\n<div>Sammanfattningsfunktion (F\u00f6rb\u00e4ttrad!)<\/div>\n<div>Batteri ing\u00e5r ej. (Beh\u00f6vs f\u00f6r att kunna anv\u00e4nda intervall- och nedr\u00e4kningsfunktionen)<\/div>\n<div><\/div>\n<div><b>Storlek och vikt\u00a0<\/b><\/div>\n<div>Storlek dator: 18 x 15 x 6,5 cm (L x B x H)<\/div>\n<div>Sk\u00e4rmstorlek: 5,5&#8242; sk\u00e4rm<\/div>\n<div>Vikt: 570 gram<\/div>\n<p>[\/vc_column_text][vc_empty_space height=&#8221;52px&#8221;][vc_btn title=&#8221;Anv\u00e4ndarmanual&#8221; style=&#8221;flat&#8221; color=&#8221;black&#8221; i_icon_fontawesome=&#8221;far fa-file-pdf&#8221; add_icon=&#8221;true&#8221; link=&#8221;url:https%3A%2F%2Fabilica.com%2Fse%2Fwp-content%2Fuploads%2F2023%2F05%2FAB_Premium-TopRower-2.0-Computer_Rev_1_230510.pdf&#8221;][\/vc_column][\/vc_row]<\/p>\n<\/div>","protected":false},"excerpt":{"rendered":"<p>[vc_row][vc_column][vc_column_text]Uppgraderad dator som kan anv\u00e4ndas p\u00e5 Abilica Premium TopRower.\u00a0Dator med ny setup som ger en&#8230;<\/p>\n","protected":false},"featured_media":31698,"template":"","meta":{"_acf_changed":false},"product_brand":[],"product_cat":[475,494],"product_tag":[49],"class_list":{"0":"post-31699","1":"product","2":"type-product","3":"status-publish","4":"has-post-thumbnail","6":"product_cat-kondition","7":"product_cat-roddmaskiner","8":"product_tag-premium","10":"first","11":"instock","12":"product-type-simple"},"acf":[],"yoast_head":"<!-- This site is optimized with the Yoast SEO Premium plugin v21.1 (Yoast SEO v25.4) - https:\/\/yoast.com\/wordpress\/plugins\/seo\/ -->\n<title>Abilica Premium TopRower 2.0 Computer Abilica<\/title>\n<meta name=\"robots\" content=\"index, follow, max-snippet:-1, max-image-preview:large, max-video-preview:-1\" \/>\n<link rel=\"canonical\" href=\"https:\/\/abilica.com\/sv\/kondition\/roddmaskiner\/abilica-premium-toprower-2-0-computer\/\" \/>\n<meta property=\"og:locale\" content=\"sv_SE\" \/>\n<meta property=\"og:type\" content=\"article\" \/>\n<meta property=\"og:title\" content=\"Abilica Premium TopRower 2.0 Computer\" \/>\n<meta property=\"og:description\" content=\"[vc_row][vc_column][vc_column_text]Uppgraderad dator som kan anv\u00e4ndas p\u00e5 Abilica Premium TopRower.\u00a0Dator med ny setup som ger en...\" \/>\n<meta property=\"og:url\" content=\"https:\/\/abilica.com\/sv\/kondition\/roddmaskiner\/abilica-premium-toprower-2-0-computer\/\" \/>\n<meta property=\"og:site_name\" content=\"Abilica\" \/>\n<meta property=\"article:publisher\" content=\"https:\/\/www.facebook.com\/abilicahometraining\/\" \/>\n<meta property=\"article:modified_time\" content=\"2024-01-17T11:36:30+00:00\" \/>\n<meta property=\"og:image\" content=\"https:\/\/abilica.com\/wp-content\/uploads\/2023\/05\/1.jpg\" \/>\n\t<meta property=\"og:image:width\" content=\"1200\" \/>\n\t<meta property=\"og:image:height\" content=\"1200\" \/>\n\t<meta property=\"og:image:type\" content=\"image\/jpeg\" \/>\n<meta name=\"twitter:card\" content=\"summary_large_image\" \/>\n<meta name=\"twitter:label1\" content=\"Ber\u00e4knad l\u00e4stid\" \/>\n\t<meta name=\"twitter:data1\" content=\"1 minut\" \/>\n<script type=\"application\/ld+json\" class=\"yoast-schema-graph\">{\"@context\":\"https:\/\/schema.org\",\"@graph\":[{\"@type\":\"WebPage\",\"@id\":\"https:\/\/abilica.com\/sv\/kondition\/roddmaskiner\/abilica-premium-toprower-2-0-computer\/\",\"url\":\"https:\/\/abilica.com\/sv\/kondition\/roddmaskiner\/abilica-premium-toprower-2-0-computer\/\",\"name\":\"Abilica Premium TopRower 2.0 Computer Abilica\",\"isPartOf\":{\"@id\":\"https:\/\/abilica.com\/#website\"},\"primaryImageOfPage\":{\"@id\":\"https:\/\/abilica.com\/sv\/kondition\/roddmaskiner\/abilica-premium-toprower-2-0-computer\/#primaryimage\"},\"image\":{\"@id\":\"https:\/\/abilica.com\/sv\/kondition\/roddmaskiner\/abilica-premium-toprower-2-0-computer\/#primaryimage\"},\"thumbnailUrl\":\"https:\/\/abilica.com\/wp-content\/uploads\/2023\/05\/1.jpg\",\"datePublished\":\"2023-05-26T11:46:12+00:00\",\"dateModified\":\"2024-01-17T11:36:30+00:00\",\"breadcrumb\":{\"@id\":\"https:\/\/abilica.com\/sv\/kondition\/roddmaskiner\/abilica-premium-toprower-2-0-computer\/#breadcrumb\"},\"inLanguage\":\"sv-SE\",\"potentialAction\":[{\"@type\":\"ReadAction\",\"target\":[\"https:\/\/abilica.com\/sv\/kondition\/roddmaskiner\/abilica-premium-toprower-2-0-computer\/\"]}]},{\"@type\":\"ImageObject\",\"inLanguage\":\"sv-SE\",\"@id\":\"https:\/\/abilica.com\/sv\/kondition\/roddmaskiner\/abilica-premium-toprower-2-0-computer\/#primaryimage\",\"url\":\"https:\/\/abilica.com\/wp-content\/uploads\/2023\/05\/1.jpg\",\"contentUrl\":\"https:\/\/abilica.com\/wp-content\/uploads\/2023\/05\/1.jpg\",\"width\":1200,\"height\":1200},{\"@type\":\"BreadcrumbList\",\"@id\":\"https:\/\/abilica.com\/sv\/kondition\/roddmaskiner\/abilica-premium-toprower-2-0-computer\/#breadcrumb\",\"itemListElement\":[{\"@type\":\"ListItem\",\"position\":1,\"name\":\"Hem\",\"item\":\"https:\/\/abilica.com\/sv\/\"},{\"@type\":\"ListItem\",\"position\":2,\"name\":\"Produkter\",\"item\":\"https:\/\/abilica.com\/sv\/shop\/\"},{\"@type\":\"ListItem\",\"position\":3,\"name\":\"Abilica Premium TopRower 2.0 Computer\"}]},{\"@type\":\"WebSite\",\"@id\":\"https:\/\/abilica.com\/#website\",\"url\":\"https:\/\/abilica.com\/\",\"name\":\"Abilica\",\"description\":\"Abilica Home Training\",\"potentialAction\":[{\"@type\":\"SearchAction\",\"target\":{\"@type\":\"EntryPoint\",\"urlTemplate\":\"https:\/\/abilica.com\/?s={search_term_string}\"},\"query-input\":{\"@type\":\"PropertyValueSpecification\",\"valueRequired\":true,\"valueName\":\"search_term_string\"}}],\"inLanguage\":\"sv-SE\"}]}<\/script>\n<!-- \/ Yoast SEO Premium plugin. -->","yoast_head_json":{"title":"Abilica Premium TopRower 2.0 Computer Abilica","robots":{"index":"index","follow":"follow","max-snippet":"max-snippet:-1","max-image-preview":"max-image-preview:large","max-video-preview":"max-video-preview:-1"},"canonical":"https:\/\/abilica.com\/sv\/kondition\/roddmaskiner\/abilica-premium-toprower-2-0-computer\/","og_locale":"sv_SE","og_type":"article","og_title":"Abilica Premium TopRower 2.0 Computer","og_description":"[vc_row][vc_column][vc_column_text]Uppgraderad dator som kan anv\u00e4ndas p\u00e5 Abilica Premium TopRower.\u00a0Dator med ny setup som ger en...","og_url":"https:\/\/abilica.com\/sv\/kondition\/roddmaskiner\/abilica-premium-toprower-2-0-computer\/","og_site_name":"Abilica","article_publisher":"https:\/\/www.facebook.com\/abilicahometraining\/","article_modified_time":"2024-01-17T11:36:30+00:00","og_image":[{"width":1200,"height":1200,"url":"https:\/\/abilica.com\/wp-content\/uploads\/2023\/05\/1.jpg","type":"image\/jpeg"}],"twitter_card":"summary_large_image","twitter_misc":{"Ber\u00e4knad l\u00e4stid":"1 minut"},"schema":{"@context":"https:\/\/schema.org","@graph":[{"@type":"WebPage","@id":"https:\/\/abilica.com\/sv\/kondition\/roddmaskiner\/abilica-premium-toprower-2-0-computer\/","url":"https:\/\/abilica.com\/sv\/kondition\/roddmaskiner\/abilica-premium-toprower-2-0-computer\/","name":"Abilica Premium TopRower 2.0 Computer Abilica","isPartOf":{"@id":"https:\/\/abilica.com\/#website"},"primaryImageOfPage":{"@id":"https:\/\/abilica.com\/sv\/kondition\/roddmaskiner\/abilica-premium-toprower-2-0-computer\/#primaryimage"},"image":{"@id":"https:\/\/abilica.com\/sv\/kondition\/roddmaskiner\/abilica-premium-toprower-2-0-computer\/#primaryimage"},"thumbnailUrl":"https:\/\/abilica.com\/wp-content\/uploads\/2023\/05\/1.jpg","datePublished":"2023-05-26T11:46:12+00:00","dateModified":"2024-01-17T11:36:30+00:00","breadcrumb":{"@id":"https:\/\/abilica.com\/sv\/kondition\/roddmaskiner\/abilica-premium-toprower-2-0-computer\/#breadcrumb"},"inLanguage":"sv-SE","potentialAction":[{"@type":"ReadAction","target":["https:\/\/abilica.com\/sv\/kondition\/roddmaskiner\/abilica-premium-toprower-2-0-computer\/"]}]},{"@type":"ImageObject","inLanguage":"sv-SE","@id":"https:\/\/abilica.com\/sv\/kondition\/roddmaskiner\/abilica-premium-toprower-2-0-computer\/#primaryimage","url":"https:\/\/abilica.com\/wp-content\/uploads\/2023\/05\/1.jpg","contentUrl":"https:\/\/abilica.com\/wp-content\/uploads\/2023\/05\/1.jpg","width":1200,"height":1200},{"@type":"BreadcrumbList","@id":"https:\/\/abilica.com\/sv\/kondition\/roddmaskiner\/abilica-premium-toprower-2-0-computer\/#breadcrumb","itemListElement":[{"@type":"ListItem","position":1,"name":"Hem","item":"https:\/\/abilica.com\/sv\/"},{"@type":"ListItem","position":2,"name":"Produkter","item":"https:\/\/abilica.com\/sv\/shop\/"},{"@type":"ListItem","position":3,"name":"Abilica Premium TopRower 2.0 Computer"}]},{"@type":"WebSite","@id":"https:\/\/abilica.com\/#website","url":"https:\/\/abilica.com\/","name":"Abilica","description":"Abilica Home Training","potentialAction":[{"@type":"SearchAction","target":{"@type":"EntryPoint","urlTemplate":"https:\/\/abilica.com\/?s={search_term_string}"},"query-input":{"@type":"PropertyValueSpecification","valueRequired":true,"valueName":"search_term_string"}}],"inLanguage":"sv-SE"}]}},"_links":{"self":[{"href":"https:\/\/abilica.com\/sv\/wp-json\/wp\/v2\/product\/31699","targetHints":{"allow":["GET"]}}],"collection":[{"href":"https:\/\/abilica.com\/sv\/wp-json\/wp\/v2\/product"}],"about":[{"href":"https:\/\/abilica.com\/sv\/wp-json\/wp\/v2\/types\/product"}],"wp:featuredmedia":[{"embeddable":true,"href":"https:\/\/abilica.com\/sv\/wp-json\/wp\/v2\/media\/31698"}],"wp:attachment":[{"href":"https:\/\/abilica.com\/sv\/wp-json\/wp\/v2\/media?parent=31699"}],"wp:term":[{"taxonomy":"product_brand","embeddable":true,"href":"https:\/\/abilica.com\/sv\/wp-json\/wp\/v2\/product_brand?post=31699"},{"taxonomy":"product_cat","embeddable":true,"href":"https:\/\/abilica.com\/sv\/wp-json\/wp\/v2\/product_cat?post=31699"},{"taxonomy":"product_tag","embeddable":true,"href":"https:\/\/abilica.com\/sv\/wp-json\/wp\/v2\/product_tag?post=31699"}],"curies":[{"name":"wp","href":"https:\/\/api.w.org\/{rel}","templated":true}]}}