{"id":31714,"date":"2023-06-06T10:45:01","date_gmt":"2023-06-06T09:45:01","guid":{"rendered":"https:\/\/abilica.com\/se\/?post_type=product&#038;p=31714"},"modified":"2026-01-14T09:17:27","modified_gmt":"2026-01-14T08:17:27","slug":"abilica-flextower-2-0","status":"publish","type":"product","link":"https:\/\/abilica.com\/sv\/styrka\/abilica-flextower-2-0\/","title":{"rendered":"Abilica FlexTower 2.0"},"content":{"rendered":"<div class=\"wpb-content-wrapper\"><p>[vc_row][vc_column][vc_column_text]Abilica FlexTower 2.0 \u00e4r en anv\u00e4ndbar kabelstation med stora variationsm\u00f6jligheter. Kabelstationen har ett r\u00f6rligt tr\u00e5duttag som justeras i h\u00f6jdled med ett enkelt handgrepp. 45 kg viktmagasin med viktintervall p\u00e5 4.5 kg per viktskiva. Drar du bara med en vajer motsvarar det 2.25 kg per viktskiva och 4.5 kg om du drar med b\u00e5da vajrarna samtidigt. B\u00e5da kablarna kan f\u00e4stas i samma handtag, eller kan placeras p\u00e5 separata handtag, vilket ger produkten ett enormt urval av olika drag-, rotations- och tryck\u00f6vningar. En h\u00f6jd p\u00e5 222 cm ger en bra arbetsyta och m\u00f6jlighet att g\u00f6ra \u00f6vningar med full effekt. Produkten m\u00e5ste f\u00e4stas p\u00e5 v\u00e4ggen innan den tas i bruk. 2 enhandshandtag ing\u00e5r. PressDown Rope, FootStrap, RowHandle, LatBar og StraightBar kan k\u00f6pas separat f\u00f6r ytterligare expansion av tr\u00e4ningsutbudet.<\/p>\n<div><\/div>\n<div><b>Specifikationer \u2028<\/b><\/div>\n<div>M\u00e5tt monterade: 55 x 48 x 222 cm (L x B x H)<\/div>\n<div>Ramstorlek: 100 x 50 mm, 70 x 30 mm<\/div>\n<div>St\u00e5ltjocklek: 15 mm<\/div>\n<div>Viktmagasin: 45 kg<\/div>\n<div>Antal viktskivor: 10 st<\/div>\n<div>Viktintervall: 4.5 kg<\/div>\n<div>Antal justeringsh\u00e5l: 20 st<\/div>\n<div>\u2028Justeringsintervall: 8 cm<\/div>\n<div>Produktvikt: 74 kg<\/div>\n<p>[\/vc_column_text][vc_column_text el_class=&#8221;product-video&#8221;]<\/p>\n<div style=\"width: 640px;\" class=\"wp-video\"><!--[if lt IE 9]><script>document.createElement('video');<\/script><![endif]-->\n<video class=\"wp-video-shortcode\" id=\"video-31714-1\" width=\"640\" height=\"360\" poster=\"https:\/\/abilica.com\/se\/wp-content\/uploads\/2020\/10\/flextower3.jpg\" preload=\"metadata\" controls=\"controls\"><source type=\"video\/mp4\" src=\"https:\/\/abilica.com\/se\/wp-content\/uploads\/2015\/07\/FlexTower-.mp4?_=1\" \/><a href=\"https:\/\/abilica.com\/se\/wp-content\/uploads\/2015\/07\/FlexTower-.mp4\">https:\/\/abilica.com\/se\/wp-content\/uploads\/2015\/07\/FlexTower-.mp4<\/a><\/video><\/div>\n<p>[\/vc_column_text][vc_empty_space height=&#8221;52px&#8221;][vc_btn title=&#8221;Anv\u00e4ndarmanual&#8221; style=&#8221;flat&#8221; color=&#8221;black&#8221; i_icon_fontawesome=&#8221;far fa-file-pdf&#8221; add_icon=&#8221;true&#8221; link=&#8221;url:https%3A%2F%2Fabilica.com%2Fse%2Fwp-content%2Fuploads%2F2023%2F06%2FAB_FlexTower2.0_Rev1_230418.pdf&#8221;][vc_btn title=&#8221;Tr\u00e4ningsprogram&#8221; style=&#8221;flat&#8221; color=&#8221;black&#8221; i_icon_fontawesome=&#8221;far fa-file-pdf&#8221; add_icon=&#8221;true&#8221; link=&#8221;url:https%3A%2F%2Fabilica.com%2Fno%2Fwp-content%2Fuploads%2F2017%2F11%2FFlexTower.pdf&#8221;][\/vc_column][\/vc_row]<\/p>\n<\/div>","protected":false},"excerpt":{"rendered":"<p>[vc_row][vc_column][vc_column_text]Abilica FlexTower 2.0 \u00e4r en anv\u00e4ndbar kabelstation med stora variationsm\u00f6jligheter. Kabelstationen har ett r\u00f6rligt tr\u00e5duttag&#8230;<\/p>\n","protected":false},"featured_media":16243,"template":"","meta":{"_acf_changed":false},"product_brand":[],"product_cat":[471],"product_tag":[],"class_list":{"0":"post-31714","1":"product","2":"type-product","3":"status-publish","4":"has-post-thumbnail","6":"product_cat-styrka","8":"first","9":"outofstock","10":"product-type-simple"},"acf":[],"yoast_head":"<!-- This site is optimized with the Yoast SEO Premium plugin v21.1 (Yoast SEO v25.4) - https:\/\/yoast.com\/wordpress\/plugins\/seo\/ -->\n<title>Abilica FlexTower 2.0 Abilica<\/title>\n<meta name=\"robots\" content=\"index, follow, max-snippet:-1, max-image-preview:large, max-video-preview:-1\" \/>\n<link rel=\"canonical\" href=\"https:\/\/abilica.com\/sv\/styrka\/abilica-flextower-2-0\/\" \/>\n<meta property=\"og:locale\" content=\"sv_SE\" \/>\n<meta property=\"og:type\" content=\"article\" \/>\n<meta property=\"og:title\" content=\"Abilica FlexTower 2.0\" \/>\n<meta property=\"og:description\" content=\"[vc_row][vc_column][vc_column_text]Abilica FlexTower 2.0 \u00e4r en anv\u00e4ndbar kabelstation med stora variationsm\u00f6jligheter. Kabelstationen har ett r\u00f6rligt tr\u00e5duttag...\" \/>\n<meta property=\"og:url\" content=\"https:\/\/abilica.com\/sv\/styrka\/abilica-flextower-2-0\/\" \/>\n<meta property=\"og:site_name\" content=\"Abilica\" \/>\n<meta property=\"article:publisher\" content=\"https:\/\/www.facebook.com\/abilicahometraining\/\" \/>\n<meta property=\"article:modified_time\" content=\"2026-01-14T08:17:27+00:00\" \/>\n<meta property=\"og:image\" content=\"https:\/\/abilica.com\/wp-content\/uploads\/2017\/03\/300305.jpg\" \/>\n\t<meta property=\"og:image:width\" content=\"1200\" \/>\n\t<meta property=\"og:image:height\" content=\"1200\" \/>\n\t<meta property=\"og:image:type\" content=\"image\/jpeg\" \/>\n<meta name=\"twitter:card\" content=\"summary_large_image\" \/>\n<meta name=\"twitter:label1\" content=\"Ber\u00e4knad l\u00e4stid\" \/>\n\t<meta name=\"twitter:data1\" content=\"1 minut\" \/>\n<script type=\"application\/ld+json\" class=\"yoast-schema-graph\">{\"@context\":\"https:\/\/schema.org\",\"@graph\":[{\"@type\":\"WebPage\",\"@id\":\"https:\/\/abilica.com\/sv\/styrka\/abilica-flextower-2-0\/\",\"url\":\"https:\/\/abilica.com\/sv\/styrka\/abilica-flextower-2-0\/\",\"name\":\"Abilica FlexTower 2.0 Abilica\",\"isPartOf\":{\"@id\":\"https:\/\/abilica.com\/#website\"},\"primaryImageOfPage\":{\"@id\":\"https:\/\/abilica.com\/sv\/styrka\/abilica-flextower-2-0\/#primaryimage\"},\"image\":{\"@id\":\"https:\/\/abilica.com\/sv\/styrka\/abilica-flextower-2-0\/#primaryimage\"},\"thumbnailUrl\":\"https:\/\/abilica.com\/wp-content\/uploads\/2017\/03\/300305.jpg\",\"datePublished\":\"2023-06-06T09:45:01+00:00\",\"dateModified\":\"2026-01-14T08:17:27+00:00\",\"breadcrumb\":{\"@id\":\"https:\/\/abilica.com\/sv\/styrka\/abilica-flextower-2-0\/#breadcrumb\"},\"inLanguage\":\"sv-SE\",\"potentialAction\":[{\"@type\":\"ReadAction\",\"target\":[\"https:\/\/abilica.com\/sv\/styrka\/abilica-flextower-2-0\/\"]}]},{\"@type\":\"ImageObject\",\"inLanguage\":\"sv-SE\",\"@id\":\"https:\/\/abilica.com\/sv\/styrka\/abilica-flextower-2-0\/#primaryimage\",\"url\":\"https:\/\/abilica.com\/wp-content\/uploads\/2017\/03\/300305.jpg\",\"contentUrl\":\"https:\/\/abilica.com\/wp-content\/uploads\/2017\/03\/300305.jpg\",\"width\":1200,\"height\":1200},{\"@type\":\"BreadcrumbList\",\"@id\":\"https:\/\/abilica.com\/sv\/styrka\/abilica-flextower-2-0\/#breadcrumb\",\"itemListElement\":[{\"@type\":\"ListItem\",\"position\":1,\"name\":\"Hem\",\"item\":\"https:\/\/abilica.com\/sv\/\"},{\"@type\":\"ListItem\",\"position\":2,\"name\":\"Produkter\",\"item\":\"https:\/\/abilica.com\/sv\/shop\/\"},{\"@type\":\"ListItem\",\"position\":3,\"name\":\"Abilica FlexTower 2.0\"}]},{\"@type\":\"WebSite\",\"@id\":\"https:\/\/abilica.com\/#website\",\"url\":\"https:\/\/abilica.com\/\",\"name\":\"Abilica\",\"description\":\"Abilica Home Training\",\"potentialAction\":[{\"@type\":\"SearchAction\",\"target\":{\"@type\":\"EntryPoint\",\"urlTemplate\":\"https:\/\/abilica.com\/?s={search_term_string}\"},\"query-input\":{\"@type\":\"PropertyValueSpecification\",\"valueRequired\":true,\"valueName\":\"search_term_string\"}}],\"inLanguage\":\"sv-SE\"}]}<\/script>\n<!-- \/ Yoast SEO Premium plugin. -->","yoast_head_json":{"title":"Abilica FlexTower 2.0 Abilica","robots":{"index":"index","follow":"follow","max-snippet":"max-snippet:-1","max-image-preview":"max-image-preview:large","max-video-preview":"max-video-preview:-1"},"canonical":"https:\/\/abilica.com\/sv\/styrka\/abilica-flextower-2-0\/","og_locale":"sv_SE","og_type":"article","og_title":"Abilica FlexTower 2.0","og_description":"[vc_row][vc_column][vc_column_text]Abilica FlexTower 2.0 \u00e4r en anv\u00e4ndbar kabelstation med stora variationsm\u00f6jligheter. Kabelstationen har ett r\u00f6rligt tr\u00e5duttag...","og_url":"https:\/\/abilica.com\/sv\/styrka\/abilica-flextower-2-0\/","og_site_name":"Abilica","article_publisher":"https:\/\/www.facebook.com\/abilicahometraining\/","article_modified_time":"2026-01-14T08:17:27+00:00","og_image":[{"width":1200,"height":1200,"url":"https:\/\/abilica.com\/wp-content\/uploads\/2017\/03\/300305.jpg","type":"image\/jpeg"}],"twitter_card":"summary_large_image","twitter_misc":{"Ber\u00e4knad l\u00e4stid":"1 minut"},"schema":{"@context":"https:\/\/schema.org","@graph":[{"@type":"WebPage","@id":"https:\/\/abilica.com\/sv\/styrka\/abilica-flextower-2-0\/","url":"https:\/\/abilica.com\/sv\/styrka\/abilica-flextower-2-0\/","name":"Abilica FlexTower 2.0 Abilica","isPartOf":{"@id":"https:\/\/abilica.com\/#website"},"primaryImageOfPage":{"@id":"https:\/\/abilica.com\/sv\/styrka\/abilica-flextower-2-0\/#primaryimage"},"image":{"@id":"https:\/\/abilica.com\/sv\/styrka\/abilica-flextower-2-0\/#primaryimage"},"thumbnailUrl":"https:\/\/abilica.com\/wp-content\/uploads\/2017\/03\/300305.jpg","datePublished":"2023-06-06T09:45:01+00:00","dateModified":"2026-01-14T08:17:27+00:00","breadcrumb":{"@id":"https:\/\/abilica.com\/sv\/styrka\/abilica-flextower-2-0\/#breadcrumb"},"inLanguage":"sv-SE","potentialAction":[{"@type":"ReadAction","target":["https:\/\/abilica.com\/sv\/styrka\/abilica-flextower-2-0\/"]}]},{"@type":"ImageObject","inLanguage":"sv-SE","@id":"https:\/\/abilica.com\/sv\/styrka\/abilica-flextower-2-0\/#primaryimage","url":"https:\/\/abilica.com\/wp-content\/uploads\/2017\/03\/300305.jpg","contentUrl":"https:\/\/abilica.com\/wp-content\/uploads\/2017\/03\/300305.jpg","width":1200,"height":1200},{"@type":"BreadcrumbList","@id":"https:\/\/abilica.com\/sv\/styrka\/abilica-flextower-2-0\/#breadcrumb","itemListElement":[{"@type":"ListItem","position":1,"name":"Hem","item":"https:\/\/abilica.com\/sv\/"},{"@type":"ListItem","position":2,"name":"Produkter","item":"https:\/\/abilica.com\/sv\/shop\/"},{"@type":"ListItem","position":3,"name":"Abilica FlexTower 2.0"}]},{"@type":"WebSite","@id":"https:\/\/abilica.com\/#website","url":"https:\/\/abilica.com\/","name":"Abilica","description":"Abilica Home Training","potentialAction":[{"@type":"SearchAction","target":{"@type":"EntryPoint","urlTemplate":"https:\/\/abilica.com\/?s={search_term_string}"},"query-input":{"@type":"PropertyValueSpecification","valueRequired":true,"valueName":"search_term_string"}}],"inLanguage":"sv-SE"}]}},"_links":{"self":[{"href":"https:\/\/abilica.com\/sv\/wp-json\/wp\/v2\/product\/31714","targetHints":{"allow":["GET"]}}],"collection":[{"href":"https:\/\/abilica.com\/sv\/wp-json\/wp\/v2\/product"}],"about":[{"href":"https:\/\/abilica.com\/sv\/wp-json\/wp\/v2\/types\/product"}],"wp:featuredmedia":[{"embeddable":true,"href":"https:\/\/abilica.com\/sv\/wp-json\/wp\/v2\/media\/16243"}],"wp:attachment":[{"href":"https:\/\/abilica.com\/sv\/wp-json\/wp\/v2\/media?parent=31714"}],"wp:term":[{"taxonomy":"product_brand","embeddable":true,"href":"https:\/\/abilica.com\/sv\/wp-json\/wp\/v2\/product_brand?post=31714"},{"taxonomy":"product_cat","embeddable":true,"href":"https:\/\/abilica.com\/sv\/wp-json\/wp\/v2\/product_cat?post=31714"},{"taxonomy":"product_tag","embeddable":true,"href":"https:\/\/abilica.com\/sv\/wp-json\/wp\/v2\/product_tag?post=31714"}],"curies":[{"name":"wp","href":"https:\/\/api.w.org\/{rel}","templated":true}]}}