{"id":65693,"date":"2023-10-30T08:47:13","date_gmt":"2023-10-30T07:47:13","guid":{"rendered":"https:\/\/abilica.com\/uncategorized\/abilica-winmag-cruise-bt\/"},"modified":"2024-12-18T13:01:58","modified_gmt":"2024-12-18T12:01:58","slug":"abilica-winmag-cruise-bt","status":"publish","type":"product","link":"https:\/\/abilica.com\/sv\/kondition\/motionscykel\/abilica-winmag-cruise-bt\/","title":{"rendered":"Abilica WinMag Cruise BT"},"content":{"rendered":"<div class=\"wpb-content-wrapper\"><p>[vc_row][vc_column][vc_column_text]Abilica WinMag Cruise BT \u00e4r en rej\u00e4l motionscykel perfekt f\u00f6r b\u00e5de uppv\u00e4rmning och konditionstr\u00e4ning. Kommer nu \u00e4ven med m\u00f6jlighet till varierad och motiverande tr\u00e4ning genom interaktiva appar. Helt nya Abilica WinMag Cruise BT har elektroniskt justerbart motst\u00e5nd i 32 niv\u00e5er, och dator med 12 f\u00f6rinst\u00e4llda program. Dessutom kan du cykla enligt ett pulsstyrt eller wattstyrt program. Elegant design och justeringsm\u00f6jligheter anpassade till den nordiska marknaden g\u00f6r att cykeln passar personer upp till 190 cm l\u00e5nga.<\/p>\n<p>De f\u00f6rinst\u00e4llda programmen g\u00f6r det enkelt att komma ig\u00e5ng med tr\u00e4ningen. Vill du ha ett mer interaktivt tr\u00e4ningspass kan du ansluta till apparna Iconose + eller Kinomap. Du kan \u00e4ven s\u00e4tta surfplattan\/telefonen i h\u00e5llaren p\u00e5 datorn och se din favoritserie medan du cyklar. Tillsammans med bra variation fr\u00e5n de olika motst\u00e5ndsniv\u00e5erna kan du enkelt f\u00f6rb\u00e4ttra din kondition genom varierade tr\u00e4ningspass. Levereras med hjul fram f\u00f6r enkel flyttning. Max anv\u00e4ndarvikt 130 kg.<\/p>\n<p><strong>SPECIFIKATIONER<\/strong><br \/>\nMotst\u00e5nd: Motoriserat magnetiskt motst\u00e5nd<br \/>\nMotst\u00e5ndsniv\u00e5er: 32<br \/>\nProgram: 14 (12 f\u00f6rinst\u00e4llda, pulsstyrda och wattstyrda program)<br \/>\nDator med: tid, distans, hastighet, RPM, kalorif\u00f6rbrukning (indikation), puls och watt (ber\u00e4knat)<br \/>\nBluetooth<br \/>\nAppar: Iconose + , Kinomap<br \/>\nHandpuls<br \/>\nSv\u00e4nghjul: 7 kg<br \/>\nHorisontell och vertikal sitsjustering<br \/>\nHorisontell justering av styret<br \/>\nStr\u00f6mf\u00f6rs\u00f6rjning: Adapter 220v<br \/>\nTransporthjul<br \/>\nM\u00e5tt sammansatt: 95 x 58 x 142 cm (L x B x H)<br \/>\nProduktvikt: 27,5 kg<br \/>\nMax personvikt: 130 kg<\/p>\n<p><iframe loading=\"lazy\" title=\"Abilica WinMag Cruise BT\" width=\"640\" height=\"360\" src=\"https:\/\/www.youtube.com\/embed\/PUA1ehYrWDY?wmode=transparent&amp;rel=0&amp;feature=oembed\" frameborder=\"0\" allow=\"accelerometer; autoplay; clipboard-write; encrypted-media; gyroscope; picture-in-picture; web-share\" referrerpolicy=\"strict-origin-when-cross-origin\" allowfullscreen><\/iframe><\/p>\n<p>[\/vc_column_text][vc_empty_space height=&#8221;52px&#8221;][vc_btn title=&#8221;Anv\u00e4ndarmanual&#8221; style=&#8221;flat&#8221; color=&#8221;black&#8221; i_icon_fontawesome=&#8221;far fa-file-pdf&#8221; add_icon=&#8221;true&#8221; link=&#8221;url:https%3A%2F%2Fabilica.com%2Fno%2Fwp-content%2Fuploads%2F2023%2F08%2FAB_WinMag-Cruise_BT-_Rev1_230620.pdf|title:Underh%C3%A5ll%20av%20tr%C3%A4ningsmaskiner&#8221;][vc_btn title=&#8221;Underh\u00e5llstips&#8221; style=&#8221;flat&#8221; color=&#8221;black&#8221; i_icon_fontawesome=&#8221;fas fa-align-left&#8221; add_icon=&#8221;true&#8221; link=&#8221;url:https%3A%2F%2Fabilica.com%2Fse%2Ftraningsartiklar%2Ftraningstips-for-kondition%2Funderhall-av-traningsmaskiner%2F|title:Underh%C3%A5ll%20av%20tr%C3%A4ningsmaskiner&#8221;][\/vc_column][\/vc_row]<\/p>\n<\/div>","protected":false},"excerpt":{"rendered":"<p>[vc_row][vc_column][vc_column_text]Abilica WinMag Cruise BT \u00e4r en rej\u00e4l motionscykel perfekt f\u00f6r b\u00e5de uppv\u00e4rmning och konditionstr\u00e4ning. Kommer&#8230;<\/p>\n","protected":false},"featured_media":65694,"template":"","meta":{"_acf_changed":false},"product_brand":[],"product_cat":[475,490],"product_tag":[],"class_list":{"0":"post-65693","1":"product","2":"type-product","3":"status-publish","4":"has-post-thumbnail","6":"product_cat-kondition","7":"product_cat-motionscykel","9":"first","10":"instock","11":"product-type-simple"},"acf":[],"yoast_head":"<!-- This site is optimized with the Yoast SEO Premium plugin v21.1 (Yoast SEO v25.4) - https:\/\/yoast.com\/wordpress\/plugins\/seo\/ -->\n<title>Abilica WinMag Cruise BT Abilica<\/title>\n<meta name=\"robots\" content=\"index, follow, max-snippet:-1, max-image-preview:large, max-video-preview:-1\" \/>\n<link rel=\"canonical\" href=\"https:\/\/abilica.com\/sv\/kondition\/motionscykel\/abilica-winmag-cruise-bt\/\" \/>\n<meta property=\"og:locale\" content=\"sv_SE\" \/>\n<meta property=\"og:type\" content=\"article\" \/>\n<meta property=\"og:title\" content=\"Abilica WinMag Cruise BT\" \/>\n<meta property=\"og:description\" content=\"[vc_row][vc_column][vc_column_text]Abilica WinMag Cruise BT \u00e4r en rej\u00e4l motionscykel perfekt f\u00f6r b\u00e5de uppv\u00e4rmning och konditionstr\u00e4ning. Kommer...\" \/>\n<meta property=\"og:url\" content=\"https:\/\/abilica.com\/sv\/kondition\/motionscykel\/abilica-winmag-cruise-bt\/\" \/>\n<meta property=\"og:site_name\" content=\"Abilica\" \/>\n<meta property=\"article:publisher\" content=\"https:\/\/www.facebook.com\/abilicahometraining\/\" \/>\n<meta property=\"article:modified_time\" content=\"2024-12-18T12:01:58+00:00\" \/>\n<meta property=\"og:image\" content=\"https:\/\/abilica.com\/wp-content\/uploads\/2023\/10\/2-2-2.jpg\" \/>\n\t<meta property=\"og:image:width\" content=\"1200\" \/>\n\t<meta property=\"og:image:height\" content=\"1200\" \/>\n\t<meta property=\"og:image:type\" content=\"image\/jpeg\" \/>\n<meta name=\"twitter:card\" content=\"summary_large_image\" \/>\n<meta name=\"twitter:label1\" content=\"Ber\u00e4knad l\u00e4stid\" \/>\n\t<meta name=\"twitter:data1\" content=\"2 minuter\" \/>\n<script type=\"application\/ld+json\" class=\"yoast-schema-graph\">{\"@context\":\"https:\/\/schema.org\",\"@graph\":[{\"@type\":\"WebPage\",\"@id\":\"https:\/\/abilica.com\/sv\/kondition\/motionscykel\/abilica-winmag-cruise-bt\/\",\"url\":\"https:\/\/abilica.com\/sv\/kondition\/motionscykel\/abilica-winmag-cruise-bt\/\",\"name\":\"Abilica WinMag Cruise BT Abilica\",\"isPartOf\":{\"@id\":\"https:\/\/abilica.com\/#website\"},\"primaryImageOfPage\":{\"@id\":\"https:\/\/abilica.com\/sv\/kondition\/motionscykel\/abilica-winmag-cruise-bt\/#primaryimage\"},\"image\":{\"@id\":\"https:\/\/abilica.com\/sv\/kondition\/motionscykel\/abilica-winmag-cruise-bt\/#primaryimage\"},\"thumbnailUrl\":\"https:\/\/abilica.com\/wp-content\/uploads\/2023\/10\/2-2-2.jpg\",\"datePublished\":\"2023-10-30T07:47:13+00:00\",\"dateModified\":\"2024-12-18T12:01:58+00:00\",\"breadcrumb\":{\"@id\":\"https:\/\/abilica.com\/sv\/kondition\/motionscykel\/abilica-winmag-cruise-bt\/#breadcrumb\"},\"inLanguage\":\"sv-SE\",\"potentialAction\":[{\"@type\":\"ReadAction\",\"target\":[\"https:\/\/abilica.com\/sv\/kondition\/motionscykel\/abilica-winmag-cruise-bt\/\"]}]},{\"@type\":\"ImageObject\",\"inLanguage\":\"sv-SE\",\"@id\":\"https:\/\/abilica.com\/sv\/kondition\/motionscykel\/abilica-winmag-cruise-bt\/#primaryimage\",\"url\":\"https:\/\/abilica.com\/wp-content\/uploads\/2023\/10\/2-2-2.jpg\",\"contentUrl\":\"https:\/\/abilica.com\/wp-content\/uploads\/2023\/10\/2-2-2.jpg\",\"width\":1200,\"height\":1200},{\"@type\":\"BreadcrumbList\",\"@id\":\"https:\/\/abilica.com\/sv\/kondition\/motionscykel\/abilica-winmag-cruise-bt\/#breadcrumb\",\"itemListElement\":[{\"@type\":\"ListItem\",\"position\":1,\"name\":\"Hem\",\"item\":\"https:\/\/abilica.com\/sv\/\"},{\"@type\":\"ListItem\",\"position\":2,\"name\":\"Produkter\",\"item\":\"https:\/\/abilica.com\/sv\/shop\/\"},{\"@type\":\"ListItem\",\"position\":3,\"name\":\"Abilica WinMag Cruise BT\"}]},{\"@type\":\"WebSite\",\"@id\":\"https:\/\/abilica.com\/#website\",\"url\":\"https:\/\/abilica.com\/\",\"name\":\"Abilica\",\"description\":\"Abilica Home Training\",\"potentialAction\":[{\"@type\":\"SearchAction\",\"target\":{\"@type\":\"EntryPoint\",\"urlTemplate\":\"https:\/\/abilica.com\/?s={search_term_string}\"},\"query-input\":{\"@type\":\"PropertyValueSpecification\",\"valueRequired\":true,\"valueName\":\"search_term_string\"}}],\"inLanguage\":\"sv-SE\"}]}<\/script>\n<!-- \/ Yoast SEO Premium plugin. -->","yoast_head_json":{"title":"Abilica WinMag Cruise BT Abilica","robots":{"index":"index","follow":"follow","max-snippet":"max-snippet:-1","max-image-preview":"max-image-preview:large","max-video-preview":"max-video-preview:-1"},"canonical":"https:\/\/abilica.com\/sv\/kondition\/motionscykel\/abilica-winmag-cruise-bt\/","og_locale":"sv_SE","og_type":"article","og_title":"Abilica WinMag Cruise BT","og_description":"[vc_row][vc_column][vc_column_text]Abilica WinMag Cruise BT \u00e4r en rej\u00e4l motionscykel perfekt f\u00f6r b\u00e5de uppv\u00e4rmning och konditionstr\u00e4ning. Kommer...","og_url":"https:\/\/abilica.com\/sv\/kondition\/motionscykel\/abilica-winmag-cruise-bt\/","og_site_name":"Abilica","article_publisher":"https:\/\/www.facebook.com\/abilicahometraining\/","article_modified_time":"2024-12-18T12:01:58+00:00","og_image":[{"width":1200,"height":1200,"url":"https:\/\/abilica.com\/wp-content\/uploads\/2023\/10\/2-2-2.jpg","type":"image\/jpeg"}],"twitter_card":"summary_large_image","twitter_misc":{"Ber\u00e4knad l\u00e4stid":"2 minuter"},"schema":{"@context":"https:\/\/schema.org","@graph":[{"@type":"WebPage","@id":"https:\/\/abilica.com\/sv\/kondition\/motionscykel\/abilica-winmag-cruise-bt\/","url":"https:\/\/abilica.com\/sv\/kondition\/motionscykel\/abilica-winmag-cruise-bt\/","name":"Abilica WinMag Cruise BT Abilica","isPartOf":{"@id":"https:\/\/abilica.com\/#website"},"primaryImageOfPage":{"@id":"https:\/\/abilica.com\/sv\/kondition\/motionscykel\/abilica-winmag-cruise-bt\/#primaryimage"},"image":{"@id":"https:\/\/abilica.com\/sv\/kondition\/motionscykel\/abilica-winmag-cruise-bt\/#primaryimage"},"thumbnailUrl":"https:\/\/abilica.com\/wp-content\/uploads\/2023\/10\/2-2-2.jpg","datePublished":"2023-10-30T07:47:13+00:00","dateModified":"2024-12-18T12:01:58+00:00","breadcrumb":{"@id":"https:\/\/abilica.com\/sv\/kondition\/motionscykel\/abilica-winmag-cruise-bt\/#breadcrumb"},"inLanguage":"sv-SE","potentialAction":[{"@type":"ReadAction","target":["https:\/\/abilica.com\/sv\/kondition\/motionscykel\/abilica-winmag-cruise-bt\/"]}]},{"@type":"ImageObject","inLanguage":"sv-SE","@id":"https:\/\/abilica.com\/sv\/kondition\/motionscykel\/abilica-winmag-cruise-bt\/#primaryimage","url":"https:\/\/abilica.com\/wp-content\/uploads\/2023\/10\/2-2-2.jpg","contentUrl":"https:\/\/abilica.com\/wp-content\/uploads\/2023\/10\/2-2-2.jpg","width":1200,"height":1200},{"@type":"BreadcrumbList","@id":"https:\/\/abilica.com\/sv\/kondition\/motionscykel\/abilica-winmag-cruise-bt\/#breadcrumb","itemListElement":[{"@type":"ListItem","position":1,"name":"Hem","item":"https:\/\/abilica.com\/sv\/"},{"@type":"ListItem","position":2,"name":"Produkter","item":"https:\/\/abilica.com\/sv\/shop\/"},{"@type":"ListItem","position":3,"name":"Abilica WinMag Cruise BT"}]},{"@type":"WebSite","@id":"https:\/\/abilica.com\/#website","url":"https:\/\/abilica.com\/","name":"Abilica","description":"Abilica Home Training","potentialAction":[{"@type":"SearchAction","target":{"@type":"EntryPoint","urlTemplate":"https:\/\/abilica.com\/?s={search_term_string}"},"query-input":{"@type":"PropertyValueSpecification","valueRequired":true,"valueName":"search_term_string"}}],"inLanguage":"sv-SE"}]}},"_links":{"self":[{"href":"https:\/\/abilica.com\/sv\/wp-json\/wp\/v2\/product\/65693","targetHints":{"allow":["GET"]}}],"collection":[{"href":"https:\/\/abilica.com\/sv\/wp-json\/wp\/v2\/product"}],"about":[{"href":"https:\/\/abilica.com\/sv\/wp-json\/wp\/v2\/types\/product"}],"wp:featuredmedia":[{"embeddable":true,"href":"https:\/\/abilica.com\/sv\/wp-json\/wp\/v2\/media\/65694"}],"wp:attachment":[{"href":"https:\/\/abilica.com\/sv\/wp-json\/wp\/v2\/media?parent=65693"}],"wp:term":[{"taxonomy":"product_brand","embeddable":true,"href":"https:\/\/abilica.com\/sv\/wp-json\/wp\/v2\/product_brand?post=65693"},{"taxonomy":"product_cat","embeddable":true,"href":"https:\/\/abilica.com\/sv\/wp-json\/wp\/v2\/product_cat?post=65693"},{"taxonomy":"product_tag","embeddable":true,"href":"https:\/\/abilica.com\/sv\/wp-json\/wp\/v2\/product_tag?post=65693"}],"curies":[{"name":"wp","href":"https:\/\/api.w.org\/{rel}","templated":true}]}}