{"id":65703,"date":"2023-10-30T08:47:13","date_gmt":"2023-10-30T07:47:13","guid":{"rendered":"https:\/\/abilica.com\/uncategorized\/abilica-jhooks-40\/"},"modified":"2023-11-02T10:02:27","modified_gmt":"2023-11-02T09:02:27","slug":"abilica-jhooks-40","status":"publish","type":"product","link":"https:\/\/abilica.com\/sv\/styrka\/cage-rack-2\/abilica-jhooks-40\/","title":{"rendered":"Abilica JHooks 40"},"content":{"rendered":"<p>Abilica JHooks 40 \u00e4r skivst\u00e5ngsh\u00e5llare f\u00f6r Abilica HalfRack 010, <strong><a href=\"https:\/\/abilica.com\/se\/styrka\/abilica-halfrack-40\/\">HalfRack 40<\/a><\/strong>, <strong><a href=\"https:\/\/abilica.com\/se\/styrka\/abilica-powerrack-40\/\">PowerRack 40<\/a><\/strong> och <strong><a href=\"https:\/\/abilica.com\/se\/styrka\/abilica-foldablerack-40\/\">FoldableRack 40<\/a><\/strong>. Detta \u00e4r till\u00e4ggsutrustning till racket som ger dig m\u00f6jlighet att enkelt v\u00e4xla mellan \u00f6vningarna utan att beh\u00f6va flytta p\u00e5 h\u00e5llarna. Ex. f\u00f6rinst\u00e4lld h\u00f6jd f\u00f6r b\u00e4nkpress och f\u00f6rinst\u00e4lld h\u00f6jd f\u00f6r kn\u00e4b\u00f6j. Frontst\u00e5ngen har en l\u00e4ngd p\u00e5 4 cm med bra vinkel f\u00f6r optimal s\u00e4kerhet. H\u00e5llaren har \u00e4ven 3 punkters kraftig gummibel\u00e4ggning i 6,5 mm tjocklek som t\u00e4cker hela h\u00e5llaren d\u00e4r den bakre gummibel\u00e4ggningen har en l\u00e4ngd p\u00e5 14,5 cm. Detta ger bra ljudd\u00e4mpning f\u00f6rutom att det g\u00f6r det l\u00e4ttare f\u00f6r dig att s\u00e4tta st\u00e5ngen i st\u00e4llningen utan att sl\u00e5 in skivst\u00e5ngen i sj\u00e4lva st\u00e4llningen. S\u00e4ljs som par.<\/p>\n<p><b>Specifikationer<span class=\"Apple-converted-space\"><br \/>\n<\/span><\/b>M\u00e5tt monterade: 15 x 6 x 15,5 cm (L x B x H)<span class=\"Apple-converted-space\"><br \/>\n<\/span>Ramstorlek: 60 x 60 mm<span class=\"Apple-converted-space\"><br \/>\n<\/span>St\u00e5ltjocklek: 8 mm<span class=\"Apple-converted-space\"><br \/>\n<\/span>H\u00e5ldiameter: 16 mm<span class=\"Apple-converted-space\"><br \/>\n<\/span>Produktvikt: 2,20 kg<br \/>\nMax belastning: 300 kg<\/p>\n","protected":false},"excerpt":{"rendered":"<p>Abilica JHooks 40 \u00e4r skivst\u00e5ngsh\u00e5llare f\u00f6r Abilica HalfRack 010, HalfRack 40, PowerRack 40 och FoldableRack&#8230;<\/p>\n","protected":false},"featured_media":65704,"template":"","meta":{"_acf_changed":false},"product_brand":[],"product_cat":[513,471],"product_tag":[49],"class_list":{"0":"post-65703","1":"product","2":"type-product","3":"status-publish","4":"has-post-thumbnail","6":"product_cat-cage-rack-2","7":"product_cat-styrka","8":"product_tag-premium","10":"first","11":"instock","12":"product-type-simple"},"acf":[],"yoast_head":"<!-- This site is optimized with the Yoast SEO Premium plugin v21.1 (Yoast SEO v25.4) - https:\/\/yoast.com\/wordpress\/plugins\/seo\/ -->\n<title>Abilica JHooks 40 Abilica<\/title>\n<meta name=\"robots\" content=\"index, follow, max-snippet:-1, max-image-preview:large, max-video-preview:-1\" \/>\n<link rel=\"canonical\" href=\"https:\/\/abilica.com\/sv\/styrka\/cage-rack-2\/abilica-jhooks-40\/\" \/>\n<meta property=\"og:locale\" content=\"sv_SE\" \/>\n<meta property=\"og:type\" content=\"article\" \/>\n<meta property=\"og:title\" content=\"Abilica JHooks 40\" \/>\n<meta property=\"og:description\" content=\"Abilica JHooks 40 \u00e4r skivst\u00e5ngsh\u00e5llare f\u00f6r Abilica HalfRack 010, HalfRack 40, PowerRack 40 och FoldableRack...\" \/>\n<meta property=\"og:url\" content=\"https:\/\/abilica.com\/sv\/styrka\/cage-rack-2\/abilica-jhooks-40\/\" \/>\n<meta property=\"og:site_name\" content=\"Abilica\" \/>\n<meta property=\"article:publisher\" content=\"https:\/\/www.facebook.com\/abilicahometraining\/\" \/>\n<meta property=\"article:modified_time\" content=\"2023-11-02T09:02:27+00:00\" \/>\n<meta property=\"og:image\" content=\"https:\/\/abilica.com\/wp-content\/uploads\/2023\/10\/1-1-4.jpg\" \/>\n\t<meta property=\"og:image:width\" content=\"1200\" \/>\n\t<meta property=\"og:image:height\" content=\"1200\" \/>\n\t<meta property=\"og:image:type\" content=\"image\/jpeg\" \/>\n<meta name=\"twitter:card\" content=\"summary_large_image\" \/>\n<meta name=\"twitter:label1\" content=\"Ber\u00e4knad l\u00e4stid\" \/>\n\t<meta name=\"twitter:data1\" content=\"1 minut\" \/>\n<script type=\"application\/ld+json\" class=\"yoast-schema-graph\">{\"@context\":\"https:\/\/schema.org\",\"@graph\":[{\"@type\":\"WebPage\",\"@id\":\"https:\/\/abilica.com\/sv\/styrka\/cage-rack-2\/abilica-jhooks-40\/\",\"url\":\"https:\/\/abilica.com\/sv\/styrka\/cage-rack-2\/abilica-jhooks-40\/\",\"name\":\"Abilica JHooks 40 Abilica\",\"isPartOf\":{\"@id\":\"https:\/\/abilica.com\/#website\"},\"primaryImageOfPage\":{\"@id\":\"https:\/\/abilica.com\/sv\/styrka\/cage-rack-2\/abilica-jhooks-40\/#primaryimage\"},\"image\":{\"@id\":\"https:\/\/abilica.com\/sv\/styrka\/cage-rack-2\/abilica-jhooks-40\/#primaryimage\"},\"thumbnailUrl\":\"https:\/\/abilica.com\/wp-content\/uploads\/2023\/10\/1-1-4.jpg\",\"datePublished\":\"2023-10-30T07:47:13+00:00\",\"dateModified\":\"2023-11-02T09:02:27+00:00\",\"breadcrumb\":{\"@id\":\"https:\/\/abilica.com\/sv\/styrka\/cage-rack-2\/abilica-jhooks-40\/#breadcrumb\"},\"inLanguage\":\"sv-SE\",\"potentialAction\":[{\"@type\":\"ReadAction\",\"target\":[\"https:\/\/abilica.com\/sv\/styrka\/cage-rack-2\/abilica-jhooks-40\/\"]}]},{\"@type\":\"ImageObject\",\"inLanguage\":\"sv-SE\",\"@id\":\"https:\/\/abilica.com\/sv\/styrka\/cage-rack-2\/abilica-jhooks-40\/#primaryimage\",\"url\":\"https:\/\/abilica.com\/wp-content\/uploads\/2023\/10\/1-1-4.jpg\",\"contentUrl\":\"https:\/\/abilica.com\/wp-content\/uploads\/2023\/10\/1-1-4.jpg\",\"width\":1200,\"height\":1200},{\"@type\":\"BreadcrumbList\",\"@id\":\"https:\/\/abilica.com\/sv\/styrka\/cage-rack-2\/abilica-jhooks-40\/#breadcrumb\",\"itemListElement\":[{\"@type\":\"ListItem\",\"position\":1,\"name\":\"Hem\",\"item\":\"https:\/\/abilica.com\/sv\/\"},{\"@type\":\"ListItem\",\"position\":2,\"name\":\"Produkter\",\"item\":\"https:\/\/abilica.com\/sv\/shop\/\"},{\"@type\":\"ListItem\",\"position\":3,\"name\":\"Abilica JHooks 40\"}]},{\"@type\":\"WebSite\",\"@id\":\"https:\/\/abilica.com\/#website\",\"url\":\"https:\/\/abilica.com\/\",\"name\":\"Abilica\",\"description\":\"Abilica Home Training\",\"potentialAction\":[{\"@type\":\"SearchAction\",\"target\":{\"@type\":\"EntryPoint\",\"urlTemplate\":\"https:\/\/abilica.com\/?s={search_term_string}\"},\"query-input\":{\"@type\":\"PropertyValueSpecification\",\"valueRequired\":true,\"valueName\":\"search_term_string\"}}],\"inLanguage\":\"sv-SE\"}]}<\/script>\n<!-- \/ Yoast SEO Premium plugin. -->","yoast_head_json":{"title":"Abilica JHooks 40 Abilica","robots":{"index":"index","follow":"follow","max-snippet":"max-snippet:-1","max-image-preview":"max-image-preview:large","max-video-preview":"max-video-preview:-1"},"canonical":"https:\/\/abilica.com\/sv\/styrka\/cage-rack-2\/abilica-jhooks-40\/","og_locale":"sv_SE","og_type":"article","og_title":"Abilica JHooks 40","og_description":"Abilica JHooks 40 \u00e4r skivst\u00e5ngsh\u00e5llare f\u00f6r Abilica HalfRack 010, HalfRack 40, PowerRack 40 och FoldableRack...","og_url":"https:\/\/abilica.com\/sv\/styrka\/cage-rack-2\/abilica-jhooks-40\/","og_site_name":"Abilica","article_publisher":"https:\/\/www.facebook.com\/abilicahometraining\/","article_modified_time":"2023-11-02T09:02:27+00:00","og_image":[{"width":1200,"height":1200,"url":"https:\/\/abilica.com\/wp-content\/uploads\/2023\/10\/1-1-4.jpg","type":"image\/jpeg"}],"twitter_card":"summary_large_image","twitter_misc":{"Ber\u00e4knad l\u00e4stid":"1 minut"},"schema":{"@context":"https:\/\/schema.org","@graph":[{"@type":"WebPage","@id":"https:\/\/abilica.com\/sv\/styrka\/cage-rack-2\/abilica-jhooks-40\/","url":"https:\/\/abilica.com\/sv\/styrka\/cage-rack-2\/abilica-jhooks-40\/","name":"Abilica JHooks 40 Abilica","isPartOf":{"@id":"https:\/\/abilica.com\/#website"},"primaryImageOfPage":{"@id":"https:\/\/abilica.com\/sv\/styrka\/cage-rack-2\/abilica-jhooks-40\/#primaryimage"},"image":{"@id":"https:\/\/abilica.com\/sv\/styrka\/cage-rack-2\/abilica-jhooks-40\/#primaryimage"},"thumbnailUrl":"https:\/\/abilica.com\/wp-content\/uploads\/2023\/10\/1-1-4.jpg","datePublished":"2023-10-30T07:47:13+00:00","dateModified":"2023-11-02T09:02:27+00:00","breadcrumb":{"@id":"https:\/\/abilica.com\/sv\/styrka\/cage-rack-2\/abilica-jhooks-40\/#breadcrumb"},"inLanguage":"sv-SE","potentialAction":[{"@type":"ReadAction","target":["https:\/\/abilica.com\/sv\/styrka\/cage-rack-2\/abilica-jhooks-40\/"]}]},{"@type":"ImageObject","inLanguage":"sv-SE","@id":"https:\/\/abilica.com\/sv\/styrka\/cage-rack-2\/abilica-jhooks-40\/#primaryimage","url":"https:\/\/abilica.com\/wp-content\/uploads\/2023\/10\/1-1-4.jpg","contentUrl":"https:\/\/abilica.com\/wp-content\/uploads\/2023\/10\/1-1-4.jpg","width":1200,"height":1200},{"@type":"BreadcrumbList","@id":"https:\/\/abilica.com\/sv\/styrka\/cage-rack-2\/abilica-jhooks-40\/#breadcrumb","itemListElement":[{"@type":"ListItem","position":1,"name":"Hem","item":"https:\/\/abilica.com\/sv\/"},{"@type":"ListItem","position":2,"name":"Produkter","item":"https:\/\/abilica.com\/sv\/shop\/"},{"@type":"ListItem","position":3,"name":"Abilica JHooks 40"}]},{"@type":"WebSite","@id":"https:\/\/abilica.com\/#website","url":"https:\/\/abilica.com\/","name":"Abilica","description":"Abilica Home Training","potentialAction":[{"@type":"SearchAction","target":{"@type":"EntryPoint","urlTemplate":"https:\/\/abilica.com\/?s={search_term_string}"},"query-input":{"@type":"PropertyValueSpecification","valueRequired":true,"valueName":"search_term_string"}}],"inLanguage":"sv-SE"}]}},"_links":{"self":[{"href":"https:\/\/abilica.com\/sv\/wp-json\/wp\/v2\/product\/65703","targetHints":{"allow":["GET"]}}],"collection":[{"href":"https:\/\/abilica.com\/sv\/wp-json\/wp\/v2\/product"}],"about":[{"href":"https:\/\/abilica.com\/sv\/wp-json\/wp\/v2\/types\/product"}],"wp:featuredmedia":[{"embeddable":true,"href":"https:\/\/abilica.com\/sv\/wp-json\/wp\/v2\/media\/65704"}],"wp:attachment":[{"href":"https:\/\/abilica.com\/sv\/wp-json\/wp\/v2\/media?parent=65703"}],"wp:term":[{"taxonomy":"product_brand","embeddable":true,"href":"https:\/\/abilica.com\/sv\/wp-json\/wp\/v2\/product_brand?post=65703"},{"taxonomy":"product_cat","embeddable":true,"href":"https:\/\/abilica.com\/sv\/wp-json\/wp\/v2\/product_cat?post=65703"},{"taxonomy":"product_tag","embeddable":true,"href":"https:\/\/abilica.com\/sv\/wp-json\/wp\/v2\/product_tag?post=65703"}],"curies":[{"name":"wp","href":"https:\/\/api.w.org\/{rel}","templated":true}]}}