{"id":65709,"date":"2023-10-30T08:59:07","date_gmt":"2023-10-30T07:59:07","guid":{"rendered":"https:\/\/abilica.com\/okategoriserad\/abilica-bike-20\/"},"modified":"2024-10-20T09:28:48","modified_gmt":"2024-10-20T08:28:48","slug":"abilica-bike-20","status":"publish","type":"product","link":"https:\/\/abilica.com\/sv\/kondition\/motionscykel\/abilica-bike-20\/","title":{"rendered":"Abilica Bike 20"},"content":{"rendered":"<div class=\"wpb-content-wrapper\"><p>[vc_row][vc_column][vc_column_text]Abilica Bike 20 \u00e4r en anv\u00e4ndarv\u00e4nlig cykel som har precis vad du beh\u00f6ver f\u00f6r att tr\u00e4na n\u00e4r du vill. Den har en modern design och ett l\u00e5gt steg som g\u00f6r det enkelt att kliva av och p\u00e5 cykeln. Abilica Bike 20 har motoriserat motst\u00e5nd med 16 olika niv\u00e5er och en dator med 18 program som ger dig en motiverande och varierad tr\u00e4ningsrutin. Cykeln \u00e4r f\u00f6rsedd med en handpuls som kan l\u00e4sas av i displayen. Abilica Bike 20 har \u00e4ven en h\u00e5llare f\u00f6r din surfplatta\/telefon, s\u00e5 att du kan se ditt favoritprogram medan du tr\u00e4nar. Den har massor av anpassningsm\u00f6jligheter d\u00e5 b\u00e5de styret och s\u00e4tet kan justeras. Transporthjul i fram g\u00f6r att den snabbt och enkelt kan trillas bort n\u00e4r den inte anv\u00e4nds. Max anv\u00e4ndarvikt \u00e4r 110 kg.<\/p>\n<p><strong>SPECIFIKATIONER<br \/>\n<\/strong>Motst\u00e5nd: Motoriserat magnetiskt motst\u00e5nd<br \/>\nMotst\u00e5ndsniv\u00e5er: 16<br \/>\nProgram: 18<br \/>\nDator med: tid, distans, hastighet, RPM, kalorif\u00f6rbrukning (indikation), puls och watt (ber\u00e4knat)<br \/>\nHandpuls<br \/>\nSv\u00e4nghjul: 6 kg<br \/>\nHorisontell och vertikal s\u00e4tesjustering<br \/>\nHorisontell styrjustering<br \/>\nStr\u00f6mf\u00f6rs\u00f6rjning: Adapter 220v<br \/>\nTransporthjul<br \/>\nM\u00e5tt monterad: 84 x 50 x 130 cm (L x B x H)<br \/>\nProduktvikt: 25 kg<br \/>\nMax anv\u00e4ndarvikt: 110 kg[\/vc_column_text][vc_empty_space height=&#8221;52px&#8221;][vc_btn title=&#8221;Anv\u00e4ndarmanual&#8221; style=&#8221;flat&#8221; color=&#8221;black&#8221; i_icon_fontawesome=&#8221;far fa-file-pdf&#8221; add_icon=&#8221;true&#8221; link=&#8221;url:https%3A%2F%2Fabilica.com%2Fno%2Fwp-content%2Fuploads%2F2023%2F10%2FAbilica-Bike-20.pdf&#8221;][vc_btn title=&#8221;Tr\u00e4ningstips&#8221; style=&#8221;flat&#8221; color=&#8221;black&#8221; i_icon_fontawesome=&#8221;fas fa-align-left&#8221; add_icon=&#8221;true&#8221; link=&#8221;url:https%3A%2F%2Fabilica.com%2Fse%2Ftraningsartiklar%2Ftraningstips-for-kondition%2F|title:Tr%C3%A4ningstips%20f%C3%B6r%20kondition&#8221;][vc_btn title=&#8221;Underh\u00e5llstips&#8221; style=&#8221;flat&#8221; color=&#8221;black&#8221; i_icon_fontawesome=&#8221;fas fa-align-left&#8221; add_icon=&#8221;true&#8221; link=&#8221;url:https%3A%2F%2Fabilica.com%2Fse%2Ftraningsartiklar%2Ftraningstips-for-kondition%2Funderhall-av-traningsmaskiner%2F|title:Tr%C3%A4ningstips%20f%C3%B6r%20kondition&#8221;][\/vc_column][\/vc_row]<\/p>\n<\/div>","protected":false},"excerpt":{"rendered":"<p>[vc_row][vc_column][vc_column_text]Abilica Bike 20 \u00e4r en anv\u00e4ndarv\u00e4nlig cykel som har precis vad du beh\u00f6ver f\u00f6r att&#8230;<\/p>\n","protected":false},"featured_media":65710,"template":"","meta":{"_acf_changed":false},"product_brand":[],"product_cat":[475,490],"product_tag":[],"class_list":{"0":"post-65709","1":"product","2":"type-product","3":"status-publish","4":"has-post-thumbnail","6":"product_cat-kondition","7":"product_cat-motionscykel","9":"first","10":"instock","11":"product-type-simple"},"acf":[],"yoast_head":"<!-- This site is optimized with the Yoast SEO Premium plugin v21.1 (Yoast SEO v25.4) - https:\/\/yoast.com\/wordpress\/plugins\/seo\/ -->\n<title>Abilica Bike 20 Abilica<\/title>\n<meta name=\"robots\" content=\"index, follow, max-snippet:-1, max-image-preview:large, max-video-preview:-1\" \/>\n<link rel=\"canonical\" href=\"https:\/\/abilica.com\/sv\/kondition\/motionscykel\/abilica-bike-20\/\" \/>\n<meta property=\"og:locale\" content=\"sv_SE\" \/>\n<meta property=\"og:type\" content=\"article\" \/>\n<meta property=\"og:title\" content=\"Abilica Bike 20\" \/>\n<meta property=\"og:description\" content=\"[vc_row][vc_column][vc_column_text]Abilica Bike 20 \u00e4r en anv\u00e4ndarv\u00e4nlig cykel som har precis vad du beh\u00f6ver f\u00f6r att...\" \/>\n<meta property=\"og:url\" content=\"https:\/\/abilica.com\/sv\/kondition\/motionscykel\/abilica-bike-20\/\" \/>\n<meta property=\"og:site_name\" content=\"Abilica\" \/>\n<meta property=\"article:publisher\" content=\"https:\/\/www.facebook.com\/abilicahometraining\/\" \/>\n<meta property=\"article:modified_time\" content=\"2024-10-20T08:28:48+00:00\" \/>\n<meta property=\"og:image\" content=\"https:\/\/abilica.com\/wp-content\/uploads\/2023\/10\/374659_2-1.jpg\" \/>\n\t<meta property=\"og:image:width\" content=\"1200\" \/>\n\t<meta property=\"og:image:height\" content=\"1200\" \/>\n\t<meta property=\"og:image:type\" content=\"image\/jpeg\" \/>\n<meta name=\"twitter:card\" content=\"summary_large_image\" \/>\n<meta name=\"twitter:label1\" content=\"Ber\u00e4knad l\u00e4stid\" \/>\n\t<meta name=\"twitter:data1\" content=\"2 minuter\" \/>\n<script type=\"application\/ld+json\" class=\"yoast-schema-graph\">{\"@context\":\"https:\/\/schema.org\",\"@graph\":[{\"@type\":\"WebPage\",\"@id\":\"https:\/\/abilica.com\/sv\/kondition\/motionscykel\/abilica-bike-20\/\",\"url\":\"https:\/\/abilica.com\/sv\/kondition\/motionscykel\/abilica-bike-20\/\",\"name\":\"Abilica Bike 20 Abilica\",\"isPartOf\":{\"@id\":\"https:\/\/abilica.com\/#website\"},\"primaryImageOfPage\":{\"@id\":\"https:\/\/abilica.com\/sv\/kondition\/motionscykel\/abilica-bike-20\/#primaryimage\"},\"image\":{\"@id\":\"https:\/\/abilica.com\/sv\/kondition\/motionscykel\/abilica-bike-20\/#primaryimage\"},\"thumbnailUrl\":\"https:\/\/abilica.com\/wp-content\/uploads\/2023\/10\/374659_2-1.jpg\",\"datePublished\":\"2023-10-30T07:59:07+00:00\",\"dateModified\":\"2024-10-20T08:28:48+00:00\",\"breadcrumb\":{\"@id\":\"https:\/\/abilica.com\/sv\/kondition\/motionscykel\/abilica-bike-20\/#breadcrumb\"},\"inLanguage\":\"sv-SE\",\"potentialAction\":[{\"@type\":\"ReadAction\",\"target\":[\"https:\/\/abilica.com\/sv\/kondition\/motionscykel\/abilica-bike-20\/\"]}]},{\"@type\":\"ImageObject\",\"inLanguage\":\"sv-SE\",\"@id\":\"https:\/\/abilica.com\/sv\/kondition\/motionscykel\/abilica-bike-20\/#primaryimage\",\"url\":\"https:\/\/abilica.com\/wp-content\/uploads\/2023\/10\/374659_2-1.jpg\",\"contentUrl\":\"https:\/\/abilica.com\/wp-content\/uploads\/2023\/10\/374659_2-1.jpg\",\"width\":1200,\"height\":1200},{\"@type\":\"BreadcrumbList\",\"@id\":\"https:\/\/abilica.com\/sv\/kondition\/motionscykel\/abilica-bike-20\/#breadcrumb\",\"itemListElement\":[{\"@type\":\"ListItem\",\"position\":1,\"name\":\"Hem\",\"item\":\"https:\/\/abilica.com\/sv\/\"},{\"@type\":\"ListItem\",\"position\":2,\"name\":\"Produkter\",\"item\":\"https:\/\/abilica.com\/sv\/shop\/\"},{\"@type\":\"ListItem\",\"position\":3,\"name\":\"Abilica Bike 20\"}]},{\"@type\":\"WebSite\",\"@id\":\"https:\/\/abilica.com\/#website\",\"url\":\"https:\/\/abilica.com\/\",\"name\":\"Abilica\",\"description\":\"Abilica Home Training\",\"potentialAction\":[{\"@type\":\"SearchAction\",\"target\":{\"@type\":\"EntryPoint\",\"urlTemplate\":\"https:\/\/abilica.com\/?s={search_term_string}\"},\"query-input\":{\"@type\":\"PropertyValueSpecification\",\"valueRequired\":true,\"valueName\":\"search_term_string\"}}],\"inLanguage\":\"sv-SE\"}]}<\/script>\n<!-- \/ Yoast SEO Premium plugin. -->","yoast_head_json":{"title":"Abilica Bike 20 Abilica","robots":{"index":"index","follow":"follow","max-snippet":"max-snippet:-1","max-image-preview":"max-image-preview:large","max-video-preview":"max-video-preview:-1"},"canonical":"https:\/\/abilica.com\/sv\/kondition\/motionscykel\/abilica-bike-20\/","og_locale":"sv_SE","og_type":"article","og_title":"Abilica Bike 20","og_description":"[vc_row][vc_column][vc_column_text]Abilica Bike 20 \u00e4r en anv\u00e4ndarv\u00e4nlig cykel som har precis vad du beh\u00f6ver f\u00f6r att...","og_url":"https:\/\/abilica.com\/sv\/kondition\/motionscykel\/abilica-bike-20\/","og_site_name":"Abilica","article_publisher":"https:\/\/www.facebook.com\/abilicahometraining\/","article_modified_time":"2024-10-20T08:28:48+00:00","og_image":[{"width":1200,"height":1200,"url":"https:\/\/abilica.com\/wp-content\/uploads\/2023\/10\/374659_2-1.jpg","type":"image\/jpeg"}],"twitter_card":"summary_large_image","twitter_misc":{"Ber\u00e4knad l\u00e4stid":"2 minuter"},"schema":{"@context":"https:\/\/schema.org","@graph":[{"@type":"WebPage","@id":"https:\/\/abilica.com\/sv\/kondition\/motionscykel\/abilica-bike-20\/","url":"https:\/\/abilica.com\/sv\/kondition\/motionscykel\/abilica-bike-20\/","name":"Abilica Bike 20 Abilica","isPartOf":{"@id":"https:\/\/abilica.com\/#website"},"primaryImageOfPage":{"@id":"https:\/\/abilica.com\/sv\/kondition\/motionscykel\/abilica-bike-20\/#primaryimage"},"image":{"@id":"https:\/\/abilica.com\/sv\/kondition\/motionscykel\/abilica-bike-20\/#primaryimage"},"thumbnailUrl":"https:\/\/abilica.com\/wp-content\/uploads\/2023\/10\/374659_2-1.jpg","datePublished":"2023-10-30T07:59:07+00:00","dateModified":"2024-10-20T08:28:48+00:00","breadcrumb":{"@id":"https:\/\/abilica.com\/sv\/kondition\/motionscykel\/abilica-bike-20\/#breadcrumb"},"inLanguage":"sv-SE","potentialAction":[{"@type":"ReadAction","target":["https:\/\/abilica.com\/sv\/kondition\/motionscykel\/abilica-bike-20\/"]}]},{"@type":"ImageObject","inLanguage":"sv-SE","@id":"https:\/\/abilica.com\/sv\/kondition\/motionscykel\/abilica-bike-20\/#primaryimage","url":"https:\/\/abilica.com\/wp-content\/uploads\/2023\/10\/374659_2-1.jpg","contentUrl":"https:\/\/abilica.com\/wp-content\/uploads\/2023\/10\/374659_2-1.jpg","width":1200,"height":1200},{"@type":"BreadcrumbList","@id":"https:\/\/abilica.com\/sv\/kondition\/motionscykel\/abilica-bike-20\/#breadcrumb","itemListElement":[{"@type":"ListItem","position":1,"name":"Hem","item":"https:\/\/abilica.com\/sv\/"},{"@type":"ListItem","position":2,"name":"Produkter","item":"https:\/\/abilica.com\/sv\/shop\/"},{"@type":"ListItem","position":3,"name":"Abilica Bike 20"}]},{"@type":"WebSite","@id":"https:\/\/abilica.com\/#website","url":"https:\/\/abilica.com\/","name":"Abilica","description":"Abilica Home Training","potentialAction":[{"@type":"SearchAction","target":{"@type":"EntryPoint","urlTemplate":"https:\/\/abilica.com\/?s={search_term_string}"},"query-input":{"@type":"PropertyValueSpecification","valueRequired":true,"valueName":"search_term_string"}}],"inLanguage":"sv-SE"}]}},"_links":{"self":[{"href":"https:\/\/abilica.com\/sv\/wp-json\/wp\/v2\/product\/65709","targetHints":{"allow":["GET"]}}],"collection":[{"href":"https:\/\/abilica.com\/sv\/wp-json\/wp\/v2\/product"}],"about":[{"href":"https:\/\/abilica.com\/sv\/wp-json\/wp\/v2\/types\/product"}],"wp:featuredmedia":[{"embeddable":true,"href":"https:\/\/abilica.com\/sv\/wp-json\/wp\/v2\/media\/65710"}],"wp:attachment":[{"href":"https:\/\/abilica.com\/sv\/wp-json\/wp\/v2\/media?parent=65709"}],"wp:term":[{"taxonomy":"product_brand","embeddable":true,"href":"https:\/\/abilica.com\/sv\/wp-json\/wp\/v2\/product_brand?post=65709"},{"taxonomy":"product_cat","embeddable":true,"href":"https:\/\/abilica.com\/sv\/wp-json\/wp\/v2\/product_cat?post=65709"},{"taxonomy":"product_tag","embeddable":true,"href":"https:\/\/abilica.com\/sv\/wp-json\/wp\/v2\/product_tag?post=65709"}],"curies":[{"name":"wp","href":"https:\/\/api.w.org\/{rel}","templated":true}]}}