{"id":65727,"date":"2023-10-30T08:59:07","date_gmt":"2023-10-30T07:59:07","guid":{"rendered":"https:\/\/abilica.com\/uncategorized\/abilica-rower-20\/"},"modified":"2024-10-20T09:36:11","modified_gmt":"2024-10-20T08:36:11","slug":"abilica-rower-20","status":"publish","type":"product","link":"https:\/\/abilica.com\/sv\/kondition\/roddmaskiner\/abilica-rower-20\/","title":{"rendered":"Abilica Rower 20"},"content":{"rendered":"<div class=\"wpb-content-wrapper\"><p>[vc_row][vc_column][vc_column_text]Abilica Rower 20 \u00e4r en anv\u00e4ndarv\u00e4nlig och bra roddmaskin som g\u00f6r att du enkelt kan tr\u00e4na hela kroppen hemma. Abilica Rower 20 har 8 olika motst\u00e5ndsniv\u00e5er som enkelt kan \u00e4ndras genom att vrida p\u00e5 motst\u00e5ndshjulet. Magnetisk motst\u00e5ndssystem producerar minimalt med ljud, s\u00e5 att du kan tr\u00e4na hemma utan att st\u00f6ra andra. Abilica Rower 20 har en stor och \u00f6versk\u00e5dlig dator med de 6 viktigaste funktionerna som ger dig feedback p\u00e5 din tr\u00e4ning. Abilica Rower 20 har en modern utrymmeseffektiv design och \u00e4r hopf\u00e4llbar f\u00f6r minimal utrymmesanv\u00e4ndning. Den har transporthjul som g\u00f6r den l\u00e4tt att flytta n\u00e4r den inte anv\u00e4nds. Max anv\u00e4ndarvikt \u00e4r 110 kg.<\/p>\n<p><b>SPECIFIKATIONER<span class=\"Apple-converted-space\"><br \/>\n<\/span><\/b>Magnetiskt motst\u00e5nd<br \/>\nMotst\u00e5ndsniv\u00e5er: 8 (manuell)<span class=\"Apple-converted-space\"><br \/>\n<\/span>Str\u00f6mf\u00f6rs\u00f6rjning: Nej<span class=\"Apple-converted-space\"><br \/>\n<\/span>Transporthjul: Ja<span class=\"Apple-converted-space\"><br \/>\n<\/span>Hopf\u00e4llbar: Ja<br \/>\nM\u00e5tt utf\u00e4lld: 183 x 50 x 81 cm (L x B x H)<br \/>\nM\u00e5tt hopf\u00e4lld: 95 x 50 x 125 cm (L x B x H)<br \/>\nProduktvikt : 27 kg<br \/>\nMax anv\u00e4ndarvikt: 110 kg<\/p>\n<p><b>SPECIFIKATIONER<\/b> <strong>DATOR<br \/>\n<\/strong>Antal funktioner: 6<br \/>\nTid<br \/>\nDistans<br \/>\nRoddtag per min.<span class=\"Apple-converted-space\"><br \/>\n<\/span>Totalt antal roddtag<span class=\"Apple-converted-space\"><br \/>\n<\/span>Kalorif\u00f6rbrukning (indikation)<span class=\"Apple-converted-space\"><br \/>\n<\/span>Nedr\u00e4kning: Tid, distans[\/vc_column_text][vc_empty_space height=&#8221;52px&#8221;][vc_btn title=&#8221;Anv\u00e4ndarmanual&#8221; style=&#8221;flat&#8221; color=&#8221;black&#8221; i_icon_fontawesome=&#8221;far fa-file-pdf&#8221; add_icon=&#8221;true&#8221; link=&#8221;url:https%3A%2F%2Fabilica.com%2Fse%2Fwp-content%2Fuploads%2F2023%2F10%2FAbilica-Rower-20.pdf&#8221;][vc_btn title=&#8221;Tr\u00e4ningstips&#8221; style=&#8221;flat&#8221; color=&#8221;black&#8221; i_icon_fontawesome=&#8221;fas fa-align-left&#8221; add_icon=&#8221;true&#8221; link=&#8221;url:https%3A%2F%2Fabilica.com%2Fse%2Ftraningsartiklar%2Ftraningstips-for-kondition%2F|title:Tr%C3%A4ningstips%20f%C3%B6r%20kondition&#8221;][vc_btn title=&#8221;Underh\u00e5llstips&#8221; style=&#8221;flat&#8221; color=&#8221;black&#8221; i_icon_fontawesome=&#8221;fas fa-align-left&#8221; add_icon=&#8221;true&#8221; link=&#8221;url:https%3A%2F%2Fabilica.com%2Fse%2Ftraningsartiklar%2Ftraningstips-for-kondition%2Funderhall-av-traningsmaskiner%2F|title:Tr%C3%A4ningstips%20f%C3%B6r%20kondition&#8221;][\/vc_column][\/vc_row]<\/p>\n<\/div>","protected":false},"excerpt":{"rendered":"<p>[vc_row][vc_column][vc_column_text]Abilica Rower 20 \u00e4r en anv\u00e4ndarv\u00e4nlig och bra roddmaskin som g\u00f6r att du enkelt kan&#8230;<\/p>\n","protected":false},"featured_media":65728,"template":"","meta":{"_acf_changed":false},"product_brand":[],"product_cat":[475,494],"product_tag":[],"class_list":{"0":"post-65727","1":"product","2":"type-product","3":"status-publish","4":"has-post-thumbnail","6":"product_cat-kondition","7":"product_cat-roddmaskiner","9":"first","10":"instock","11":"product-type-simple"},"acf":[],"yoast_head":"<!-- This site is optimized with the Yoast SEO Premium plugin v21.1 (Yoast SEO v25.4) - https:\/\/yoast.com\/wordpress\/plugins\/seo\/ -->\n<title>Abilica Rower 20 Abilica<\/title>\n<meta name=\"robots\" content=\"index, follow, max-snippet:-1, max-image-preview:large, max-video-preview:-1\" \/>\n<link rel=\"canonical\" href=\"https:\/\/abilica.com\/sv\/kondition\/roddmaskiner\/abilica-rower-20\/\" \/>\n<meta property=\"og:locale\" content=\"sv_SE\" \/>\n<meta property=\"og:type\" content=\"article\" \/>\n<meta property=\"og:title\" content=\"Abilica Rower 20\" \/>\n<meta property=\"og:description\" content=\"[vc_row][vc_column][vc_column_text]Abilica Rower 20 \u00e4r en anv\u00e4ndarv\u00e4nlig och bra roddmaskin som g\u00f6r att du enkelt kan...\" \/>\n<meta property=\"og:url\" content=\"https:\/\/abilica.com\/sv\/kondition\/roddmaskiner\/abilica-rower-20\/\" \/>\n<meta property=\"og:site_name\" content=\"Abilica\" \/>\n<meta property=\"article:publisher\" content=\"https:\/\/www.facebook.com\/abilicahometraining\/\" \/>\n<meta property=\"article:modified_time\" content=\"2024-10-20T08:36:11+00:00\" \/>\n<meta property=\"og:image\" content=\"https:\/\/abilica.com\/wp-content\/uploads\/2023\/10\/374675-2.jpg\" \/>\n\t<meta property=\"og:image:width\" content=\"1200\" \/>\n\t<meta property=\"og:image:height\" content=\"1200\" \/>\n\t<meta property=\"og:image:type\" content=\"image\/jpeg\" \/>\n<meta name=\"twitter:card\" content=\"summary_large_image\" \/>\n<meta name=\"twitter:label1\" content=\"Ber\u00e4knad l\u00e4stid\" \/>\n\t<meta name=\"twitter:data1\" content=\"2 minuter\" \/>\n<script type=\"application\/ld+json\" class=\"yoast-schema-graph\">{\"@context\":\"https:\/\/schema.org\",\"@graph\":[{\"@type\":\"WebPage\",\"@id\":\"https:\/\/abilica.com\/sv\/kondition\/roddmaskiner\/abilica-rower-20\/\",\"url\":\"https:\/\/abilica.com\/sv\/kondition\/roddmaskiner\/abilica-rower-20\/\",\"name\":\"Abilica Rower 20 Abilica\",\"isPartOf\":{\"@id\":\"https:\/\/abilica.com\/#website\"},\"primaryImageOfPage\":{\"@id\":\"https:\/\/abilica.com\/sv\/kondition\/roddmaskiner\/abilica-rower-20\/#primaryimage\"},\"image\":{\"@id\":\"https:\/\/abilica.com\/sv\/kondition\/roddmaskiner\/abilica-rower-20\/#primaryimage\"},\"thumbnailUrl\":\"https:\/\/abilica.com\/wp-content\/uploads\/2023\/10\/374675-2.jpg\",\"datePublished\":\"2023-10-30T07:59:07+00:00\",\"dateModified\":\"2024-10-20T08:36:11+00:00\",\"breadcrumb\":{\"@id\":\"https:\/\/abilica.com\/sv\/kondition\/roddmaskiner\/abilica-rower-20\/#breadcrumb\"},\"inLanguage\":\"sv-SE\",\"potentialAction\":[{\"@type\":\"ReadAction\",\"target\":[\"https:\/\/abilica.com\/sv\/kondition\/roddmaskiner\/abilica-rower-20\/\"]}]},{\"@type\":\"ImageObject\",\"inLanguage\":\"sv-SE\",\"@id\":\"https:\/\/abilica.com\/sv\/kondition\/roddmaskiner\/abilica-rower-20\/#primaryimage\",\"url\":\"https:\/\/abilica.com\/wp-content\/uploads\/2023\/10\/374675-2.jpg\",\"contentUrl\":\"https:\/\/abilica.com\/wp-content\/uploads\/2023\/10\/374675-2.jpg\",\"width\":1200,\"height\":1200},{\"@type\":\"BreadcrumbList\",\"@id\":\"https:\/\/abilica.com\/sv\/kondition\/roddmaskiner\/abilica-rower-20\/#breadcrumb\",\"itemListElement\":[{\"@type\":\"ListItem\",\"position\":1,\"name\":\"Hem\",\"item\":\"https:\/\/abilica.com\/sv\/\"},{\"@type\":\"ListItem\",\"position\":2,\"name\":\"Produkter\",\"item\":\"https:\/\/abilica.com\/sv\/shop\/\"},{\"@type\":\"ListItem\",\"position\":3,\"name\":\"Abilica Rower 20\"}]},{\"@type\":\"WebSite\",\"@id\":\"https:\/\/abilica.com\/#website\",\"url\":\"https:\/\/abilica.com\/\",\"name\":\"Abilica\",\"description\":\"Abilica Home Training\",\"potentialAction\":[{\"@type\":\"SearchAction\",\"target\":{\"@type\":\"EntryPoint\",\"urlTemplate\":\"https:\/\/abilica.com\/?s={search_term_string}\"},\"query-input\":{\"@type\":\"PropertyValueSpecification\",\"valueRequired\":true,\"valueName\":\"search_term_string\"}}],\"inLanguage\":\"sv-SE\"}]}<\/script>\n<!-- \/ Yoast SEO Premium plugin. -->","yoast_head_json":{"title":"Abilica Rower 20 Abilica","robots":{"index":"index","follow":"follow","max-snippet":"max-snippet:-1","max-image-preview":"max-image-preview:large","max-video-preview":"max-video-preview:-1"},"canonical":"https:\/\/abilica.com\/sv\/kondition\/roddmaskiner\/abilica-rower-20\/","og_locale":"sv_SE","og_type":"article","og_title":"Abilica Rower 20","og_description":"[vc_row][vc_column][vc_column_text]Abilica Rower 20 \u00e4r en anv\u00e4ndarv\u00e4nlig och bra roddmaskin som g\u00f6r att du enkelt kan...","og_url":"https:\/\/abilica.com\/sv\/kondition\/roddmaskiner\/abilica-rower-20\/","og_site_name":"Abilica","article_publisher":"https:\/\/www.facebook.com\/abilicahometraining\/","article_modified_time":"2024-10-20T08:36:11+00:00","og_image":[{"width":1200,"height":1200,"url":"https:\/\/abilica.com\/wp-content\/uploads\/2023\/10\/374675-2.jpg","type":"image\/jpeg"}],"twitter_card":"summary_large_image","twitter_misc":{"Ber\u00e4knad l\u00e4stid":"2 minuter"},"schema":{"@context":"https:\/\/schema.org","@graph":[{"@type":"WebPage","@id":"https:\/\/abilica.com\/sv\/kondition\/roddmaskiner\/abilica-rower-20\/","url":"https:\/\/abilica.com\/sv\/kondition\/roddmaskiner\/abilica-rower-20\/","name":"Abilica Rower 20 Abilica","isPartOf":{"@id":"https:\/\/abilica.com\/#website"},"primaryImageOfPage":{"@id":"https:\/\/abilica.com\/sv\/kondition\/roddmaskiner\/abilica-rower-20\/#primaryimage"},"image":{"@id":"https:\/\/abilica.com\/sv\/kondition\/roddmaskiner\/abilica-rower-20\/#primaryimage"},"thumbnailUrl":"https:\/\/abilica.com\/wp-content\/uploads\/2023\/10\/374675-2.jpg","datePublished":"2023-10-30T07:59:07+00:00","dateModified":"2024-10-20T08:36:11+00:00","breadcrumb":{"@id":"https:\/\/abilica.com\/sv\/kondition\/roddmaskiner\/abilica-rower-20\/#breadcrumb"},"inLanguage":"sv-SE","potentialAction":[{"@type":"ReadAction","target":["https:\/\/abilica.com\/sv\/kondition\/roddmaskiner\/abilica-rower-20\/"]}]},{"@type":"ImageObject","inLanguage":"sv-SE","@id":"https:\/\/abilica.com\/sv\/kondition\/roddmaskiner\/abilica-rower-20\/#primaryimage","url":"https:\/\/abilica.com\/wp-content\/uploads\/2023\/10\/374675-2.jpg","contentUrl":"https:\/\/abilica.com\/wp-content\/uploads\/2023\/10\/374675-2.jpg","width":1200,"height":1200},{"@type":"BreadcrumbList","@id":"https:\/\/abilica.com\/sv\/kondition\/roddmaskiner\/abilica-rower-20\/#breadcrumb","itemListElement":[{"@type":"ListItem","position":1,"name":"Hem","item":"https:\/\/abilica.com\/sv\/"},{"@type":"ListItem","position":2,"name":"Produkter","item":"https:\/\/abilica.com\/sv\/shop\/"},{"@type":"ListItem","position":3,"name":"Abilica Rower 20"}]},{"@type":"WebSite","@id":"https:\/\/abilica.com\/#website","url":"https:\/\/abilica.com\/","name":"Abilica","description":"Abilica Home Training","potentialAction":[{"@type":"SearchAction","target":{"@type":"EntryPoint","urlTemplate":"https:\/\/abilica.com\/?s={search_term_string}"},"query-input":{"@type":"PropertyValueSpecification","valueRequired":true,"valueName":"search_term_string"}}],"inLanguage":"sv-SE"}]}},"_links":{"self":[{"href":"https:\/\/abilica.com\/sv\/wp-json\/wp\/v2\/product\/65727","targetHints":{"allow":["GET"]}}],"collection":[{"href":"https:\/\/abilica.com\/sv\/wp-json\/wp\/v2\/product"}],"about":[{"href":"https:\/\/abilica.com\/sv\/wp-json\/wp\/v2\/types\/product"}],"wp:featuredmedia":[{"embeddable":true,"href":"https:\/\/abilica.com\/sv\/wp-json\/wp\/v2\/media\/65728"}],"wp:attachment":[{"href":"https:\/\/abilica.com\/sv\/wp-json\/wp\/v2\/media?parent=65727"}],"wp:term":[{"taxonomy":"product_brand","embeddable":true,"href":"https:\/\/abilica.com\/sv\/wp-json\/wp\/v2\/product_brand?post=65727"},{"taxonomy":"product_cat","embeddable":true,"href":"https:\/\/abilica.com\/sv\/wp-json\/wp\/v2\/product_cat?post=65727"},{"taxonomy":"product_tag","embeddable":true,"href":"https:\/\/abilica.com\/sv\/wp-json\/wp\/v2\/product_tag?post=65727"}],"curies":[{"name":"wp","href":"https:\/\/api.w.org\/{rel}","templated":true}]}}