{"id":65745,"date":"2023-10-30T09:08:21","date_gmt":"2023-10-30T08:08:21","guid":{"rendered":"https:\/\/abilica.com\/uncategorized\/abilica-mill-30\/"},"modified":"2025-11-05T10:26:54","modified_gmt":"2025-11-05T09:26:54","slug":"abilica-mill-30","status":"publish","type":"product","link":"https:\/\/abilica.com\/sv\/kondition\/lopband\/abilica-mill-30\/","title":{"rendered":"Abilica Mill 30"},"content":{"rendered":"<div class=\"wpb-content-wrapper\"><p>[vc_row][vc_column][vc_column_text css=&#8221;&#8221; el_class=&#8221;product-video&#8221;]Abilica Mill 30 \u00e4r perfekt f\u00f6r dig som gillar att variera sin tr\u00e4ning med intervaller och l\u00e4ngre lugna tr\u00e4ningspass med b\u00e5de promenader och l\u00f6pning. Ett gediget l\u00f6pband i modern och utrymmeseffektiv design med ett v\u00e4l tilltaget l\u00f6pband och m\u00f6jlighet att ansluta till motiverande appar.<\/p>\n<p>Abilica Mill 30 levereras med en 2,0 HP DC-motor. L\u00f6pbandet har en hastighet fr\u00e5n 0.8 till 19 km\/h och l\u00f6pbandet m\u00e4ter 50 x 150 cm. L\u00f6pbandet har totalt 12 f\u00f6rinst\u00e4llda program, 3 pulsprogram och 3 program som du kan st\u00e4lla in sj\u00e4lv. L\u00f6pbandet har elektronisk h\u00f6jdjustering i 12 niv\u00e5er vilket ger dig de utmaningar du \u00f6nskar. Den har praktiska hjul f\u00f6r att justera hastighet och lutning. Med detta hjul kan du v\u00e4lja om du vill justera hastigheten 0.1 eller 1.0 km per justering. Detta \u00e4r perfekt n\u00e4r du vill ha en snabb fart\u00f6kning under intervaller, eller n\u00e4r du vill pressa dig sj\u00e4lv lite extra p\u00e5 l\u00e5nga turer. Den har \u00e4ven snabbval f\u00f6r hastighet och lutning. Abilica Mill 30 har h\u00f6gtalare och anslutningsm\u00f6jligheter f\u00f6r att spela musik. En modern LED-sk\u00e4rm som visar tid, hastighet, distans, kalorif\u00f6rbrukning och puls g\u00f6r det enkelt att f\u00f6lja dina framsteg i tr\u00e4ningen.<\/p>\n<p>Abilica Mill 30 kan kopplas till flera tr\u00e4ningsappar. Med Zwift-appen kan du springa i den virtuella v\u00e4rlden, och du kan antingen ta en sk\u00f6n promenad ensam eller delta i gemenskapen och jogga med andra. Zwift l\u00e5ter dig ocks\u00e5 h\u00e5lla koll p\u00e5 dina tr\u00e4ningsprogram. I appen FitShow kan du enkelt f\u00f6lja en rad f\u00f6rprogrammerade pass och tr\u00e4ningsrutter, och i Kinomap kan du tr\u00e4na till inspirerande videor fr\u00e5n sp\u00e4nnande tr\u00e4ningsrutter fr\u00e5n hela v\u00e4rlden. L\u00f6pbandet \u00e4r hopf\u00e4llbart och har hjul f\u00f6r enkel f\u00f6rflyttning. Abilica Mill 30 v\u00e4ger 71 kg. Max anv\u00e4ndarvikt \u00e4r 125 kg.<\/p>\n<p><b>TEKNISK INFORMATION<br \/>\n<\/b>Maxhastighet: 19 km\/h<br \/>\nMotor: 2,0 hk<br \/>\nMotorprestanda topp: 3 hk<br \/>\nMotortyp: DC<br \/>\nM\u00e5tt l\u00f6pband: 50 x 150 cm<br \/>\nH\u00f6jd (golv &#8211; l\u00f6pyta): 18 cm<br \/>\nMotoriserad stigning: Ja<br \/>\nUppstigningsniv\u00e5er: 12<br \/>\nMax gradient: 9 %<br \/>\nHopf\u00e4llbar: Ja<br \/>\nJusterbara ben: Ja<br \/>\nTransporthjul: Ja<br \/>\nM\u00e5tt uppmonterad: 182 x 81 x 136 cm (L x B x H)<br \/>\nM\u00e5tt hopf\u00e4llt: 112 x 81 x 153 cm (L x B x H)<br \/>\nProduktvikt: 71 kg<br \/>\nMax anv\u00e4ndarvikt: 125 kg<\/p>\n<div style=\"width: 640px;\" class=\"wp-video\"><!--[if lt IE 9]><script>document.createElement('video');<\/script><![endif]-->\n<video class=\"wp-video-shortcode\" id=\"video-65745-1\" width=\"640\" height=\"360\" poster=\"https:\/\/abilica.com\/wp-content\/uploads\/2023\/10\/Mill-30_374661_12.jpg\" preload=\"metadata\" controls=\"controls\"><source type=\"video\/mp4\" src=\"https:\/\/abilica.com\/wp-content\/uploads\/2023\/10\/Abilica-Mill-30-bredde.mp4?_=1\" \/><a href=\"https:\/\/abilica.com\/wp-content\/uploads\/2023\/10\/Abilica-Mill-30-bredde.mp4\">https:\/\/abilica.com\/wp-content\/uploads\/2023\/10\/Abilica-Mill-30-bredde.mp4<\/a><\/video><\/div>\n<p>[\/vc_column_text][vc_empty_space height=&#8221;52px&#8221;][vc_btn title=&#8221;Anv\u00e4ndarmanual&#8221; style=&#8221;flat&#8221; color=&#8221;black&#8221; i_icon_fontawesome=&#8221;far fa-file-pdf&#8221; add_icon=&#8221;true&#8221; link=&#8221;url:https%3A%2F%2Fabilica.com%2Fse%2Fwp-content%2Fuploads%2F2023%2F09%2FAbilica-Mill-30-Manuale.pdf&#8221;][vc_btn title=&#8221;Tr\u00e4ningstips&#8221; style=&#8221;flat&#8221; color=&#8221;black&#8221; i_icon_fontawesome=&#8221;fas fa-align-left&#8221; add_icon=&#8221;true&#8221; link=&#8221;url:https%3A%2F%2Fabilica.com%2Fse%2Ftraningsartiklar%2Ftraningstips-for-kondition%2Ffordelarna-med-att-springa-pa-lopband%2F|title:F%C3%B6rdelarna%20med%20att%20springa%20p%C3%A5%20l%C3%B6pband&#8221;][vc_btn title=&#8221;Underh\u00e5llstips&#8221; style=&#8221;flat&#8221; color=&#8221;black&#8221; i_icon_fontawesome=&#8221;fas fa-align-left&#8221; add_icon=&#8221;true&#8221; link=&#8221;url:https%3A%2F%2Fabilica.com%2Fse%2Ftraningsartiklar%2Ftraningstips-for-kondition%2Funderhall-av-traningsmaskiner%2F|title:F%C3%B6rdelarna%20med%20att%20springa%20p%C3%A5%20l%C3%B6pband&#8221;][\/vc_column][\/vc_row]<\/p>\n<\/div>","protected":false},"excerpt":{"rendered":"<p>[vc_row][vc_column][vc_column_text css=&#8221;&#8221; el_class=&#8221;product-video&#8221;]Abilica Mill 30 \u00e4r perfekt f\u00f6r dig som gillar att variera sin tr\u00e4ning&#8230;<\/p>\n","protected":false},"featured_media":65746,"template":"","meta":{"_acf_changed":false},"product_brand":[],"product_cat":[475,477],"product_tag":[],"class_list":{"0":"post-65745","1":"product","2":"type-product","3":"status-publish","4":"has-post-thumbnail","6":"product_cat-kondition","7":"product_cat-lopband","9":"first","10":"instock","11":"product-type-simple"},"acf":[],"yoast_head":"<!-- This site is optimized with the Yoast SEO Premium plugin v21.1 (Yoast SEO v25.4) - https:\/\/yoast.com\/wordpress\/plugins\/seo\/ -->\n<title>Abilica Mill 30 Abilica<\/title>\n<meta name=\"robots\" content=\"index, follow, max-snippet:-1, max-image-preview:large, max-video-preview:-1\" \/>\n<link rel=\"canonical\" href=\"https:\/\/abilica.com\/sv\/kondition\/lopband\/abilica-mill-30\/\" \/>\n<meta property=\"og:locale\" content=\"sv_SE\" \/>\n<meta property=\"og:type\" content=\"article\" \/>\n<meta property=\"og:title\" content=\"Abilica Mill 30\" \/>\n<meta property=\"og:description\" content=\"[vc_row][vc_column][vc_column_text css=&#8221;&#8221; el_class=&#8221;product-video&#8221;]Abilica Mill 30 \u00e4r perfekt f\u00f6r dig som gillar att variera sin tr\u00e4ning...\" \/>\n<meta property=\"og:url\" content=\"https:\/\/abilica.com\/sv\/kondition\/lopband\/abilica-mill-30\/\" \/>\n<meta property=\"og:site_name\" content=\"Abilica\" \/>\n<meta property=\"article:publisher\" content=\"https:\/\/www.facebook.com\/abilicahometraining\/\" \/>\n<meta property=\"article:modified_time\" content=\"2025-11-05T09:26:54+00:00\" \/>\n<meta property=\"og:image\" content=\"https:\/\/abilica.com\/wp-content\/uploads\/2023\/10\/1-2-5.jpg\" \/>\n\t<meta property=\"og:image:width\" content=\"1200\" \/>\n\t<meta property=\"og:image:height\" content=\"1200\" \/>\n\t<meta property=\"og:image:type\" content=\"image\/jpeg\" \/>\n<meta name=\"twitter:card\" content=\"summary_large_image\" \/>\n<meta name=\"twitter:label1\" content=\"Ber\u00e4knad l\u00e4stid\" \/>\n\t<meta name=\"twitter:data1\" content=\"3 minuter\" \/>\n<script type=\"application\/ld+json\" class=\"yoast-schema-graph\">{\"@context\":\"https:\/\/schema.org\",\"@graph\":[{\"@type\":\"WebPage\",\"@id\":\"https:\/\/abilica.com\/sv\/kondition\/lopband\/abilica-mill-30\/\",\"url\":\"https:\/\/abilica.com\/sv\/kondition\/lopband\/abilica-mill-30\/\",\"name\":\"Abilica Mill 30 Abilica\",\"isPartOf\":{\"@id\":\"https:\/\/abilica.com\/#website\"},\"primaryImageOfPage\":{\"@id\":\"https:\/\/abilica.com\/sv\/kondition\/lopband\/abilica-mill-30\/#primaryimage\"},\"image\":{\"@id\":\"https:\/\/abilica.com\/sv\/kondition\/lopband\/abilica-mill-30\/#primaryimage\"},\"thumbnailUrl\":\"https:\/\/abilica.com\/wp-content\/uploads\/2023\/10\/1-2-5.jpg\",\"datePublished\":\"2023-10-30T08:08:21+00:00\",\"dateModified\":\"2025-11-05T09:26:54+00:00\",\"breadcrumb\":{\"@id\":\"https:\/\/abilica.com\/sv\/kondition\/lopband\/abilica-mill-30\/#breadcrumb\"},\"inLanguage\":\"sv-SE\",\"potentialAction\":[{\"@type\":\"ReadAction\",\"target\":[\"https:\/\/abilica.com\/sv\/kondition\/lopband\/abilica-mill-30\/\"]}]},{\"@type\":\"ImageObject\",\"inLanguage\":\"sv-SE\",\"@id\":\"https:\/\/abilica.com\/sv\/kondition\/lopband\/abilica-mill-30\/#primaryimage\",\"url\":\"https:\/\/abilica.com\/wp-content\/uploads\/2023\/10\/1-2-5.jpg\",\"contentUrl\":\"https:\/\/abilica.com\/wp-content\/uploads\/2023\/10\/1-2-5.jpg\",\"width\":1200,\"height\":1200},{\"@type\":\"BreadcrumbList\",\"@id\":\"https:\/\/abilica.com\/sv\/kondition\/lopband\/abilica-mill-30\/#breadcrumb\",\"itemListElement\":[{\"@type\":\"ListItem\",\"position\":1,\"name\":\"Hem\",\"item\":\"https:\/\/abilica.com\/sv\/\"},{\"@type\":\"ListItem\",\"position\":2,\"name\":\"Produkter\",\"item\":\"https:\/\/abilica.com\/sv\/shop\/\"},{\"@type\":\"ListItem\",\"position\":3,\"name\":\"Abilica Mill 30\"}]},{\"@type\":\"WebSite\",\"@id\":\"https:\/\/abilica.com\/#website\",\"url\":\"https:\/\/abilica.com\/\",\"name\":\"Abilica\",\"description\":\"Abilica Home Training\",\"potentialAction\":[{\"@type\":\"SearchAction\",\"target\":{\"@type\":\"EntryPoint\",\"urlTemplate\":\"https:\/\/abilica.com\/?s={search_term_string}\"},\"query-input\":{\"@type\":\"PropertyValueSpecification\",\"valueRequired\":true,\"valueName\":\"search_term_string\"}}],\"inLanguage\":\"sv-SE\"}]}<\/script>\n<!-- \/ Yoast SEO Premium plugin. -->","yoast_head_json":{"title":"Abilica Mill 30 Abilica","robots":{"index":"index","follow":"follow","max-snippet":"max-snippet:-1","max-image-preview":"max-image-preview:large","max-video-preview":"max-video-preview:-1"},"canonical":"https:\/\/abilica.com\/sv\/kondition\/lopband\/abilica-mill-30\/","og_locale":"sv_SE","og_type":"article","og_title":"Abilica Mill 30","og_description":"[vc_row][vc_column][vc_column_text css=&#8221;&#8221; el_class=&#8221;product-video&#8221;]Abilica Mill 30 \u00e4r perfekt f\u00f6r dig som gillar att variera sin tr\u00e4ning...","og_url":"https:\/\/abilica.com\/sv\/kondition\/lopband\/abilica-mill-30\/","og_site_name":"Abilica","article_publisher":"https:\/\/www.facebook.com\/abilicahometraining\/","article_modified_time":"2025-11-05T09:26:54+00:00","og_image":[{"width":1200,"height":1200,"url":"https:\/\/abilica.com\/wp-content\/uploads\/2023\/10\/1-2-5.jpg","type":"image\/jpeg"}],"twitter_card":"summary_large_image","twitter_misc":{"Ber\u00e4knad l\u00e4stid":"3 minuter"},"schema":{"@context":"https:\/\/schema.org","@graph":[{"@type":"WebPage","@id":"https:\/\/abilica.com\/sv\/kondition\/lopband\/abilica-mill-30\/","url":"https:\/\/abilica.com\/sv\/kondition\/lopband\/abilica-mill-30\/","name":"Abilica Mill 30 Abilica","isPartOf":{"@id":"https:\/\/abilica.com\/#website"},"primaryImageOfPage":{"@id":"https:\/\/abilica.com\/sv\/kondition\/lopband\/abilica-mill-30\/#primaryimage"},"image":{"@id":"https:\/\/abilica.com\/sv\/kondition\/lopband\/abilica-mill-30\/#primaryimage"},"thumbnailUrl":"https:\/\/abilica.com\/wp-content\/uploads\/2023\/10\/1-2-5.jpg","datePublished":"2023-10-30T08:08:21+00:00","dateModified":"2025-11-05T09:26:54+00:00","breadcrumb":{"@id":"https:\/\/abilica.com\/sv\/kondition\/lopband\/abilica-mill-30\/#breadcrumb"},"inLanguage":"sv-SE","potentialAction":[{"@type":"ReadAction","target":["https:\/\/abilica.com\/sv\/kondition\/lopband\/abilica-mill-30\/"]}]},{"@type":"ImageObject","inLanguage":"sv-SE","@id":"https:\/\/abilica.com\/sv\/kondition\/lopband\/abilica-mill-30\/#primaryimage","url":"https:\/\/abilica.com\/wp-content\/uploads\/2023\/10\/1-2-5.jpg","contentUrl":"https:\/\/abilica.com\/wp-content\/uploads\/2023\/10\/1-2-5.jpg","width":1200,"height":1200},{"@type":"BreadcrumbList","@id":"https:\/\/abilica.com\/sv\/kondition\/lopband\/abilica-mill-30\/#breadcrumb","itemListElement":[{"@type":"ListItem","position":1,"name":"Hem","item":"https:\/\/abilica.com\/sv\/"},{"@type":"ListItem","position":2,"name":"Produkter","item":"https:\/\/abilica.com\/sv\/shop\/"},{"@type":"ListItem","position":3,"name":"Abilica Mill 30"}]},{"@type":"WebSite","@id":"https:\/\/abilica.com\/#website","url":"https:\/\/abilica.com\/","name":"Abilica","description":"Abilica Home Training","potentialAction":[{"@type":"SearchAction","target":{"@type":"EntryPoint","urlTemplate":"https:\/\/abilica.com\/?s={search_term_string}"},"query-input":{"@type":"PropertyValueSpecification","valueRequired":true,"valueName":"search_term_string"}}],"inLanguage":"sv-SE"}]}},"_links":{"self":[{"href":"https:\/\/abilica.com\/sv\/wp-json\/wp\/v2\/product\/65745","targetHints":{"allow":["GET"]}}],"collection":[{"href":"https:\/\/abilica.com\/sv\/wp-json\/wp\/v2\/product"}],"about":[{"href":"https:\/\/abilica.com\/sv\/wp-json\/wp\/v2\/types\/product"}],"wp:featuredmedia":[{"embeddable":true,"href":"https:\/\/abilica.com\/sv\/wp-json\/wp\/v2\/media\/65746"}],"wp:attachment":[{"href":"https:\/\/abilica.com\/sv\/wp-json\/wp\/v2\/media?parent=65745"}],"wp:term":[{"taxonomy":"product_brand","embeddable":true,"href":"https:\/\/abilica.com\/sv\/wp-json\/wp\/v2\/product_brand?post=65745"},{"taxonomy":"product_cat","embeddable":true,"href":"https:\/\/abilica.com\/sv\/wp-json\/wp\/v2\/product_cat?post=65745"},{"taxonomy":"product_tag","embeddable":true,"href":"https:\/\/abilica.com\/sv\/wp-json\/wp\/v2\/product_tag?post=65745"}],"curies":[{"name":"wp","href":"https:\/\/api.w.org\/{rel}","templated":true}]}}