{"id":65762,"date":"2023-10-30T09:08:21","date_gmt":"2023-10-30T08:08:21","guid":{"rendered":"https:\/\/abilica.com\/uncategorized\/abilica-foldablerack-40\/"},"modified":"2026-01-28T09:33:59","modified_gmt":"2026-01-28T08:33:59","slug":"abilica-foldablerack-40","status":"publish","type":"product","link":"https:\/\/abilica.com\/sv\/styrka\/cage-rack-2\/abilica-foldablerack-40\/","title":{"rendered":"Abilica FoldableRack 40"},"content":{"rendered":"<div class=\"wpb-content-wrapper\"><p>[vc_row][vc_column][vc_column_text el_class=&#8221;product-video&#8221;]Abilica FoldableRack 40 \u00e4r ett robust, hopf\u00e4llbart rack som \u00e4r perfekt f\u00f6r dig som vill utnyttja utrymmet i tr\u00e4ningsrummet eller i garaget maximalt.<\/p>\n<p>FoldableRack 40 l\u00e5ter dig g\u00f6ra alla \u00f6vningar du kan g\u00f6ra i ett fullt rack. Kn\u00e4b\u00f6j, b\u00e4nkpress, milit\u00e4rpress, upph\u00e4ngning osv. Genom att k\u00f6pa Abilica Landmine-Attachment ut\u00f6kas \u00f6vningskatalogen ytterligare med \u00f6vningar som landminor, landmines thruster och mycket mer. FoldableRack 40 \u00e4r gjord extra stark f\u00f6r att klara h\u00f6ga belastningar. Skivst\u00e5ngsh\u00e5llarna t\u00e5l en belastning p\u00e5 300 kg, s\u00e4kerhetsarmarna 300 kg och pullup-handtagen 200 kg. Vill du ha ett mer effektivt tr\u00e4ningspass kan du \u00e4ven k\u00f6pa ytterligare <strong><a href=\"https:\/\/abilica.com\/se\/styrka\/abilica-jhooks-010\/\">viktst\u00e5ngh\u00e5llare<\/a><\/strong>, s\u00e5 att du har f\u00f6rinst\u00e4llt h\u00e5llarna f\u00f6r olika \u00f6vningar.<\/p>\n<p>N\u00e4r du \u00e4r klar med att anv\u00e4nda racket f\u00e4lls det enkelt ihop genom att ta bort l\u00e5ssprintarna p\u00e5 baksidan av stativet och ta bort pull up-st\u00e5ngen. N\u00e4r Abilica FoldableRack 40 \u00e4r ihopf\u00e4lld m\u00e4ter den endast 15 cm fr\u00e5n v\u00e4ggen. Det g\u00f6r det enkelt f\u00f6r dig att g\u00f6ra andra \u00f6vningar i tr\u00e4ningsrummet, eller anv\u00e4nda rummet till n\u00e5got helt annat. Racket har 4 f\u00e4stpunkter som kr\u00e4ver 2 bultar vardera. V\u00e4ggf\u00e4stena f\u00f6r FoldableRack \u00e4r 120 cm fr\u00e5n varandra, f\u00f6r att passa standardstolpar. Vi rekommenderar att FoldableRack f\u00f6rankras med massiva tr\u00e4skruvar eller betongbultar beroende p\u00e5 v\u00e4gg.<\/p>\n<p>Denna produkt \u00e4r inte l\u00e4mplig f\u00f6r utomhusf\u00f6rvaring och b\u00f6r inte placeras p\u00e5 fuktiga\/v\u00e5ta ytor.<span class=\"Apple-converted-space\">\u00a0<\/span><\/p>\n<p><strong>SPECIFIKATIONER<span class=\"Apple-converted-space\"><br \/>\n<\/span><\/strong>M\u00e5tt monterat: 115 x 134 x 215 cm (L x B x H)<span class=\"Apple-converted-space\"><br \/>\n<\/span>M\u00e5tt hopf\u00e4llt: 15 x 134 x 215 (L x B x H)<span class=\"Apple-converted-space\"><br \/>\n<\/span>Ramstorlek: 60 x 60 mm<span class=\"Apple-converted-space\"><br \/>\n<\/span>St\u00e5ltjocklek: 2,5 mm<br \/>\nH\u00e5ldiameter: 16 mm<span class=\"Apple-converted-space\"><br \/>\n<\/span>Antal justeringsh\u00e5l: 29<\/p>\n<p><strong>Max belastning<br \/>\n<\/strong>Skivst\u00e5ngsh\u00e5llare (J-hooks): 300 kg<span class=\"Apple-converted-space\"><br \/>\n<\/span>S\u00e4kerhetsarmar: 300 kg<span class=\"Apple-converted-space\"><br \/>\n<\/span>Pulluphandtag: 200 kg<br \/>\nProduktvikt: 70 kg<\/p>\n<div style=\"width: 640px;\" class=\"wp-video\"><!--[if lt IE 9]><script>document.createElement('video');<\/script><![endif]-->\n<video class=\"wp-video-shortcode\" id=\"video-65762-1\" width=\"640\" height=\"360\" poster=\"https:\/\/abilica.com\/se\/wp-content\/uploads\/2020\/05\/Screenshot-2020-11-18-at-11.11.42.png\" preload=\"metadata\" controls=\"controls\"><source type=\"video\/mp4\" src=\"https:\/\/abilica.com\/se\/wp-content\/uploads\/2015\/07\/Foldable-Rack.mp4?_=1\" \/><a href=\"https:\/\/abilica.com\/se\/wp-content\/uploads\/2015\/07\/Foldable-Rack.mp4\">https:\/\/abilica.com\/se\/wp-content\/uploads\/2015\/07\/Foldable-Rack.mp4<\/a><\/video><\/div>\n<p>[\/vc_column_text][vc_empty_space height=&#8221;52px&#8221;][vc_btn title=&#8221;Anv\u00e4ndarmanual&#8221; style=&#8221;flat&#8221; color=&#8221;black&#8221; i_icon_fontawesome=&#8221;far fa-file-pdf&#8221; add_icon=&#8221;true&#8221; link=&#8221;url:https%3A%2F%2Fabilica.com%2Fse%2Fwp-content%2Fuploads%2F2023%2F08%2FAB_FoldableRack_40_Rev1_230606.pdf|title:Underh%C3%A5ll%20av%20tr%C3%A4ningsmaskiner&#8221;][vc_btn title=&#8221;Underh\u00e5llstips&#8221; style=&#8221;flat&#8221; color=&#8221;black&#8221; i_icon_fontawesome=&#8221;fas fa-align-left&#8221; add_icon=&#8221;true&#8221; link=&#8221;url:https%3A%2F%2Fabilica.com%2Fse%2Ftraningsartiklar%2Ftraningstips-for-kondition%2Funderhall-av-traningsmaskiner%2F|title:Underh%C3%A5ll%20av%20tr%C3%A4ningsmaskiner&#8221;][vc_btn title=&#8221;Tr\u00e4ningstips&#8221; style=&#8221;flat&#8221; color=&#8221;black&#8221; i_icon_fontawesome=&#8221;fas fa-align-left&#8221; add_icon=&#8221;true&#8221; link=&#8221;url:https%3A%2F%2Fabilica.com%2Fse%2Fmanga-mojligheter-med-rack%2F|title:Underh%C3%A5ll%20av%20tr%C3%A4ningsmaskiner&#8221;][\/vc_column][\/vc_row]<\/p>\n<\/div>","protected":false},"excerpt":{"rendered":"<p>[vc_row][vc_column][vc_column_text el_class=&#8221;product-video&#8221;]Abilica FoldableRack 40 \u00e4r ett robust, hopf\u00e4llbart rack som \u00e4r perfekt f\u00f6r dig som&#8230;<\/p>\n","protected":false},"featured_media":65763,"template":"","meta":{"_acf_changed":false},"product_brand":[],"product_cat":[513,471],"product_tag":[49],"class_list":{"0":"post-65762","1":"product","2":"type-product","3":"status-publish","4":"has-post-thumbnail","6":"product_cat-cage-rack-2","7":"product_cat-styrka","8":"product_tag-premium","10":"first","11":"outofstock","12":"product-type-simple"},"acf":[],"yoast_head":"<!-- This site is optimized with the Yoast SEO Premium plugin v21.1 (Yoast SEO v25.4) - https:\/\/yoast.com\/wordpress\/plugins\/seo\/ -->\n<title>Abilica FoldableRack 40 Abilica<\/title>\n<meta name=\"robots\" content=\"index, follow, max-snippet:-1, max-image-preview:large, max-video-preview:-1\" \/>\n<link rel=\"canonical\" href=\"https:\/\/abilica.com\/sv\/styrka\/cage-rack-2\/abilica-foldablerack-40\/\" \/>\n<meta property=\"og:locale\" content=\"sv_SE\" \/>\n<meta property=\"og:type\" content=\"article\" \/>\n<meta property=\"og:title\" content=\"Abilica FoldableRack 40\" \/>\n<meta property=\"og:description\" content=\"[vc_row][vc_column][vc_column_text el_class=&#8221;product-video&#8221;]Abilica FoldableRack 40 \u00e4r ett robust, hopf\u00e4llbart rack som \u00e4r perfekt f\u00f6r dig som...\" \/>\n<meta property=\"og:url\" content=\"https:\/\/abilica.com\/sv\/styrka\/cage-rack-2\/abilica-foldablerack-40\/\" \/>\n<meta property=\"og:site_name\" content=\"Abilica\" \/>\n<meta property=\"article:publisher\" content=\"https:\/\/www.facebook.com\/abilicahometraining\/\" \/>\n<meta property=\"article:modified_time\" content=\"2026-01-28T08:33:59+00:00\" \/>\n<meta property=\"og:image\" content=\"https:\/\/abilica.com\/wp-content\/uploads\/2023\/10\/2-1-4.jpg\" \/>\n\t<meta property=\"og:image:width\" content=\"1200\" \/>\n\t<meta property=\"og:image:height\" content=\"1200\" \/>\n\t<meta property=\"og:image:type\" content=\"image\/jpeg\" \/>\n<meta name=\"twitter:card\" content=\"summary_large_image\" \/>\n<meta name=\"twitter:label1\" content=\"Ber\u00e4knad l\u00e4stid\" \/>\n\t<meta name=\"twitter:data1\" content=\"2 minuter\" \/>\n<script type=\"application\/ld+json\" class=\"yoast-schema-graph\">{\"@context\":\"https:\/\/schema.org\",\"@graph\":[{\"@type\":\"WebPage\",\"@id\":\"https:\/\/abilica.com\/sv\/styrka\/cage-rack-2\/abilica-foldablerack-40\/\",\"url\":\"https:\/\/abilica.com\/sv\/styrka\/cage-rack-2\/abilica-foldablerack-40\/\",\"name\":\"Abilica FoldableRack 40 Abilica\",\"isPartOf\":{\"@id\":\"https:\/\/abilica.com\/#website\"},\"primaryImageOfPage\":{\"@id\":\"https:\/\/abilica.com\/sv\/styrka\/cage-rack-2\/abilica-foldablerack-40\/#primaryimage\"},\"image\":{\"@id\":\"https:\/\/abilica.com\/sv\/styrka\/cage-rack-2\/abilica-foldablerack-40\/#primaryimage\"},\"thumbnailUrl\":\"https:\/\/abilica.com\/wp-content\/uploads\/2023\/10\/2-1-4.jpg\",\"datePublished\":\"2023-10-30T08:08:21+00:00\",\"dateModified\":\"2026-01-28T08:33:59+00:00\",\"breadcrumb\":{\"@id\":\"https:\/\/abilica.com\/sv\/styrka\/cage-rack-2\/abilica-foldablerack-40\/#breadcrumb\"},\"inLanguage\":\"sv-SE\",\"potentialAction\":[{\"@type\":\"ReadAction\",\"target\":[\"https:\/\/abilica.com\/sv\/styrka\/cage-rack-2\/abilica-foldablerack-40\/\"]}]},{\"@type\":\"ImageObject\",\"inLanguage\":\"sv-SE\",\"@id\":\"https:\/\/abilica.com\/sv\/styrka\/cage-rack-2\/abilica-foldablerack-40\/#primaryimage\",\"url\":\"https:\/\/abilica.com\/wp-content\/uploads\/2023\/10\/2-1-4.jpg\",\"contentUrl\":\"https:\/\/abilica.com\/wp-content\/uploads\/2023\/10\/2-1-4.jpg\",\"width\":1200,\"height\":1200},{\"@type\":\"BreadcrumbList\",\"@id\":\"https:\/\/abilica.com\/sv\/styrka\/cage-rack-2\/abilica-foldablerack-40\/#breadcrumb\",\"itemListElement\":[{\"@type\":\"ListItem\",\"position\":1,\"name\":\"Hem\",\"item\":\"https:\/\/abilica.com\/sv\/\"},{\"@type\":\"ListItem\",\"position\":2,\"name\":\"Produkter\",\"item\":\"https:\/\/abilica.com\/sv\/shop\/\"},{\"@type\":\"ListItem\",\"position\":3,\"name\":\"Abilica FoldableRack 40\"}]},{\"@type\":\"WebSite\",\"@id\":\"https:\/\/abilica.com\/#website\",\"url\":\"https:\/\/abilica.com\/\",\"name\":\"Abilica\",\"description\":\"Abilica Home Training\",\"potentialAction\":[{\"@type\":\"SearchAction\",\"target\":{\"@type\":\"EntryPoint\",\"urlTemplate\":\"https:\/\/abilica.com\/?s={search_term_string}\"},\"query-input\":{\"@type\":\"PropertyValueSpecification\",\"valueRequired\":true,\"valueName\":\"search_term_string\"}}],\"inLanguage\":\"sv-SE\"}]}<\/script>\n<!-- \/ Yoast SEO Premium plugin. -->","yoast_head_json":{"title":"Abilica FoldableRack 40 Abilica","robots":{"index":"index","follow":"follow","max-snippet":"max-snippet:-1","max-image-preview":"max-image-preview:large","max-video-preview":"max-video-preview:-1"},"canonical":"https:\/\/abilica.com\/sv\/styrka\/cage-rack-2\/abilica-foldablerack-40\/","og_locale":"sv_SE","og_type":"article","og_title":"Abilica FoldableRack 40","og_description":"[vc_row][vc_column][vc_column_text el_class=&#8221;product-video&#8221;]Abilica FoldableRack 40 \u00e4r ett robust, hopf\u00e4llbart rack som \u00e4r perfekt f\u00f6r dig som...","og_url":"https:\/\/abilica.com\/sv\/styrka\/cage-rack-2\/abilica-foldablerack-40\/","og_site_name":"Abilica","article_publisher":"https:\/\/www.facebook.com\/abilicahometraining\/","article_modified_time":"2026-01-28T08:33:59+00:00","og_image":[{"width":1200,"height":1200,"url":"https:\/\/abilica.com\/wp-content\/uploads\/2023\/10\/2-1-4.jpg","type":"image\/jpeg"}],"twitter_card":"summary_large_image","twitter_misc":{"Ber\u00e4knad l\u00e4stid":"2 minuter"},"schema":{"@context":"https:\/\/schema.org","@graph":[{"@type":"WebPage","@id":"https:\/\/abilica.com\/sv\/styrka\/cage-rack-2\/abilica-foldablerack-40\/","url":"https:\/\/abilica.com\/sv\/styrka\/cage-rack-2\/abilica-foldablerack-40\/","name":"Abilica FoldableRack 40 Abilica","isPartOf":{"@id":"https:\/\/abilica.com\/#website"},"primaryImageOfPage":{"@id":"https:\/\/abilica.com\/sv\/styrka\/cage-rack-2\/abilica-foldablerack-40\/#primaryimage"},"image":{"@id":"https:\/\/abilica.com\/sv\/styrka\/cage-rack-2\/abilica-foldablerack-40\/#primaryimage"},"thumbnailUrl":"https:\/\/abilica.com\/wp-content\/uploads\/2023\/10\/2-1-4.jpg","datePublished":"2023-10-30T08:08:21+00:00","dateModified":"2026-01-28T08:33:59+00:00","breadcrumb":{"@id":"https:\/\/abilica.com\/sv\/styrka\/cage-rack-2\/abilica-foldablerack-40\/#breadcrumb"},"inLanguage":"sv-SE","potentialAction":[{"@type":"ReadAction","target":["https:\/\/abilica.com\/sv\/styrka\/cage-rack-2\/abilica-foldablerack-40\/"]}]},{"@type":"ImageObject","inLanguage":"sv-SE","@id":"https:\/\/abilica.com\/sv\/styrka\/cage-rack-2\/abilica-foldablerack-40\/#primaryimage","url":"https:\/\/abilica.com\/wp-content\/uploads\/2023\/10\/2-1-4.jpg","contentUrl":"https:\/\/abilica.com\/wp-content\/uploads\/2023\/10\/2-1-4.jpg","width":1200,"height":1200},{"@type":"BreadcrumbList","@id":"https:\/\/abilica.com\/sv\/styrka\/cage-rack-2\/abilica-foldablerack-40\/#breadcrumb","itemListElement":[{"@type":"ListItem","position":1,"name":"Hem","item":"https:\/\/abilica.com\/sv\/"},{"@type":"ListItem","position":2,"name":"Produkter","item":"https:\/\/abilica.com\/sv\/shop\/"},{"@type":"ListItem","position":3,"name":"Abilica FoldableRack 40"}]},{"@type":"WebSite","@id":"https:\/\/abilica.com\/#website","url":"https:\/\/abilica.com\/","name":"Abilica","description":"Abilica Home Training","potentialAction":[{"@type":"SearchAction","target":{"@type":"EntryPoint","urlTemplate":"https:\/\/abilica.com\/?s={search_term_string}"},"query-input":{"@type":"PropertyValueSpecification","valueRequired":true,"valueName":"search_term_string"}}],"inLanguage":"sv-SE"}]}},"_links":{"self":[{"href":"https:\/\/abilica.com\/sv\/wp-json\/wp\/v2\/product\/65762","targetHints":{"allow":["GET"]}}],"collection":[{"href":"https:\/\/abilica.com\/sv\/wp-json\/wp\/v2\/product"}],"about":[{"href":"https:\/\/abilica.com\/sv\/wp-json\/wp\/v2\/types\/product"}],"wp:featuredmedia":[{"embeddable":true,"href":"https:\/\/abilica.com\/sv\/wp-json\/wp\/v2\/media\/65763"}],"wp:attachment":[{"href":"https:\/\/abilica.com\/sv\/wp-json\/wp\/v2\/media?parent=65762"}],"wp:term":[{"taxonomy":"product_brand","embeddable":true,"href":"https:\/\/abilica.com\/sv\/wp-json\/wp\/v2\/product_brand?post=65762"},{"taxonomy":"product_cat","embeddable":true,"href":"https:\/\/abilica.com\/sv\/wp-json\/wp\/v2\/product_cat?post=65762"},{"taxonomy":"product_tag","embeddable":true,"href":"https:\/\/abilica.com\/sv\/wp-json\/wp\/v2\/product_tag?post=65762"}],"curies":[{"name":"wp","href":"https:\/\/api.w.org\/{rel}","templated":true}]}}