{"id":65781,"date":"2023-10-30T09:21:17","date_gmt":"2023-10-30T08:21:17","guid":{"rendered":"https:\/\/abilica.com\/okategoriserad\/abilica-open-hexbar-50-mm\/"},"modified":"2023-10-30T09:21:17","modified_gmt":"2023-10-30T08:21:17","slug":"abilica-open-hexbar-50-mm","status":"publish","type":"product","link":"https:\/\/abilica.com\/sv\/styrka\/abilica-open-hexbar-50-mm\/","title":{"rendered":"Abilica Open HexBar 50 mm"},"content":{"rendered":"<p>Abilica Open HexBar l\u00e5ter dig centrera vikten i linje med din tyngdpunkt i st\u00f6rre utstr\u00e4ckning \u00e4n att tr\u00e4na med en vanlig skivst\u00e5ng. Detta g\u00f6r \u00f6vningar som marklyft mindre tekniskt kr\u00e4vande. Open HexBar \u00e4r utrustad med tv\u00e5 handtag som ger dig m\u00f6jlighet att tr\u00e4na med \u00f6ppning framf\u00f6r eller bakom dig. Detta ger dig gott om utrymme att r\u00f6ra dig f\u00f6r att g\u00f6ra \u00f6vningar som step-ups p\u00e5 en box, utfall fram\u00e5t och bak\u00e5t eller andra \u00f6vningar som kr\u00e4ver ledigt tr\u00e4ningsutrymme. Open HexBar \u00e4r designad f\u00f6r att passa squat racks och med sin r\u00f6rformade ram med r\u00e4fflad grepp kan den placeras p\u00e5 axlarna f\u00f6r att g\u00f6ra \u00f6vningar som kn\u00e4b\u00f6j eller i armarna f\u00f6r zercher-\u00f6vningar.<\/p>\n<p>Skivst\u00e5ngen \u00e4r \u00e4ven f\u00f6rsedd med en marklyftjack, som enkelt anv\u00e4nds genom att tippa upp skivst\u00e5ngen i st\u00e5ende l\u00e4ge. D\u00e5 kan du enkelt ta av och p\u00e5 viktskivor utan att de kommer i kontakt med marken. L\u00e4mplig f\u00f6r viktskivor med 50 mm \u00f6ppning. Max viktbelastning 300 kg.<\/p>\n<p><b>SPECIFIKATIONER<br \/>\n<\/b>M\u00e5tt monterad: 214,5 x 19 x 66 cm (L x B x H)<span class=\"Apple-converted-space\"><br \/>\n<\/span>Ramstorlek: \u00d850 mm<span class=\"Apple-converted-space\"><br \/>\n<\/span>\u00c4ndstyckesl\u00e4ngd: 42 cm<br \/>\n\u00c4ndstyckesdiameter: 50 mm<span class=\"Apple-converted-space\"><br \/>\n<\/span>Bredd mellan handtag: 66,8 cm<span class=\"Apple-converted-space\"><br \/>\n<\/span>Greppdiameter: 28 mm<span class=\"Apple-converted-space\"><br \/>\n<\/span>Greppbredd: 20 cm<span class=\"Apple-converted-space\"><br \/>\n<\/span>R\u00e4fflad typ: Aggressiv\/Vulcano<span class=\"Apple-converted-space\"><br \/>\n<\/span>St\u00e5ltjocklek: 3 mm<span class=\"Apple-converted-space\"><br \/>\n<\/span>Max belastning: 300 kg<span class=\"Apple-converted-space\"><br \/>\n<\/span>Produktvikt: 27.5 kg<\/p>\n","protected":false},"excerpt":{"rendered":"<p>Abilica Open HexBar l\u00e5ter dig centrera vikten i linje med din tyngdpunkt i st\u00f6rre utstr\u00e4ckning&#8230;<\/p>\n","protected":false},"featured_media":65782,"template":"","meta":{"_acf_changed":false},"product_brand":[],"product_cat":[471],"product_tag":[49],"class_list":{"0":"post-65781","1":"product","2":"type-product","3":"status-publish","4":"has-post-thumbnail","6":"product_cat-styrka","7":"product_tag-premium","9":"first","10":"instock","11":"product-type-simple"},"acf":[],"yoast_head":"<!-- This site is optimized with the Yoast SEO Premium plugin v21.1 (Yoast SEO v25.4) - https:\/\/yoast.com\/wordpress\/plugins\/seo\/ -->\n<title>Abilica Open HexBar 50 mm Abilica<\/title>\n<meta name=\"robots\" content=\"index, follow, max-snippet:-1, max-image-preview:large, max-video-preview:-1\" \/>\n<link rel=\"canonical\" href=\"https:\/\/abilica.com\/sv\/skivor-och-stanger-2\/abilica-open-hexbar-50-mm\/\" \/>\n<meta property=\"og:locale\" content=\"sv_SE\" \/>\n<meta property=\"og:type\" content=\"article\" \/>\n<meta property=\"og:title\" content=\"Abilica Open HexBar 50 mm\" \/>\n<meta property=\"og:description\" content=\"Abilica Open HexBar l\u00e5ter dig centrera vikten i linje med din tyngdpunkt i st\u00f6rre utstr\u00e4ckning...\" \/>\n<meta property=\"og:url\" content=\"https:\/\/abilica.com\/sv\/skivor-och-stanger-2\/abilica-open-hexbar-50-mm\/\" \/>\n<meta property=\"og:site_name\" content=\"Abilica\" \/>\n<meta property=\"article:publisher\" content=\"https:\/\/www.facebook.com\/abilicahometraining\/\" \/>\n<meta property=\"og:image\" content=\"https:\/\/abilica.com\/wp-content\/uploads\/2023\/10\/openhex1-1.jpg\" \/>\n\t<meta property=\"og:image:width\" content=\"1200\" \/>\n\t<meta property=\"og:image:height\" content=\"1200\" \/>\n\t<meta property=\"og:image:type\" content=\"image\/jpeg\" \/>\n<meta name=\"twitter:card\" content=\"summary_large_image\" \/>\n<meta name=\"twitter:label1\" content=\"Ber\u00e4knad l\u00e4stid\" \/>\n\t<meta name=\"twitter:data1\" content=\"1 minut\" \/>\n<script type=\"application\/ld+json\" class=\"yoast-schema-graph\">{\"@context\":\"https:\/\/schema.org\",\"@graph\":[{\"@type\":\"WebPage\",\"@id\":\"https:\/\/abilica.com\/sv\/skivor-och-stanger-2\/abilica-open-hexbar-50-mm\/\",\"url\":\"https:\/\/abilica.com\/sv\/skivor-och-stanger-2\/abilica-open-hexbar-50-mm\/\",\"name\":\"Abilica Open HexBar 50 mm Abilica\",\"isPartOf\":{\"@id\":\"https:\/\/abilica.com\/#website\"},\"primaryImageOfPage\":{\"@id\":\"https:\/\/abilica.com\/sv\/skivor-och-stanger-2\/abilica-open-hexbar-50-mm\/#primaryimage\"},\"image\":{\"@id\":\"https:\/\/abilica.com\/sv\/skivor-och-stanger-2\/abilica-open-hexbar-50-mm\/#primaryimage\"},\"thumbnailUrl\":\"https:\/\/abilica.com\/wp-content\/uploads\/2023\/10\/openhex1-1.jpg\",\"datePublished\":\"2023-10-30T08:21:17+00:00\",\"breadcrumb\":{\"@id\":\"https:\/\/abilica.com\/sv\/skivor-och-stanger-2\/abilica-open-hexbar-50-mm\/#breadcrumb\"},\"inLanguage\":\"sv-SE\",\"potentialAction\":[{\"@type\":\"ReadAction\",\"target\":[\"https:\/\/abilica.com\/sv\/skivor-och-stanger-2\/abilica-open-hexbar-50-mm\/\"]}]},{\"@type\":\"ImageObject\",\"inLanguage\":\"sv-SE\",\"@id\":\"https:\/\/abilica.com\/sv\/skivor-och-stanger-2\/abilica-open-hexbar-50-mm\/#primaryimage\",\"url\":\"https:\/\/abilica.com\/wp-content\/uploads\/2023\/10\/openhex1-1.jpg\",\"contentUrl\":\"https:\/\/abilica.com\/wp-content\/uploads\/2023\/10\/openhex1-1.jpg\",\"width\":1200,\"height\":1200},{\"@type\":\"BreadcrumbList\",\"@id\":\"https:\/\/abilica.com\/sv\/skivor-och-stanger-2\/abilica-open-hexbar-50-mm\/#breadcrumb\",\"itemListElement\":[{\"@type\":\"ListItem\",\"position\":1,\"name\":\"Hem\",\"item\":\"https:\/\/abilica.com\/sv\/\"},{\"@type\":\"ListItem\",\"position\":2,\"name\":\"Produkter\",\"item\":\"https:\/\/abilica.com\/sv\/shop\/\"},{\"@type\":\"ListItem\",\"position\":3,\"name\":\"Abilica Open HexBar 50 mm\"}]},{\"@type\":\"WebSite\",\"@id\":\"https:\/\/abilica.com\/#website\",\"url\":\"https:\/\/abilica.com\/\",\"name\":\"Abilica\",\"description\":\"Abilica Home Training\",\"potentialAction\":[{\"@type\":\"SearchAction\",\"target\":{\"@type\":\"EntryPoint\",\"urlTemplate\":\"https:\/\/abilica.com\/?s={search_term_string}\"},\"query-input\":{\"@type\":\"PropertyValueSpecification\",\"valueRequired\":true,\"valueName\":\"search_term_string\"}}],\"inLanguage\":\"sv-SE\"}]}<\/script>\n<!-- \/ Yoast SEO Premium plugin. -->","yoast_head_json":{"title":"Abilica Open HexBar 50 mm Abilica","robots":{"index":"index","follow":"follow","max-snippet":"max-snippet:-1","max-image-preview":"max-image-preview:large","max-video-preview":"max-video-preview:-1"},"canonical":"https:\/\/abilica.com\/sv\/skivor-och-stanger-2\/abilica-open-hexbar-50-mm\/","og_locale":"sv_SE","og_type":"article","og_title":"Abilica Open HexBar 50 mm","og_description":"Abilica Open HexBar l\u00e5ter dig centrera vikten i linje med din tyngdpunkt i st\u00f6rre utstr\u00e4ckning...","og_url":"https:\/\/abilica.com\/sv\/skivor-och-stanger-2\/abilica-open-hexbar-50-mm\/","og_site_name":"Abilica","article_publisher":"https:\/\/www.facebook.com\/abilicahometraining\/","og_image":[{"width":1200,"height":1200,"url":"https:\/\/abilica.com\/wp-content\/uploads\/2023\/10\/openhex1-1.jpg","type":"image\/jpeg"}],"twitter_card":"summary_large_image","twitter_misc":{"Ber\u00e4knad l\u00e4stid":"1 minut"},"schema":{"@context":"https:\/\/schema.org","@graph":[{"@type":"WebPage","@id":"https:\/\/abilica.com\/sv\/skivor-och-stanger-2\/abilica-open-hexbar-50-mm\/","url":"https:\/\/abilica.com\/sv\/skivor-och-stanger-2\/abilica-open-hexbar-50-mm\/","name":"Abilica Open HexBar 50 mm Abilica","isPartOf":{"@id":"https:\/\/abilica.com\/#website"},"primaryImageOfPage":{"@id":"https:\/\/abilica.com\/sv\/skivor-och-stanger-2\/abilica-open-hexbar-50-mm\/#primaryimage"},"image":{"@id":"https:\/\/abilica.com\/sv\/skivor-och-stanger-2\/abilica-open-hexbar-50-mm\/#primaryimage"},"thumbnailUrl":"https:\/\/abilica.com\/wp-content\/uploads\/2023\/10\/openhex1-1.jpg","datePublished":"2023-10-30T08:21:17+00:00","breadcrumb":{"@id":"https:\/\/abilica.com\/sv\/skivor-och-stanger-2\/abilica-open-hexbar-50-mm\/#breadcrumb"},"inLanguage":"sv-SE","potentialAction":[{"@type":"ReadAction","target":["https:\/\/abilica.com\/sv\/skivor-och-stanger-2\/abilica-open-hexbar-50-mm\/"]}]},{"@type":"ImageObject","inLanguage":"sv-SE","@id":"https:\/\/abilica.com\/sv\/skivor-och-stanger-2\/abilica-open-hexbar-50-mm\/#primaryimage","url":"https:\/\/abilica.com\/wp-content\/uploads\/2023\/10\/openhex1-1.jpg","contentUrl":"https:\/\/abilica.com\/wp-content\/uploads\/2023\/10\/openhex1-1.jpg","width":1200,"height":1200},{"@type":"BreadcrumbList","@id":"https:\/\/abilica.com\/sv\/skivor-och-stanger-2\/abilica-open-hexbar-50-mm\/#breadcrumb","itemListElement":[{"@type":"ListItem","position":1,"name":"Hem","item":"https:\/\/abilica.com\/sv\/"},{"@type":"ListItem","position":2,"name":"Produkter","item":"https:\/\/abilica.com\/sv\/shop\/"},{"@type":"ListItem","position":3,"name":"Abilica Open HexBar 50 mm"}]},{"@type":"WebSite","@id":"https:\/\/abilica.com\/#website","url":"https:\/\/abilica.com\/","name":"Abilica","description":"Abilica Home Training","potentialAction":[{"@type":"SearchAction","target":{"@type":"EntryPoint","urlTemplate":"https:\/\/abilica.com\/?s={search_term_string}"},"query-input":{"@type":"PropertyValueSpecification","valueRequired":true,"valueName":"search_term_string"}}],"inLanguage":"sv-SE"}]}},"_links":{"self":[{"href":"https:\/\/abilica.com\/sv\/wp-json\/wp\/v2\/product\/65781","targetHints":{"allow":["GET"]}}],"collection":[{"href":"https:\/\/abilica.com\/sv\/wp-json\/wp\/v2\/product"}],"about":[{"href":"https:\/\/abilica.com\/sv\/wp-json\/wp\/v2\/types\/product"}],"wp:featuredmedia":[{"embeddable":true,"href":"https:\/\/abilica.com\/sv\/wp-json\/wp\/v2\/media\/65782"}],"wp:attachment":[{"href":"https:\/\/abilica.com\/sv\/wp-json\/wp\/v2\/media?parent=65781"}],"wp:term":[{"taxonomy":"product_brand","embeddable":true,"href":"https:\/\/abilica.com\/sv\/wp-json\/wp\/v2\/product_brand?post=65781"},{"taxonomy":"product_cat","embeddable":true,"href":"https:\/\/abilica.com\/sv\/wp-json\/wp\/v2\/product_cat?post=65781"},{"taxonomy":"product_tag","embeddable":true,"href":"https:\/\/abilica.com\/sv\/wp-json\/wp\/v2\/product_tag?post=65781"}],"curies":[{"name":"wp","href":"https:\/\/api.w.org\/{rel}","templated":true}]}}