{"id":66488,"date":"2023-11-14T10:36:22","date_gmt":"2023-11-14T09:36:22","guid":{"rendered":"https:\/\/abilica.com\/?post_type=product&#038;p=66488"},"modified":"2025-11-04T13:34:15","modified_gmt":"2025-11-04T12:34:15","slug":"abilica-xc-classic-2000-2","status":"publish","type":"product","link":"https:\/\/abilica.com\/sv\/kondition\/skidmaskin\/abilica-xc-classic-2000-2\/","title":{"rendered":"Abilica XC-Classic 2000"},"content":{"rendered":"<div class=\"wpb-content-wrapper\"><p>[vc_row][vc_column][vc_column_text css=&#8221;&#8221; el_class=&#8221;product-video&#8221;]Abilica XC-Classic 2000 har utvecklats i samarbete med v\u00e4rldens b\u00e4sta skid\u00e5kare Johannes H\u00f8sflot Kl\u00e6bo. Skidmaskinen ger dig fantastiska m\u00f6jligheter att tr\u00e4na styrka, kondition och teknik \u00e5ret runt. B\u00e5de maskinens h\u00f6jd och returfunktion har anpassats s\u00e5 att stavtagen blir s\u00e5 naturliga som m\u00f6jligt. Produkten \u00e4r designad f\u00f6r att ge minsta m\u00f6jliga vibrationer under tr\u00e4ning.<\/p>\n<p>Abilica XC-Classic 2000 levereras nu med en ny dator med ny setup som ger dig en mycket bra \u00f6verblick \u00f6ver alla v\u00e4rden som \u00e4r n\u00f6dv\u00e4ndiga under ett tr\u00e4ningspass. Med de nya snittm\u00e4tningarna blir det nu \u00e4nnu enklare att m\u00e4ta kraft och hastighet under tr\u00e4ningspasset. Med bra anpassningar till b\u00e5de nedr\u00e4kningsfunktionen och intervalltr\u00e4ning \u00e4r denna dator en s\u00e4ker motivationsboost i din tr\u00e4ning. Efter avslutat pass i ett program kommer datorn att visa en bra \u00f6versikt \u00f6ver din tr\u00e4ning som kommer att lagras i &#8221;minne&#8221;-funktionen p\u00e5 datorn. Ovanf\u00f6r datorn finns \u00e4ven en praktisk mobilh\u00e5llare.<\/p>\n<p>Datorn kan \u00e4ven kopplas till apparna Kinomap f\u00f6r flera tr\u00e4ningsprogram och D-Fit f\u00f6r att logga tr\u00e4ningspass. Den perfekta tr\u00e4ningsenheten f\u00f6r l\u00e4ngdskid\u00e5kningsentusiaster.<\/p>\n<p>Abilica XC-Classic 2000 utan Abilica XC-Classic FloorStand kan f\u00e4stas p\u00e5 v\u00e4ggen f\u00f6r att ta upp s\u00e5 lite plats som m\u00f6jligt. Abilica XC-Classic FloorStand s\u00e4ljs separat och har praktiska hjul f\u00f6r enkel transport. Abilica XC-Classic 2000 \u00e4r en del av Kl\u00e6bo Collection.<\/p>\n<p><strong>SPECIFIKATIONER<br \/>\n<\/strong>Motst\u00e5nd: Luft<br \/>\nMotst\u00e5ndsniv\u00e5er: 10\u200b<br \/>\nStr\u00f6mf\u00f6rs\u00f6rjning: Nej<br \/>\nTransporthjul: Ja<br \/>\nM\u00e5tt monterad: 218 x 58 x 120 cm (H x B x D)<br \/>\nProduktvikt: 44 kg<\/p>\n<p><strong>SPECIFIKATIONER DATOR<br \/>\n<\/strong>Datorspecifikationer<br \/>\n<span class=\"cf0\">Tid <\/span><span class=\"cf0\">och<\/span><span class=\"cf0\"> datum<br \/>\n<\/span><span class=\"cf0\">Total meter <\/span><span class=\"cf0\">och<\/span> <span class=\"cf0\">uppskattad<\/span><span class=\"cf0\"> total meter\/30 min<br \/>\n<\/span><span class=\"cf0\">Tid, <\/span><span class=\"cf0\">uppskattad<\/span><span class=\"cf0\"> tid p\u00e5 500 meter <\/span><span class=\"cf0\">och<\/span> <span class=\"cf0\">genomsnittlig<\/span><span class=\"cf0\"> tid per 500 meter<br \/>\n<\/span><span class=\"cf0\">Drag per <\/span><span class=\"cf0\">minut<\/span> <span class=\"cf0\">och<\/span><span class=\"cf0\"> totalt drag<br \/>\n<\/span><span class=\"cf0\">Kalorier <\/span><span class=\"cf0\">och<\/span> <span class=\"cf0\">uppskattade<\/span><span class=\"cf0\"> kalorier\/60 min<br \/>\n<\/span><span class=\"cf0\">Watt <\/span><span class=\"cf0\">och<\/span> <span class=\"cf0\">genomsnittlig<\/span><span class=\"cf0\"> watt<br \/>\n<\/span><span class=\"cf0\">Intervalltr\u00e4ning<\/span><span class=\"cf0\">: Tid, <\/span><span class=\"cf0\">distans<\/span> <span class=\"cf0\">och<\/span><span class=\"cf0\"> kalorier<br \/>\n<\/span><span class=\"cf0\">Nedr\u00e4kning<\/span><span class=\"cf0\">: Tid, <\/span><span class=\"cf0\">distans<\/span> <span class=\"cf0\">och<\/span><span class=\"cf0\"> kalorier<br \/>\n<\/span><span class=\"cf0\">Kan <\/span><span class=\"cf0\">kopplas<\/span> <span class=\"cf0\">till<\/span> <span class=\"cf0\">appar<\/span><span class=\"cf0\">: <\/span><span class=\"cf0\">Kinomap<\/span> <span class=\"cf0\">och<\/span><span class=\"cf0\"> D-<\/span><span class=\"cf0\">Fit<br \/>\n<\/span><span class=\"cf0\">Puls kompatibel med 5.3 kHz <\/span><span class=\"cf0\">pulsband<\/span><span class=\"cf0\"> (<\/span><span class=\"cf0\">pulsband<\/span> <span class=\"cf0\">medf\u00f6ljer<\/span> <span class=\"cf0\">ej<\/span><span class=\"cf0\">)<br \/>\n<\/span><span class=\"cf0\">Memory mode <\/span><span class=\"cf1\">\u2013 <\/span><span class=\"cf1\">sparar<\/span> <span class=\"cf1\">tidigare<\/span><span class=\"cf1\"> tr<\/span><span class=\"cf0\">\u00e4ningspass<\/span><\/p>\n<div style=\"width: 640px;\" class=\"wp-video\"><!--[if lt IE 9]><script>document.createElement('video');<\/script><![endif]-->\n<video class=\"wp-video-shortcode\" id=\"video-66488-1\" width=\"640\" height=\"360\" preload=\"metadata\" controls=\"controls\"><source type=\"video\/mp4\" src=\"https:\/\/abilica.com\/wp-content\/uploads\/2023\/11\/Abilica-XC-Classic-2000-bredde_nett.mp4?_=1\" \/><a href=\"https:\/\/abilica.com\/wp-content\/uploads\/2023\/11\/Abilica-XC-Classic-2000-bredde_nett.mp4\">https:\/\/abilica.com\/wp-content\/uploads\/2023\/11\/Abilica-XC-Classic-2000-bredde_nett.mp4<\/a><\/video><\/div>\n<div style=\"width: 640px;\" class=\"wp-video\"><video class=\"wp-video-shortcode\" id=\"video-66488-2\" width=\"640\" height=\"360\" poster=\"https:\/\/abilica.com\/se\/wp-content\/uploads\/2019\/10\/Kl\u00e6boforside-1.jpg\" preload=\"metadata\" controls=\"controls\"><source type=\"video\/mp4\" src=\"https:\/\/abilica.com\/se\/wp-content\/uploads\/2019\/10\/Abilica-XC-Classic-2000-EnglishSub-PROMO.mp4?_=2\" \/><a href=\"https:\/\/abilica.com\/se\/wp-content\/uploads\/2019\/10\/Abilica-XC-Classic-2000-EnglishSub-PROMO.mp4\">https:\/\/abilica.com\/se\/wp-content\/uploads\/2019\/10\/Abilica-XC-Classic-2000-EnglishSub-PROMO.mp4<\/a><\/video><\/div>\n<p>[\/vc_column_text][\/vc_column][\/vc_row]<\/p>\n<\/div>","protected":false},"excerpt":{"rendered":"<p>[vc_row][vc_column][vc_column_text css=&#8221;&#8221; el_class=&#8221;product-video&#8221;]Abilica XC-Classic 2000 har utvecklats i samarbete med v\u00e4rldens b\u00e4sta skid\u00e5kare Johannes H\u00f8sflot&#8230;<\/p>\n","protected":false},"featured_media":66489,"template":"","meta":{"_acf_changed":false},"product_brand":[],"product_cat":[475,514],"product_tag":[176,49],"class_list":{"0":"post-66488","1":"product","2":"type-product","3":"status-publish","4":"has-post-thumbnail","6":"product_cat-kondition","7":"product_cat-skidmaskin","8":"product_tag-klaebo-collection","9":"product_tag-premium","11":"first","12":"instock","13":"product-type-simple"},"acf":[],"yoast_head":"<!-- This site is optimized with the Yoast SEO Premium plugin v21.1 (Yoast SEO v25.4) - https:\/\/yoast.com\/wordpress\/plugins\/seo\/ -->\n<title>Abilica XC-Classic 2000 Abilica<\/title>\n<meta name=\"robots\" content=\"index, follow, max-snippet:-1, max-image-preview:large, max-video-preview:-1\" \/>\n<link rel=\"canonical\" href=\"https:\/\/abilica.com\/sv\/kondition\/skidmaskin\/abilica-xc-classic-2000-2\/\" \/>\n<meta property=\"og:locale\" content=\"sv_SE\" \/>\n<meta property=\"og:type\" content=\"article\" \/>\n<meta property=\"og:title\" content=\"Abilica XC-Classic 2000\" \/>\n<meta property=\"og:description\" content=\"[vc_row][vc_column][vc_column_text css=&#8221;&#8221; el_class=&#8221;product-video&#8221;]Abilica XC-Classic 2000 har utvecklats i samarbete med v\u00e4rldens b\u00e4sta skid\u00e5kare Johannes H\u00f8sflot...\" \/>\n<meta property=\"og:url\" content=\"https:\/\/abilica.com\/sv\/kondition\/skidmaskin\/abilica-xc-classic-2000-2\/\" \/>\n<meta property=\"og:site_name\" content=\"Abilica\" \/>\n<meta property=\"article:publisher\" content=\"https:\/\/www.facebook.com\/abilicahometraining\/\" \/>\n<meta property=\"article:modified_time\" content=\"2025-11-04T12:34:15+00:00\" \/>\n<meta property=\"og:image\" content=\"https:\/\/abilica.com\/wp-content\/uploads\/2023\/11\/classic-2000-ny.jpg\" \/>\n\t<meta property=\"og:image:width\" content=\"2000\" \/>\n\t<meta property=\"og:image:height\" content=\"2000\" \/>\n\t<meta property=\"og:image:type\" content=\"image\/jpeg\" \/>\n<meta name=\"twitter:card\" content=\"summary_large_image\" \/>\n<meta name=\"twitter:label1\" content=\"Ber\u00e4knad l\u00e4stid\" \/>\n\t<meta name=\"twitter:data1\" content=\"2 minuter\" \/>\n<script type=\"application\/ld+json\" class=\"yoast-schema-graph\">{\"@context\":\"https:\/\/schema.org\",\"@graph\":[{\"@type\":\"WebPage\",\"@id\":\"https:\/\/abilica.com\/sv\/kondition\/skidmaskin\/abilica-xc-classic-2000-2\/\",\"url\":\"https:\/\/abilica.com\/sv\/kondition\/skidmaskin\/abilica-xc-classic-2000-2\/\",\"name\":\"Abilica XC-Classic 2000 Abilica\",\"isPartOf\":{\"@id\":\"https:\/\/abilica.com\/#website\"},\"primaryImageOfPage\":{\"@id\":\"https:\/\/abilica.com\/sv\/kondition\/skidmaskin\/abilica-xc-classic-2000-2\/#primaryimage\"},\"image\":{\"@id\":\"https:\/\/abilica.com\/sv\/kondition\/skidmaskin\/abilica-xc-classic-2000-2\/#primaryimage\"},\"thumbnailUrl\":\"https:\/\/abilica.com\/wp-content\/uploads\/2023\/11\/classic-2000-ny.jpg\",\"datePublished\":\"2023-11-14T09:36:22+00:00\",\"dateModified\":\"2025-11-04T12:34:15+00:00\",\"breadcrumb\":{\"@id\":\"https:\/\/abilica.com\/sv\/kondition\/skidmaskin\/abilica-xc-classic-2000-2\/#breadcrumb\"},\"inLanguage\":\"sv-SE\",\"potentialAction\":[{\"@type\":\"ReadAction\",\"target\":[\"https:\/\/abilica.com\/sv\/kondition\/skidmaskin\/abilica-xc-classic-2000-2\/\"]}]},{\"@type\":\"ImageObject\",\"inLanguage\":\"sv-SE\",\"@id\":\"https:\/\/abilica.com\/sv\/kondition\/skidmaskin\/abilica-xc-classic-2000-2\/#primaryimage\",\"url\":\"https:\/\/abilica.com\/wp-content\/uploads\/2023\/11\/classic-2000-ny.jpg\",\"contentUrl\":\"https:\/\/abilica.com\/wp-content\/uploads\/2023\/11\/classic-2000-ny.jpg\",\"width\":2000,\"height\":2000},{\"@type\":\"BreadcrumbList\",\"@id\":\"https:\/\/abilica.com\/sv\/kondition\/skidmaskin\/abilica-xc-classic-2000-2\/#breadcrumb\",\"itemListElement\":[{\"@type\":\"ListItem\",\"position\":1,\"name\":\"Hem\",\"item\":\"https:\/\/abilica.com\/sv\/\"},{\"@type\":\"ListItem\",\"position\":2,\"name\":\"Produkter\",\"item\":\"https:\/\/abilica.com\/sv\/shop\/\"},{\"@type\":\"ListItem\",\"position\":3,\"name\":\"Abilica XC-Classic 2000\"}]},{\"@type\":\"WebSite\",\"@id\":\"https:\/\/abilica.com\/#website\",\"url\":\"https:\/\/abilica.com\/\",\"name\":\"Abilica\",\"description\":\"Abilica Home Training\",\"potentialAction\":[{\"@type\":\"SearchAction\",\"target\":{\"@type\":\"EntryPoint\",\"urlTemplate\":\"https:\/\/abilica.com\/?s={search_term_string}\"},\"query-input\":{\"@type\":\"PropertyValueSpecification\",\"valueRequired\":true,\"valueName\":\"search_term_string\"}}],\"inLanguage\":\"sv-SE\"}]}<\/script>\n<!-- \/ Yoast SEO Premium plugin. -->","yoast_head_json":{"title":"Abilica XC-Classic 2000 Abilica","robots":{"index":"index","follow":"follow","max-snippet":"max-snippet:-1","max-image-preview":"max-image-preview:large","max-video-preview":"max-video-preview:-1"},"canonical":"https:\/\/abilica.com\/sv\/kondition\/skidmaskin\/abilica-xc-classic-2000-2\/","og_locale":"sv_SE","og_type":"article","og_title":"Abilica XC-Classic 2000","og_description":"[vc_row][vc_column][vc_column_text css=&#8221;&#8221; el_class=&#8221;product-video&#8221;]Abilica XC-Classic 2000 har utvecklats i samarbete med v\u00e4rldens b\u00e4sta skid\u00e5kare Johannes H\u00f8sflot...","og_url":"https:\/\/abilica.com\/sv\/kondition\/skidmaskin\/abilica-xc-classic-2000-2\/","og_site_name":"Abilica","article_publisher":"https:\/\/www.facebook.com\/abilicahometraining\/","article_modified_time":"2025-11-04T12:34:15+00:00","og_image":[{"width":2000,"height":2000,"url":"https:\/\/abilica.com\/wp-content\/uploads\/2023\/11\/classic-2000-ny.jpg","type":"image\/jpeg"}],"twitter_card":"summary_large_image","twitter_misc":{"Ber\u00e4knad l\u00e4stid":"2 minuter"},"schema":{"@context":"https:\/\/schema.org","@graph":[{"@type":"WebPage","@id":"https:\/\/abilica.com\/sv\/kondition\/skidmaskin\/abilica-xc-classic-2000-2\/","url":"https:\/\/abilica.com\/sv\/kondition\/skidmaskin\/abilica-xc-classic-2000-2\/","name":"Abilica XC-Classic 2000 Abilica","isPartOf":{"@id":"https:\/\/abilica.com\/#website"},"primaryImageOfPage":{"@id":"https:\/\/abilica.com\/sv\/kondition\/skidmaskin\/abilica-xc-classic-2000-2\/#primaryimage"},"image":{"@id":"https:\/\/abilica.com\/sv\/kondition\/skidmaskin\/abilica-xc-classic-2000-2\/#primaryimage"},"thumbnailUrl":"https:\/\/abilica.com\/wp-content\/uploads\/2023\/11\/classic-2000-ny.jpg","datePublished":"2023-11-14T09:36:22+00:00","dateModified":"2025-11-04T12:34:15+00:00","breadcrumb":{"@id":"https:\/\/abilica.com\/sv\/kondition\/skidmaskin\/abilica-xc-classic-2000-2\/#breadcrumb"},"inLanguage":"sv-SE","potentialAction":[{"@type":"ReadAction","target":["https:\/\/abilica.com\/sv\/kondition\/skidmaskin\/abilica-xc-classic-2000-2\/"]}]},{"@type":"ImageObject","inLanguage":"sv-SE","@id":"https:\/\/abilica.com\/sv\/kondition\/skidmaskin\/abilica-xc-classic-2000-2\/#primaryimage","url":"https:\/\/abilica.com\/wp-content\/uploads\/2023\/11\/classic-2000-ny.jpg","contentUrl":"https:\/\/abilica.com\/wp-content\/uploads\/2023\/11\/classic-2000-ny.jpg","width":2000,"height":2000},{"@type":"BreadcrumbList","@id":"https:\/\/abilica.com\/sv\/kondition\/skidmaskin\/abilica-xc-classic-2000-2\/#breadcrumb","itemListElement":[{"@type":"ListItem","position":1,"name":"Hem","item":"https:\/\/abilica.com\/sv\/"},{"@type":"ListItem","position":2,"name":"Produkter","item":"https:\/\/abilica.com\/sv\/shop\/"},{"@type":"ListItem","position":3,"name":"Abilica XC-Classic 2000"}]},{"@type":"WebSite","@id":"https:\/\/abilica.com\/#website","url":"https:\/\/abilica.com\/","name":"Abilica","description":"Abilica Home Training","potentialAction":[{"@type":"SearchAction","target":{"@type":"EntryPoint","urlTemplate":"https:\/\/abilica.com\/?s={search_term_string}"},"query-input":{"@type":"PropertyValueSpecification","valueRequired":true,"valueName":"search_term_string"}}],"inLanguage":"sv-SE"}]}},"_links":{"self":[{"href":"https:\/\/abilica.com\/sv\/wp-json\/wp\/v2\/product\/66488","targetHints":{"allow":["GET"]}}],"collection":[{"href":"https:\/\/abilica.com\/sv\/wp-json\/wp\/v2\/product"}],"about":[{"href":"https:\/\/abilica.com\/sv\/wp-json\/wp\/v2\/types\/product"}],"wp:featuredmedia":[{"embeddable":true,"href":"https:\/\/abilica.com\/sv\/wp-json\/wp\/v2\/media\/66489"}],"wp:attachment":[{"href":"https:\/\/abilica.com\/sv\/wp-json\/wp\/v2\/media?parent=66488"}],"wp:term":[{"taxonomy":"product_brand","embeddable":true,"href":"https:\/\/abilica.com\/sv\/wp-json\/wp\/v2\/product_brand?post=66488"},{"taxonomy":"product_cat","embeddable":true,"href":"https:\/\/abilica.com\/sv\/wp-json\/wp\/v2\/product_cat?post=66488"},{"taxonomy":"product_tag","embeddable":true,"href":"https:\/\/abilica.com\/sv\/wp-json\/wp\/v2\/product_tag?post=66488"}],"curies":[{"name":"wp","href":"https:\/\/api.w.org\/{rel}","templated":true}]}}