{"id":66615,"date":"2024-01-31T11:00:00","date_gmt":"2024-01-31T10:00:00","guid":{"rendered":"https:\/\/abilica.com\/?post_type=product&#038;p=66615"},"modified":"2025-09-09T11:05:55","modified_gmt":"2025-09-09T10:05:55","slug":"abilica-premium-racer-90","status":"publish","type":"product","link":"https:\/\/abilica.com\/sv\/kondition\/spinningcykel\/abilica-premium-racer-90\/","title":{"rendered":"Abilica Premium Racer 90"},"content":{"rendered":"<div class=\"wpb-content-wrapper\"><p>[vc_row][vc_column][vc_column_text css=&#8221;&#8221; el_class=&#8221;product-video&#8221;]Abilicas nya toppmodell inom spinningcyklar. Abilica Premium Racer 90 \u00e4r en klar favorit f\u00f6r den kr\u00e4sna atleten. Passar lika bra hemma som i f\u00f6retagets tr\u00e4ningsrum.<\/p>\n<p>Abilica Premium Racer 90 \u00e4r en mycket kraftfull spinningcykel med toppkvalitet i alla komponenter. Med sv\u00e4nghjulsvikt p\u00e5 16 kg och magnetiskt motst\u00e5nd f\u00e5r du en tyst och s\u00f6ml\u00f6s spinningupplevelse. Upp till 550 watts belastning g\u00f6r att du kan tr\u00e4na allt fr\u00e5n intervaller till l\u00e5nglopp. Motst\u00e5ndet kan anpassas efter dina behov och ger k\u00e4nslan av riktig utf\u00f6rsk\u00f6rning. Spinningcykeln har en l\u00e4ttl\u00e4st cykeldator som visar wattbelastningen i pedalen medan du cyklar, f\u00f6rutom de vanligaste parametrarna som tid, distans, hastighet, kadens (RPM), kalorif\u00f6rbrukning och puls. Du kan \u00e4ven l\u00e4gga din surfplatta\/telefon i den stora h\u00e5llaren och se din favoritserie medan du cyklar eller koppla upp dig till n\u00e5gon av apparna (Iconsole+, Kinomap eller Zwift) och k\u00f6ra interaktiv tr\u00e4ning.<\/p>\n<p>M\u00e5nga justeringsm\u00f6jligheter p\u00e5 b\u00e5de styre och s\u00e4te g\u00f6r at du enkelt hitta din idealiska sittst\u00e4llning. Spinningcykeln kommer med kombipedaler\/SPD-pedaler, s\u00e5 du kan cykla med vanliga tr\u00e4ningsskor eller cykelskor. Transporthjul g\u00f6r den l\u00e4tt att flytta n\u00e4r den inte anv\u00e4nds. Max personvikt \u00e4r 150 kg.<\/p>\n<p><strong>SPECIFIKATIONER<br \/>\n<\/strong>Motst\u00e5nd: Manuellt magnetiskt motst\u00e5nd<br \/>\nMotst\u00e5ndsniv\u00e5er: 10<br \/>\nInteria: 1:9<br \/>\nDator med: tid, distans, hastighet, RPM, kalorif\u00f6rbrukning (indikation), puls och watt<br \/>\nBluetooth<br \/>\nAppar: Iconose+, Zwift, Kinomap<br \/>\nMottagare f\u00f6r pulsb\u00e4lte<br \/>\nSv\u00e4nghjul: 16 kg<br \/>\nMax watt: 550<br \/>\nWattm\u00e5tt: Ber\u00e4knat med Torque testar<br \/>\nHorisontell och vertikal s\u00e4tesjustering<span class=\"Apple-converted-space\"><br \/>\n<\/span>Horisontell och vertikal styrets justering<br \/>\nSPD pedaler<br \/>\nFlaskh\u00e5llare<br \/>\nTransporthjul<br \/>\nM\u00e5tt monterad: 118 x 50 x 136 cm (L x B x H)<br \/>\nProduktvikt: 60 kg<br \/>\nMax personvikt: 150 kg<\/p>\n<p>&nbsp;<\/p>\n<div style=\"width: 640px;\" class=\"wp-video\"><!--[if lt IE 9]><script>document.createElement('video');<\/script><![endif]-->\n<video class=\"wp-video-shortcode\" id=\"video-66615-1\" width=\"640\" height=\"360\" poster=\"https:\/\/abilica.com\/wp-content\/uploads\/2024\/01\/Screenshot-2025-06-27-at-09.13.03-3.jpg\" preload=\"metadata\" controls=\"controls\"><source type=\"video\/mp4\" src=\"https:\/\/abilica.com\/wp-content\/uploads\/2024\/01\/Abilica-Premium-Racer-90_V2_Bredde_Nett.mp4?_=1\" \/><a href=\"https:\/\/abilica.com\/wp-content\/uploads\/2024\/01\/Abilica-Premium-Racer-90_V2_Bredde_Nett.mp4\">https:\/\/abilica.com\/wp-content\/uploads\/2024\/01\/Abilica-Premium-Racer-90_V2_Bredde_Nett.mp4<\/a><\/video><\/div>\n<p>[\/vc_column_text][vc_column_text css=&#8221;&#8221; el_class=&#8221;product-video&#8221;][\/vc_column_text][vc_empty_space height=&#8221;52px&#8221;][vc_btn title=&#8221;Anv\u00e4ndarmanual&#8221; style=&#8221;flat&#8221; color=&#8221;black&#8221; i_icon_fontawesome=&#8221;&#8221; css=&#8221;&#8221; add_icon=&#8221;true&#8221; link=&#8221;url:https%3A%2F%2Fabilica.com%2Fwp-content%2Fuploads%2F2025%2F09%2FAbilica-Premium-Racer-90-Rev2-374781.pdf&#8221;][vc_btn title=&#8221;Tr\u00e4ningstips&#8221; style=&#8221;flat&#8221; color=&#8221;black&#8221; i_icon_fontawesome=&#8221;fas fa-align-left&#8221; add_icon=&#8221;true&#8221; link=&#8221;url:https%3A%2F%2Fabilica.com%2Fno%2Ftreningsartikler%2Fbalansetrening%2Ffa-maksimalt-ut-av-spinningen%2F|title:F%C3%A5%20maksimalt%20ut%20av%20spinningen&#8221;][vc_btn title=&#8221;Underh\u00e5llstips&#8221; style=&#8221;flat&#8221; color=&#8221;black&#8221; i_icon_fontawesome=&#8221;fas fa-align-left&#8221; add_icon=&#8221;true&#8221; link=&#8221;url:https%3A%2F%2Fabilica.com%2Fsv%2Ftraningsartiklar%2Ftraningstips-for-kondition%2Funderhall-av-traningsmaskiner%2F|title:F%C3%A5%20maksimalt%20ut%20av%20spinningen&#8221;][\/vc_column][\/vc_row]<\/p>\n<\/div>","protected":false},"excerpt":{"rendered":"<p>[vc_row][vc_column][vc_column_text css=&#8221;&#8221; el_class=&#8221;product-video&#8221;]Abilicas nya toppmodell inom spinningcyklar. Abilica Premium Racer 90 \u00e4r en klar favorit&#8230;<\/p>\n","protected":false},"featured_media":68250,"template":"","meta":{"_acf_changed":false},"product_brand":[],"product_cat":[475,489],"product_tag":[49],"class_list":{"0":"post-66615","1":"product","2":"type-product","3":"status-publish","4":"has-post-thumbnail","6":"product_cat-kondition","7":"product_cat-spinningcykel","8":"product_tag-premium","10":"first","11":"instock","12":"product-type-simple"},"acf":[],"yoast_head":"<!-- This site is optimized with the Yoast SEO Premium plugin v21.1 (Yoast SEO v25.4) - https:\/\/yoast.com\/wordpress\/plugins\/seo\/ -->\n<title>Abilica Premium Racer 90 Abilica<\/title>\n<meta name=\"robots\" content=\"index, follow, max-snippet:-1, max-image-preview:large, max-video-preview:-1\" \/>\n<link rel=\"canonical\" href=\"https:\/\/abilica.com\/sv\/kondition\/spinningcykel\/abilica-premium-racer-90\/\" \/>\n<meta property=\"og:locale\" content=\"sv_SE\" \/>\n<meta property=\"og:type\" content=\"article\" \/>\n<meta property=\"og:title\" content=\"Abilica Premium Racer 90\" \/>\n<meta property=\"og:description\" content=\"[vc_row][vc_column][vc_column_text css=&#8221;&#8221; el_class=&#8221;product-video&#8221;]Abilicas nya toppmodell inom spinningcyklar. Abilica Premium Racer 90 \u00e4r en klar favorit...\" \/>\n<meta property=\"og:url\" content=\"https:\/\/abilica.com\/sv\/kondition\/spinningcykel\/abilica-premium-racer-90\/\" \/>\n<meta property=\"og:site_name\" content=\"Abilica\" \/>\n<meta property=\"article:publisher\" content=\"https:\/\/www.facebook.com\/abilicahometraining\/\" \/>\n<meta property=\"article:modified_time\" content=\"2025-09-09T10:05:55+00:00\" \/>\n<meta property=\"og:image\" content=\"https:\/\/abilica.com\/wp-content\/uploads\/2024\/01\/374781_Abilica-Premium-Racer-90-V2_04-1.jpg\" \/>\n\t<meta property=\"og:image:width\" content=\"1200\" \/>\n\t<meta property=\"og:image:height\" content=\"1200\" \/>\n\t<meta property=\"og:image:type\" content=\"image\/jpeg\" \/>\n<meta name=\"twitter:card\" content=\"summary_large_image\" \/>\n<meta name=\"twitter:label1\" content=\"Ber\u00e4knad l\u00e4stid\" \/>\n\t<meta name=\"twitter:data1\" content=\"2 minuter\" \/>\n<script type=\"application\/ld+json\" class=\"yoast-schema-graph\">{\"@context\":\"https:\/\/schema.org\",\"@graph\":[{\"@type\":\"WebPage\",\"@id\":\"https:\/\/abilica.com\/sv\/kondition\/spinningcykel\/abilica-premium-racer-90\/\",\"url\":\"https:\/\/abilica.com\/sv\/kondition\/spinningcykel\/abilica-premium-racer-90\/\",\"name\":\"Abilica Premium Racer 90 Abilica\",\"isPartOf\":{\"@id\":\"https:\/\/abilica.com\/#website\"},\"primaryImageOfPage\":{\"@id\":\"https:\/\/abilica.com\/sv\/kondition\/spinningcykel\/abilica-premium-racer-90\/#primaryimage\"},\"image\":{\"@id\":\"https:\/\/abilica.com\/sv\/kondition\/spinningcykel\/abilica-premium-racer-90\/#primaryimage\"},\"thumbnailUrl\":\"https:\/\/abilica.com\/wp-content\/uploads\/2024\/01\/374781_Abilica-Premium-Racer-90-V2_04-1.jpg\",\"datePublished\":\"2024-01-31T10:00:00+00:00\",\"dateModified\":\"2025-09-09T10:05:55+00:00\",\"breadcrumb\":{\"@id\":\"https:\/\/abilica.com\/sv\/kondition\/spinningcykel\/abilica-premium-racer-90\/#breadcrumb\"},\"inLanguage\":\"sv-SE\",\"potentialAction\":[{\"@type\":\"ReadAction\",\"target\":[\"https:\/\/abilica.com\/sv\/kondition\/spinningcykel\/abilica-premium-racer-90\/\"]}]},{\"@type\":\"ImageObject\",\"inLanguage\":\"sv-SE\",\"@id\":\"https:\/\/abilica.com\/sv\/kondition\/spinningcykel\/abilica-premium-racer-90\/#primaryimage\",\"url\":\"https:\/\/abilica.com\/wp-content\/uploads\/2024\/01\/374781_Abilica-Premium-Racer-90-V2_04-1.jpg\",\"contentUrl\":\"https:\/\/abilica.com\/wp-content\/uploads\/2024\/01\/374781_Abilica-Premium-Racer-90-V2_04-1.jpg\",\"width\":1200,\"height\":1200},{\"@type\":\"BreadcrumbList\",\"@id\":\"https:\/\/abilica.com\/sv\/kondition\/spinningcykel\/abilica-premium-racer-90\/#breadcrumb\",\"itemListElement\":[{\"@type\":\"ListItem\",\"position\":1,\"name\":\"Hem\",\"item\":\"https:\/\/abilica.com\/sv\/\"},{\"@type\":\"ListItem\",\"position\":2,\"name\":\"Produkter\",\"item\":\"https:\/\/abilica.com\/sv\/shop\/\"},{\"@type\":\"ListItem\",\"position\":3,\"name\":\"Abilica Premium Racer 90\"}]},{\"@type\":\"WebSite\",\"@id\":\"https:\/\/abilica.com\/#website\",\"url\":\"https:\/\/abilica.com\/\",\"name\":\"Abilica\",\"description\":\"Abilica Home Training\",\"potentialAction\":[{\"@type\":\"SearchAction\",\"target\":{\"@type\":\"EntryPoint\",\"urlTemplate\":\"https:\/\/abilica.com\/?s={search_term_string}\"},\"query-input\":{\"@type\":\"PropertyValueSpecification\",\"valueRequired\":true,\"valueName\":\"search_term_string\"}}],\"inLanguage\":\"sv-SE\"}]}<\/script>\n<!-- \/ Yoast SEO Premium plugin. -->","yoast_head_json":{"title":"Abilica Premium Racer 90 Abilica","robots":{"index":"index","follow":"follow","max-snippet":"max-snippet:-1","max-image-preview":"max-image-preview:large","max-video-preview":"max-video-preview:-1"},"canonical":"https:\/\/abilica.com\/sv\/kondition\/spinningcykel\/abilica-premium-racer-90\/","og_locale":"sv_SE","og_type":"article","og_title":"Abilica Premium Racer 90","og_description":"[vc_row][vc_column][vc_column_text css=&#8221;&#8221; el_class=&#8221;product-video&#8221;]Abilicas nya toppmodell inom spinningcyklar. Abilica Premium Racer 90 \u00e4r en klar favorit...","og_url":"https:\/\/abilica.com\/sv\/kondition\/spinningcykel\/abilica-premium-racer-90\/","og_site_name":"Abilica","article_publisher":"https:\/\/www.facebook.com\/abilicahometraining\/","article_modified_time":"2025-09-09T10:05:55+00:00","og_image":[{"width":1200,"height":1200,"url":"https:\/\/abilica.com\/wp-content\/uploads\/2024\/01\/374781_Abilica-Premium-Racer-90-V2_04-1.jpg","type":"image\/jpeg"}],"twitter_card":"summary_large_image","twitter_misc":{"Ber\u00e4knad l\u00e4stid":"2 minuter"},"schema":{"@context":"https:\/\/schema.org","@graph":[{"@type":"WebPage","@id":"https:\/\/abilica.com\/sv\/kondition\/spinningcykel\/abilica-premium-racer-90\/","url":"https:\/\/abilica.com\/sv\/kondition\/spinningcykel\/abilica-premium-racer-90\/","name":"Abilica Premium Racer 90 Abilica","isPartOf":{"@id":"https:\/\/abilica.com\/#website"},"primaryImageOfPage":{"@id":"https:\/\/abilica.com\/sv\/kondition\/spinningcykel\/abilica-premium-racer-90\/#primaryimage"},"image":{"@id":"https:\/\/abilica.com\/sv\/kondition\/spinningcykel\/abilica-premium-racer-90\/#primaryimage"},"thumbnailUrl":"https:\/\/abilica.com\/wp-content\/uploads\/2024\/01\/374781_Abilica-Premium-Racer-90-V2_04-1.jpg","datePublished":"2024-01-31T10:00:00+00:00","dateModified":"2025-09-09T10:05:55+00:00","breadcrumb":{"@id":"https:\/\/abilica.com\/sv\/kondition\/spinningcykel\/abilica-premium-racer-90\/#breadcrumb"},"inLanguage":"sv-SE","potentialAction":[{"@type":"ReadAction","target":["https:\/\/abilica.com\/sv\/kondition\/spinningcykel\/abilica-premium-racer-90\/"]}]},{"@type":"ImageObject","inLanguage":"sv-SE","@id":"https:\/\/abilica.com\/sv\/kondition\/spinningcykel\/abilica-premium-racer-90\/#primaryimage","url":"https:\/\/abilica.com\/wp-content\/uploads\/2024\/01\/374781_Abilica-Premium-Racer-90-V2_04-1.jpg","contentUrl":"https:\/\/abilica.com\/wp-content\/uploads\/2024\/01\/374781_Abilica-Premium-Racer-90-V2_04-1.jpg","width":1200,"height":1200},{"@type":"BreadcrumbList","@id":"https:\/\/abilica.com\/sv\/kondition\/spinningcykel\/abilica-premium-racer-90\/#breadcrumb","itemListElement":[{"@type":"ListItem","position":1,"name":"Hem","item":"https:\/\/abilica.com\/sv\/"},{"@type":"ListItem","position":2,"name":"Produkter","item":"https:\/\/abilica.com\/sv\/shop\/"},{"@type":"ListItem","position":3,"name":"Abilica Premium Racer 90"}]},{"@type":"WebSite","@id":"https:\/\/abilica.com\/#website","url":"https:\/\/abilica.com\/","name":"Abilica","description":"Abilica Home Training","potentialAction":[{"@type":"SearchAction","target":{"@type":"EntryPoint","urlTemplate":"https:\/\/abilica.com\/?s={search_term_string}"},"query-input":{"@type":"PropertyValueSpecification","valueRequired":true,"valueName":"search_term_string"}}],"inLanguage":"sv-SE"}]}},"_links":{"self":[{"href":"https:\/\/abilica.com\/sv\/wp-json\/wp\/v2\/product\/66615","targetHints":{"allow":["GET"]}}],"collection":[{"href":"https:\/\/abilica.com\/sv\/wp-json\/wp\/v2\/product"}],"about":[{"href":"https:\/\/abilica.com\/sv\/wp-json\/wp\/v2\/types\/product"}],"wp:featuredmedia":[{"embeddable":true,"href":"https:\/\/abilica.com\/sv\/wp-json\/wp\/v2\/media\/68250"}],"wp:attachment":[{"href":"https:\/\/abilica.com\/sv\/wp-json\/wp\/v2\/media?parent=66615"}],"wp:term":[{"taxonomy":"product_brand","embeddable":true,"href":"https:\/\/abilica.com\/sv\/wp-json\/wp\/v2\/product_brand?post=66615"},{"taxonomy":"product_cat","embeddable":true,"href":"https:\/\/abilica.com\/sv\/wp-json\/wp\/v2\/product_cat?post=66615"},{"taxonomy":"product_tag","embeddable":true,"href":"https:\/\/abilica.com\/sv\/wp-json\/wp\/v2\/product_tag?post=66615"}],"curies":[{"name":"wp","href":"https:\/\/api.w.org\/{rel}","templated":true}]}}