{"id":66621,"date":"2024-02-16T13:01:29","date_gmt":"2024-02-16T12:01:29","guid":{"rendered":"https:\/\/abilica.com\/?post_type=product&#038;p=66621"},"modified":"2024-10-22T14:30:57","modified_gmt":"2024-10-22T13:30:57","slug":"abilica-premium-mill-90","status":"publish","type":"product","link":"https:\/\/abilica.com\/sv\/kondition\/lopband\/abilica-premium-mill-90\/","title":{"rendered":"Abilica Premium Mill 90"},"content":{"rendered":"<div class=\"wpb-content-wrapper\"><p>[vc_row][vc_column][vc_column_text]Abilica Premium Mill 90 \u00e4r Abilicas nya toppmodell! Ett kraftfullt och p\u00e5litligt l\u00f6pband som passar lika bra f\u00f6r den aktiva l\u00f6paren hemma som i f\u00f6retagets tr\u00e4ningsrum.<\/p>\n<div>\n<p>En bra storlek p\u00e5 l\u00f6pytan och en maxhastighet p\u00e5 22 km\/t g\u00f6r att den passar \u00e4ven den kr\u00e4sna l\u00f6paren med h\u00f6ga krav p\u00e5 tillf\u00f6rlitlighet, funktion och komfort. Abilica Premium Mill 90 har en kraftfull AC-motor p\u00e5 2 hk. Detta g\u00f6r den v\u00e4l l\u00e4mpad \u00e4ven f\u00f6r l\u00e5nga tr\u00e4ningspass och mycket anv\u00e4ndning. Detta l\u00f6pband hj\u00e4lper dig att n\u00e5 dina m\u00e5l, oavsett om du tr\u00e4nar f\u00f6r ett maraton eller f\u00f6redrar intervalltr\u00e4ning. Den stora l\u00f6pytan m\u00e4ter 56 x 155 cm och l\u00f6pbandet har en topphastighet p\u00e5 22 km\/t. L\u00f6pbandet har totalt 36 f\u00f6rinst\u00e4llda program som ger m\u00f6jligheter till stor variation. Dessutom finns det 3 sj\u00e4lvdefinierade program d\u00e4r du kan skapa dina egna tr\u00e4ningspass. Via snabbtangenter kan du snabbt och enkelt justera hastighet och lutning utan att beh\u00f6va trycka p\u00e5 m\u00e5nga knappar. Totalt finns det 15 lutningsniv\u00e5er som ger dig max 9% lutning. En stor och tydlig LED-sk\u00e4rm ger dig all information du beh\u00f6ver under tr\u00e4ningspasset. H\u00e4r kan du \u00f6vervaka tid, hastighet, distans, puls med mera.<\/p>\n<p>Abilica Premium Mill 90 kan kopplas till flera tr\u00e4ningsappar. Med AnyRun-appen kan du planera och ta del av ett stort urval av program. Med Zwift-appen kan du springa i den virtuella v\u00e4rlden, och du kan antingen ta en sk\u00f6n promenad ensam eller delta i gemenskapen och tr\u00e4na med andra. Zwift l\u00e5ter dig ocks\u00e5 h\u00e5lla koll p\u00e5 dina tr\u00e4ningsplaner. I betalningsappen Kinomap kan du tr\u00e4na till inspirerande filmer fr\u00e5n sp\u00e4nnande tr\u00e4ningsrutter fr\u00e5n hela v\u00e4rlden.<\/p>\n<\/div>\n<div><\/div>\n<div>Den h\u00e4r typen av l\u00f6pband \u00e4r inte hopf\u00e4llbar, men transporthjul g\u00f6r att den kan flyttas vid behov. Abilica Premium Mill 90 v\u00e4ger 164 kg. Max anv\u00e4ndarvikt \u00e4r 150 kg.<\/div>\n<div><\/div>\n<div><strong>SPECIFIKATIONER<br \/>\n<\/strong>Maxhastighet: 22 km\/t<br \/>\nMotor: 2,0 hk<br \/>\nMotorprestanda topp: 4 hk<br \/>\nMotortyp: AC<br \/>\nProgram: 36 f\u00f6rinst\u00e4llda och 3 sj\u00e4lvdefinierade<br \/>\nBluetooth<br \/>\nAppar: AnyRun, Zwift och Kinomap<br \/>\nPulsmottagare: Ja<br \/>\nM\u00e5tt l\u00f6pband: 56 x 155 cm<br \/>\nH\u00f6jd (golvl\u00f6pyta): 23 cm<br \/>\nMotoriserad stigning: Ja<br \/>\nUppstigningsniv\u00e5er: 15<br \/>\nMax lutning: 9 %<br \/>\nHopf\u00e4llbar: Nej<br \/>\nJusterbara ben: Ja<br \/>\nTransporthjul: Ja<br \/>\nM\u00e5tt monterad: 212 x 90 x 159 cm (L x B x H)<br \/>\nProduktvikt: 164 kg<br \/>\nMax anv\u00e4ndarvikt: 150 kg<\/div>\n<p>[\/vc_column_text][vc_column_text el_class=&#8221;product-video&#8221;]<\/p>\n<div style=\"width: 640px;\" class=\"wp-video\"><!--[if lt IE 9]><script>document.createElement('video');<\/script><![endif]-->\n<video class=\"wp-video-shortcode\" id=\"video-66621-1\" width=\"640\" height=\"360\" poster=\"https:\/\/abilica.com\/wp-content\/uploads\/2024\/02\/CleanShot-2024-06-07-at-09.45.40@2x.jpg\" preload=\"metadata\" controls=\"controls\"><source type=\"video\/mp4\" src=\"https:\/\/abilica.com\/wp-content\/uploads\/2024\/06\/Abilica-Premium-Mill-90-bredde.mp4?_=1\" \/><a href=\"https:\/\/abilica.com\/wp-content\/uploads\/2024\/06\/Abilica-Premium-Mill-90-bredde.mp4\">https:\/\/abilica.com\/wp-content\/uploads\/2024\/06\/Abilica-Premium-Mill-90-bredde.mp4<\/a><\/video><\/div>\n<p>[\/vc_column_text][vc_empty_space height=&#8221;52px&#8221;][vc_btn title=&#8221;Anv\u00e4ndarmanual&#8221; style=&#8221;flat&#8221; color=&#8221;black&#8221; i_icon_fontawesome=&#8221;far fa-file-pdf&#8221; add_icon=&#8221;true&#8221; link=&#8221;url:https%3A%2F%2Fabilica.com%2Fwp-content%2Fuploads%2F2024%2F02%2FAB_Premium-Mill-90_Rev1_23.pdf&#8221;][vc_btn title=&#8221;Tr\u00e4ningstips&#8221; style=&#8221;flat&#8221; color=&#8221;black&#8221; i_icon_fontawesome=&#8221;fas fa-align-left&#8221; add_icon=&#8221;true&#8221; link=&#8221;url:https%3A%2F%2Fabilica.com%2Fsv%2Ftraningsartiklar%2Ftraningstips-for-kondition%2Ffordelarna-med-att-springa-pa-lopband%2F|title:F%C3%A5%20maksimalt%20ut%20av%20spinningen&#8221;][vc_btn title=&#8221;Underh\u00e5llstips&#8221; style=&#8221;flat&#8221; color=&#8221;black&#8221; i_icon_fontawesome=&#8221;fas fa-align-left&#8221; add_icon=&#8221;true&#8221; link=&#8221;url:https%3A%2F%2Fabilica.com%2Fsv%2Ftraningsartiklar%2Ftraningstips-for-kondition%2Funderhall-av-traningsmaskiner%2F|title:F%C3%A5%20maksimalt%20ut%20av%20spinningen&#8221;][\/vc_column][\/vc_row]<\/p>\n<\/div>","protected":false},"excerpt":{"rendered":"<p>[vc_row][vc_column][vc_column_text]Abilica Premium Mill 90 \u00e4r Abilicas nya toppmodell! Ett kraftfullt och p\u00e5litligt l\u00f6pband som passar&#8230;<\/p>\n","protected":false},"featured_media":66625,"template":"","meta":{"_acf_changed":false},"product_brand":[],"product_cat":[475,477],"product_tag":[49],"class_list":{"0":"post-66621","1":"product","2":"type-product","3":"status-publish","4":"has-post-thumbnail","6":"product_cat-kondition","7":"product_cat-lopband","8":"product_tag-premium","10":"first","11":"instock","12":"product-type-simple"},"acf":[],"yoast_head":"<!-- This site is optimized with the Yoast SEO Premium plugin v21.1 (Yoast SEO v25.4) - https:\/\/yoast.com\/wordpress\/plugins\/seo\/ -->\n<title>Abilica Premium Mill 90 Abilica<\/title>\n<meta name=\"robots\" content=\"index, follow, max-snippet:-1, max-image-preview:large, max-video-preview:-1\" \/>\n<link rel=\"canonical\" href=\"https:\/\/abilica.com\/sv\/kondition\/lopband\/abilica-premium-mill-90\/\" \/>\n<meta property=\"og:locale\" content=\"sv_SE\" \/>\n<meta property=\"og:type\" content=\"article\" \/>\n<meta property=\"og:title\" content=\"Abilica Premium Mill 90\" \/>\n<meta property=\"og:description\" content=\"[vc_row][vc_column][vc_column_text]Abilica Premium Mill 90 \u00e4r Abilicas nya toppmodell! Ett kraftfullt och p\u00e5litligt l\u00f6pband som passar...\" \/>\n<meta property=\"og:url\" content=\"https:\/\/abilica.com\/sv\/kondition\/lopband\/abilica-premium-mill-90\/\" \/>\n<meta property=\"og:site_name\" content=\"Abilica\" \/>\n<meta property=\"article:publisher\" content=\"https:\/\/www.facebook.com\/abilicahometraining\/\" \/>\n<meta property=\"article:modified_time\" content=\"2024-10-22T13:30:57+00:00\" \/>\n<meta property=\"og:image\" content=\"https:\/\/abilica.com\/wp-content\/uploads\/2024\/02\/1.jpg\" \/>\n\t<meta property=\"og:image:width\" content=\"1200\" \/>\n\t<meta property=\"og:image:height\" content=\"1200\" \/>\n\t<meta property=\"og:image:type\" content=\"image\/jpeg\" \/>\n<meta name=\"twitter:card\" content=\"summary_large_image\" \/>\n<meta name=\"twitter:label1\" content=\"Ber\u00e4knad l\u00e4stid\" \/>\n\t<meta name=\"twitter:data1\" content=\"3 minuter\" \/>\n<script type=\"application\/ld+json\" class=\"yoast-schema-graph\">{\"@context\":\"https:\/\/schema.org\",\"@graph\":[{\"@type\":\"WebPage\",\"@id\":\"https:\/\/abilica.com\/sv\/kondition\/lopband\/abilica-premium-mill-90\/\",\"url\":\"https:\/\/abilica.com\/sv\/kondition\/lopband\/abilica-premium-mill-90\/\",\"name\":\"Abilica Premium Mill 90 Abilica\",\"isPartOf\":{\"@id\":\"https:\/\/abilica.com\/#website\"},\"primaryImageOfPage\":{\"@id\":\"https:\/\/abilica.com\/sv\/kondition\/lopband\/abilica-premium-mill-90\/#primaryimage\"},\"image\":{\"@id\":\"https:\/\/abilica.com\/sv\/kondition\/lopband\/abilica-premium-mill-90\/#primaryimage\"},\"thumbnailUrl\":\"https:\/\/abilica.com\/wp-content\/uploads\/2024\/02\/1.jpg\",\"datePublished\":\"2024-02-16T12:01:29+00:00\",\"dateModified\":\"2024-10-22T13:30:57+00:00\",\"breadcrumb\":{\"@id\":\"https:\/\/abilica.com\/sv\/kondition\/lopband\/abilica-premium-mill-90\/#breadcrumb\"},\"inLanguage\":\"sv-SE\",\"potentialAction\":[{\"@type\":\"ReadAction\",\"target\":[\"https:\/\/abilica.com\/sv\/kondition\/lopband\/abilica-premium-mill-90\/\"]}]},{\"@type\":\"ImageObject\",\"inLanguage\":\"sv-SE\",\"@id\":\"https:\/\/abilica.com\/sv\/kondition\/lopband\/abilica-premium-mill-90\/#primaryimage\",\"url\":\"https:\/\/abilica.com\/wp-content\/uploads\/2024\/02\/1.jpg\",\"contentUrl\":\"https:\/\/abilica.com\/wp-content\/uploads\/2024\/02\/1.jpg\",\"width\":1200,\"height\":1200},{\"@type\":\"BreadcrumbList\",\"@id\":\"https:\/\/abilica.com\/sv\/kondition\/lopband\/abilica-premium-mill-90\/#breadcrumb\",\"itemListElement\":[{\"@type\":\"ListItem\",\"position\":1,\"name\":\"Hem\",\"item\":\"https:\/\/abilica.com\/sv\/\"},{\"@type\":\"ListItem\",\"position\":2,\"name\":\"Produkter\",\"item\":\"https:\/\/abilica.com\/sv\/shop\/\"},{\"@type\":\"ListItem\",\"position\":3,\"name\":\"Abilica Premium Mill 90\"}]},{\"@type\":\"WebSite\",\"@id\":\"https:\/\/abilica.com\/#website\",\"url\":\"https:\/\/abilica.com\/\",\"name\":\"Abilica\",\"description\":\"Abilica Home Training\",\"potentialAction\":[{\"@type\":\"SearchAction\",\"target\":{\"@type\":\"EntryPoint\",\"urlTemplate\":\"https:\/\/abilica.com\/?s={search_term_string}\"},\"query-input\":{\"@type\":\"PropertyValueSpecification\",\"valueRequired\":true,\"valueName\":\"search_term_string\"}}],\"inLanguage\":\"sv-SE\"}]}<\/script>\n<!-- \/ Yoast SEO Premium plugin. -->","yoast_head_json":{"title":"Abilica Premium Mill 90 Abilica","robots":{"index":"index","follow":"follow","max-snippet":"max-snippet:-1","max-image-preview":"max-image-preview:large","max-video-preview":"max-video-preview:-1"},"canonical":"https:\/\/abilica.com\/sv\/kondition\/lopband\/abilica-premium-mill-90\/","og_locale":"sv_SE","og_type":"article","og_title":"Abilica Premium Mill 90","og_description":"[vc_row][vc_column][vc_column_text]Abilica Premium Mill 90 \u00e4r Abilicas nya toppmodell! Ett kraftfullt och p\u00e5litligt l\u00f6pband som passar...","og_url":"https:\/\/abilica.com\/sv\/kondition\/lopband\/abilica-premium-mill-90\/","og_site_name":"Abilica","article_publisher":"https:\/\/www.facebook.com\/abilicahometraining\/","article_modified_time":"2024-10-22T13:30:57+00:00","og_image":[{"width":1200,"height":1200,"url":"https:\/\/abilica.com\/wp-content\/uploads\/2024\/02\/1.jpg","type":"image\/jpeg"}],"twitter_card":"summary_large_image","twitter_misc":{"Ber\u00e4knad l\u00e4stid":"3 minuter"},"schema":{"@context":"https:\/\/schema.org","@graph":[{"@type":"WebPage","@id":"https:\/\/abilica.com\/sv\/kondition\/lopband\/abilica-premium-mill-90\/","url":"https:\/\/abilica.com\/sv\/kondition\/lopband\/abilica-premium-mill-90\/","name":"Abilica Premium Mill 90 Abilica","isPartOf":{"@id":"https:\/\/abilica.com\/#website"},"primaryImageOfPage":{"@id":"https:\/\/abilica.com\/sv\/kondition\/lopband\/abilica-premium-mill-90\/#primaryimage"},"image":{"@id":"https:\/\/abilica.com\/sv\/kondition\/lopband\/abilica-premium-mill-90\/#primaryimage"},"thumbnailUrl":"https:\/\/abilica.com\/wp-content\/uploads\/2024\/02\/1.jpg","datePublished":"2024-02-16T12:01:29+00:00","dateModified":"2024-10-22T13:30:57+00:00","breadcrumb":{"@id":"https:\/\/abilica.com\/sv\/kondition\/lopband\/abilica-premium-mill-90\/#breadcrumb"},"inLanguage":"sv-SE","potentialAction":[{"@type":"ReadAction","target":["https:\/\/abilica.com\/sv\/kondition\/lopband\/abilica-premium-mill-90\/"]}]},{"@type":"ImageObject","inLanguage":"sv-SE","@id":"https:\/\/abilica.com\/sv\/kondition\/lopband\/abilica-premium-mill-90\/#primaryimage","url":"https:\/\/abilica.com\/wp-content\/uploads\/2024\/02\/1.jpg","contentUrl":"https:\/\/abilica.com\/wp-content\/uploads\/2024\/02\/1.jpg","width":1200,"height":1200},{"@type":"BreadcrumbList","@id":"https:\/\/abilica.com\/sv\/kondition\/lopband\/abilica-premium-mill-90\/#breadcrumb","itemListElement":[{"@type":"ListItem","position":1,"name":"Hem","item":"https:\/\/abilica.com\/sv\/"},{"@type":"ListItem","position":2,"name":"Produkter","item":"https:\/\/abilica.com\/sv\/shop\/"},{"@type":"ListItem","position":3,"name":"Abilica Premium Mill 90"}]},{"@type":"WebSite","@id":"https:\/\/abilica.com\/#website","url":"https:\/\/abilica.com\/","name":"Abilica","description":"Abilica Home Training","potentialAction":[{"@type":"SearchAction","target":{"@type":"EntryPoint","urlTemplate":"https:\/\/abilica.com\/?s={search_term_string}"},"query-input":{"@type":"PropertyValueSpecification","valueRequired":true,"valueName":"search_term_string"}}],"inLanguage":"sv-SE"}]}},"_links":{"self":[{"href":"https:\/\/abilica.com\/sv\/wp-json\/wp\/v2\/product\/66621","targetHints":{"allow":["GET"]}}],"collection":[{"href":"https:\/\/abilica.com\/sv\/wp-json\/wp\/v2\/product"}],"about":[{"href":"https:\/\/abilica.com\/sv\/wp-json\/wp\/v2\/types\/product"}],"wp:featuredmedia":[{"embeddable":true,"href":"https:\/\/abilica.com\/sv\/wp-json\/wp\/v2\/media\/66625"}],"wp:attachment":[{"href":"https:\/\/abilica.com\/sv\/wp-json\/wp\/v2\/media?parent=66621"}],"wp:term":[{"taxonomy":"product_brand","embeddable":true,"href":"https:\/\/abilica.com\/sv\/wp-json\/wp\/v2\/product_brand?post=66621"},{"taxonomy":"product_cat","embeddable":true,"href":"https:\/\/abilica.com\/sv\/wp-json\/wp\/v2\/product_cat?post=66621"},{"taxonomy":"product_tag","embeddable":true,"href":"https:\/\/abilica.com\/sv\/wp-json\/wp\/v2\/product_tag?post=66621"}],"curies":[{"name":"wp","href":"https:\/\/api.w.org\/{rel}","templated":true}]}}