{"id":66665,"date":"2024-02-20T09:13:58","date_gmt":"2024-02-20T08:13:58","guid":{"rendered":"https:\/\/abilica.com\/?post_type=product&#038;p=66665"},"modified":"2025-10-17T11:25:52","modified_gmt":"2025-10-17T10:25:52","slug":"abilica-pumpset","status":"publish","type":"product","link":"https:\/\/abilica.com\/sv\/okategoriserad\/abilica-pumpset\/","title":{"rendered":"Abilica PumpSet"},"content":{"rendered":"<div class=\"wpb-content-wrapper\"><p>[vc_row][vc_column][vc_column_text]Abilica PumpSet \u00e4r ett komplett viktset p\u00e5 ca 20 kg med skivst\u00e5ng och viktskivor designade f\u00f6r att ge hela kroppen ett ordentligt tr\u00e4ningspass.<\/p>\n<div><\/div>\n<div>\n<p>Setet inneh\u00e5ller en 130 cm tv\u00e5delad skivst\u00e5ng i st\u00e5l kl\u00e4dd med gummi p\u00e5 ca 2 kg med 2 fj\u00e4derl\u00e5s. 6 st plastbelagda viktskivor (2 st 1,25 kg, 2 st 2,5 kg och 2 st 5 kg). Alla med en diameter p\u00e5 30 mm. Totalvikt ca 20 kg. (19,71 kg). St\u00e5ngen \u00e4r tv\u00e5delad s\u00e5 att den kan skruvas av p\u00e5 mitten n\u00e4r den inte anv\u00e4nds och t\u00e4cks med en h\u00f6gdensitetsgummibel\u00e4ggning som g\u00f6r den bekv\u00e4m att tr\u00e4na med.<\/p>\n<p><b>Viktst\u00e5ng<br \/>\n<\/b>Tv\u00e5delad st\u00e5ng som g\u00e5r att skruva ihop p\u00e5 mitten.<br \/>\nL\u00e4ngd: 130 cm<br \/>\nVikt: 2,1 kg<br \/>\nDiameter: 30 mm<br \/>\nFj\u00e4derl\u00e5s: 2 st<br \/>\nMaterial: St\u00e5lst\u00e5ng belagd med h\u00f6gdensitetsgummi i mitten av st\u00e5ngen.<\/p>\n<\/div>\n<div>\n<p><b><br \/>\nViktskivor<br \/>\n<\/b>1,25 kg x 2 st. Sand f\u00e4rg<br \/>\n2,5 kg x 2 st. Ljusgr\u00e5 f\u00e4rg<br \/>\n5 kg x 2 st. Svart f\u00e4rg<br \/>\nDiameter: 30 mm<br \/>\nMaterial: Cement belagd med plast (PP)<\/p>\n<\/div>\n<div><\/div>\n<p>[\/vc_column_text][vc_empty_space height=&#8221;52px&#8221;][vc_btn title=&#8221;Treningstips&#8221; style=&#8221;flat&#8221; color=&#8221;black&#8221; i_icon_fontawesome=&#8221;fas fa-align-left&#8221; add_icon=&#8221;true&#8221; link=&#8221;url:https%3A%2F%2Fabilica.com%2Fno%2Ftreningsartikler%2Fstyrke%2Fovelser-med-pumpset%2F|title:F%C3%A5%20maksimalt%20ut%20av%20spinningen&#8221;][\/vc_column][\/vc_row]<\/p>\n<\/div>","protected":false},"excerpt":{"rendered":"<p>[vc_row][vc_column][vc_column_text]Abilica PumpSet \u00e4r ett komplett viktset p\u00e5 ca 20 kg med skivst\u00e5ng och viktskivor designade&#8230;<\/p>\n","protected":false},"featured_media":66657,"template":"","meta":{"_acf_changed":false},"product_brand":[],"product_cat":[],"product_tag":[363],"class_list":{"0":"post-66665","1":"product","2":"type-product","3":"status-publish","4":"has-post-thumbnail","6":"product_tag-premium-2","8":"first","9":"instock","10":"product-type-simple"},"acf":[],"yoast_head":"<!-- This site is optimized with the Yoast SEO Premium plugin v21.1 (Yoast SEO v25.4) - https:\/\/yoast.com\/wordpress\/plugins\/seo\/ -->\n<title>Abilica PumpSet Abilica<\/title>\n<meta name=\"robots\" content=\"index, follow, max-snippet:-1, max-image-preview:large, max-video-preview:-1\" \/>\n<link rel=\"canonical\" href=\"https:\/\/abilica.com\/uncategorized\/abilica-pumpset\/\" \/>\n<meta property=\"og:locale\" content=\"sv_SE\" \/>\n<meta property=\"og:type\" content=\"article\" \/>\n<meta property=\"og:title\" content=\"Abilica PumpSet\" \/>\n<meta property=\"og:description\" content=\"[vc_row][vc_column][vc_column_text]Abilica PumpSet \u00e4r ett komplett viktset p\u00e5 ca 20 kg med skivst\u00e5ng och viktskivor designade...\" \/>\n<meta property=\"og:url\" content=\"https:\/\/abilica.com\/uncategorized\/abilica-pumpset\/\" \/>\n<meta property=\"og:site_name\" content=\"Abilica\" \/>\n<meta property=\"article:publisher\" content=\"https:\/\/www.facebook.com\/abilicahometraining\/\" \/>\n<meta property=\"article:modified_time\" content=\"2025-10-17T10:25:52+00:00\" \/>\n<meta property=\"og:image\" content=\"https:\/\/abilica.com\/wp-content\/uploads\/2024\/02\/374241.jpg\" \/>\n\t<meta property=\"og:image:width\" content=\"1200\" \/>\n\t<meta property=\"og:image:height\" content=\"1200\" \/>\n\t<meta property=\"og:image:type\" content=\"image\/jpeg\" \/>\n<meta name=\"twitter:card\" content=\"summary_large_image\" \/>\n<meta name=\"twitter:label1\" content=\"Ber\u00e4knad l\u00e4stid\" \/>\n\t<meta name=\"twitter:data1\" content=\"1 minut\" \/>\n<script type=\"application\/ld+json\" class=\"yoast-schema-graph\">{\"@context\":\"https:\/\/schema.org\",\"@graph\":[{\"@type\":\"WebPage\",\"@id\":\"https:\/\/abilica.com\/uncategorized\/abilica-pumpset\/\",\"url\":\"https:\/\/abilica.com\/uncategorized\/abilica-pumpset\/\",\"name\":\"Abilica PumpSet Abilica\",\"isPartOf\":{\"@id\":\"https:\/\/abilica.com\/#website\"},\"primaryImageOfPage\":{\"@id\":\"https:\/\/abilica.com\/uncategorized\/abilica-pumpset\/#primaryimage\"},\"image\":{\"@id\":\"https:\/\/abilica.com\/uncategorized\/abilica-pumpset\/#primaryimage\"},\"thumbnailUrl\":\"https:\/\/abilica.com\/wp-content\/uploads\/2024\/02\/374241.jpg\",\"datePublished\":\"2024-02-20T08:13:58+00:00\",\"dateModified\":\"2025-10-17T10:25:52+00:00\",\"breadcrumb\":{\"@id\":\"https:\/\/abilica.com\/uncategorized\/abilica-pumpset\/#breadcrumb\"},\"inLanguage\":\"sv-SE\",\"potentialAction\":[{\"@type\":\"ReadAction\",\"target\":[\"https:\/\/abilica.com\/uncategorized\/abilica-pumpset\/\"]}]},{\"@type\":\"ImageObject\",\"inLanguage\":\"sv-SE\",\"@id\":\"https:\/\/abilica.com\/uncategorized\/abilica-pumpset\/#primaryimage\",\"url\":\"https:\/\/abilica.com\/wp-content\/uploads\/2024\/02\/374241.jpg\",\"contentUrl\":\"https:\/\/abilica.com\/wp-content\/uploads\/2024\/02\/374241.jpg\",\"width\":1200,\"height\":1200},{\"@type\":\"BreadcrumbList\",\"@id\":\"https:\/\/abilica.com\/uncategorized\/abilica-pumpset\/#breadcrumb\",\"itemListElement\":[{\"@type\":\"ListItem\",\"position\":1,\"name\":\"Hem\",\"item\":\"https:\/\/abilica.com\/sv\/\"},{\"@type\":\"ListItem\",\"position\":2,\"name\":\"Produkter\",\"item\":\"https:\/\/abilica.com\/sv\/shop\/\"},{\"@type\":\"ListItem\",\"position\":3,\"name\":\"Abilica PumpSet\"}]},{\"@type\":\"WebSite\",\"@id\":\"https:\/\/abilica.com\/#website\",\"url\":\"https:\/\/abilica.com\/\",\"name\":\"Abilica\",\"description\":\"Abilica Home Training\",\"potentialAction\":[{\"@type\":\"SearchAction\",\"target\":{\"@type\":\"EntryPoint\",\"urlTemplate\":\"https:\/\/abilica.com\/?s={search_term_string}\"},\"query-input\":{\"@type\":\"PropertyValueSpecification\",\"valueRequired\":true,\"valueName\":\"search_term_string\"}}],\"inLanguage\":\"sv-SE\"}]}<\/script>\n<!-- \/ Yoast SEO Premium plugin. -->","yoast_head_json":{"title":"Abilica PumpSet Abilica","robots":{"index":"index","follow":"follow","max-snippet":"max-snippet:-1","max-image-preview":"max-image-preview:large","max-video-preview":"max-video-preview:-1"},"canonical":"https:\/\/abilica.com\/uncategorized\/abilica-pumpset\/","og_locale":"sv_SE","og_type":"article","og_title":"Abilica PumpSet","og_description":"[vc_row][vc_column][vc_column_text]Abilica PumpSet \u00e4r ett komplett viktset p\u00e5 ca 20 kg med skivst\u00e5ng och viktskivor designade...","og_url":"https:\/\/abilica.com\/uncategorized\/abilica-pumpset\/","og_site_name":"Abilica","article_publisher":"https:\/\/www.facebook.com\/abilicahometraining\/","article_modified_time":"2025-10-17T10:25:52+00:00","og_image":[{"width":1200,"height":1200,"url":"https:\/\/abilica.com\/wp-content\/uploads\/2024\/02\/374241.jpg","type":"image\/jpeg"}],"twitter_card":"summary_large_image","twitter_misc":{"Ber\u00e4knad l\u00e4stid":"1 minut"},"schema":{"@context":"https:\/\/schema.org","@graph":[{"@type":"WebPage","@id":"https:\/\/abilica.com\/uncategorized\/abilica-pumpset\/","url":"https:\/\/abilica.com\/uncategorized\/abilica-pumpset\/","name":"Abilica PumpSet Abilica","isPartOf":{"@id":"https:\/\/abilica.com\/#website"},"primaryImageOfPage":{"@id":"https:\/\/abilica.com\/uncategorized\/abilica-pumpset\/#primaryimage"},"image":{"@id":"https:\/\/abilica.com\/uncategorized\/abilica-pumpset\/#primaryimage"},"thumbnailUrl":"https:\/\/abilica.com\/wp-content\/uploads\/2024\/02\/374241.jpg","datePublished":"2024-02-20T08:13:58+00:00","dateModified":"2025-10-17T10:25:52+00:00","breadcrumb":{"@id":"https:\/\/abilica.com\/uncategorized\/abilica-pumpset\/#breadcrumb"},"inLanguage":"sv-SE","potentialAction":[{"@type":"ReadAction","target":["https:\/\/abilica.com\/uncategorized\/abilica-pumpset\/"]}]},{"@type":"ImageObject","inLanguage":"sv-SE","@id":"https:\/\/abilica.com\/uncategorized\/abilica-pumpset\/#primaryimage","url":"https:\/\/abilica.com\/wp-content\/uploads\/2024\/02\/374241.jpg","contentUrl":"https:\/\/abilica.com\/wp-content\/uploads\/2024\/02\/374241.jpg","width":1200,"height":1200},{"@type":"BreadcrumbList","@id":"https:\/\/abilica.com\/uncategorized\/abilica-pumpset\/#breadcrumb","itemListElement":[{"@type":"ListItem","position":1,"name":"Hem","item":"https:\/\/abilica.com\/sv\/"},{"@type":"ListItem","position":2,"name":"Produkter","item":"https:\/\/abilica.com\/sv\/shop\/"},{"@type":"ListItem","position":3,"name":"Abilica PumpSet"}]},{"@type":"WebSite","@id":"https:\/\/abilica.com\/#website","url":"https:\/\/abilica.com\/","name":"Abilica","description":"Abilica Home Training","potentialAction":[{"@type":"SearchAction","target":{"@type":"EntryPoint","urlTemplate":"https:\/\/abilica.com\/?s={search_term_string}"},"query-input":{"@type":"PropertyValueSpecification","valueRequired":true,"valueName":"search_term_string"}}],"inLanguage":"sv-SE"}]}},"_links":{"self":[{"href":"https:\/\/abilica.com\/sv\/wp-json\/wp\/v2\/product\/66665","targetHints":{"allow":["GET"]}}],"collection":[{"href":"https:\/\/abilica.com\/sv\/wp-json\/wp\/v2\/product"}],"about":[{"href":"https:\/\/abilica.com\/sv\/wp-json\/wp\/v2\/types\/product"}],"wp:featuredmedia":[{"embeddable":true,"href":"https:\/\/abilica.com\/sv\/wp-json\/wp\/v2\/media\/66657"}],"wp:attachment":[{"href":"https:\/\/abilica.com\/sv\/wp-json\/wp\/v2\/media?parent=66665"}],"wp:term":[{"taxonomy":"product_brand","embeddable":true,"href":"https:\/\/abilica.com\/sv\/wp-json\/wp\/v2\/product_brand?post=66665"},{"taxonomy":"product_cat","embeddable":true,"href":"https:\/\/abilica.com\/sv\/wp-json\/wp\/v2\/product_cat?post=66665"},{"taxonomy":"product_tag","embeddable":true,"href":"https:\/\/abilica.com\/sv\/wp-json\/wp\/v2\/product_tag?post=66665"}],"curies":[{"name":"wp","href":"https:\/\/api.w.org\/{rel}","templated":true}]}}