{"id":66702,"date":"2024-02-23T13:32:06","date_gmt":"2024-02-23T12:32:06","guid":{"rendered":"https:\/\/abilica.com\/?post_type=product&#038;p=66702"},"modified":"2024-04-25T11:28:08","modified_gmt":"2024-04-25T10:28:08","slug":"abilica-squatrack-40","status":"publish","type":"product","link":"https:\/\/abilica.com\/sv\/styrka\/cage-rack-2\/abilica-squatrack-40\/","title":{"rendered":"Abilica SquatRack 40"},"content":{"rendered":"<div class=\"wpb-content-wrapper\"><p>[vc_row][vc_column][vc_column_text el_class=&#8221;product-video&#8221;]Abilica SquatRack 40 \u00e4r ett justerbart kn\u00e4b\u00f6jsst\u00e4ll f\u00f6r styrketr\u00e4ning med fria vikter som \u00e4r perfekt f\u00f6r b\u00e5de hemmatr\u00e4ning och f\u00f6retagsmarknaden.<\/p>\n<p>Med Abilica SquatRack 40 kan du effektivt tr\u00e4na hela kroppen p\u00e5 ett mycket litet omr\u00e5de. Stativet kan justeras i 12 niv\u00e5er som motsvarar en h\u00f6jd fr\u00e5n 103 till 158 cm. Kn\u00e4b\u00f6jsst\u00e4llet \u00e4r \u00e4ven utrustat med ytterligare viktst\u00e5ngh\u00e5llare f\u00f6r b\u00e4nkpress som g\u00e5r 29 cm l\u00e4gre \u00e4n h\u00e5llarna l\u00e4ngst upp. B\u00e5da viktst\u00e5ngh\u00e5llarna har rullar med UHMW-skydd vilket g\u00f6r det enkelt f\u00f6r dig att justera viktst\u00e5ngens l\u00e4ge innan lyft, f\u00f6rutom att UHMW-skyddet tar v\u00e4l hand om din viktst\u00e5ng.<\/p>\n<p>Kn\u00e4b\u00f6jsst\u00e4llet har gummerade handtag p\u00e5 baksidan f\u00f6r dips, vilket ger optimalt grepp och komfort under tr\u00e4ningen. N\u00e4r kn\u00e4b\u00f6jst\u00e4llet inte anv\u00e4nds kan du dra breddjusteringen hela v\u00e4gen ut f\u00f6r att spara utrymme.<\/p>\n<p>Viktst\u00e5ng och viktskivor ing\u00e5r ej. Denna produkt \u00e4r inte l\u00e4mplig f\u00f6r utomhusf\u00f6rvaring och b\u00f6r inte placeras p\u00e5 fuktiga\/v\u00e5ta ytor. Denna produkt \u00e4r inte l\u00e4mplig f\u00f6r utomhusf\u00f6rvaring och b\u00f6r inte placeras p\u00e5 fuktiga\/v\u00e5ta ytor.<span class=\"Apple-converted-space\">\u00a0<\/span><\/p>\n<p><strong><br \/>\nSPECIFIKATIONER<br \/>\n<\/strong>M\u00e5tt sammansatt: 75 x 140 x 112-169 cm (L x B x H)<br \/>\nRamstorlek: 60 x 60 mm<br \/>\nSt\u00e5ltjocklek: 2 mm<br \/>\nAntal justeringsh\u00e5l bredd: 18<br \/>\nJusteringsintervall bredd: 5 cm<br \/>\nJusterbar bredd mellan dipshandtag: 47-127 cm<br \/>\nAntal h\u00f6jdjusteringsh\u00e5l: 12<br \/>\nJusteringsintervall h\u00f6jd: 5 cm<br \/>\nJusterbar h\u00f6jd: 74-158 cm<br \/>\nProduktvikt: 29 kg<br \/>\nAbilica Premium: Ja\u00a0<strong><br \/>\n<\/strong><\/p>\n<p><strong>Max belastning<br \/>\n<\/strong>Viktst\u00e5ngh\u00e5llare (J-krokar): 300 kg<br \/>\nNedre viktst\u00e5ngh\u00e5llare (J-krokar): 250 kg<br \/>\nDipshandtag: 250 kg<\/p>\n<p>[\/vc_column_text][vc_empty_space height=&#8221;52px&#8221;][vc_btn title=&#8221;Anv\u00e4ndarmanual&#8221; style=&#8221;flat&#8221; color=&#8221;black&#8221; i_icon_fontawesome=&#8221;far fa-file-pdf&#8221; add_icon=&#8221;true&#8221; link=&#8221;url:https%3A%2F%2Fabilica.com%2Fwp-content%2Fuploads%2F2024%2F02%2FAB_SquatRack_40_Rev1_231022-1.pdf|title:Underh%C3%A5ll%20av%20tr%C3%A4ningsmaskiner&#8221;][vc_btn title=&#8221;Underh\u00e5llstips&#8221; style=&#8221;flat&#8221; color=&#8221;black&#8221; i_icon_fontawesome=&#8221;fas fa-align-left&#8221; add_icon=&#8221;true&#8221; link=&#8221;url:https%3A%2F%2Fabilica.com%2Fse%2Ftraningsartiklar%2Ftraningstips-for-kondition%2Funderhall-av-traningsmaskiner%2F|title:Underh%C3%A5ll%20av%20tr%C3%A4ningsmaskiner&#8221;][vc_btn title=&#8221;Tr\u00e4ningstips&#8221; style=&#8221;flat&#8221; color=&#8221;black&#8221; i_icon_fontawesome=&#8221;fas fa-align-left&#8221; add_icon=&#8221;true&#8221; link=&#8221;url:https%3A%2F%2Fabilica.com%2Fse%2Fmanga-mojligheter-med-rack%2F|title:Underh%C3%A5ll%20av%20tr%C3%A4ningsmaskiner&#8221;][\/vc_column][\/vc_row]<\/p>\n<\/div>","protected":false},"excerpt":{"rendered":"<p>[vc_row][vc_column][vc_column_text el_class=&#8221;product-video&#8221;]Abilica SquatRack 40 \u00e4r ett justerbart kn\u00e4b\u00f6jsst\u00e4ll f\u00f6r styrketr\u00e4ning med fria vikter som \u00e4r&#8230;<\/p>\n","protected":false},"featured_media":66703,"template":"","meta":{"_acf_changed":false},"product_brand":[],"product_cat":[513,471],"product_tag":[49],"class_list":{"0":"post-66702","1":"product","2":"type-product","3":"status-publish","4":"has-post-thumbnail","6":"product_cat-cage-rack-2","7":"product_cat-styrka","8":"product_tag-premium","10":"first","11":"outofstock","12":"product-type-simple"},"acf":[],"yoast_head":"<!-- This site is optimized with the Yoast SEO Premium plugin v21.1 (Yoast SEO v25.4) - https:\/\/yoast.com\/wordpress\/plugins\/seo\/ -->\n<title>Abilica SquatRack 40 Abilica<\/title>\n<meta name=\"robots\" content=\"index, follow, max-snippet:-1, max-image-preview:large, max-video-preview:-1\" \/>\n<link rel=\"canonical\" href=\"https:\/\/abilica.com\/sv\/styrka\/cage-rack-2\/abilica-squatrack-40\/\" \/>\n<meta property=\"og:locale\" content=\"sv_SE\" \/>\n<meta property=\"og:type\" content=\"article\" \/>\n<meta property=\"og:title\" content=\"Abilica SquatRack 40\" \/>\n<meta property=\"og:description\" content=\"[vc_row][vc_column][vc_column_text el_class=&#8221;product-video&#8221;]Abilica SquatRack 40 \u00e4r ett justerbart kn\u00e4b\u00f6jsst\u00e4ll f\u00f6r styrketr\u00e4ning med fria vikter som \u00e4r...\" \/>\n<meta property=\"og:url\" content=\"https:\/\/abilica.com\/sv\/styrka\/cage-rack-2\/abilica-squatrack-40\/\" \/>\n<meta property=\"og:site_name\" content=\"Abilica\" \/>\n<meta property=\"article:publisher\" content=\"https:\/\/www.facebook.com\/abilicahometraining\/\" \/>\n<meta property=\"article:modified_time\" content=\"2024-04-25T10:28:08+00:00\" \/>\n<meta property=\"og:image\" content=\"https:\/\/abilica.com\/wp-content\/uploads\/2024\/02\/2.jpeg\" \/>\n\t<meta property=\"og:image:width\" content=\"1200\" \/>\n\t<meta property=\"og:image:height\" content=\"1200\" \/>\n\t<meta property=\"og:image:type\" content=\"image\/jpeg\" \/>\n<meta name=\"twitter:card\" content=\"summary_large_image\" \/>\n<meta name=\"twitter:label1\" content=\"Ber\u00e4knad l\u00e4stid\" \/>\n\t<meta name=\"twitter:data1\" content=\"2 minuter\" \/>\n<script type=\"application\/ld+json\" class=\"yoast-schema-graph\">{\"@context\":\"https:\/\/schema.org\",\"@graph\":[{\"@type\":\"WebPage\",\"@id\":\"https:\/\/abilica.com\/sv\/styrka\/cage-rack-2\/abilica-squatrack-40\/\",\"url\":\"https:\/\/abilica.com\/sv\/styrka\/cage-rack-2\/abilica-squatrack-40\/\",\"name\":\"Abilica SquatRack 40 Abilica\",\"isPartOf\":{\"@id\":\"https:\/\/abilica.com\/#website\"},\"primaryImageOfPage\":{\"@id\":\"https:\/\/abilica.com\/sv\/styrka\/cage-rack-2\/abilica-squatrack-40\/#primaryimage\"},\"image\":{\"@id\":\"https:\/\/abilica.com\/sv\/styrka\/cage-rack-2\/abilica-squatrack-40\/#primaryimage\"},\"thumbnailUrl\":\"https:\/\/abilica.com\/wp-content\/uploads\/2024\/02\/2.jpeg\",\"datePublished\":\"2024-02-23T12:32:06+00:00\",\"dateModified\":\"2024-04-25T10:28:08+00:00\",\"breadcrumb\":{\"@id\":\"https:\/\/abilica.com\/sv\/styrka\/cage-rack-2\/abilica-squatrack-40\/#breadcrumb\"},\"inLanguage\":\"sv-SE\",\"potentialAction\":[{\"@type\":\"ReadAction\",\"target\":[\"https:\/\/abilica.com\/sv\/styrka\/cage-rack-2\/abilica-squatrack-40\/\"]}]},{\"@type\":\"ImageObject\",\"inLanguage\":\"sv-SE\",\"@id\":\"https:\/\/abilica.com\/sv\/styrka\/cage-rack-2\/abilica-squatrack-40\/#primaryimage\",\"url\":\"https:\/\/abilica.com\/wp-content\/uploads\/2024\/02\/2.jpeg\",\"contentUrl\":\"https:\/\/abilica.com\/wp-content\/uploads\/2024\/02\/2.jpeg\",\"width\":1200,\"height\":1200},{\"@type\":\"BreadcrumbList\",\"@id\":\"https:\/\/abilica.com\/sv\/styrka\/cage-rack-2\/abilica-squatrack-40\/#breadcrumb\",\"itemListElement\":[{\"@type\":\"ListItem\",\"position\":1,\"name\":\"Hem\",\"item\":\"https:\/\/abilica.com\/sv\/\"},{\"@type\":\"ListItem\",\"position\":2,\"name\":\"Produkter\",\"item\":\"https:\/\/abilica.com\/sv\/shop\/\"},{\"@type\":\"ListItem\",\"position\":3,\"name\":\"Abilica SquatRack 40\"}]},{\"@type\":\"WebSite\",\"@id\":\"https:\/\/abilica.com\/#website\",\"url\":\"https:\/\/abilica.com\/\",\"name\":\"Abilica\",\"description\":\"Abilica Home Training\",\"potentialAction\":[{\"@type\":\"SearchAction\",\"target\":{\"@type\":\"EntryPoint\",\"urlTemplate\":\"https:\/\/abilica.com\/?s={search_term_string}\"},\"query-input\":{\"@type\":\"PropertyValueSpecification\",\"valueRequired\":true,\"valueName\":\"search_term_string\"}}],\"inLanguage\":\"sv-SE\"}]}<\/script>\n<!-- \/ Yoast SEO Premium plugin. -->","yoast_head_json":{"title":"Abilica SquatRack 40 Abilica","robots":{"index":"index","follow":"follow","max-snippet":"max-snippet:-1","max-image-preview":"max-image-preview:large","max-video-preview":"max-video-preview:-1"},"canonical":"https:\/\/abilica.com\/sv\/styrka\/cage-rack-2\/abilica-squatrack-40\/","og_locale":"sv_SE","og_type":"article","og_title":"Abilica SquatRack 40","og_description":"[vc_row][vc_column][vc_column_text el_class=&#8221;product-video&#8221;]Abilica SquatRack 40 \u00e4r ett justerbart kn\u00e4b\u00f6jsst\u00e4ll f\u00f6r styrketr\u00e4ning med fria vikter som \u00e4r...","og_url":"https:\/\/abilica.com\/sv\/styrka\/cage-rack-2\/abilica-squatrack-40\/","og_site_name":"Abilica","article_publisher":"https:\/\/www.facebook.com\/abilicahometraining\/","article_modified_time":"2024-04-25T10:28:08+00:00","og_image":[{"width":1200,"height":1200,"url":"https:\/\/abilica.com\/wp-content\/uploads\/2024\/02\/2.jpeg","type":"image\/jpeg"}],"twitter_card":"summary_large_image","twitter_misc":{"Ber\u00e4knad l\u00e4stid":"2 minuter"},"schema":{"@context":"https:\/\/schema.org","@graph":[{"@type":"WebPage","@id":"https:\/\/abilica.com\/sv\/styrka\/cage-rack-2\/abilica-squatrack-40\/","url":"https:\/\/abilica.com\/sv\/styrka\/cage-rack-2\/abilica-squatrack-40\/","name":"Abilica SquatRack 40 Abilica","isPartOf":{"@id":"https:\/\/abilica.com\/#website"},"primaryImageOfPage":{"@id":"https:\/\/abilica.com\/sv\/styrka\/cage-rack-2\/abilica-squatrack-40\/#primaryimage"},"image":{"@id":"https:\/\/abilica.com\/sv\/styrka\/cage-rack-2\/abilica-squatrack-40\/#primaryimage"},"thumbnailUrl":"https:\/\/abilica.com\/wp-content\/uploads\/2024\/02\/2.jpeg","datePublished":"2024-02-23T12:32:06+00:00","dateModified":"2024-04-25T10:28:08+00:00","breadcrumb":{"@id":"https:\/\/abilica.com\/sv\/styrka\/cage-rack-2\/abilica-squatrack-40\/#breadcrumb"},"inLanguage":"sv-SE","potentialAction":[{"@type":"ReadAction","target":["https:\/\/abilica.com\/sv\/styrka\/cage-rack-2\/abilica-squatrack-40\/"]}]},{"@type":"ImageObject","inLanguage":"sv-SE","@id":"https:\/\/abilica.com\/sv\/styrka\/cage-rack-2\/abilica-squatrack-40\/#primaryimage","url":"https:\/\/abilica.com\/wp-content\/uploads\/2024\/02\/2.jpeg","contentUrl":"https:\/\/abilica.com\/wp-content\/uploads\/2024\/02\/2.jpeg","width":1200,"height":1200},{"@type":"BreadcrumbList","@id":"https:\/\/abilica.com\/sv\/styrka\/cage-rack-2\/abilica-squatrack-40\/#breadcrumb","itemListElement":[{"@type":"ListItem","position":1,"name":"Hem","item":"https:\/\/abilica.com\/sv\/"},{"@type":"ListItem","position":2,"name":"Produkter","item":"https:\/\/abilica.com\/sv\/shop\/"},{"@type":"ListItem","position":3,"name":"Abilica SquatRack 40"}]},{"@type":"WebSite","@id":"https:\/\/abilica.com\/#website","url":"https:\/\/abilica.com\/","name":"Abilica","description":"Abilica Home Training","potentialAction":[{"@type":"SearchAction","target":{"@type":"EntryPoint","urlTemplate":"https:\/\/abilica.com\/?s={search_term_string}"},"query-input":{"@type":"PropertyValueSpecification","valueRequired":true,"valueName":"search_term_string"}}],"inLanguage":"sv-SE"}]}},"_links":{"self":[{"href":"https:\/\/abilica.com\/sv\/wp-json\/wp\/v2\/product\/66702","targetHints":{"allow":["GET"]}}],"collection":[{"href":"https:\/\/abilica.com\/sv\/wp-json\/wp\/v2\/product"}],"about":[{"href":"https:\/\/abilica.com\/sv\/wp-json\/wp\/v2\/types\/product"}],"wp:featuredmedia":[{"embeddable":true,"href":"https:\/\/abilica.com\/sv\/wp-json\/wp\/v2\/media\/66703"}],"wp:attachment":[{"href":"https:\/\/abilica.com\/sv\/wp-json\/wp\/v2\/media?parent=66702"}],"wp:term":[{"taxonomy":"product_brand","embeddable":true,"href":"https:\/\/abilica.com\/sv\/wp-json\/wp\/v2\/product_brand?post=66702"},{"taxonomy":"product_cat","embeddable":true,"href":"https:\/\/abilica.com\/sv\/wp-json\/wp\/v2\/product_cat?post=66702"},{"taxonomy":"product_tag","embeddable":true,"href":"https:\/\/abilica.com\/sv\/wp-json\/wp\/v2\/product_tag?post=66702"}],"curies":[{"name":"wp","href":"https:\/\/api.w.org\/{rel}","templated":true}]}}