{"id":66843,"date":"2024-04-02T09:26:13","date_gmt":"2024-04-02T08:26:13","guid":{"rendered":"https:\/\/abilica.com\/?post_type=product&#038;p=66843"},"modified":"2024-05-28T11:08:56","modified_gmt":"2024-05-28T10:08:56","slug":"abilica-kettlebell-4-48-kg","status":"publish","type":"product","link":"https:\/\/abilica.com\/sv\/styrka\/kettlebells-2\/abilica-kettlebell-4-48-kg\/","title":{"rendered":"Abilica KettleBell 4 &#8211; 48 kg"},"content":{"rendered":"<div class=\"wpb-content-wrapper\"><p>[vc_row][vc_column][vc_column_text]Abilica KettleBells i gjutj\u00e4rn med matt yta ger dig en mycket robust kettlebell med bra grepp. Abilica KettleBells \u00e4r perfekta f\u00f6r dig som vill ha \u00f6kad styrka, koordination, stabilisering och uth\u00e5llighet. Du tr\u00e4nar funktionellt, tredimensionellt och \u00f6vningarna hj\u00e4lper dig att fungera b\u00e4ttre i vardagen. Abilica KettleBells har en platt bas vilket g\u00f6r dem mycket stabila n\u00e4r de placeras p\u00e5 marken. Varje kettlebell \u00e4r m\u00e4rkt med vikt i b\u00e5de kilogram och pounds samt har sin unika f\u00e4rgkod som g\u00f6r den l\u00e4tt att identifiera. Finns i 4 kg till 48 kg. S\u00e4ljs i styck.<\/p>\n<p>&nbsp;<\/p>\n<p><img loading=\"lazy\" decoding=\"async\" class=\"alignnone size-full wp-image-66839\" src=\"https:\/\/abilica.com\/wp-content\/uploads\/2024\/04\/Sverige.png\" alt=\"\" width=\"1810\" height=\"1324\" srcset=\"https:\/\/abilica.com\/wp-content\/uploads\/2024\/04\/Sverige.png 1810w, https:\/\/abilica.com\/wp-content\/uploads\/2024\/04\/Sverige-300x219.png 300w, https:\/\/abilica.com\/wp-content\/uploads\/2024\/04\/Sverige-768x562.png 768w, https:\/\/abilica.com\/wp-content\/uploads\/2024\/04\/Sverige-1536x1124.png 1536w, https:\/\/abilica.com\/wp-content\/uploads\/2024\/04\/Sverige-500x366.png 500w, https:\/\/abilica.com\/wp-content\/uploads\/2024\/04\/Sverige-960x702.png 960w\" sizes=\"auto, (max-width: 1810px) 100vw, 1810px\" \/>[\/vc_column_text][vc_empty_space height=&#8221;52px&#8221;][vc_btn title=&#8221;Tr\u00e4ningsprogram&#8221; style=&#8221;flat&#8221; color=&#8221;black&#8221; i_icon_fontawesome=&#8221;fas fa-align-left&#8221; add_icon=&#8221;true&#8221; link=&#8221;url:https%3A%2F%2Fabilica.com%2Fsv%2Ftraningsprogram%2Ftraningsprogram-till-abilica-kettlebells%2F|title:Tr%C3%A4ningsprogram%20till%20Abilica%20KettleBells&#8221;][vc_btn title=&#8221;Tr\u00e4ningstips&#8221; style=&#8221;flat&#8221; color=&#8221;black&#8221; i_icon_fontawesome=&#8221;fas fa-align-left&#8221; add_icon=&#8221;true&#8221; link=&#8221;url:https%3A%2F%2Fabilica.com%2Fno%2Ftreningsartikler%2Fstyrke%2Ftrening-med-kettlebells-er-effektiv-trening-for-hele-kroppen%2F|title:Tr%C3%A4ningsprogram%20till%20Abilica%20KettleBells&#8221;][\/vc_column][\/vc_row]<\/p>\n<\/div>","protected":false},"excerpt":{"rendered":"<p>[vc_row][vc_column][vc_column_text]Abilica KettleBells i gjutj\u00e4rn med matt yta ger dig en mycket robust kettlebell med bra&#8230;<\/p>\n","protected":false},"featured_media":67031,"template":"","meta":{"_acf_changed":false},"product_brand":[],"product_cat":[502,471],"product_tag":[],"class_list":{"0":"post-66843","1":"product","2":"type-product","3":"status-publish","4":"has-post-thumbnail","6":"product_cat-kettlebells-2","7":"product_cat-styrka","9":"first","10":"instock","11":"product-type-variable"},"acf":[],"yoast_head":"<!-- This site is optimized with the Yoast SEO Premium plugin v21.1 (Yoast SEO v25.4) - https:\/\/yoast.com\/wordpress\/plugins\/seo\/ -->\n<title>Abilica KettleBell 4 - 48 kg Abilica<\/title>\n<meta name=\"robots\" content=\"index, follow, max-snippet:-1, max-image-preview:large, max-video-preview:-1\" \/>\n<link rel=\"canonical\" href=\"https:\/\/abilica.com\/sv\/styrka\/kettlebells-2\/abilica-kettlebell-4-48-kg\/\" \/>\n<meta property=\"og:locale\" content=\"sv_SE\" \/>\n<meta property=\"og:type\" content=\"article\" \/>\n<meta property=\"og:title\" content=\"Abilica KettleBell 4 - 48 kg\" \/>\n<meta property=\"og:description\" content=\"[vc_row][vc_column][vc_column_text]Abilica KettleBells i gjutj\u00e4rn med matt yta ger dig en mycket robust kettlebell med bra...\" \/>\n<meta property=\"og:url\" content=\"https:\/\/abilica.com\/sv\/styrka\/kettlebells-2\/abilica-kettlebell-4-48-kg\/\" \/>\n<meta property=\"og:site_name\" content=\"Abilica\" \/>\n<meta property=\"article:publisher\" content=\"https:\/\/www.facebook.com\/abilicahometraining\/\" \/>\n<meta property=\"article:modified_time\" content=\"2024-05-28T10:08:56+00:00\" \/>\n<meta property=\"og:image\" content=\"https:\/\/abilica.com\/wp-content\/uploads\/2024\/04\/kettle3.jpg\" \/>\n\t<meta property=\"og:image:width\" content=\"1200\" \/>\n\t<meta property=\"og:image:height\" content=\"1200\" \/>\n\t<meta property=\"og:image:type\" content=\"image\/jpeg\" \/>\n<meta name=\"twitter:card\" content=\"summary_large_image\" \/>\n<meta name=\"twitter:label1\" content=\"Ber\u00e4knad l\u00e4stid\" \/>\n\t<meta name=\"twitter:data1\" content=\"1 minut\" \/>\n<script type=\"application\/ld+json\" class=\"yoast-schema-graph\">{\"@context\":\"https:\/\/schema.org\",\"@graph\":[{\"@type\":\"WebPage\",\"@id\":\"https:\/\/abilica.com\/sv\/styrka\/kettlebells-2\/abilica-kettlebell-4-48-kg\/\",\"url\":\"https:\/\/abilica.com\/sv\/styrka\/kettlebells-2\/abilica-kettlebell-4-48-kg\/\",\"name\":\"Abilica KettleBell 4 - 48 kg Abilica\",\"isPartOf\":{\"@id\":\"https:\/\/abilica.com\/#website\"},\"primaryImageOfPage\":{\"@id\":\"https:\/\/abilica.com\/sv\/styrka\/kettlebells-2\/abilica-kettlebell-4-48-kg\/#primaryimage\"},\"image\":{\"@id\":\"https:\/\/abilica.com\/sv\/styrka\/kettlebells-2\/abilica-kettlebell-4-48-kg\/#primaryimage\"},\"thumbnailUrl\":\"https:\/\/abilica.com\/wp-content\/uploads\/2024\/04\/kettle3.jpg\",\"datePublished\":\"2024-04-02T08:26:13+00:00\",\"dateModified\":\"2024-05-28T10:08:56+00:00\",\"breadcrumb\":{\"@id\":\"https:\/\/abilica.com\/sv\/styrka\/kettlebells-2\/abilica-kettlebell-4-48-kg\/#breadcrumb\"},\"inLanguage\":\"sv-SE\",\"potentialAction\":[{\"@type\":\"ReadAction\",\"target\":[\"https:\/\/abilica.com\/sv\/styrka\/kettlebells-2\/abilica-kettlebell-4-48-kg\/\"]}]},{\"@type\":\"ImageObject\",\"inLanguage\":\"sv-SE\",\"@id\":\"https:\/\/abilica.com\/sv\/styrka\/kettlebells-2\/abilica-kettlebell-4-48-kg\/#primaryimage\",\"url\":\"https:\/\/abilica.com\/wp-content\/uploads\/2024\/04\/kettle3.jpg\",\"contentUrl\":\"https:\/\/abilica.com\/wp-content\/uploads\/2024\/04\/kettle3.jpg\",\"width\":1200,\"height\":1200},{\"@type\":\"BreadcrumbList\",\"@id\":\"https:\/\/abilica.com\/sv\/styrka\/kettlebells-2\/abilica-kettlebell-4-48-kg\/#breadcrumb\",\"itemListElement\":[{\"@type\":\"ListItem\",\"position\":1,\"name\":\"Hem\",\"item\":\"https:\/\/abilica.com\/sv\/\"},{\"@type\":\"ListItem\",\"position\":2,\"name\":\"Produkter\",\"item\":\"https:\/\/abilica.com\/sv\/shop\/\"},{\"@type\":\"ListItem\",\"position\":3,\"name\":\"Abilica KettleBell 4 &#8211; 48 kg\"}]},{\"@type\":\"WebSite\",\"@id\":\"https:\/\/abilica.com\/#website\",\"url\":\"https:\/\/abilica.com\/\",\"name\":\"Abilica\",\"description\":\"Abilica Home Training\",\"potentialAction\":[{\"@type\":\"SearchAction\",\"target\":{\"@type\":\"EntryPoint\",\"urlTemplate\":\"https:\/\/abilica.com\/?s={search_term_string}\"},\"query-input\":{\"@type\":\"PropertyValueSpecification\",\"valueRequired\":true,\"valueName\":\"search_term_string\"}}],\"inLanguage\":\"sv-SE\"}]}<\/script>\n<!-- \/ Yoast SEO Premium plugin. -->","yoast_head_json":{"title":"Abilica KettleBell 4 - 48 kg Abilica","robots":{"index":"index","follow":"follow","max-snippet":"max-snippet:-1","max-image-preview":"max-image-preview:large","max-video-preview":"max-video-preview:-1"},"canonical":"https:\/\/abilica.com\/sv\/styrka\/kettlebells-2\/abilica-kettlebell-4-48-kg\/","og_locale":"sv_SE","og_type":"article","og_title":"Abilica KettleBell 4 - 48 kg","og_description":"[vc_row][vc_column][vc_column_text]Abilica KettleBells i gjutj\u00e4rn med matt yta ger dig en mycket robust kettlebell med bra...","og_url":"https:\/\/abilica.com\/sv\/styrka\/kettlebells-2\/abilica-kettlebell-4-48-kg\/","og_site_name":"Abilica","article_publisher":"https:\/\/www.facebook.com\/abilicahometraining\/","article_modified_time":"2024-05-28T10:08:56+00:00","og_image":[{"width":1200,"height":1200,"url":"https:\/\/abilica.com\/wp-content\/uploads\/2024\/04\/kettle3.jpg","type":"image\/jpeg"}],"twitter_card":"summary_large_image","twitter_misc":{"Ber\u00e4knad l\u00e4stid":"1 minut"},"schema":{"@context":"https:\/\/schema.org","@graph":[{"@type":"WebPage","@id":"https:\/\/abilica.com\/sv\/styrka\/kettlebells-2\/abilica-kettlebell-4-48-kg\/","url":"https:\/\/abilica.com\/sv\/styrka\/kettlebells-2\/abilica-kettlebell-4-48-kg\/","name":"Abilica KettleBell 4 - 48 kg Abilica","isPartOf":{"@id":"https:\/\/abilica.com\/#website"},"primaryImageOfPage":{"@id":"https:\/\/abilica.com\/sv\/styrka\/kettlebells-2\/abilica-kettlebell-4-48-kg\/#primaryimage"},"image":{"@id":"https:\/\/abilica.com\/sv\/styrka\/kettlebells-2\/abilica-kettlebell-4-48-kg\/#primaryimage"},"thumbnailUrl":"https:\/\/abilica.com\/wp-content\/uploads\/2024\/04\/kettle3.jpg","datePublished":"2024-04-02T08:26:13+00:00","dateModified":"2024-05-28T10:08:56+00:00","breadcrumb":{"@id":"https:\/\/abilica.com\/sv\/styrka\/kettlebells-2\/abilica-kettlebell-4-48-kg\/#breadcrumb"},"inLanguage":"sv-SE","potentialAction":[{"@type":"ReadAction","target":["https:\/\/abilica.com\/sv\/styrka\/kettlebells-2\/abilica-kettlebell-4-48-kg\/"]}]},{"@type":"ImageObject","inLanguage":"sv-SE","@id":"https:\/\/abilica.com\/sv\/styrka\/kettlebells-2\/abilica-kettlebell-4-48-kg\/#primaryimage","url":"https:\/\/abilica.com\/wp-content\/uploads\/2024\/04\/kettle3.jpg","contentUrl":"https:\/\/abilica.com\/wp-content\/uploads\/2024\/04\/kettle3.jpg","width":1200,"height":1200},{"@type":"BreadcrumbList","@id":"https:\/\/abilica.com\/sv\/styrka\/kettlebells-2\/abilica-kettlebell-4-48-kg\/#breadcrumb","itemListElement":[{"@type":"ListItem","position":1,"name":"Hem","item":"https:\/\/abilica.com\/sv\/"},{"@type":"ListItem","position":2,"name":"Produkter","item":"https:\/\/abilica.com\/sv\/shop\/"},{"@type":"ListItem","position":3,"name":"Abilica KettleBell 4 &#8211; 48 kg"}]},{"@type":"WebSite","@id":"https:\/\/abilica.com\/#website","url":"https:\/\/abilica.com\/","name":"Abilica","description":"Abilica Home Training","potentialAction":[{"@type":"SearchAction","target":{"@type":"EntryPoint","urlTemplate":"https:\/\/abilica.com\/?s={search_term_string}"},"query-input":{"@type":"PropertyValueSpecification","valueRequired":true,"valueName":"search_term_string"}}],"inLanguage":"sv-SE"}]}},"_links":{"self":[{"href":"https:\/\/abilica.com\/sv\/wp-json\/wp\/v2\/product\/66843","targetHints":{"allow":["GET"]}}],"collection":[{"href":"https:\/\/abilica.com\/sv\/wp-json\/wp\/v2\/product"}],"about":[{"href":"https:\/\/abilica.com\/sv\/wp-json\/wp\/v2\/types\/product"}],"wp:featuredmedia":[{"embeddable":true,"href":"https:\/\/abilica.com\/sv\/wp-json\/wp\/v2\/media\/67031"}],"wp:attachment":[{"href":"https:\/\/abilica.com\/sv\/wp-json\/wp\/v2\/media?parent=66843"}],"wp:term":[{"taxonomy":"product_brand","embeddable":true,"href":"https:\/\/abilica.com\/sv\/wp-json\/wp\/v2\/product_brand?post=66843"},{"taxonomy":"product_cat","embeddable":true,"href":"https:\/\/abilica.com\/sv\/wp-json\/wp\/v2\/product_cat?post=66843"},{"taxonomy":"product_tag","embeddable":true,"href":"https:\/\/abilica.com\/sv\/wp-json\/wp\/v2\/product_tag?post=66843"}],"curies":[{"name":"wp","href":"https:\/\/api.w.org\/{rel}","templated":true}]}}