{"id":67049,"date":"2024-04-26T09:56:44","date_gmt":"2024-04-26T08:56:44","guid":{"rendered":"https:\/\/abilica.com\/?post_type=product&#038;p=67049"},"modified":"2024-04-29T11:36:37","modified_gmt":"2024-04-29T10:36:37","slug":"abilica-storagepin-40","status":"publish","type":"product","link":"https:\/\/abilica.com\/sv\/styrka\/cage-rack-2\/abilica-storagepin-40\/","title":{"rendered":"Abilica StoragePin 40"},"content":{"rendered":"<div class=\"wpb-content-wrapper\"><p>[vc_row][vc_column][vc_column_text el_class=&#8221;product-video&#8221;]Rej\u00e4la f\u00f6rvaringspinnar f\u00f6r 50 mm viktskivor, designade f\u00f6r Abilica PowerRack 40.<span class=\"Apple-converted-space\">\u00a0<\/span>Abilica StoragePin 40 placeras enkelt p\u00e5 stativet med &#8221;slide &amp; twist&#8221; f\u00e4sten. Inga skruvar eller bultar. Max viktbelastning \u00e4r 100 kg per f\u00f6rvaringspinne och l\u00e4ngden f\u00f6r f\u00f6rvaring \u00e4r 21 cm l\u00e5ng. En gummiring till varje f\u00f6rvaringspinne medf\u00f6ljer f\u00f6r att skydda viktskivorna. Vi rekommenderar att en f\u00f6rvaringspinne placeras p\u00e5 varje sida av st\u00e4llningen f\u00f6r att uppn\u00e5 en j\u00e4mn viktbalans. Abilica StoragePin 40 passar alla st\u00e4ll som har ramstorlek 60\u00d760 mm med 16 mm diameter h\u00e5l. S\u00e4ljes i par.<\/p>\n<p><b>SPECIFIKATIONER<span class=\"Apple-converted-space\"><br \/>\n<\/span><\/b>M\u00e5tt: 32 x 7 x 10 cm per f\u00f6rvaringspinne (L x B x H)<span class=\"Apple-converted-space\"><br \/>\n<\/span>St\u00e5ltjocklek: 5 mm<span class=\"Apple-converted-space\"><br \/>\n<\/span>Max belastning: 100 kg per f\u00f6rvaringspinne<br \/>\nProduktvikt: 2,5 kg[\/vc_column_text][vc_empty_space height=&#8221;52px&#8221;][\/vc_column][\/vc_row]<\/p>\n<\/div>","protected":false},"excerpt":{"rendered":"<p>[vc_row][vc_column][vc_column_text el_class=&#8221;product-video&#8221;]Rej\u00e4la f\u00f6rvaringspinnar f\u00f6r 50 mm viktskivor, designade f\u00f6r Abilica PowerRack 40.\u00a0Abilica StoragePin 40 placeras&#8230;<\/p>\n","protected":false},"featured_media":67038,"template":"","meta":{"_acf_changed":false},"product_brand":[],"product_cat":[513,471],"product_tag":[49],"class_list":{"0":"post-67049","1":"product","2":"type-product","3":"status-publish","4":"has-post-thumbnail","6":"product_cat-cage-rack-2","7":"product_cat-styrka","8":"product_tag-premium","10":"first","11":"outofstock","12":"product-type-simple"},"acf":[],"yoast_head":"<!-- This site is optimized with the Yoast SEO Premium plugin v21.1 (Yoast SEO v25.4) - https:\/\/yoast.com\/wordpress\/plugins\/seo\/ -->\n<title>Abilica StoragePin 40 Abilica<\/title>\n<meta name=\"robots\" content=\"index, follow, max-snippet:-1, max-image-preview:large, max-video-preview:-1\" \/>\n<link rel=\"canonical\" href=\"https:\/\/abilica.com\/sv\/styrka\/cage-rack-2\/abilica-storagepin-40\/\" \/>\n<meta property=\"og:locale\" content=\"sv_SE\" \/>\n<meta property=\"og:type\" content=\"article\" \/>\n<meta property=\"og:title\" content=\"Abilica StoragePin 40\" \/>\n<meta property=\"og:description\" content=\"[vc_row][vc_column][vc_column_text el_class=&#8221;product-video&#8221;]Rej\u00e4la f\u00f6rvaringspinnar f\u00f6r 50 mm viktskivor, designade f\u00f6r Abilica PowerRack 40.\u00a0Abilica StoragePin 40 placeras...\" \/>\n<meta property=\"og:url\" content=\"https:\/\/abilica.com\/sv\/styrka\/cage-rack-2\/abilica-storagepin-40\/\" \/>\n<meta property=\"og:site_name\" content=\"Abilica\" \/>\n<meta property=\"article:publisher\" content=\"https:\/\/www.facebook.com\/abilicahometraining\/\" \/>\n<meta property=\"article:modified_time\" content=\"2024-04-29T10:36:37+00:00\" \/>\n<meta property=\"og:image\" content=\"https:\/\/abilica.com\/wp-content\/uploads\/2024\/04\/374862.jpg\" \/>\n\t<meta property=\"og:image:width\" content=\"1200\" \/>\n\t<meta property=\"og:image:height\" content=\"1200\" \/>\n\t<meta property=\"og:image:type\" content=\"image\/jpeg\" \/>\n<meta name=\"twitter:card\" content=\"summary_large_image\" \/>\n<meta name=\"twitter:label1\" content=\"Ber\u00e4knad l\u00e4stid\" \/>\n\t<meta name=\"twitter:data1\" content=\"1 minut\" \/>\n<script type=\"application\/ld+json\" class=\"yoast-schema-graph\">{\"@context\":\"https:\/\/schema.org\",\"@graph\":[{\"@type\":\"WebPage\",\"@id\":\"https:\/\/abilica.com\/sv\/styrka\/cage-rack-2\/abilica-storagepin-40\/\",\"url\":\"https:\/\/abilica.com\/sv\/styrka\/cage-rack-2\/abilica-storagepin-40\/\",\"name\":\"Abilica StoragePin 40 Abilica\",\"isPartOf\":{\"@id\":\"https:\/\/abilica.com\/#website\"},\"primaryImageOfPage\":{\"@id\":\"https:\/\/abilica.com\/sv\/styrka\/cage-rack-2\/abilica-storagepin-40\/#primaryimage\"},\"image\":{\"@id\":\"https:\/\/abilica.com\/sv\/styrka\/cage-rack-2\/abilica-storagepin-40\/#primaryimage\"},\"thumbnailUrl\":\"https:\/\/abilica.com\/wp-content\/uploads\/2024\/04\/374862.jpg\",\"datePublished\":\"2024-04-26T08:56:44+00:00\",\"dateModified\":\"2024-04-29T10:36:37+00:00\",\"breadcrumb\":{\"@id\":\"https:\/\/abilica.com\/sv\/styrka\/cage-rack-2\/abilica-storagepin-40\/#breadcrumb\"},\"inLanguage\":\"sv-SE\",\"potentialAction\":[{\"@type\":\"ReadAction\",\"target\":[\"https:\/\/abilica.com\/sv\/styrka\/cage-rack-2\/abilica-storagepin-40\/\"]}]},{\"@type\":\"ImageObject\",\"inLanguage\":\"sv-SE\",\"@id\":\"https:\/\/abilica.com\/sv\/styrka\/cage-rack-2\/abilica-storagepin-40\/#primaryimage\",\"url\":\"https:\/\/abilica.com\/wp-content\/uploads\/2024\/04\/374862.jpg\",\"contentUrl\":\"https:\/\/abilica.com\/wp-content\/uploads\/2024\/04\/374862.jpg\",\"width\":1200,\"height\":1200},{\"@type\":\"BreadcrumbList\",\"@id\":\"https:\/\/abilica.com\/sv\/styrka\/cage-rack-2\/abilica-storagepin-40\/#breadcrumb\",\"itemListElement\":[{\"@type\":\"ListItem\",\"position\":1,\"name\":\"Hem\",\"item\":\"https:\/\/abilica.com\/sv\/\"},{\"@type\":\"ListItem\",\"position\":2,\"name\":\"Produkter\",\"item\":\"https:\/\/abilica.com\/sv\/shop\/\"},{\"@type\":\"ListItem\",\"position\":3,\"name\":\"Abilica StoragePin 40\"}]},{\"@type\":\"WebSite\",\"@id\":\"https:\/\/abilica.com\/#website\",\"url\":\"https:\/\/abilica.com\/\",\"name\":\"Abilica\",\"description\":\"Abilica Home Training\",\"potentialAction\":[{\"@type\":\"SearchAction\",\"target\":{\"@type\":\"EntryPoint\",\"urlTemplate\":\"https:\/\/abilica.com\/?s={search_term_string}\"},\"query-input\":{\"@type\":\"PropertyValueSpecification\",\"valueRequired\":true,\"valueName\":\"search_term_string\"}}],\"inLanguage\":\"sv-SE\"}]}<\/script>\n<!-- \/ Yoast SEO Premium plugin. -->","yoast_head_json":{"title":"Abilica StoragePin 40 Abilica","robots":{"index":"index","follow":"follow","max-snippet":"max-snippet:-1","max-image-preview":"max-image-preview:large","max-video-preview":"max-video-preview:-1"},"canonical":"https:\/\/abilica.com\/sv\/styrka\/cage-rack-2\/abilica-storagepin-40\/","og_locale":"sv_SE","og_type":"article","og_title":"Abilica StoragePin 40","og_description":"[vc_row][vc_column][vc_column_text el_class=&#8221;product-video&#8221;]Rej\u00e4la f\u00f6rvaringspinnar f\u00f6r 50 mm viktskivor, designade f\u00f6r Abilica PowerRack 40.\u00a0Abilica StoragePin 40 placeras...","og_url":"https:\/\/abilica.com\/sv\/styrka\/cage-rack-2\/abilica-storagepin-40\/","og_site_name":"Abilica","article_publisher":"https:\/\/www.facebook.com\/abilicahometraining\/","article_modified_time":"2024-04-29T10:36:37+00:00","og_image":[{"width":1200,"height":1200,"url":"https:\/\/abilica.com\/wp-content\/uploads\/2024\/04\/374862.jpg","type":"image\/jpeg"}],"twitter_card":"summary_large_image","twitter_misc":{"Ber\u00e4knad l\u00e4stid":"1 minut"},"schema":{"@context":"https:\/\/schema.org","@graph":[{"@type":"WebPage","@id":"https:\/\/abilica.com\/sv\/styrka\/cage-rack-2\/abilica-storagepin-40\/","url":"https:\/\/abilica.com\/sv\/styrka\/cage-rack-2\/abilica-storagepin-40\/","name":"Abilica StoragePin 40 Abilica","isPartOf":{"@id":"https:\/\/abilica.com\/#website"},"primaryImageOfPage":{"@id":"https:\/\/abilica.com\/sv\/styrka\/cage-rack-2\/abilica-storagepin-40\/#primaryimage"},"image":{"@id":"https:\/\/abilica.com\/sv\/styrka\/cage-rack-2\/abilica-storagepin-40\/#primaryimage"},"thumbnailUrl":"https:\/\/abilica.com\/wp-content\/uploads\/2024\/04\/374862.jpg","datePublished":"2024-04-26T08:56:44+00:00","dateModified":"2024-04-29T10:36:37+00:00","breadcrumb":{"@id":"https:\/\/abilica.com\/sv\/styrka\/cage-rack-2\/abilica-storagepin-40\/#breadcrumb"},"inLanguage":"sv-SE","potentialAction":[{"@type":"ReadAction","target":["https:\/\/abilica.com\/sv\/styrka\/cage-rack-2\/abilica-storagepin-40\/"]}]},{"@type":"ImageObject","inLanguage":"sv-SE","@id":"https:\/\/abilica.com\/sv\/styrka\/cage-rack-2\/abilica-storagepin-40\/#primaryimage","url":"https:\/\/abilica.com\/wp-content\/uploads\/2024\/04\/374862.jpg","contentUrl":"https:\/\/abilica.com\/wp-content\/uploads\/2024\/04\/374862.jpg","width":1200,"height":1200},{"@type":"BreadcrumbList","@id":"https:\/\/abilica.com\/sv\/styrka\/cage-rack-2\/abilica-storagepin-40\/#breadcrumb","itemListElement":[{"@type":"ListItem","position":1,"name":"Hem","item":"https:\/\/abilica.com\/sv\/"},{"@type":"ListItem","position":2,"name":"Produkter","item":"https:\/\/abilica.com\/sv\/shop\/"},{"@type":"ListItem","position":3,"name":"Abilica StoragePin 40"}]},{"@type":"WebSite","@id":"https:\/\/abilica.com\/#website","url":"https:\/\/abilica.com\/","name":"Abilica","description":"Abilica Home Training","potentialAction":[{"@type":"SearchAction","target":{"@type":"EntryPoint","urlTemplate":"https:\/\/abilica.com\/?s={search_term_string}"},"query-input":{"@type":"PropertyValueSpecification","valueRequired":true,"valueName":"search_term_string"}}],"inLanguage":"sv-SE"}]}},"_links":{"self":[{"href":"https:\/\/abilica.com\/sv\/wp-json\/wp\/v2\/product\/67049","targetHints":{"allow":["GET"]}}],"collection":[{"href":"https:\/\/abilica.com\/sv\/wp-json\/wp\/v2\/product"}],"about":[{"href":"https:\/\/abilica.com\/sv\/wp-json\/wp\/v2\/types\/product"}],"wp:featuredmedia":[{"embeddable":true,"href":"https:\/\/abilica.com\/sv\/wp-json\/wp\/v2\/media\/67038"}],"wp:attachment":[{"href":"https:\/\/abilica.com\/sv\/wp-json\/wp\/v2\/media?parent=67049"}],"wp:term":[{"taxonomy":"product_brand","embeddable":true,"href":"https:\/\/abilica.com\/sv\/wp-json\/wp\/v2\/product_brand?post=67049"},{"taxonomy":"product_cat","embeddable":true,"href":"https:\/\/abilica.com\/sv\/wp-json\/wp\/v2\/product_cat?post=67049"},{"taxonomy":"product_tag","embeddable":true,"href":"https:\/\/abilica.com\/sv\/wp-json\/wp\/v2\/product_tag?post=67049"}],"curies":[{"name":"wp","href":"https:\/\/api.w.org\/{rel}","templated":true}]}}