{"id":67332,"date":"2024-08-09T10:43:06","date_gmt":"2024-08-09T09:43:06","guid":{"rendered":"https:\/\/abilica.com\/?post_type=product&#038;p=67332"},"modified":"2025-11-12T14:02:33","modified_gmt":"2025-11-12T13:02:33","slug":"abilica-pressdown-ropeabilica-storagepin-40-copy","status":"publish","type":"product","link":"https:\/\/abilica.com\/sv\/styrka\/multigym-2\/abilica-pressdown-ropeabilica-storagepin-40-copy\/","title":{"rendered":"Abilica PressDown Rope"},"content":{"rendered":"<div class=\"wpb-content-wrapper\"><p>[vc_row][vc_column][vc_column_text el_class=&#8221;product-video&#8221;]<strong>Rep f\u00f6r push- och pull-\u00f6vningar i multigym.<\/strong><\/p>\n<p>Abilica PressDown Rope har utvecklats f\u00f6r hemmatr\u00e4ning och kommersiellt bruk och \u00e4r perfekt f\u00f6r dig som vill ha fler alternativ f\u00f6r drag- och press\u00f6vningar till ditt multigym. Repet \u00e4r tillverkat av slitstarkt nylon och har en l\u00e4ngd p\u00e5 95 cm med en handtagsdiameter p\u00e5 26 mm. \u00c4ndarna \u00e4r gjorda av h\u00e5rt gummi och ger dig en bra slutpunkt f\u00f6r h\u00e4nderna n\u00e4r repetitionerna b\u00f6rjar bli tunga. Abilica PressDown Rope l\u00e4mpar sig mycket bra f\u00f6r \u00f6vningar som tricepspress, high pull, biceps curl och face-pulls ut\u00f6ver ett antal enarms\u00f6vningar. Karbinkrok ing\u00e5r ej.<\/p>\n<p><strong>Specifikationer<\/strong><br \/>\nM\u00e5tt: 95 x 7 cm (L x B)<br \/>\nGreppbredd: 86 cm<br \/>\nDiameter grepp: 26 mm<br \/>\nProduktvikt: 1000 g<br \/>\nMaterial: Rostfritt st\u00e5l, nylon och plast<\/p>\n<p>[\/vc_column_text][vc_empty_space height=&#8221;52px&#8221;][\/vc_column][\/vc_row]<\/p>\n<\/div>","protected":false},"excerpt":{"rendered":"<p>[vc_row][vc_column][vc_column_text el_class=&#8221;product-video&#8221;]Rep f\u00f6r push- och pull-\u00f6vningar i multigym. Abilica PressDown Rope har utvecklats f\u00f6r hemmatr\u00e4ning&#8230;<\/p>\n","protected":false},"featured_media":67321,"template":"","meta":{"_acf_changed":false},"product_brand":[],"product_cat":[483,471,478],"product_tag":[49],"class_list":{"0":"post-67332","1":"product","2":"type-product","3":"status-publish","4":"has-post-thumbnail","6":"product_cat-multigym-2","7":"product_cat-styrka","8":"product_cat-tillbehor","9":"product_tag-premium","11":"first","12":"outofstock","13":"product-type-simple"},"acf":[],"yoast_head":"<!-- This site is optimized with the Yoast SEO Premium plugin v21.1 (Yoast SEO v25.4) - https:\/\/yoast.com\/wordpress\/plugins\/seo\/ -->\n<title>Abilica PressDown Rope Abilica<\/title>\n<meta name=\"robots\" content=\"index, follow, max-snippet:-1, max-image-preview:large, max-video-preview:-1\" \/>\n<link rel=\"canonical\" href=\"https:\/\/abilica.com\/sv\/styrka\/multigym-2\/abilica-pressdown-ropeabilica-storagepin-40-copy\/\" \/>\n<meta property=\"og:locale\" content=\"sv_SE\" \/>\n<meta property=\"og:type\" content=\"article\" \/>\n<meta property=\"og:title\" content=\"Abilica PressDown Rope\" \/>\n<meta property=\"og:description\" content=\"[vc_row][vc_column][vc_column_text el_class=&#8221;product-video&#8221;]Rep f\u00f6r push- och pull-\u00f6vningar i multigym. Abilica PressDown Rope har utvecklats f\u00f6r hemmatr\u00e4ning...\" \/>\n<meta property=\"og:url\" content=\"https:\/\/abilica.com\/sv\/styrka\/multigym-2\/abilica-pressdown-ropeabilica-storagepin-40-copy\/\" \/>\n<meta property=\"og:site_name\" content=\"Abilica\" \/>\n<meta property=\"article:publisher\" content=\"https:\/\/www.facebook.com\/abilicahometraining\/\" \/>\n<meta property=\"article:modified_time\" content=\"2025-11-12T13:02:33+00:00\" \/>\n<meta property=\"og:image\" content=\"https:\/\/abilica.com\/wp-content\/uploads\/2024\/08\/408130-Abilica-Pressdown-Rope_1.jpg\" \/>\n\t<meta property=\"og:image:width\" content=\"1200\" \/>\n\t<meta property=\"og:image:height\" content=\"1200\" \/>\n\t<meta property=\"og:image:type\" content=\"image\/jpeg\" \/>\n<meta name=\"twitter:card\" content=\"summary_large_image\" \/>\n<meta name=\"twitter:label1\" content=\"Ber\u00e4knad l\u00e4stid\" \/>\n\t<meta name=\"twitter:data1\" content=\"1 minut\" \/>\n<script type=\"application\/ld+json\" class=\"yoast-schema-graph\">{\"@context\":\"https:\/\/schema.org\",\"@graph\":[{\"@type\":\"WebPage\",\"@id\":\"https:\/\/abilica.com\/sv\/styrka\/multigym-2\/abilica-pressdown-ropeabilica-storagepin-40-copy\/\",\"url\":\"https:\/\/abilica.com\/sv\/styrka\/multigym-2\/abilica-pressdown-ropeabilica-storagepin-40-copy\/\",\"name\":\"Abilica PressDown Rope Abilica\",\"isPartOf\":{\"@id\":\"https:\/\/abilica.com\/#website\"},\"primaryImageOfPage\":{\"@id\":\"https:\/\/abilica.com\/sv\/styrka\/multigym-2\/abilica-pressdown-ropeabilica-storagepin-40-copy\/#primaryimage\"},\"image\":{\"@id\":\"https:\/\/abilica.com\/sv\/styrka\/multigym-2\/abilica-pressdown-ropeabilica-storagepin-40-copy\/#primaryimage\"},\"thumbnailUrl\":\"https:\/\/abilica.com\/wp-content\/uploads\/2024\/08\/408130-Abilica-Pressdown-Rope_1.jpg\",\"datePublished\":\"2024-08-09T09:43:06+00:00\",\"dateModified\":\"2025-11-12T13:02:33+00:00\",\"breadcrumb\":{\"@id\":\"https:\/\/abilica.com\/sv\/styrka\/multigym-2\/abilica-pressdown-ropeabilica-storagepin-40-copy\/#breadcrumb\"},\"inLanguage\":\"sv-SE\",\"potentialAction\":[{\"@type\":\"ReadAction\",\"target\":[\"https:\/\/abilica.com\/sv\/styrka\/multigym-2\/abilica-pressdown-ropeabilica-storagepin-40-copy\/\"]}]},{\"@type\":\"ImageObject\",\"inLanguage\":\"sv-SE\",\"@id\":\"https:\/\/abilica.com\/sv\/styrka\/multigym-2\/abilica-pressdown-ropeabilica-storagepin-40-copy\/#primaryimage\",\"url\":\"https:\/\/abilica.com\/wp-content\/uploads\/2024\/08\/408130-Abilica-Pressdown-Rope_1.jpg\",\"contentUrl\":\"https:\/\/abilica.com\/wp-content\/uploads\/2024\/08\/408130-Abilica-Pressdown-Rope_1.jpg\",\"width\":1200,\"height\":1200},{\"@type\":\"BreadcrumbList\",\"@id\":\"https:\/\/abilica.com\/sv\/styrka\/multigym-2\/abilica-pressdown-ropeabilica-storagepin-40-copy\/#breadcrumb\",\"itemListElement\":[{\"@type\":\"ListItem\",\"position\":1,\"name\":\"Hem\",\"item\":\"https:\/\/abilica.com\/sv\/\"},{\"@type\":\"ListItem\",\"position\":2,\"name\":\"Produkter\",\"item\":\"https:\/\/abilica.com\/sv\/shop\/\"},{\"@type\":\"ListItem\",\"position\":3,\"name\":\"Abilica PressDown Rope\"}]},{\"@type\":\"WebSite\",\"@id\":\"https:\/\/abilica.com\/#website\",\"url\":\"https:\/\/abilica.com\/\",\"name\":\"Abilica\",\"description\":\"Abilica Home Training\",\"potentialAction\":[{\"@type\":\"SearchAction\",\"target\":{\"@type\":\"EntryPoint\",\"urlTemplate\":\"https:\/\/abilica.com\/?s={search_term_string}\"},\"query-input\":{\"@type\":\"PropertyValueSpecification\",\"valueRequired\":true,\"valueName\":\"search_term_string\"}}],\"inLanguage\":\"sv-SE\"}]}<\/script>\n<!-- \/ Yoast SEO Premium plugin. -->","yoast_head_json":{"title":"Abilica PressDown Rope Abilica","robots":{"index":"index","follow":"follow","max-snippet":"max-snippet:-1","max-image-preview":"max-image-preview:large","max-video-preview":"max-video-preview:-1"},"canonical":"https:\/\/abilica.com\/sv\/styrka\/multigym-2\/abilica-pressdown-ropeabilica-storagepin-40-copy\/","og_locale":"sv_SE","og_type":"article","og_title":"Abilica PressDown Rope","og_description":"[vc_row][vc_column][vc_column_text el_class=&#8221;product-video&#8221;]Rep f\u00f6r push- och pull-\u00f6vningar i multigym. Abilica PressDown Rope har utvecklats f\u00f6r hemmatr\u00e4ning...","og_url":"https:\/\/abilica.com\/sv\/styrka\/multigym-2\/abilica-pressdown-ropeabilica-storagepin-40-copy\/","og_site_name":"Abilica","article_publisher":"https:\/\/www.facebook.com\/abilicahometraining\/","article_modified_time":"2025-11-12T13:02:33+00:00","og_image":[{"width":1200,"height":1200,"url":"https:\/\/abilica.com\/wp-content\/uploads\/2024\/08\/408130-Abilica-Pressdown-Rope_1.jpg","type":"image\/jpeg"}],"twitter_card":"summary_large_image","twitter_misc":{"Ber\u00e4knad l\u00e4stid":"1 minut"},"schema":{"@context":"https:\/\/schema.org","@graph":[{"@type":"WebPage","@id":"https:\/\/abilica.com\/sv\/styrka\/multigym-2\/abilica-pressdown-ropeabilica-storagepin-40-copy\/","url":"https:\/\/abilica.com\/sv\/styrka\/multigym-2\/abilica-pressdown-ropeabilica-storagepin-40-copy\/","name":"Abilica PressDown Rope Abilica","isPartOf":{"@id":"https:\/\/abilica.com\/#website"},"primaryImageOfPage":{"@id":"https:\/\/abilica.com\/sv\/styrka\/multigym-2\/abilica-pressdown-ropeabilica-storagepin-40-copy\/#primaryimage"},"image":{"@id":"https:\/\/abilica.com\/sv\/styrka\/multigym-2\/abilica-pressdown-ropeabilica-storagepin-40-copy\/#primaryimage"},"thumbnailUrl":"https:\/\/abilica.com\/wp-content\/uploads\/2024\/08\/408130-Abilica-Pressdown-Rope_1.jpg","datePublished":"2024-08-09T09:43:06+00:00","dateModified":"2025-11-12T13:02:33+00:00","breadcrumb":{"@id":"https:\/\/abilica.com\/sv\/styrka\/multigym-2\/abilica-pressdown-ropeabilica-storagepin-40-copy\/#breadcrumb"},"inLanguage":"sv-SE","potentialAction":[{"@type":"ReadAction","target":["https:\/\/abilica.com\/sv\/styrka\/multigym-2\/abilica-pressdown-ropeabilica-storagepin-40-copy\/"]}]},{"@type":"ImageObject","inLanguage":"sv-SE","@id":"https:\/\/abilica.com\/sv\/styrka\/multigym-2\/abilica-pressdown-ropeabilica-storagepin-40-copy\/#primaryimage","url":"https:\/\/abilica.com\/wp-content\/uploads\/2024\/08\/408130-Abilica-Pressdown-Rope_1.jpg","contentUrl":"https:\/\/abilica.com\/wp-content\/uploads\/2024\/08\/408130-Abilica-Pressdown-Rope_1.jpg","width":1200,"height":1200},{"@type":"BreadcrumbList","@id":"https:\/\/abilica.com\/sv\/styrka\/multigym-2\/abilica-pressdown-ropeabilica-storagepin-40-copy\/#breadcrumb","itemListElement":[{"@type":"ListItem","position":1,"name":"Hem","item":"https:\/\/abilica.com\/sv\/"},{"@type":"ListItem","position":2,"name":"Produkter","item":"https:\/\/abilica.com\/sv\/shop\/"},{"@type":"ListItem","position":3,"name":"Abilica PressDown Rope"}]},{"@type":"WebSite","@id":"https:\/\/abilica.com\/#website","url":"https:\/\/abilica.com\/","name":"Abilica","description":"Abilica Home Training","potentialAction":[{"@type":"SearchAction","target":{"@type":"EntryPoint","urlTemplate":"https:\/\/abilica.com\/?s={search_term_string}"},"query-input":{"@type":"PropertyValueSpecification","valueRequired":true,"valueName":"search_term_string"}}],"inLanguage":"sv-SE"}]}},"_links":{"self":[{"href":"https:\/\/abilica.com\/sv\/wp-json\/wp\/v2\/product\/67332","targetHints":{"allow":["GET"]}}],"collection":[{"href":"https:\/\/abilica.com\/sv\/wp-json\/wp\/v2\/product"}],"about":[{"href":"https:\/\/abilica.com\/sv\/wp-json\/wp\/v2\/types\/product"}],"wp:featuredmedia":[{"embeddable":true,"href":"https:\/\/abilica.com\/sv\/wp-json\/wp\/v2\/media\/67321"}],"wp:attachment":[{"href":"https:\/\/abilica.com\/sv\/wp-json\/wp\/v2\/media?parent=67332"}],"wp:term":[{"taxonomy":"product_brand","embeddable":true,"href":"https:\/\/abilica.com\/sv\/wp-json\/wp\/v2\/product_brand?post=67332"},{"taxonomy":"product_cat","embeddable":true,"href":"https:\/\/abilica.com\/sv\/wp-json\/wp\/v2\/product_cat?post=67332"},{"taxonomy":"product_tag","embeddable":true,"href":"https:\/\/abilica.com\/sv\/wp-json\/wp\/v2\/product_tag?post=67332"}],"curies":[{"name":"wp","href":"https:\/\/api.w.org\/{rel}","templated":true}]}}