{"id":67333,"date":"2024-08-09T11:04:20","date_gmt":"2024-08-09T10:04:20","guid":{"rendered":"https:\/\/abilica.com\/?post_type=product&#038;p=67333"},"modified":"2025-11-12T14:03:05","modified_gmt":"2025-11-12T13:03:05","slug":"abilica-straightbar","status":"publish","type":"product","link":"https:\/\/abilica.com\/sv\/styrka\/multigym-2\/abilica-straightbar\/","title":{"rendered":"Abilica StraightBar"},"content":{"rendered":"<div class=\"wpb-content-wrapper\"><p>[vc_row][vc_column][vc_column_text el_class=&#8221;product-video&#8221;]<strong>Abilica StraightBar \u00e4r en solid rak st\u00e5ng i st\u00e5l med h\u00e5rdkromlegering f\u00f6r multigym.<\/strong><\/p>\n<p>St\u00e5ngen har utvecklats f\u00f6r b\u00e5de hemmatr\u00e4ning och kommersiellt bruk. StraightBar \u00e4r tillverkad av starkt st\u00e5l med en h\u00f6gkvalitativ svivel med tv\u00e5l\u00e4nksrotation och h\u00e5rdkromlegering. Den h\u00e5rda kromlegeringen ger ett snyggt, matt utseende som \u00e4r korrosionsbest\u00e4ndigt, har bra slitstyrka och ger en fantastisk greppk\u00e4nsla. Legeringen \u00e4r tunnare \u00e4n vanlig krom, vilket ger b\u00e4ttre struktur \u00e5t tandningarna p\u00e5 handtaget. Dessutom \u00e4r den matta finishen inte hal, vilket g\u00f6r den extra l\u00e4mplig f\u00f6r fuktiga h\u00e4nder. St\u00e5ngen \u00e4r utrustad med ett roterande f\u00e4ste s\u00e5 att du kan h\u00e5lla samma grepp under hela \u00f6vningen. Perfekt f\u00f6r bicepscurls och tricepspressar med kabel. St\u00e5ngen har en l\u00e4ngd p\u00e5 55 cm, med gummiskydd i varje \u00e4nde. Greppet har tv\u00e5 r\u00e4fflade f\u00e4lt med en l\u00e4ngd p\u00e5 11,5 cm. Greppets diameter \u00e4r 26 mm. Karbinkrok ing\u00e5r ej.<\/p>\n<p><strong>Specifikationer<\/strong><br \/>\nM\u00e5tt: 55 x 12 cm (L x B)<br \/>\nGreppbredd: 36 cm (18 cm p\u00e5 varje sida)<br \/>\nDiameter grepp: 26 mm<br \/>\nSerraterade sektioner: 2 st<br \/>\nSerration: Hill<br \/>\nProduktvikt: 2,6 kg[\/vc_column_text][vc_empty_space height=&#8221;52px&#8221;][\/vc_column][\/vc_row]<\/p>\n<\/div>","protected":false},"excerpt":{"rendered":"<p>[vc_row][vc_column][vc_column_text el_class=&#8221;product-video&#8221;]Abilica StraightBar \u00e4r en solid rak st\u00e5ng i st\u00e5l med h\u00e5rdkromlegering f\u00f6r multigym. St\u00e5ngen&#8230;<\/p>\n","protected":false},"featured_media":67325,"template":"","meta":{"_acf_changed":false},"product_brand":[],"product_cat":[483,471,478],"product_tag":[49],"class_list":{"0":"post-67333","1":"product","2":"type-product","3":"status-publish","4":"has-post-thumbnail","6":"product_cat-multigym-2","7":"product_cat-styrka","8":"product_cat-tillbehor","9":"product_tag-premium","11":"first","12":"outofstock","13":"product-type-simple"},"acf":[],"yoast_head":"<!-- This site is optimized with the Yoast SEO Premium plugin v21.1 (Yoast SEO v25.4) - https:\/\/yoast.com\/wordpress\/plugins\/seo\/ -->\n<title>Abilica StraightBar Abilica<\/title>\n<meta name=\"robots\" content=\"index, follow, max-snippet:-1, max-image-preview:large, max-video-preview:-1\" \/>\n<link rel=\"canonical\" href=\"https:\/\/abilica.com\/sv\/styrka\/multigym-2\/abilica-straightbar\/\" \/>\n<meta property=\"og:locale\" content=\"sv_SE\" \/>\n<meta property=\"og:type\" content=\"article\" \/>\n<meta property=\"og:title\" content=\"Abilica StraightBar\" \/>\n<meta property=\"og:description\" content=\"[vc_row][vc_column][vc_column_text el_class=&#8221;product-video&#8221;]Abilica StraightBar \u00e4r en solid rak st\u00e5ng i st\u00e5l med h\u00e5rdkromlegering f\u00f6r multigym. St\u00e5ngen...\" \/>\n<meta property=\"og:url\" content=\"https:\/\/abilica.com\/sv\/styrka\/multigym-2\/abilica-straightbar\/\" \/>\n<meta property=\"og:site_name\" content=\"Abilica\" \/>\n<meta property=\"article:publisher\" content=\"https:\/\/www.facebook.com\/abilicahometraining\/\" \/>\n<meta property=\"article:modified_time\" content=\"2025-11-12T13:03:05+00:00\" \/>\n<meta property=\"og:image\" content=\"https:\/\/abilica.com\/wp-content\/uploads\/2024\/08\/408126-Abilica-StraightBar_1.jpg\" \/>\n\t<meta property=\"og:image:width\" content=\"1200\" \/>\n\t<meta property=\"og:image:height\" content=\"1200\" \/>\n\t<meta property=\"og:image:type\" content=\"image\/jpeg\" \/>\n<meta name=\"twitter:card\" content=\"summary_large_image\" \/>\n<meta name=\"twitter:label1\" content=\"Ber\u00e4knad l\u00e4stid\" \/>\n\t<meta name=\"twitter:data1\" content=\"1 minut\" \/>\n<script type=\"application\/ld+json\" class=\"yoast-schema-graph\">{\"@context\":\"https:\/\/schema.org\",\"@graph\":[{\"@type\":\"WebPage\",\"@id\":\"https:\/\/abilica.com\/sv\/styrka\/multigym-2\/abilica-straightbar\/\",\"url\":\"https:\/\/abilica.com\/sv\/styrka\/multigym-2\/abilica-straightbar\/\",\"name\":\"Abilica StraightBar Abilica\",\"isPartOf\":{\"@id\":\"https:\/\/abilica.com\/#website\"},\"primaryImageOfPage\":{\"@id\":\"https:\/\/abilica.com\/sv\/styrka\/multigym-2\/abilica-straightbar\/#primaryimage\"},\"image\":{\"@id\":\"https:\/\/abilica.com\/sv\/styrka\/multigym-2\/abilica-straightbar\/#primaryimage\"},\"thumbnailUrl\":\"https:\/\/abilica.com\/wp-content\/uploads\/2024\/08\/408126-Abilica-StraightBar_1.jpg\",\"datePublished\":\"2024-08-09T10:04:20+00:00\",\"dateModified\":\"2025-11-12T13:03:05+00:00\",\"breadcrumb\":{\"@id\":\"https:\/\/abilica.com\/sv\/styrka\/multigym-2\/abilica-straightbar\/#breadcrumb\"},\"inLanguage\":\"sv-SE\",\"potentialAction\":[{\"@type\":\"ReadAction\",\"target\":[\"https:\/\/abilica.com\/sv\/styrka\/multigym-2\/abilica-straightbar\/\"]}]},{\"@type\":\"ImageObject\",\"inLanguage\":\"sv-SE\",\"@id\":\"https:\/\/abilica.com\/sv\/styrka\/multigym-2\/abilica-straightbar\/#primaryimage\",\"url\":\"https:\/\/abilica.com\/wp-content\/uploads\/2024\/08\/408126-Abilica-StraightBar_1.jpg\",\"contentUrl\":\"https:\/\/abilica.com\/wp-content\/uploads\/2024\/08\/408126-Abilica-StraightBar_1.jpg\",\"width\":1200,\"height\":1200},{\"@type\":\"BreadcrumbList\",\"@id\":\"https:\/\/abilica.com\/sv\/styrka\/multigym-2\/abilica-straightbar\/#breadcrumb\",\"itemListElement\":[{\"@type\":\"ListItem\",\"position\":1,\"name\":\"Hem\",\"item\":\"https:\/\/abilica.com\/sv\/\"},{\"@type\":\"ListItem\",\"position\":2,\"name\":\"Produkter\",\"item\":\"https:\/\/abilica.com\/sv\/shop\/\"},{\"@type\":\"ListItem\",\"position\":3,\"name\":\"Abilica StraightBar\"}]},{\"@type\":\"WebSite\",\"@id\":\"https:\/\/abilica.com\/#website\",\"url\":\"https:\/\/abilica.com\/\",\"name\":\"Abilica\",\"description\":\"Abilica Home Training\",\"potentialAction\":[{\"@type\":\"SearchAction\",\"target\":{\"@type\":\"EntryPoint\",\"urlTemplate\":\"https:\/\/abilica.com\/?s={search_term_string}\"},\"query-input\":{\"@type\":\"PropertyValueSpecification\",\"valueRequired\":true,\"valueName\":\"search_term_string\"}}],\"inLanguage\":\"sv-SE\"}]}<\/script>\n<!-- \/ Yoast SEO Premium plugin. -->","yoast_head_json":{"title":"Abilica StraightBar Abilica","robots":{"index":"index","follow":"follow","max-snippet":"max-snippet:-1","max-image-preview":"max-image-preview:large","max-video-preview":"max-video-preview:-1"},"canonical":"https:\/\/abilica.com\/sv\/styrka\/multigym-2\/abilica-straightbar\/","og_locale":"sv_SE","og_type":"article","og_title":"Abilica StraightBar","og_description":"[vc_row][vc_column][vc_column_text el_class=&#8221;product-video&#8221;]Abilica StraightBar \u00e4r en solid rak st\u00e5ng i st\u00e5l med h\u00e5rdkromlegering f\u00f6r multigym. St\u00e5ngen...","og_url":"https:\/\/abilica.com\/sv\/styrka\/multigym-2\/abilica-straightbar\/","og_site_name":"Abilica","article_publisher":"https:\/\/www.facebook.com\/abilicahometraining\/","article_modified_time":"2025-11-12T13:03:05+00:00","og_image":[{"width":1200,"height":1200,"url":"https:\/\/abilica.com\/wp-content\/uploads\/2024\/08\/408126-Abilica-StraightBar_1.jpg","type":"image\/jpeg"}],"twitter_card":"summary_large_image","twitter_misc":{"Ber\u00e4knad l\u00e4stid":"1 minut"},"schema":{"@context":"https:\/\/schema.org","@graph":[{"@type":"WebPage","@id":"https:\/\/abilica.com\/sv\/styrka\/multigym-2\/abilica-straightbar\/","url":"https:\/\/abilica.com\/sv\/styrka\/multigym-2\/abilica-straightbar\/","name":"Abilica StraightBar Abilica","isPartOf":{"@id":"https:\/\/abilica.com\/#website"},"primaryImageOfPage":{"@id":"https:\/\/abilica.com\/sv\/styrka\/multigym-2\/abilica-straightbar\/#primaryimage"},"image":{"@id":"https:\/\/abilica.com\/sv\/styrka\/multigym-2\/abilica-straightbar\/#primaryimage"},"thumbnailUrl":"https:\/\/abilica.com\/wp-content\/uploads\/2024\/08\/408126-Abilica-StraightBar_1.jpg","datePublished":"2024-08-09T10:04:20+00:00","dateModified":"2025-11-12T13:03:05+00:00","breadcrumb":{"@id":"https:\/\/abilica.com\/sv\/styrka\/multigym-2\/abilica-straightbar\/#breadcrumb"},"inLanguage":"sv-SE","potentialAction":[{"@type":"ReadAction","target":["https:\/\/abilica.com\/sv\/styrka\/multigym-2\/abilica-straightbar\/"]}]},{"@type":"ImageObject","inLanguage":"sv-SE","@id":"https:\/\/abilica.com\/sv\/styrka\/multigym-2\/abilica-straightbar\/#primaryimage","url":"https:\/\/abilica.com\/wp-content\/uploads\/2024\/08\/408126-Abilica-StraightBar_1.jpg","contentUrl":"https:\/\/abilica.com\/wp-content\/uploads\/2024\/08\/408126-Abilica-StraightBar_1.jpg","width":1200,"height":1200},{"@type":"BreadcrumbList","@id":"https:\/\/abilica.com\/sv\/styrka\/multigym-2\/abilica-straightbar\/#breadcrumb","itemListElement":[{"@type":"ListItem","position":1,"name":"Hem","item":"https:\/\/abilica.com\/sv\/"},{"@type":"ListItem","position":2,"name":"Produkter","item":"https:\/\/abilica.com\/sv\/shop\/"},{"@type":"ListItem","position":3,"name":"Abilica StraightBar"}]},{"@type":"WebSite","@id":"https:\/\/abilica.com\/#website","url":"https:\/\/abilica.com\/","name":"Abilica","description":"Abilica Home Training","potentialAction":[{"@type":"SearchAction","target":{"@type":"EntryPoint","urlTemplate":"https:\/\/abilica.com\/?s={search_term_string}"},"query-input":{"@type":"PropertyValueSpecification","valueRequired":true,"valueName":"search_term_string"}}],"inLanguage":"sv-SE"}]}},"_links":{"self":[{"href":"https:\/\/abilica.com\/sv\/wp-json\/wp\/v2\/product\/67333","targetHints":{"allow":["GET"]}}],"collection":[{"href":"https:\/\/abilica.com\/sv\/wp-json\/wp\/v2\/product"}],"about":[{"href":"https:\/\/abilica.com\/sv\/wp-json\/wp\/v2\/types\/product"}],"wp:featuredmedia":[{"embeddable":true,"href":"https:\/\/abilica.com\/sv\/wp-json\/wp\/v2\/media\/67325"}],"wp:attachment":[{"href":"https:\/\/abilica.com\/sv\/wp-json\/wp\/v2\/media?parent=67333"}],"wp:term":[{"taxonomy":"product_brand","embeddable":true,"href":"https:\/\/abilica.com\/sv\/wp-json\/wp\/v2\/product_brand?post=67333"},{"taxonomy":"product_cat","embeddable":true,"href":"https:\/\/abilica.com\/sv\/wp-json\/wp\/v2\/product_cat?post=67333"},{"taxonomy":"product_tag","embeddable":true,"href":"https:\/\/abilica.com\/sv\/wp-json\/wp\/v2\/product_tag?post=67333"}],"curies":[{"name":"wp","href":"https:\/\/api.w.org\/{rel}","templated":true}]}}