{"id":67334,"date":"2024-08-09T11:14:20","date_gmt":"2024-08-09T10:14:20","guid":{"rendered":"https:\/\/abilica.com\/?post_type=product&#038;p=67334"},"modified":"2025-11-12T14:02:20","modified_gmt":"2025-11-12T13:02:20","slug":"abilica-straphandle","status":"publish","type":"product","link":"https:\/\/abilica.com\/sv\/styrka\/multigym-2\/abilica-straphandle\/","title":{"rendered":"Abilica StrapHandle"},"content":{"rendered":"<div class=\"wpb-content-wrapper\"><p>[vc_row][vc_column][vc_column_text el_class=&#8221;product-video&#8221;]<strong>Perfekt f\u00f6r dig som vill ha ett bra handtag f\u00f6r en- och tv\u00e5handskabel\u00f6vningar.<\/strong><\/p>\n<p>Abilica StrapHandle \u00e4r ett enhandshandtag, \u00e4ven k\u00e4nt som D-handtag, tillverkat i aluminium. Med sitt goda grepp och slitstarka rem i nylon och PU \u00e4r handtaget designat f\u00f6r b\u00e5de hemmatr\u00e4ning och kommersiellt bruk. Tack vare den unika ytan p\u00e5 aluminiumhandtaget f\u00e5r du ett mycket bra grepp som inte \u00e4r f\u00f6r grovt f\u00f6r dina h\u00e4nder. Handtaget har en greppdiameter p\u00e5 32 mm och en greppbredd p\u00e5 13,5 cm. Abilica StrapHandle l\u00e4mpar sig v\u00e4l f\u00f6r \u00f6vningar som enarmsrodd, enarmsneddragning, eller genom att anv\u00e4nda b\u00e5da handtagen kan det anv\u00e4ndas f\u00f6r \u00f6vningar som br\u00f6stpress, reverse flye, med mera. Handtagen tar v\u00e4ldigt lite plats och \u00e4r l\u00e4tta att f\u00f6rvara n\u00e4r de inte anv\u00e4nds. Karbinkrok ing\u00e5r ej. S\u00e4ljes i par.<\/p>\n<p><strong>Specifikationer<\/strong><br \/>\nM\u00e5tt: 26,5 x 14 cm (L x B)<br \/>\nGreppbredd: 13,5 cm<br \/>\nDiameter grepp: 32 mm<br \/>\nSerraterade sektioner: 1 st<br \/>\nSerration: Hill<br \/>\nProduktvikt: 350 g<br \/>\nHandtagsmaterial: Aluminium<br \/>\nRemmaterial: PU och nylon[\/vc_column_text][vc_empty_space height=&#8221;52px&#8221;][\/vc_column][\/vc_row]<\/p>\n<\/div>","protected":false},"excerpt":{"rendered":"<p>[vc_row][vc_column][vc_column_text el_class=&#8221;product-video&#8221;]Perfekt f\u00f6r dig som vill ha ett bra handtag f\u00f6r en- och tv\u00e5handskabel\u00f6vningar. Abilica&#8230;<\/p>\n","protected":false},"featured_media":67335,"template":"","meta":{"_acf_changed":false},"product_brand":[],"product_cat":[483,471,478],"product_tag":[49],"class_list":{"0":"post-67334","1":"product","2":"type-product","3":"status-publish","4":"has-post-thumbnail","6":"product_cat-multigym-2","7":"product_cat-styrka","8":"product_cat-tillbehor","9":"product_tag-premium","11":"first","12":"outofstock","13":"product-type-simple"},"acf":[],"yoast_head":"<!-- This site is optimized with the Yoast SEO Premium plugin v21.1 (Yoast SEO v25.4) - https:\/\/yoast.com\/wordpress\/plugins\/seo\/ -->\n<title>Abilica StrapHandle Abilica<\/title>\n<meta name=\"robots\" content=\"index, follow, max-snippet:-1, max-image-preview:large, max-video-preview:-1\" \/>\n<link rel=\"canonical\" href=\"https:\/\/abilica.com\/sv\/styrka\/multigym-2\/abilica-straphandle\/\" \/>\n<meta property=\"og:locale\" content=\"sv_SE\" \/>\n<meta property=\"og:type\" content=\"article\" \/>\n<meta property=\"og:title\" content=\"Abilica StrapHandle\" \/>\n<meta property=\"og:description\" content=\"[vc_row][vc_column][vc_column_text el_class=&#8221;product-video&#8221;]Perfekt f\u00f6r dig som vill ha ett bra handtag f\u00f6r en- och tv\u00e5handskabel\u00f6vningar. Abilica...\" \/>\n<meta property=\"og:url\" content=\"https:\/\/abilica.com\/sv\/styrka\/multigym-2\/abilica-straphandle\/\" \/>\n<meta property=\"og:site_name\" content=\"Abilica\" \/>\n<meta property=\"article:publisher\" content=\"https:\/\/www.facebook.com\/abilicahometraining\/\" \/>\n<meta property=\"article:modified_time\" content=\"2025-11-12T13:02:20+00:00\" \/>\n<meta property=\"og:image\" content=\"https:\/\/abilica.com\/wp-content\/uploads\/2024\/08\/408129-Abilica-Strap-Handle_1.jpg\" \/>\n\t<meta property=\"og:image:width\" content=\"1200\" \/>\n\t<meta property=\"og:image:height\" content=\"1200\" \/>\n\t<meta property=\"og:image:type\" content=\"image\/jpeg\" \/>\n<meta name=\"twitter:card\" content=\"summary_large_image\" \/>\n<meta name=\"twitter:label1\" content=\"Ber\u00e4knad l\u00e4stid\" \/>\n\t<meta name=\"twitter:data1\" content=\"1 minut\" \/>\n<script type=\"application\/ld+json\" class=\"yoast-schema-graph\">{\"@context\":\"https:\/\/schema.org\",\"@graph\":[{\"@type\":\"WebPage\",\"@id\":\"https:\/\/abilica.com\/sv\/styrka\/multigym-2\/abilica-straphandle\/\",\"url\":\"https:\/\/abilica.com\/sv\/styrka\/multigym-2\/abilica-straphandle\/\",\"name\":\"Abilica StrapHandle Abilica\",\"isPartOf\":{\"@id\":\"https:\/\/abilica.com\/#website\"},\"primaryImageOfPage\":{\"@id\":\"https:\/\/abilica.com\/sv\/styrka\/multigym-2\/abilica-straphandle\/#primaryimage\"},\"image\":{\"@id\":\"https:\/\/abilica.com\/sv\/styrka\/multigym-2\/abilica-straphandle\/#primaryimage\"},\"thumbnailUrl\":\"https:\/\/abilica.com\/wp-content\/uploads\/2024\/08\/408129-Abilica-Strap-Handle_1.jpg\",\"datePublished\":\"2024-08-09T10:14:20+00:00\",\"dateModified\":\"2025-11-12T13:02:20+00:00\",\"breadcrumb\":{\"@id\":\"https:\/\/abilica.com\/sv\/styrka\/multigym-2\/abilica-straphandle\/#breadcrumb\"},\"inLanguage\":\"sv-SE\",\"potentialAction\":[{\"@type\":\"ReadAction\",\"target\":[\"https:\/\/abilica.com\/sv\/styrka\/multigym-2\/abilica-straphandle\/\"]}]},{\"@type\":\"ImageObject\",\"inLanguage\":\"sv-SE\",\"@id\":\"https:\/\/abilica.com\/sv\/styrka\/multigym-2\/abilica-straphandle\/#primaryimage\",\"url\":\"https:\/\/abilica.com\/wp-content\/uploads\/2024\/08\/408129-Abilica-Strap-Handle_1.jpg\",\"contentUrl\":\"https:\/\/abilica.com\/wp-content\/uploads\/2024\/08\/408129-Abilica-Strap-Handle_1.jpg\",\"width\":1200,\"height\":1200},{\"@type\":\"BreadcrumbList\",\"@id\":\"https:\/\/abilica.com\/sv\/styrka\/multigym-2\/abilica-straphandle\/#breadcrumb\",\"itemListElement\":[{\"@type\":\"ListItem\",\"position\":1,\"name\":\"Hem\",\"item\":\"https:\/\/abilica.com\/sv\/\"},{\"@type\":\"ListItem\",\"position\":2,\"name\":\"Produkter\",\"item\":\"https:\/\/abilica.com\/sv\/shop\/\"},{\"@type\":\"ListItem\",\"position\":3,\"name\":\"Abilica StrapHandle\"}]},{\"@type\":\"WebSite\",\"@id\":\"https:\/\/abilica.com\/#website\",\"url\":\"https:\/\/abilica.com\/\",\"name\":\"Abilica\",\"description\":\"Abilica Home Training\",\"potentialAction\":[{\"@type\":\"SearchAction\",\"target\":{\"@type\":\"EntryPoint\",\"urlTemplate\":\"https:\/\/abilica.com\/?s={search_term_string}\"},\"query-input\":{\"@type\":\"PropertyValueSpecification\",\"valueRequired\":true,\"valueName\":\"search_term_string\"}}],\"inLanguage\":\"sv-SE\"}]}<\/script>\n<!-- \/ Yoast SEO Premium plugin. -->","yoast_head_json":{"title":"Abilica StrapHandle Abilica","robots":{"index":"index","follow":"follow","max-snippet":"max-snippet:-1","max-image-preview":"max-image-preview:large","max-video-preview":"max-video-preview:-1"},"canonical":"https:\/\/abilica.com\/sv\/styrka\/multigym-2\/abilica-straphandle\/","og_locale":"sv_SE","og_type":"article","og_title":"Abilica StrapHandle","og_description":"[vc_row][vc_column][vc_column_text el_class=&#8221;product-video&#8221;]Perfekt f\u00f6r dig som vill ha ett bra handtag f\u00f6r en- och tv\u00e5handskabel\u00f6vningar. Abilica...","og_url":"https:\/\/abilica.com\/sv\/styrka\/multigym-2\/abilica-straphandle\/","og_site_name":"Abilica","article_publisher":"https:\/\/www.facebook.com\/abilicahometraining\/","article_modified_time":"2025-11-12T13:02:20+00:00","og_image":[{"width":1200,"height":1200,"url":"https:\/\/abilica.com\/wp-content\/uploads\/2024\/08\/408129-Abilica-Strap-Handle_1.jpg","type":"image\/jpeg"}],"twitter_card":"summary_large_image","twitter_misc":{"Ber\u00e4knad l\u00e4stid":"1 minut"},"schema":{"@context":"https:\/\/schema.org","@graph":[{"@type":"WebPage","@id":"https:\/\/abilica.com\/sv\/styrka\/multigym-2\/abilica-straphandle\/","url":"https:\/\/abilica.com\/sv\/styrka\/multigym-2\/abilica-straphandle\/","name":"Abilica StrapHandle Abilica","isPartOf":{"@id":"https:\/\/abilica.com\/#website"},"primaryImageOfPage":{"@id":"https:\/\/abilica.com\/sv\/styrka\/multigym-2\/abilica-straphandle\/#primaryimage"},"image":{"@id":"https:\/\/abilica.com\/sv\/styrka\/multigym-2\/abilica-straphandle\/#primaryimage"},"thumbnailUrl":"https:\/\/abilica.com\/wp-content\/uploads\/2024\/08\/408129-Abilica-Strap-Handle_1.jpg","datePublished":"2024-08-09T10:14:20+00:00","dateModified":"2025-11-12T13:02:20+00:00","breadcrumb":{"@id":"https:\/\/abilica.com\/sv\/styrka\/multigym-2\/abilica-straphandle\/#breadcrumb"},"inLanguage":"sv-SE","potentialAction":[{"@type":"ReadAction","target":["https:\/\/abilica.com\/sv\/styrka\/multigym-2\/abilica-straphandle\/"]}]},{"@type":"ImageObject","inLanguage":"sv-SE","@id":"https:\/\/abilica.com\/sv\/styrka\/multigym-2\/abilica-straphandle\/#primaryimage","url":"https:\/\/abilica.com\/wp-content\/uploads\/2024\/08\/408129-Abilica-Strap-Handle_1.jpg","contentUrl":"https:\/\/abilica.com\/wp-content\/uploads\/2024\/08\/408129-Abilica-Strap-Handle_1.jpg","width":1200,"height":1200},{"@type":"BreadcrumbList","@id":"https:\/\/abilica.com\/sv\/styrka\/multigym-2\/abilica-straphandle\/#breadcrumb","itemListElement":[{"@type":"ListItem","position":1,"name":"Hem","item":"https:\/\/abilica.com\/sv\/"},{"@type":"ListItem","position":2,"name":"Produkter","item":"https:\/\/abilica.com\/sv\/shop\/"},{"@type":"ListItem","position":3,"name":"Abilica StrapHandle"}]},{"@type":"WebSite","@id":"https:\/\/abilica.com\/#website","url":"https:\/\/abilica.com\/","name":"Abilica","description":"Abilica Home Training","potentialAction":[{"@type":"SearchAction","target":{"@type":"EntryPoint","urlTemplate":"https:\/\/abilica.com\/?s={search_term_string}"},"query-input":{"@type":"PropertyValueSpecification","valueRequired":true,"valueName":"search_term_string"}}],"inLanguage":"sv-SE"}]}},"_links":{"self":[{"href":"https:\/\/abilica.com\/sv\/wp-json\/wp\/v2\/product\/67334","targetHints":{"allow":["GET"]}}],"collection":[{"href":"https:\/\/abilica.com\/sv\/wp-json\/wp\/v2\/product"}],"about":[{"href":"https:\/\/abilica.com\/sv\/wp-json\/wp\/v2\/types\/product"}],"wp:featuredmedia":[{"embeddable":true,"href":"https:\/\/abilica.com\/sv\/wp-json\/wp\/v2\/media\/67335"}],"wp:attachment":[{"href":"https:\/\/abilica.com\/sv\/wp-json\/wp\/v2\/media?parent=67334"}],"wp:term":[{"taxonomy":"product_brand","embeddable":true,"href":"https:\/\/abilica.com\/sv\/wp-json\/wp\/v2\/product_brand?post=67334"},{"taxonomy":"product_cat","embeddable":true,"href":"https:\/\/abilica.com\/sv\/wp-json\/wp\/v2\/product_cat?post=67334"},{"taxonomy":"product_tag","embeddable":true,"href":"https:\/\/abilica.com\/sv\/wp-json\/wp\/v2\/product_tag?post=67334"}],"curies":[{"name":"wp","href":"https:\/\/api.w.org\/{rel}","templated":true}]}}