{"id":67874,"date":"2024-09-10T07:56:28","date_gmt":"2024-09-10T06:56:28","guid":{"rendered":"https:\/\/abilica.com\/?post_type=product&#038;p=67874"},"modified":"2025-10-17T14:53:09","modified_gmt":"2025-10-17T13:53:09","slug":"abilica-platetree-50-mm","status":"publish","type":"product","link":"https:\/\/abilica.com\/sv\/styrka\/lagring\/abilica-platetree-50-mm\/","title":{"rendered":"Abilica PlateTree 50 mm"},"content":{"rendered":"<div class=\"wpb-content-wrapper\"><p>[vc_row][vc_column][vc_column_text el_class=&#8221;product-video&#8221;]Rej\u00e4l och enkel f\u00f6rvaringsst\u00e4llning f\u00f6r 50 mm viktskivor och skivst\u00e4nger.<\/p>\n<p>Abilica PlateTree 50 mm \u00e4r ett robust f\u00f6rvaringsst\u00e4ll med en tjocklek p\u00e5 3 mm som passar lika bra i hemmagymmet som p\u00e5 f\u00f6retag. St\u00e4llet \u00e4r designat f\u00f6r att kunna f\u00f6rvara 50 mm viktskivor med en diameter p\u00e5 45 cm (IWF-standard) p\u00e5 alla tre h\u00f6jder.<\/p>\n<p>Med en maximal viktkapacitet p\u00e5 100 kg per f\u00f6rvaringspinne och en total kapacitet p\u00e5 600 kg klarar detta st\u00e4ll de viktskivor du beh\u00f6ver f\u00f6r alla tr\u00e4ningspass. F\u00f6rvaringsst\u00e4llet \u00e4r dessutom utrustat med tv\u00e5 skivst\u00e5ngsh\u00e5llare f\u00f6r 50 mm skivst\u00e4nger, vilket g\u00f6r detta till ett mycket platsbesparande &#8221;allt-i-ett&#8221;-st\u00e4ll.<\/p>\n<p><b>Specifikationer<br \/>\n<\/b>M\u00e5tt: 61 x 67 x 129 cm (L x B x H)<br \/>\nL\u00e4ngd p\u00e5 f\u00f6rvaringspinne: 29,5 cm<br \/>\nSt\u00e5ltjocklek: 3 mm<br \/>\nMaxvikt belastning viktskivor: 100 kg per viktstav, totalt 600 kg<br \/>\nProduktvikt: 30 kg[\/vc_column_text][vc_empty_space height=&#8221;52px&#8221;][\/vc_column][\/vc_row]<\/p>\n<\/div>","protected":false},"excerpt":{"rendered":"<p>[vc_row][vc_column][vc_column_text el_class=&#8221;product-video&#8221;]Rej\u00e4l och enkel f\u00f6rvaringsst\u00e4llning f\u00f6r 50 mm viktskivor och skivst\u00e4nger. Abilica PlateTree 50 mm&#8230;<\/p>\n","protected":false},"featured_media":67846,"template":"","meta":{"_acf_changed":false},"product_brand":[],"product_cat":[573,471],"product_tag":[49],"class_list":{"0":"post-67874","1":"product","2":"type-product","3":"status-publish","4":"has-post-thumbnail","6":"product_cat-lagring","7":"product_cat-styrka","8":"product_tag-premium","10":"first","11":"outofstock","12":"product-type-simple"},"acf":[],"yoast_head":"<!-- This site is optimized with the Yoast SEO Premium plugin v21.1 (Yoast SEO v25.4) - https:\/\/yoast.com\/wordpress\/plugins\/seo\/ -->\n<title>Abilica PlateTree 50 mm Abilica<\/title>\n<meta name=\"robots\" content=\"index, follow, max-snippet:-1, max-image-preview:large, max-video-preview:-1\" \/>\n<link rel=\"canonical\" href=\"https:\/\/abilica.com\/sv\/styrka\/lagring\/abilica-platetree-50-mm\/\" \/>\n<meta property=\"og:locale\" content=\"sv_SE\" \/>\n<meta property=\"og:type\" content=\"article\" \/>\n<meta property=\"og:title\" content=\"Abilica PlateTree 50 mm\" \/>\n<meta property=\"og:description\" content=\"[vc_row][vc_column][vc_column_text el_class=&#8221;product-video&#8221;]Rej\u00e4l och enkel f\u00f6rvaringsst\u00e4llning f\u00f6r 50 mm viktskivor och skivst\u00e4nger. Abilica PlateTree 50 mm...\" \/>\n<meta property=\"og:url\" content=\"https:\/\/abilica.com\/sv\/styrka\/lagring\/abilica-platetree-50-mm\/\" \/>\n<meta property=\"og:site_name\" content=\"Abilica\" \/>\n<meta property=\"article:publisher\" content=\"https:\/\/www.facebook.com\/abilicahometraining\/\" \/>\n<meta property=\"article:modified_time\" content=\"2025-10-17T13:53:09+00:00\" \/>\n<meta property=\"og:image\" content=\"https:\/\/abilica.com\/wp-content\/uploads\/2024\/09\/374861-Abilica-PlateTree-50mm_1.jpg\" \/>\n\t<meta property=\"og:image:width\" content=\"1200\" \/>\n\t<meta property=\"og:image:height\" content=\"1200\" \/>\n\t<meta property=\"og:image:type\" content=\"image\/jpeg\" \/>\n<meta name=\"twitter:card\" content=\"summary_large_image\" \/>\n<meta name=\"twitter:label1\" content=\"Ber\u00e4knad l\u00e4stid\" \/>\n\t<meta name=\"twitter:data1\" content=\"1 minut\" \/>\n<script type=\"application\/ld+json\" class=\"yoast-schema-graph\">{\"@context\":\"https:\/\/schema.org\",\"@graph\":[{\"@type\":\"WebPage\",\"@id\":\"https:\/\/abilica.com\/sv\/styrka\/lagring\/abilica-platetree-50-mm\/\",\"url\":\"https:\/\/abilica.com\/sv\/styrka\/lagring\/abilica-platetree-50-mm\/\",\"name\":\"Abilica PlateTree 50 mm Abilica\",\"isPartOf\":{\"@id\":\"https:\/\/abilica.com\/#website\"},\"primaryImageOfPage\":{\"@id\":\"https:\/\/abilica.com\/sv\/styrka\/lagring\/abilica-platetree-50-mm\/#primaryimage\"},\"image\":{\"@id\":\"https:\/\/abilica.com\/sv\/styrka\/lagring\/abilica-platetree-50-mm\/#primaryimage\"},\"thumbnailUrl\":\"https:\/\/abilica.com\/wp-content\/uploads\/2024\/09\/374861-Abilica-PlateTree-50mm_1.jpg\",\"datePublished\":\"2024-09-10T06:56:28+00:00\",\"dateModified\":\"2025-10-17T13:53:09+00:00\",\"breadcrumb\":{\"@id\":\"https:\/\/abilica.com\/sv\/styrka\/lagring\/abilica-platetree-50-mm\/#breadcrumb\"},\"inLanguage\":\"sv-SE\",\"potentialAction\":[{\"@type\":\"ReadAction\",\"target\":[\"https:\/\/abilica.com\/sv\/styrka\/lagring\/abilica-platetree-50-mm\/\"]}]},{\"@type\":\"ImageObject\",\"inLanguage\":\"sv-SE\",\"@id\":\"https:\/\/abilica.com\/sv\/styrka\/lagring\/abilica-platetree-50-mm\/#primaryimage\",\"url\":\"https:\/\/abilica.com\/wp-content\/uploads\/2024\/09\/374861-Abilica-PlateTree-50mm_1.jpg\",\"contentUrl\":\"https:\/\/abilica.com\/wp-content\/uploads\/2024\/09\/374861-Abilica-PlateTree-50mm_1.jpg\",\"width\":1200,\"height\":1200},{\"@type\":\"BreadcrumbList\",\"@id\":\"https:\/\/abilica.com\/sv\/styrka\/lagring\/abilica-platetree-50-mm\/#breadcrumb\",\"itemListElement\":[{\"@type\":\"ListItem\",\"position\":1,\"name\":\"Hem\",\"item\":\"https:\/\/abilica.com\/sv\/\"},{\"@type\":\"ListItem\",\"position\":2,\"name\":\"Produkter\",\"item\":\"https:\/\/abilica.com\/sv\/shop\/\"},{\"@type\":\"ListItem\",\"position\":3,\"name\":\"Abilica PlateTree 50 mm\"}]},{\"@type\":\"WebSite\",\"@id\":\"https:\/\/abilica.com\/#website\",\"url\":\"https:\/\/abilica.com\/\",\"name\":\"Abilica\",\"description\":\"Abilica Home Training\",\"potentialAction\":[{\"@type\":\"SearchAction\",\"target\":{\"@type\":\"EntryPoint\",\"urlTemplate\":\"https:\/\/abilica.com\/?s={search_term_string}\"},\"query-input\":{\"@type\":\"PropertyValueSpecification\",\"valueRequired\":true,\"valueName\":\"search_term_string\"}}],\"inLanguage\":\"sv-SE\"}]}<\/script>\n<!-- \/ Yoast SEO Premium plugin. -->","yoast_head_json":{"title":"Abilica PlateTree 50 mm Abilica","robots":{"index":"index","follow":"follow","max-snippet":"max-snippet:-1","max-image-preview":"max-image-preview:large","max-video-preview":"max-video-preview:-1"},"canonical":"https:\/\/abilica.com\/sv\/styrka\/lagring\/abilica-platetree-50-mm\/","og_locale":"sv_SE","og_type":"article","og_title":"Abilica PlateTree 50 mm","og_description":"[vc_row][vc_column][vc_column_text el_class=&#8221;product-video&#8221;]Rej\u00e4l och enkel f\u00f6rvaringsst\u00e4llning f\u00f6r 50 mm viktskivor och skivst\u00e4nger. Abilica PlateTree 50 mm...","og_url":"https:\/\/abilica.com\/sv\/styrka\/lagring\/abilica-platetree-50-mm\/","og_site_name":"Abilica","article_publisher":"https:\/\/www.facebook.com\/abilicahometraining\/","article_modified_time":"2025-10-17T13:53:09+00:00","og_image":[{"width":1200,"height":1200,"url":"https:\/\/abilica.com\/wp-content\/uploads\/2024\/09\/374861-Abilica-PlateTree-50mm_1.jpg","type":"image\/jpeg"}],"twitter_card":"summary_large_image","twitter_misc":{"Ber\u00e4knad l\u00e4stid":"1 minut"},"schema":{"@context":"https:\/\/schema.org","@graph":[{"@type":"WebPage","@id":"https:\/\/abilica.com\/sv\/styrka\/lagring\/abilica-platetree-50-mm\/","url":"https:\/\/abilica.com\/sv\/styrka\/lagring\/abilica-platetree-50-mm\/","name":"Abilica PlateTree 50 mm Abilica","isPartOf":{"@id":"https:\/\/abilica.com\/#website"},"primaryImageOfPage":{"@id":"https:\/\/abilica.com\/sv\/styrka\/lagring\/abilica-platetree-50-mm\/#primaryimage"},"image":{"@id":"https:\/\/abilica.com\/sv\/styrka\/lagring\/abilica-platetree-50-mm\/#primaryimage"},"thumbnailUrl":"https:\/\/abilica.com\/wp-content\/uploads\/2024\/09\/374861-Abilica-PlateTree-50mm_1.jpg","datePublished":"2024-09-10T06:56:28+00:00","dateModified":"2025-10-17T13:53:09+00:00","breadcrumb":{"@id":"https:\/\/abilica.com\/sv\/styrka\/lagring\/abilica-platetree-50-mm\/#breadcrumb"},"inLanguage":"sv-SE","potentialAction":[{"@type":"ReadAction","target":["https:\/\/abilica.com\/sv\/styrka\/lagring\/abilica-platetree-50-mm\/"]}]},{"@type":"ImageObject","inLanguage":"sv-SE","@id":"https:\/\/abilica.com\/sv\/styrka\/lagring\/abilica-platetree-50-mm\/#primaryimage","url":"https:\/\/abilica.com\/wp-content\/uploads\/2024\/09\/374861-Abilica-PlateTree-50mm_1.jpg","contentUrl":"https:\/\/abilica.com\/wp-content\/uploads\/2024\/09\/374861-Abilica-PlateTree-50mm_1.jpg","width":1200,"height":1200},{"@type":"BreadcrumbList","@id":"https:\/\/abilica.com\/sv\/styrka\/lagring\/abilica-platetree-50-mm\/#breadcrumb","itemListElement":[{"@type":"ListItem","position":1,"name":"Hem","item":"https:\/\/abilica.com\/sv\/"},{"@type":"ListItem","position":2,"name":"Produkter","item":"https:\/\/abilica.com\/sv\/shop\/"},{"@type":"ListItem","position":3,"name":"Abilica PlateTree 50 mm"}]},{"@type":"WebSite","@id":"https:\/\/abilica.com\/#website","url":"https:\/\/abilica.com\/","name":"Abilica","description":"Abilica Home Training","potentialAction":[{"@type":"SearchAction","target":{"@type":"EntryPoint","urlTemplate":"https:\/\/abilica.com\/?s={search_term_string}"},"query-input":{"@type":"PropertyValueSpecification","valueRequired":true,"valueName":"search_term_string"}}],"inLanguage":"sv-SE"}]}},"_links":{"self":[{"href":"https:\/\/abilica.com\/sv\/wp-json\/wp\/v2\/product\/67874","targetHints":{"allow":["GET"]}}],"collection":[{"href":"https:\/\/abilica.com\/sv\/wp-json\/wp\/v2\/product"}],"about":[{"href":"https:\/\/abilica.com\/sv\/wp-json\/wp\/v2\/types\/product"}],"wp:featuredmedia":[{"embeddable":true,"href":"https:\/\/abilica.com\/sv\/wp-json\/wp\/v2\/media\/67846"}],"wp:attachment":[{"href":"https:\/\/abilica.com\/sv\/wp-json\/wp\/v2\/media?parent=67874"}],"wp:term":[{"taxonomy":"product_brand","embeddable":true,"href":"https:\/\/abilica.com\/sv\/wp-json\/wp\/v2\/product_brand?post=67874"},{"taxonomy":"product_cat","embeddable":true,"href":"https:\/\/abilica.com\/sv\/wp-json\/wp\/v2\/product_cat?post=67874"},{"taxonomy":"product_tag","embeddable":true,"href":"https:\/\/abilica.com\/sv\/wp-json\/wp\/v2\/product_tag?post=67874"}],"curies":[{"name":"wp","href":"https:\/\/api.w.org\/{rel}","templated":true}]}}