{"id":67875,"date":"2024-09-10T08:05:33","date_gmt":"2024-09-10T07:05:33","guid":{"rendered":"https:\/\/abilica.com\/?post_type=product&#038;p=67875"},"modified":"2025-10-20T08:55:19","modified_gmt":"2025-10-20T07:55:19","slug":"abilica-wallstorage-weightplates","status":"publish","type":"product","link":"https:\/\/abilica.com\/sv\/styrka\/lagring\/abilica-wallstorage-weightplates\/","title":{"rendered":"Abilica WallStorage WeightPlates"},"content":{"rendered":"<div class=\"wpb-content-wrapper\"><p>[vc_row][vc_column][vc_column_text css=&#8221;&#8221; el_class=&#8221;product-video&#8221;]F\u00f6rvaringsst\u00e4ll f\u00f6r v\u00e4gg f\u00f6r 50 mm viktskivor.<\/p>\n<p>Abilica WallStorage WeightPlates \u00e4r ett v\u00e4ggf\u00f6rvaringssystem som kan monteras b\u00e5de vertikalt och horisontellt, beroende p\u00e5 hur du vill utforma ditt tr\u00e4ningsrum. St\u00e4llet passar lika bra i hemmagymmet som p\u00e5 f\u00f6retag. Varje f\u00f6rvaringspinne har en l\u00e4ngd p\u00e5 40 cm och en maximal belastning p\u00e5 100 kg per pinne.<\/p>\n<p>St\u00e4llet \u00e4r designat f\u00f6r att kunna f\u00f6rvara 50 mm viktskivor med en diameter p\u00e5 45 cm (IWF-standard) p\u00e5 alla tre f\u00f6rvaringspinnarna. Observera att maxvikten g\u00e4ller f\u00f6r sj\u00e4lva produkten och inte tar h\u00e4nsyn till hur mycket v\u00e4ggen, som produkten \u00e4r f\u00e4st vid, kan t\u00e5la. Expansionsskruvar f\u00f6r v\u00e4ggmontering medf\u00f6ljer. <span style=\"font-family: georgia, palatino, serif;\">S\u00e4ljs styckvis. Flera av bilderna visas med tv\u00e5 enheter.<\/span><\/p>\n<p><b>Specifikationer<\/b><br \/>\nM\u00e5tt: 115 x 40,5 x 10 cm (L x B x H vid horisontell montering)<br \/>\nL\u00e4ngd p\u00e5 f\u00f6rvaringspinne: 40 cm<br \/>\nSt\u00e5ltjocklek: 5 mm<br \/>\nMax belastning: 100 kg per f\u00f6rvaringspinne, totalt 300 kg<br \/>\nProduktvikt: 7,5 kg[\/vc_column_text][vc_empty_space height=&#8221;52px&#8221;][\/vc_column][\/vc_row]<\/p>\n<\/div>","protected":false},"excerpt":{"rendered":"<p>[vc_row][vc_column][vc_column_text css=&#8221;&#8221; el_class=&#8221;product-video&#8221;]F\u00f6rvaringsst\u00e4ll f\u00f6r v\u00e4gg f\u00f6r 50 mm viktskivor. Abilica WallStorage WeightPlates \u00e4r ett v\u00e4ggf\u00f6rvaringssystem&#8230;<\/p>\n","protected":false},"featured_media":67859,"template":"","meta":{"_acf_changed":false},"product_brand":[],"product_cat":[573,471],"product_tag":[49],"class_list":{"0":"post-67875","1":"product","2":"type-product","3":"status-publish","4":"has-post-thumbnail","6":"product_cat-lagring","7":"product_cat-styrka","8":"product_tag-premium","10":"first","11":"outofstock","12":"product-type-simple"},"acf":[],"yoast_head":"<!-- This site is optimized with the Yoast SEO Premium plugin v21.1 (Yoast SEO v25.4) - https:\/\/yoast.com\/wordpress\/plugins\/seo\/ -->\n<title>Abilica WallStorage WeightPlates Abilica<\/title>\n<meta name=\"robots\" content=\"index, follow, max-snippet:-1, max-image-preview:large, max-video-preview:-1\" \/>\n<link rel=\"canonical\" href=\"https:\/\/abilica.com\/sv\/styrka\/lagring\/abilica-wallstorage-weightplates\/\" \/>\n<meta property=\"og:locale\" content=\"sv_SE\" \/>\n<meta property=\"og:type\" content=\"article\" \/>\n<meta property=\"og:title\" content=\"Abilica WallStorage WeightPlates\" \/>\n<meta property=\"og:description\" content=\"[vc_row][vc_column][vc_column_text css=&#8221;&#8221; el_class=&#8221;product-video&#8221;]F\u00f6rvaringsst\u00e4ll f\u00f6r v\u00e4gg f\u00f6r 50 mm viktskivor. Abilica WallStorage WeightPlates \u00e4r ett v\u00e4ggf\u00f6rvaringssystem...\" \/>\n<meta property=\"og:url\" content=\"https:\/\/abilica.com\/sv\/styrka\/lagring\/abilica-wallstorage-weightplates\/\" \/>\n<meta property=\"og:site_name\" content=\"Abilica\" \/>\n<meta property=\"article:publisher\" content=\"https:\/\/www.facebook.com\/abilicahometraining\/\" \/>\n<meta property=\"article:modified_time\" content=\"2025-10-20T07:55:19+00:00\" \/>\n<meta property=\"og:image\" content=\"https:\/\/abilica.com\/wp-content\/uploads\/2024\/09\/408122-Abilica-WallStorage-WeightPlates_3.jpg\" \/>\n\t<meta property=\"og:image:width\" content=\"1200\" \/>\n\t<meta property=\"og:image:height\" content=\"1200\" \/>\n\t<meta property=\"og:image:type\" content=\"image\/jpeg\" \/>\n<meta name=\"twitter:card\" content=\"summary_large_image\" \/>\n<meta name=\"twitter:label1\" content=\"Ber\u00e4knad l\u00e4stid\" \/>\n\t<meta name=\"twitter:data1\" content=\"1 minut\" \/>\n<script type=\"application\/ld+json\" class=\"yoast-schema-graph\">{\"@context\":\"https:\/\/schema.org\",\"@graph\":[{\"@type\":\"WebPage\",\"@id\":\"https:\/\/abilica.com\/sv\/styrka\/lagring\/abilica-wallstorage-weightplates\/\",\"url\":\"https:\/\/abilica.com\/sv\/styrka\/lagring\/abilica-wallstorage-weightplates\/\",\"name\":\"Abilica WallStorage WeightPlates Abilica\",\"isPartOf\":{\"@id\":\"https:\/\/abilica.com\/#website\"},\"primaryImageOfPage\":{\"@id\":\"https:\/\/abilica.com\/sv\/styrka\/lagring\/abilica-wallstorage-weightplates\/#primaryimage\"},\"image\":{\"@id\":\"https:\/\/abilica.com\/sv\/styrka\/lagring\/abilica-wallstorage-weightplates\/#primaryimage\"},\"thumbnailUrl\":\"https:\/\/abilica.com\/wp-content\/uploads\/2024\/09\/408122-Abilica-WallStorage-WeightPlates_3.jpg\",\"datePublished\":\"2024-09-10T07:05:33+00:00\",\"dateModified\":\"2025-10-20T07:55:19+00:00\",\"breadcrumb\":{\"@id\":\"https:\/\/abilica.com\/sv\/styrka\/lagring\/abilica-wallstorage-weightplates\/#breadcrumb\"},\"inLanguage\":\"sv-SE\",\"potentialAction\":[{\"@type\":\"ReadAction\",\"target\":[\"https:\/\/abilica.com\/sv\/styrka\/lagring\/abilica-wallstorage-weightplates\/\"]}]},{\"@type\":\"ImageObject\",\"inLanguage\":\"sv-SE\",\"@id\":\"https:\/\/abilica.com\/sv\/styrka\/lagring\/abilica-wallstorage-weightplates\/#primaryimage\",\"url\":\"https:\/\/abilica.com\/wp-content\/uploads\/2024\/09\/408122-Abilica-WallStorage-WeightPlates_3.jpg\",\"contentUrl\":\"https:\/\/abilica.com\/wp-content\/uploads\/2024\/09\/408122-Abilica-WallStorage-WeightPlates_3.jpg\",\"width\":1200,\"height\":1200},{\"@type\":\"BreadcrumbList\",\"@id\":\"https:\/\/abilica.com\/sv\/styrka\/lagring\/abilica-wallstorage-weightplates\/#breadcrumb\",\"itemListElement\":[{\"@type\":\"ListItem\",\"position\":1,\"name\":\"Hem\",\"item\":\"https:\/\/abilica.com\/sv\/\"},{\"@type\":\"ListItem\",\"position\":2,\"name\":\"Produkter\",\"item\":\"https:\/\/abilica.com\/sv\/shop\/\"},{\"@type\":\"ListItem\",\"position\":3,\"name\":\"Abilica WallStorage WeightPlates\"}]},{\"@type\":\"WebSite\",\"@id\":\"https:\/\/abilica.com\/#website\",\"url\":\"https:\/\/abilica.com\/\",\"name\":\"Abilica\",\"description\":\"Abilica Home Training\",\"potentialAction\":[{\"@type\":\"SearchAction\",\"target\":{\"@type\":\"EntryPoint\",\"urlTemplate\":\"https:\/\/abilica.com\/?s={search_term_string}\"},\"query-input\":{\"@type\":\"PropertyValueSpecification\",\"valueRequired\":true,\"valueName\":\"search_term_string\"}}],\"inLanguage\":\"sv-SE\"}]}<\/script>\n<!-- \/ Yoast SEO Premium plugin. -->","yoast_head_json":{"title":"Abilica WallStorage WeightPlates Abilica","robots":{"index":"index","follow":"follow","max-snippet":"max-snippet:-1","max-image-preview":"max-image-preview:large","max-video-preview":"max-video-preview:-1"},"canonical":"https:\/\/abilica.com\/sv\/styrka\/lagring\/abilica-wallstorage-weightplates\/","og_locale":"sv_SE","og_type":"article","og_title":"Abilica WallStorage WeightPlates","og_description":"[vc_row][vc_column][vc_column_text css=&#8221;&#8221; el_class=&#8221;product-video&#8221;]F\u00f6rvaringsst\u00e4ll f\u00f6r v\u00e4gg f\u00f6r 50 mm viktskivor. Abilica WallStorage WeightPlates \u00e4r ett v\u00e4ggf\u00f6rvaringssystem...","og_url":"https:\/\/abilica.com\/sv\/styrka\/lagring\/abilica-wallstorage-weightplates\/","og_site_name":"Abilica","article_publisher":"https:\/\/www.facebook.com\/abilicahometraining\/","article_modified_time":"2025-10-20T07:55:19+00:00","og_image":[{"width":1200,"height":1200,"url":"https:\/\/abilica.com\/wp-content\/uploads\/2024\/09\/408122-Abilica-WallStorage-WeightPlates_3.jpg","type":"image\/jpeg"}],"twitter_card":"summary_large_image","twitter_misc":{"Ber\u00e4knad l\u00e4stid":"1 minut"},"schema":{"@context":"https:\/\/schema.org","@graph":[{"@type":"WebPage","@id":"https:\/\/abilica.com\/sv\/styrka\/lagring\/abilica-wallstorage-weightplates\/","url":"https:\/\/abilica.com\/sv\/styrka\/lagring\/abilica-wallstorage-weightplates\/","name":"Abilica WallStorage WeightPlates Abilica","isPartOf":{"@id":"https:\/\/abilica.com\/#website"},"primaryImageOfPage":{"@id":"https:\/\/abilica.com\/sv\/styrka\/lagring\/abilica-wallstorage-weightplates\/#primaryimage"},"image":{"@id":"https:\/\/abilica.com\/sv\/styrka\/lagring\/abilica-wallstorage-weightplates\/#primaryimage"},"thumbnailUrl":"https:\/\/abilica.com\/wp-content\/uploads\/2024\/09\/408122-Abilica-WallStorage-WeightPlates_3.jpg","datePublished":"2024-09-10T07:05:33+00:00","dateModified":"2025-10-20T07:55:19+00:00","breadcrumb":{"@id":"https:\/\/abilica.com\/sv\/styrka\/lagring\/abilica-wallstorage-weightplates\/#breadcrumb"},"inLanguage":"sv-SE","potentialAction":[{"@type":"ReadAction","target":["https:\/\/abilica.com\/sv\/styrka\/lagring\/abilica-wallstorage-weightplates\/"]}]},{"@type":"ImageObject","inLanguage":"sv-SE","@id":"https:\/\/abilica.com\/sv\/styrka\/lagring\/abilica-wallstorage-weightplates\/#primaryimage","url":"https:\/\/abilica.com\/wp-content\/uploads\/2024\/09\/408122-Abilica-WallStorage-WeightPlates_3.jpg","contentUrl":"https:\/\/abilica.com\/wp-content\/uploads\/2024\/09\/408122-Abilica-WallStorage-WeightPlates_3.jpg","width":1200,"height":1200},{"@type":"BreadcrumbList","@id":"https:\/\/abilica.com\/sv\/styrka\/lagring\/abilica-wallstorage-weightplates\/#breadcrumb","itemListElement":[{"@type":"ListItem","position":1,"name":"Hem","item":"https:\/\/abilica.com\/sv\/"},{"@type":"ListItem","position":2,"name":"Produkter","item":"https:\/\/abilica.com\/sv\/shop\/"},{"@type":"ListItem","position":3,"name":"Abilica WallStorage WeightPlates"}]},{"@type":"WebSite","@id":"https:\/\/abilica.com\/#website","url":"https:\/\/abilica.com\/","name":"Abilica","description":"Abilica Home Training","potentialAction":[{"@type":"SearchAction","target":{"@type":"EntryPoint","urlTemplate":"https:\/\/abilica.com\/?s={search_term_string}"},"query-input":{"@type":"PropertyValueSpecification","valueRequired":true,"valueName":"search_term_string"}}],"inLanguage":"sv-SE"}]}},"_links":{"self":[{"href":"https:\/\/abilica.com\/sv\/wp-json\/wp\/v2\/product\/67875","targetHints":{"allow":["GET"]}}],"collection":[{"href":"https:\/\/abilica.com\/sv\/wp-json\/wp\/v2\/product"}],"about":[{"href":"https:\/\/abilica.com\/sv\/wp-json\/wp\/v2\/types\/product"}],"wp:featuredmedia":[{"embeddable":true,"href":"https:\/\/abilica.com\/sv\/wp-json\/wp\/v2\/media\/67859"}],"wp:attachment":[{"href":"https:\/\/abilica.com\/sv\/wp-json\/wp\/v2\/media?parent=67875"}],"wp:term":[{"taxonomy":"product_brand","embeddable":true,"href":"https:\/\/abilica.com\/sv\/wp-json\/wp\/v2\/product_brand?post=67875"},{"taxonomy":"product_cat","embeddable":true,"href":"https:\/\/abilica.com\/sv\/wp-json\/wp\/v2\/product_cat?post=67875"},{"taxonomy":"product_tag","embeddable":true,"href":"https:\/\/abilica.com\/sv\/wp-json\/wp\/v2\/product_tag?post=67875"}],"curies":[{"name":"wp","href":"https:\/\/api.w.org\/{rel}","templated":true}]}}