{"id":67903,"date":"2024-09-11T13:35:19","date_gmt":"2024-09-11T12:35:19","guid":{"rendered":"https:\/\/abilica.com\/?post_type=product&#038;p=67903"},"modified":"2025-10-20T08:46:08","modified_gmt":"2025-10-20T07:46:08","slug":"abilica-storagemodule-leg-100-cm","status":"publish","type":"product","link":"https:\/\/abilica.com\/sv\/styrka\/lagring\/abilica-storagemodule-leg-100-cm\/","title":{"rendered":"Abilica StorageModule Leg 100 cm"},"content":{"rendered":"<div class=\"wpb-content-wrapper\"><p>[vc_row][vc_column][vc_column_text el_class=&#8221;product-video&#8221;]Ben i 100 cm h\u00f6jd f\u00f6r f\u00f6rvaringssystemet Abilica StorageModule f\u00f6rvaringssystem. 100 cm ben f\u00f6r Abilica StorageModule f\u00f6rvaringssystem. Ben och hyllor kan k\u00f6pas separat f\u00f6r att bygga ditt personliga f\u00f6rvaringssystem som uppfyller dina behov. Abilica StorageModule Leg 100 cm s\u00e4ljs styckvis, s\u00e5 du kan v\u00e4lja att k\u00f6pa till exempel tv\u00e5 stycken 100 cm h\u00f6ga ben, eller tv\u00e5 stycken 150 cm h\u00f6ga ben och ett styck 100 cm h\u00f6gt ben f\u00f6r att skapa en sektion p\u00e5 100 cm och en h\u00f6gre sektion p\u00e5 150 cm i f\u00f6rvaringssystemet, f\u00f6rdelat p\u00e5 3 ben.<\/p>\n<p>Benen \u00e4r f\u00f6rsedda med gummiskydd f\u00f6r att skydda golvet och har expansionsskruvar f\u00f6r fasts\u00e4ttning i golvet vid behov. Abilica StorageModule f\u00f6rvaringssystem passar lika bra i ett hemmagym som p\u00e5 ett f\u00f6retag. M\u00e5nga av bilderna visar ett urval av olika kombinationer. Se produktnamn\/artikelnr. till priset f\u00f6r varje enskild del.<\/p>\n<p><b>Specifikationer<br \/>\n<\/b>M\u00e5tt sammansatt: 51 x 6 x 101 cm (L x B x H)<br \/>\nRamstorlek: 60 x 60 mm<span class=\"Apple-converted-space\">\u00a0 <\/span><br \/>\nSt\u00e5ltjocklek: 2 mm<br \/>\nH\u00e5lavst\u00e5nd: 5 cm<br \/>\nMax belastning: 500 kg<br \/>\nProduktvikt: 9 kg[\/vc_column_text][vc_empty_space height=&#8221;52px&#8221;][vc_btn title=&#8221;Anv\u00e4ndarmanual&#8221; style=&#8221;flat&#8221; color=&#8221;black&#8221; i_icon_fontawesome=&#8221;far fa-file-pdf&#8221; add_icon=&#8221;true&#8221; link=&#8221;url:https%3A%2F%2Fabilica.com%2Fwp-content%2Fuploads%2F2024%2F09%2FAB_StorageModule-240311.pdf&#8221;][\/vc_column][\/vc_row]<\/p>\n<\/div>","protected":false},"excerpt":{"rendered":"<p>[vc_row][vc_column][vc_column_text el_class=&#8221;product-video&#8221;]Ben i 100 cm h\u00f6jd f\u00f6r f\u00f6rvaringssystemet Abilica StorageModule f\u00f6rvaringssystem. 100 cm ben f\u00f6r&#8230;<\/p>\n","protected":false},"featured_media":67887,"template":"","meta":{"_acf_changed":false},"product_brand":[],"product_cat":[573,471],"product_tag":[49],"class_list":{"0":"post-67903","1":"product","2":"type-product","3":"status-publish","4":"has-post-thumbnail","6":"product_cat-lagring","7":"product_cat-styrka","8":"product_tag-premium","10":"first","11":"outofstock","12":"product-type-simple"},"acf":[],"yoast_head":"<!-- This site is optimized with the Yoast SEO Premium plugin v21.1 (Yoast SEO v25.4) - https:\/\/yoast.com\/wordpress\/plugins\/seo\/ -->\n<title>Abilica StorageModule Leg 100 cm Abilica<\/title>\n<meta name=\"robots\" content=\"index, follow, max-snippet:-1, max-image-preview:large, max-video-preview:-1\" \/>\n<link rel=\"canonical\" href=\"https:\/\/abilica.com\/sv\/styrka\/lagring\/abilica-storagemodule-leg-100-cm\/\" \/>\n<meta property=\"og:locale\" content=\"sv_SE\" \/>\n<meta property=\"og:type\" content=\"article\" \/>\n<meta property=\"og:title\" content=\"Abilica StorageModule Leg 100 cm\" \/>\n<meta property=\"og:description\" content=\"[vc_row][vc_column][vc_column_text el_class=&#8221;product-video&#8221;]Ben i 100 cm h\u00f6jd f\u00f6r f\u00f6rvaringssystemet Abilica StorageModule f\u00f6rvaringssystem. 100 cm ben f\u00f6r...\" \/>\n<meta property=\"og:url\" content=\"https:\/\/abilica.com\/sv\/styrka\/lagring\/abilica-storagemodule-leg-100-cm\/\" \/>\n<meta property=\"og:site_name\" content=\"Abilica\" \/>\n<meta property=\"article:publisher\" content=\"https:\/\/www.facebook.com\/abilicahometraining\/\" \/>\n<meta property=\"article:modified_time\" content=\"2025-10-20T07:46:08+00:00\" \/>\n<meta property=\"og:image\" content=\"https:\/\/abilica.com\/wp-content\/uploads\/2024\/09\/408112.leg100.jpg\" \/>\n\t<meta property=\"og:image:width\" content=\"1200\" \/>\n\t<meta property=\"og:image:height\" content=\"1200\" \/>\n\t<meta property=\"og:image:type\" content=\"image\/jpeg\" \/>\n<meta name=\"twitter:card\" content=\"summary_large_image\" \/>\n<meta name=\"twitter:label1\" content=\"Ber\u00e4knad l\u00e4stid\" \/>\n\t<meta name=\"twitter:data1\" content=\"1 minut\" \/>\n<script type=\"application\/ld+json\" class=\"yoast-schema-graph\">{\"@context\":\"https:\/\/schema.org\",\"@graph\":[{\"@type\":\"WebPage\",\"@id\":\"https:\/\/abilica.com\/sv\/styrka\/lagring\/abilica-storagemodule-leg-100-cm\/\",\"url\":\"https:\/\/abilica.com\/sv\/styrka\/lagring\/abilica-storagemodule-leg-100-cm\/\",\"name\":\"Abilica StorageModule Leg 100 cm Abilica\",\"isPartOf\":{\"@id\":\"https:\/\/abilica.com\/#website\"},\"primaryImageOfPage\":{\"@id\":\"https:\/\/abilica.com\/sv\/styrka\/lagring\/abilica-storagemodule-leg-100-cm\/#primaryimage\"},\"image\":{\"@id\":\"https:\/\/abilica.com\/sv\/styrka\/lagring\/abilica-storagemodule-leg-100-cm\/#primaryimage\"},\"thumbnailUrl\":\"https:\/\/abilica.com\/wp-content\/uploads\/2024\/09\/408112.leg100.jpg\",\"datePublished\":\"2024-09-11T12:35:19+00:00\",\"dateModified\":\"2025-10-20T07:46:08+00:00\",\"breadcrumb\":{\"@id\":\"https:\/\/abilica.com\/sv\/styrka\/lagring\/abilica-storagemodule-leg-100-cm\/#breadcrumb\"},\"inLanguage\":\"sv-SE\",\"potentialAction\":[{\"@type\":\"ReadAction\",\"target\":[\"https:\/\/abilica.com\/sv\/styrka\/lagring\/abilica-storagemodule-leg-100-cm\/\"]}]},{\"@type\":\"ImageObject\",\"inLanguage\":\"sv-SE\",\"@id\":\"https:\/\/abilica.com\/sv\/styrka\/lagring\/abilica-storagemodule-leg-100-cm\/#primaryimage\",\"url\":\"https:\/\/abilica.com\/wp-content\/uploads\/2024\/09\/408112.leg100.jpg\",\"contentUrl\":\"https:\/\/abilica.com\/wp-content\/uploads\/2024\/09\/408112.leg100.jpg\",\"width\":1200,\"height\":1200},{\"@type\":\"BreadcrumbList\",\"@id\":\"https:\/\/abilica.com\/sv\/styrka\/lagring\/abilica-storagemodule-leg-100-cm\/#breadcrumb\",\"itemListElement\":[{\"@type\":\"ListItem\",\"position\":1,\"name\":\"Hem\",\"item\":\"https:\/\/abilica.com\/sv\/\"},{\"@type\":\"ListItem\",\"position\":2,\"name\":\"Produkter\",\"item\":\"https:\/\/abilica.com\/sv\/shop\/\"},{\"@type\":\"ListItem\",\"position\":3,\"name\":\"Abilica StorageModule Leg 100 cm\"}]},{\"@type\":\"WebSite\",\"@id\":\"https:\/\/abilica.com\/#website\",\"url\":\"https:\/\/abilica.com\/\",\"name\":\"Abilica\",\"description\":\"Abilica Home Training\",\"potentialAction\":[{\"@type\":\"SearchAction\",\"target\":{\"@type\":\"EntryPoint\",\"urlTemplate\":\"https:\/\/abilica.com\/?s={search_term_string}\"},\"query-input\":{\"@type\":\"PropertyValueSpecification\",\"valueRequired\":true,\"valueName\":\"search_term_string\"}}],\"inLanguage\":\"sv-SE\"}]}<\/script>\n<!-- \/ Yoast SEO Premium plugin. -->","yoast_head_json":{"title":"Abilica StorageModule Leg 100 cm Abilica","robots":{"index":"index","follow":"follow","max-snippet":"max-snippet:-1","max-image-preview":"max-image-preview:large","max-video-preview":"max-video-preview:-1"},"canonical":"https:\/\/abilica.com\/sv\/styrka\/lagring\/abilica-storagemodule-leg-100-cm\/","og_locale":"sv_SE","og_type":"article","og_title":"Abilica StorageModule Leg 100 cm","og_description":"[vc_row][vc_column][vc_column_text el_class=&#8221;product-video&#8221;]Ben i 100 cm h\u00f6jd f\u00f6r f\u00f6rvaringssystemet Abilica StorageModule f\u00f6rvaringssystem. 100 cm ben f\u00f6r...","og_url":"https:\/\/abilica.com\/sv\/styrka\/lagring\/abilica-storagemodule-leg-100-cm\/","og_site_name":"Abilica","article_publisher":"https:\/\/www.facebook.com\/abilicahometraining\/","article_modified_time":"2025-10-20T07:46:08+00:00","og_image":[{"width":1200,"height":1200,"url":"https:\/\/abilica.com\/wp-content\/uploads\/2024\/09\/408112.leg100.jpg","type":"image\/jpeg"}],"twitter_card":"summary_large_image","twitter_misc":{"Ber\u00e4knad l\u00e4stid":"1 minut"},"schema":{"@context":"https:\/\/schema.org","@graph":[{"@type":"WebPage","@id":"https:\/\/abilica.com\/sv\/styrka\/lagring\/abilica-storagemodule-leg-100-cm\/","url":"https:\/\/abilica.com\/sv\/styrka\/lagring\/abilica-storagemodule-leg-100-cm\/","name":"Abilica StorageModule Leg 100 cm Abilica","isPartOf":{"@id":"https:\/\/abilica.com\/#website"},"primaryImageOfPage":{"@id":"https:\/\/abilica.com\/sv\/styrka\/lagring\/abilica-storagemodule-leg-100-cm\/#primaryimage"},"image":{"@id":"https:\/\/abilica.com\/sv\/styrka\/lagring\/abilica-storagemodule-leg-100-cm\/#primaryimage"},"thumbnailUrl":"https:\/\/abilica.com\/wp-content\/uploads\/2024\/09\/408112.leg100.jpg","datePublished":"2024-09-11T12:35:19+00:00","dateModified":"2025-10-20T07:46:08+00:00","breadcrumb":{"@id":"https:\/\/abilica.com\/sv\/styrka\/lagring\/abilica-storagemodule-leg-100-cm\/#breadcrumb"},"inLanguage":"sv-SE","potentialAction":[{"@type":"ReadAction","target":["https:\/\/abilica.com\/sv\/styrka\/lagring\/abilica-storagemodule-leg-100-cm\/"]}]},{"@type":"ImageObject","inLanguage":"sv-SE","@id":"https:\/\/abilica.com\/sv\/styrka\/lagring\/abilica-storagemodule-leg-100-cm\/#primaryimage","url":"https:\/\/abilica.com\/wp-content\/uploads\/2024\/09\/408112.leg100.jpg","contentUrl":"https:\/\/abilica.com\/wp-content\/uploads\/2024\/09\/408112.leg100.jpg","width":1200,"height":1200},{"@type":"BreadcrumbList","@id":"https:\/\/abilica.com\/sv\/styrka\/lagring\/abilica-storagemodule-leg-100-cm\/#breadcrumb","itemListElement":[{"@type":"ListItem","position":1,"name":"Hem","item":"https:\/\/abilica.com\/sv\/"},{"@type":"ListItem","position":2,"name":"Produkter","item":"https:\/\/abilica.com\/sv\/shop\/"},{"@type":"ListItem","position":3,"name":"Abilica StorageModule Leg 100 cm"}]},{"@type":"WebSite","@id":"https:\/\/abilica.com\/#website","url":"https:\/\/abilica.com\/","name":"Abilica","description":"Abilica Home Training","potentialAction":[{"@type":"SearchAction","target":{"@type":"EntryPoint","urlTemplate":"https:\/\/abilica.com\/?s={search_term_string}"},"query-input":{"@type":"PropertyValueSpecification","valueRequired":true,"valueName":"search_term_string"}}],"inLanguage":"sv-SE"}]}},"_links":{"self":[{"href":"https:\/\/abilica.com\/sv\/wp-json\/wp\/v2\/product\/67903","targetHints":{"allow":["GET"]}}],"collection":[{"href":"https:\/\/abilica.com\/sv\/wp-json\/wp\/v2\/product"}],"about":[{"href":"https:\/\/abilica.com\/sv\/wp-json\/wp\/v2\/types\/product"}],"wp:featuredmedia":[{"embeddable":true,"href":"https:\/\/abilica.com\/sv\/wp-json\/wp\/v2\/media\/67887"}],"wp:attachment":[{"href":"https:\/\/abilica.com\/sv\/wp-json\/wp\/v2\/media?parent=67903"}],"wp:term":[{"taxonomy":"product_brand","embeddable":true,"href":"https:\/\/abilica.com\/sv\/wp-json\/wp\/v2\/product_brand?post=67903"},{"taxonomy":"product_cat","embeddable":true,"href":"https:\/\/abilica.com\/sv\/wp-json\/wp\/v2\/product_cat?post=67903"},{"taxonomy":"product_tag","embeddable":true,"href":"https:\/\/abilica.com\/sv\/wp-json\/wp\/v2\/product_tag?post=67903"}],"curies":[{"name":"wp","href":"https:\/\/api.w.org\/{rel}","templated":true}]}}