{"id":67906,"date":"2024-09-11T13:44:47","date_gmt":"2024-09-11T12:44:47","guid":{"rendered":"https:\/\/abilica.com\/?post_type=product&#038;p=67906"},"modified":"2025-07-29T09:28:37","modified_gmt":"2025-07-29T08:28:37","slug":"abilica-storagemodule-wallballshelf","status":"publish","type":"product","link":"https:\/\/abilica.com\/sv\/styrka\/lagring\/abilica-storagemodule-wallballshelf\/","title":{"rendered":"Abilica StorageModule WallballShelf"},"content":{"rendered":"<div class=\"wpb-content-wrapper\"><p>[vc_row][vc_column][vc_column_text el_class=&#8221;product-video&#8221;]Modul som \u00e4r s\u00e4rskilt v\u00e4l l\u00e4mpad f\u00f6r f\u00f6rvaring av olika tr\u00e4ningsbollar.<span class=\"Apple-converted-space\">\u00a0<\/span>121 cm l\u00e5ng hylla med \u00f6ppning i mitten, perfekt f\u00f6r f\u00f6rvaring av olika typer av bollar (v\u00e4ggbollar, slambollar, medicinbollar och fitnessbollar). Avst\u00e5ndet mellan st\u00e4ngerna i modulen \u00e4r 20 cm, vilket g\u00f6r den l\u00e4mplig f\u00f6r f\u00f6rvaring av b\u00e5de stora och sm\u00e5 bollar. Modulen \u00e4r \u00e4ven idealisk f\u00f6r att h\u00e4nga upp viktv\u00e4star eller res\u00e5rband n\u00e4r de inte anv\u00e4nds.<\/p>\n<p>Hyllor och ben kan k\u00f6pas separat f\u00f6r att bygga ditt personliga f\u00f6rvaringssystem som uppfyller dina behov. Denna modul kan enkelt kombineras med StorageModule DumbBell Shelf, KettleBell Shelf eller WeightPlate Shelf f\u00f6r ett komplett f\u00f6rvaringsst\u00e4ll i ditt hemmagym eller p\u00e5 f\u00f6retaget.<\/p>\n<p>Skruvar f\u00f6r montering p\u00e5 StorageModule Leg 100\/150 cm ing\u00e5r. S\u00e4ljs styckvis. M\u00e5nga av bilderna visar olika kombinationsm\u00f6jligheter. Se produktnamn\/artikelnummer f\u00f6r prisinformation f\u00f6r varje enskild del.<\/p>\n<p><b><br \/>\nSpecifikationer<br \/>\n<\/b>M\u00e5tt: 121 x 28 x 6 cm (L x B x H)<br \/>\nSt\u00e5ltjocklek: 1,5 mm r\u00f6r<br \/>\nMax arbetsbelastning: 100 kg<br \/>\nProduktvikt: 6 kg[\/vc_column_text][vc_empty_space height=&#8221;52px&#8221;][vc_btn title=&#8221;Anv\u00e4ndarmanual&#8221; style=&#8221;flat&#8221; color=&#8221;black&#8221; i_icon_fontawesome=&#8221;far fa-file-pdf&#8221; add_icon=&#8221;true&#8221; link=&#8221;url:https%3A%2F%2Fabilica.com%2Fwp-content%2Fuploads%2F2024%2F09%2FAB_StorageModule-240311.pdf&#8221;][\/vc_column][\/vc_row]<\/p>\n<\/div>","protected":false},"excerpt":{"rendered":"<p>[vc_row][vc_column][vc_column_text el_class=&#8221;product-video&#8221;]Modul som \u00e4r s\u00e4rskilt v\u00e4l l\u00e4mpad f\u00f6r f\u00f6rvaring av olika tr\u00e4ningsbollar.\u00a0121 cm l\u00e5ng hylla&#8230;<\/p>\n","protected":false},"featured_media":67893,"template":"","meta":{"_acf_changed":false},"product_brand":[],"product_cat":[573,471],"product_tag":[49],"class_list":{"0":"post-67906","1":"product","2":"type-product","3":"status-publish","4":"has-post-thumbnail","6":"product_cat-lagring","7":"product_cat-styrka","8":"product_tag-premium","10":"first","11":"outofstock","12":"product-type-simple"},"acf":[],"yoast_head":"<!-- This site is optimized with the Yoast SEO Premium plugin v21.1 (Yoast SEO v25.4) - https:\/\/yoast.com\/wordpress\/plugins\/seo\/ -->\n<title>Abilica StorageModule WallballShelf Abilica<\/title>\n<meta name=\"robots\" content=\"index, follow, max-snippet:-1, max-image-preview:large, max-video-preview:-1\" \/>\n<link rel=\"canonical\" href=\"https:\/\/abilica.com\/sv\/styrka\/lagring\/abilica-storagemodule-wallballshelf\/\" \/>\n<meta property=\"og:locale\" content=\"sv_SE\" \/>\n<meta property=\"og:type\" content=\"article\" \/>\n<meta property=\"og:title\" content=\"Abilica StorageModule WallballShelf\" \/>\n<meta property=\"og:description\" content=\"[vc_row][vc_column][vc_column_text el_class=&#8221;product-video&#8221;]Modul som \u00e4r s\u00e4rskilt v\u00e4l l\u00e4mpad f\u00f6r f\u00f6rvaring av olika tr\u00e4ningsbollar.\u00a0121 cm l\u00e5ng hylla...\" \/>\n<meta property=\"og:url\" content=\"https:\/\/abilica.com\/sv\/styrka\/lagring\/abilica-storagemodule-wallballshelf\/\" \/>\n<meta property=\"og:site_name\" content=\"Abilica\" \/>\n<meta property=\"article:publisher\" content=\"https:\/\/www.facebook.com\/abilicahometraining\/\" \/>\n<meta property=\"article:modified_time\" content=\"2025-07-29T08:28:37+00:00\" \/>\n<meta property=\"og:image\" content=\"https:\/\/abilica.com\/wp-content\/uploads\/2024\/09\/408114.wallBallShelf.jpg\" \/>\n\t<meta property=\"og:image:width\" content=\"1200\" \/>\n\t<meta property=\"og:image:height\" content=\"1200\" \/>\n\t<meta property=\"og:image:type\" content=\"image\/jpeg\" \/>\n<meta name=\"twitter:card\" content=\"summary_large_image\" \/>\n<meta name=\"twitter:label1\" content=\"Ber\u00e4knad l\u00e4stid\" \/>\n\t<meta name=\"twitter:data1\" content=\"1 minut\" \/>\n<script type=\"application\/ld+json\" class=\"yoast-schema-graph\">{\"@context\":\"https:\/\/schema.org\",\"@graph\":[{\"@type\":\"WebPage\",\"@id\":\"https:\/\/abilica.com\/sv\/styrka\/lagring\/abilica-storagemodule-wallballshelf\/\",\"url\":\"https:\/\/abilica.com\/sv\/styrka\/lagring\/abilica-storagemodule-wallballshelf\/\",\"name\":\"Abilica StorageModule WallballShelf Abilica\",\"isPartOf\":{\"@id\":\"https:\/\/abilica.com\/#website\"},\"primaryImageOfPage\":{\"@id\":\"https:\/\/abilica.com\/sv\/styrka\/lagring\/abilica-storagemodule-wallballshelf\/#primaryimage\"},\"image\":{\"@id\":\"https:\/\/abilica.com\/sv\/styrka\/lagring\/abilica-storagemodule-wallballshelf\/#primaryimage\"},\"thumbnailUrl\":\"https:\/\/abilica.com\/wp-content\/uploads\/2024\/09\/408114.wallBallShelf.jpg\",\"datePublished\":\"2024-09-11T12:44:47+00:00\",\"dateModified\":\"2025-07-29T08:28:37+00:00\",\"breadcrumb\":{\"@id\":\"https:\/\/abilica.com\/sv\/styrka\/lagring\/abilica-storagemodule-wallballshelf\/#breadcrumb\"},\"inLanguage\":\"sv-SE\",\"potentialAction\":[{\"@type\":\"ReadAction\",\"target\":[\"https:\/\/abilica.com\/sv\/styrka\/lagring\/abilica-storagemodule-wallballshelf\/\"]}]},{\"@type\":\"ImageObject\",\"inLanguage\":\"sv-SE\",\"@id\":\"https:\/\/abilica.com\/sv\/styrka\/lagring\/abilica-storagemodule-wallballshelf\/#primaryimage\",\"url\":\"https:\/\/abilica.com\/wp-content\/uploads\/2024\/09\/408114.wallBallShelf.jpg\",\"contentUrl\":\"https:\/\/abilica.com\/wp-content\/uploads\/2024\/09\/408114.wallBallShelf.jpg\",\"width\":1200,\"height\":1200},{\"@type\":\"BreadcrumbList\",\"@id\":\"https:\/\/abilica.com\/sv\/styrka\/lagring\/abilica-storagemodule-wallballshelf\/#breadcrumb\",\"itemListElement\":[{\"@type\":\"ListItem\",\"position\":1,\"name\":\"Hem\",\"item\":\"https:\/\/abilica.com\/sv\/\"},{\"@type\":\"ListItem\",\"position\":2,\"name\":\"Produkter\",\"item\":\"https:\/\/abilica.com\/sv\/shop\/\"},{\"@type\":\"ListItem\",\"position\":3,\"name\":\"Abilica StorageModule WallballShelf\"}]},{\"@type\":\"WebSite\",\"@id\":\"https:\/\/abilica.com\/#website\",\"url\":\"https:\/\/abilica.com\/\",\"name\":\"Abilica\",\"description\":\"Abilica Home Training\",\"potentialAction\":[{\"@type\":\"SearchAction\",\"target\":{\"@type\":\"EntryPoint\",\"urlTemplate\":\"https:\/\/abilica.com\/?s={search_term_string}\"},\"query-input\":{\"@type\":\"PropertyValueSpecification\",\"valueRequired\":true,\"valueName\":\"search_term_string\"}}],\"inLanguage\":\"sv-SE\"}]}<\/script>\n<!-- \/ Yoast SEO Premium plugin. -->","yoast_head_json":{"title":"Abilica StorageModule WallballShelf Abilica","robots":{"index":"index","follow":"follow","max-snippet":"max-snippet:-1","max-image-preview":"max-image-preview:large","max-video-preview":"max-video-preview:-1"},"canonical":"https:\/\/abilica.com\/sv\/styrka\/lagring\/abilica-storagemodule-wallballshelf\/","og_locale":"sv_SE","og_type":"article","og_title":"Abilica StorageModule WallballShelf","og_description":"[vc_row][vc_column][vc_column_text el_class=&#8221;product-video&#8221;]Modul som \u00e4r s\u00e4rskilt v\u00e4l l\u00e4mpad f\u00f6r f\u00f6rvaring av olika tr\u00e4ningsbollar.\u00a0121 cm l\u00e5ng hylla...","og_url":"https:\/\/abilica.com\/sv\/styrka\/lagring\/abilica-storagemodule-wallballshelf\/","og_site_name":"Abilica","article_publisher":"https:\/\/www.facebook.com\/abilicahometraining\/","article_modified_time":"2025-07-29T08:28:37+00:00","og_image":[{"width":1200,"height":1200,"url":"https:\/\/abilica.com\/wp-content\/uploads\/2024\/09\/408114.wallBallShelf.jpg","type":"image\/jpeg"}],"twitter_card":"summary_large_image","twitter_misc":{"Ber\u00e4knad l\u00e4stid":"1 minut"},"schema":{"@context":"https:\/\/schema.org","@graph":[{"@type":"WebPage","@id":"https:\/\/abilica.com\/sv\/styrka\/lagring\/abilica-storagemodule-wallballshelf\/","url":"https:\/\/abilica.com\/sv\/styrka\/lagring\/abilica-storagemodule-wallballshelf\/","name":"Abilica StorageModule WallballShelf Abilica","isPartOf":{"@id":"https:\/\/abilica.com\/#website"},"primaryImageOfPage":{"@id":"https:\/\/abilica.com\/sv\/styrka\/lagring\/abilica-storagemodule-wallballshelf\/#primaryimage"},"image":{"@id":"https:\/\/abilica.com\/sv\/styrka\/lagring\/abilica-storagemodule-wallballshelf\/#primaryimage"},"thumbnailUrl":"https:\/\/abilica.com\/wp-content\/uploads\/2024\/09\/408114.wallBallShelf.jpg","datePublished":"2024-09-11T12:44:47+00:00","dateModified":"2025-07-29T08:28:37+00:00","breadcrumb":{"@id":"https:\/\/abilica.com\/sv\/styrka\/lagring\/abilica-storagemodule-wallballshelf\/#breadcrumb"},"inLanguage":"sv-SE","potentialAction":[{"@type":"ReadAction","target":["https:\/\/abilica.com\/sv\/styrka\/lagring\/abilica-storagemodule-wallballshelf\/"]}]},{"@type":"ImageObject","inLanguage":"sv-SE","@id":"https:\/\/abilica.com\/sv\/styrka\/lagring\/abilica-storagemodule-wallballshelf\/#primaryimage","url":"https:\/\/abilica.com\/wp-content\/uploads\/2024\/09\/408114.wallBallShelf.jpg","contentUrl":"https:\/\/abilica.com\/wp-content\/uploads\/2024\/09\/408114.wallBallShelf.jpg","width":1200,"height":1200},{"@type":"BreadcrumbList","@id":"https:\/\/abilica.com\/sv\/styrka\/lagring\/abilica-storagemodule-wallballshelf\/#breadcrumb","itemListElement":[{"@type":"ListItem","position":1,"name":"Hem","item":"https:\/\/abilica.com\/sv\/"},{"@type":"ListItem","position":2,"name":"Produkter","item":"https:\/\/abilica.com\/sv\/shop\/"},{"@type":"ListItem","position":3,"name":"Abilica StorageModule WallballShelf"}]},{"@type":"WebSite","@id":"https:\/\/abilica.com\/#website","url":"https:\/\/abilica.com\/","name":"Abilica","description":"Abilica Home Training","potentialAction":[{"@type":"SearchAction","target":{"@type":"EntryPoint","urlTemplate":"https:\/\/abilica.com\/?s={search_term_string}"},"query-input":{"@type":"PropertyValueSpecification","valueRequired":true,"valueName":"search_term_string"}}],"inLanguage":"sv-SE"}]}},"_links":{"self":[{"href":"https:\/\/abilica.com\/sv\/wp-json\/wp\/v2\/product\/67906","targetHints":{"allow":["GET"]}}],"collection":[{"href":"https:\/\/abilica.com\/sv\/wp-json\/wp\/v2\/product"}],"about":[{"href":"https:\/\/abilica.com\/sv\/wp-json\/wp\/v2\/types\/product"}],"wp:featuredmedia":[{"embeddable":true,"href":"https:\/\/abilica.com\/sv\/wp-json\/wp\/v2\/media\/67893"}],"wp:attachment":[{"href":"https:\/\/abilica.com\/sv\/wp-json\/wp\/v2\/media?parent=67906"}],"wp:term":[{"taxonomy":"product_brand","embeddable":true,"href":"https:\/\/abilica.com\/sv\/wp-json\/wp\/v2\/product_brand?post=67906"},{"taxonomy":"product_cat","embeddable":true,"href":"https:\/\/abilica.com\/sv\/wp-json\/wp\/v2\/product_cat?post=67906"},{"taxonomy":"product_tag","embeddable":true,"href":"https:\/\/abilica.com\/sv\/wp-json\/wp\/v2\/product_tag?post=67906"}],"curies":[{"name":"wp","href":"https:\/\/api.w.org\/{rel}","templated":true}]}}