{"id":67909,"date":"2024-09-11T13:51:20","date_gmt":"2024-09-11T12:51:20","guid":{"rendered":"https:\/\/abilica.com\/?post_type=product&#038;p=67909"},"modified":"2025-10-20T08:53:27","modified_gmt":"2025-10-20T07:53:27","slug":"abilica-storagemodule-dumbbellshelf","status":"publish","type":"product","link":"https:\/\/abilica.com\/sv\/styrka\/lagring\/abilica-storagemodule-dumbbellshelf\/","title":{"rendered":"Abilica StorageModule DumbbellShelf"},"content":{"rendered":"<div class=\"wpb-content-wrapper\"><p>[vc_row][vc_column][vc_column_text el_class=&#8221;product-video&#8221;]F\u00f6rvaringshylla speciellt l\u00e4mplig f\u00f6r hantlar. 121 cm l\u00e5ng hylla, perfekt f\u00f6r f\u00f6rvaring av hantlar. Hyllan kan monteras b\u00e5de plant och i en 15-graders vinkel. Om vikten \u00e4r h\u00f6g rekommenderar vi att s\u00e4tta hyllan i en 15-graders vinkel f\u00f6r att underl\u00e4tta och skona handlederna n\u00e4r du tar ut eller l\u00e4gger tillbaka hantlarna. Hyllan har en st\u00e5ltjocklek p\u00e5 5 mm, vilket g\u00f6r den l\u00e4mplig f\u00f6r f\u00f6rvaring av tung utrustning upp till 300 kg.<\/p>\n<p>Hyllor och ben kan k\u00f6pas separat f\u00f6r att bygga ditt personliga f\u00f6rvaringssystem som uppfyller dina behov. Denna hylla kan enkelt kombineras med StorageModule KettleBell Shelf, WallBall Shelf eller WeightPlate Shelf f\u00f6r ett komplett f\u00f6rvaringsst\u00e4ll i ditt hemmagym eller p\u00e5 f\u00f6retaget.<\/p>\n<p>S\u00e4ljs styckvis. Skruvar f\u00f6r montering p\u00e5 StorageModule Leg 100\/150 cm ing\u00e5r. M\u00e5nga av bilderna visar olika kombinationsm\u00f6jligheter. Se produktnamn\/artikelnummer f\u00f6r prisinformation f\u00f6r varje enskild del.<\/p>\n<p><b>Specifikationer<br \/>\n<\/b>M\u00e5tt: 121 x 28 x 6 cm (L x B x H)<b><br \/>\n<\/b>St\u00e5ltjocklek: 5 mm<b><br \/>\n<\/b>Max viktbelastning: 300 kg<b><br \/>\n<\/b>Produktvikt: 9,3 kg[\/vc_column_text][vc_empty_space height=&#8221;52px&#8221;][vc_btn title=&#8221;Anv\u00e4ndarmanual&#8221; style=&#8221;flat&#8221; color=&#8221;black&#8221; i_icon_fontawesome=&#8221;far fa-file-pdf&#8221; add_icon=&#8221;true&#8221; link=&#8221;url:https%3A%2F%2Fabilica.com%2Fwp-content%2Fuploads%2F2024%2F09%2FAB_StorageModule-240311.pdf&#8221;][\/vc_column][\/vc_row]<\/p>\n<\/div>","protected":false},"excerpt":{"rendered":"<p>[vc_row][vc_column][vc_column_text el_class=&#8221;product-video&#8221;]F\u00f6rvaringshylla speciellt l\u00e4mplig f\u00f6r hantlar. 121 cm l\u00e5ng hylla, perfekt f\u00f6r f\u00f6rvaring av hantlar&#8230;.<\/p>\n","protected":false},"featured_media":67902,"template":"","meta":{"_acf_changed":false},"product_brand":[],"product_cat":[573,471],"product_tag":[49],"class_list":{"0":"post-67909","1":"product","2":"type-product","3":"status-publish","4":"has-post-thumbnail","6":"product_cat-lagring","7":"product_cat-styrka","8":"product_tag-premium","10":"first","11":"outofstock","12":"product-type-simple"},"acf":[],"yoast_head":"<!-- This site is optimized with the Yoast SEO Premium plugin v21.1 (Yoast SEO v25.4) - https:\/\/yoast.com\/wordpress\/plugins\/seo\/ -->\n<title>Abilica StorageModule DumbbellShelf Abilica<\/title>\n<meta name=\"robots\" content=\"index, follow, max-snippet:-1, max-image-preview:large, max-video-preview:-1\" \/>\n<link rel=\"canonical\" href=\"https:\/\/abilica.com\/sv\/styrka\/lagring\/abilica-storagemodule-dumbbellshelf\/\" \/>\n<meta property=\"og:locale\" content=\"sv_SE\" \/>\n<meta property=\"og:type\" content=\"article\" \/>\n<meta property=\"og:title\" content=\"Abilica StorageModule DumbbellShelf\" \/>\n<meta property=\"og:description\" content=\"[vc_row][vc_column][vc_column_text el_class=&#8221;product-video&#8221;]F\u00f6rvaringshylla speciellt l\u00e4mplig f\u00f6r hantlar. 121 cm l\u00e5ng hylla, perfekt f\u00f6r f\u00f6rvaring av hantlar....\" \/>\n<meta property=\"og:url\" content=\"https:\/\/abilica.com\/sv\/styrka\/lagring\/abilica-storagemodule-dumbbellshelf\/\" \/>\n<meta property=\"og:site_name\" content=\"Abilica\" \/>\n<meta property=\"article:publisher\" content=\"https:\/\/www.facebook.com\/abilicahometraining\/\" \/>\n<meta property=\"article:modified_time\" content=\"2025-10-20T07:53:27+00:00\" \/>\n<meta property=\"og:image\" content=\"https:\/\/abilica.com\/wp-content\/uploads\/2024\/09\/408117.DumbbellShelf.jpg\" \/>\n\t<meta property=\"og:image:width\" content=\"1200\" \/>\n\t<meta property=\"og:image:height\" content=\"1200\" \/>\n\t<meta property=\"og:image:type\" content=\"image\/jpeg\" \/>\n<meta name=\"twitter:card\" content=\"summary_large_image\" \/>\n<meta name=\"twitter:label1\" content=\"Ber\u00e4knad l\u00e4stid\" \/>\n\t<meta name=\"twitter:data1\" content=\"1 minut\" \/>\n<script type=\"application\/ld+json\" class=\"yoast-schema-graph\">{\"@context\":\"https:\/\/schema.org\",\"@graph\":[{\"@type\":\"WebPage\",\"@id\":\"https:\/\/abilica.com\/sv\/styrka\/lagring\/abilica-storagemodule-dumbbellshelf\/\",\"url\":\"https:\/\/abilica.com\/sv\/styrka\/lagring\/abilica-storagemodule-dumbbellshelf\/\",\"name\":\"Abilica StorageModule DumbbellShelf Abilica\",\"isPartOf\":{\"@id\":\"https:\/\/abilica.com\/#website\"},\"primaryImageOfPage\":{\"@id\":\"https:\/\/abilica.com\/sv\/styrka\/lagring\/abilica-storagemodule-dumbbellshelf\/#primaryimage\"},\"image\":{\"@id\":\"https:\/\/abilica.com\/sv\/styrka\/lagring\/abilica-storagemodule-dumbbellshelf\/#primaryimage\"},\"thumbnailUrl\":\"https:\/\/abilica.com\/wp-content\/uploads\/2024\/09\/408117.DumbbellShelf.jpg\",\"datePublished\":\"2024-09-11T12:51:20+00:00\",\"dateModified\":\"2025-10-20T07:53:27+00:00\",\"breadcrumb\":{\"@id\":\"https:\/\/abilica.com\/sv\/styrka\/lagring\/abilica-storagemodule-dumbbellshelf\/#breadcrumb\"},\"inLanguage\":\"sv-SE\",\"potentialAction\":[{\"@type\":\"ReadAction\",\"target\":[\"https:\/\/abilica.com\/sv\/styrka\/lagring\/abilica-storagemodule-dumbbellshelf\/\"]}]},{\"@type\":\"ImageObject\",\"inLanguage\":\"sv-SE\",\"@id\":\"https:\/\/abilica.com\/sv\/styrka\/lagring\/abilica-storagemodule-dumbbellshelf\/#primaryimage\",\"url\":\"https:\/\/abilica.com\/wp-content\/uploads\/2024\/09\/408117.DumbbellShelf.jpg\",\"contentUrl\":\"https:\/\/abilica.com\/wp-content\/uploads\/2024\/09\/408117.DumbbellShelf.jpg\",\"width\":1200,\"height\":1200},{\"@type\":\"BreadcrumbList\",\"@id\":\"https:\/\/abilica.com\/sv\/styrka\/lagring\/abilica-storagemodule-dumbbellshelf\/#breadcrumb\",\"itemListElement\":[{\"@type\":\"ListItem\",\"position\":1,\"name\":\"Hem\",\"item\":\"https:\/\/abilica.com\/sv\/\"},{\"@type\":\"ListItem\",\"position\":2,\"name\":\"Produkter\",\"item\":\"https:\/\/abilica.com\/sv\/shop\/\"},{\"@type\":\"ListItem\",\"position\":3,\"name\":\"Abilica StorageModule DumbbellShelf\"}]},{\"@type\":\"WebSite\",\"@id\":\"https:\/\/abilica.com\/#website\",\"url\":\"https:\/\/abilica.com\/\",\"name\":\"Abilica\",\"description\":\"Abilica Home Training\",\"potentialAction\":[{\"@type\":\"SearchAction\",\"target\":{\"@type\":\"EntryPoint\",\"urlTemplate\":\"https:\/\/abilica.com\/?s={search_term_string}\"},\"query-input\":{\"@type\":\"PropertyValueSpecification\",\"valueRequired\":true,\"valueName\":\"search_term_string\"}}],\"inLanguage\":\"sv-SE\"}]}<\/script>\n<!-- \/ Yoast SEO Premium plugin. -->","yoast_head_json":{"title":"Abilica StorageModule DumbbellShelf Abilica","robots":{"index":"index","follow":"follow","max-snippet":"max-snippet:-1","max-image-preview":"max-image-preview:large","max-video-preview":"max-video-preview:-1"},"canonical":"https:\/\/abilica.com\/sv\/styrka\/lagring\/abilica-storagemodule-dumbbellshelf\/","og_locale":"sv_SE","og_type":"article","og_title":"Abilica StorageModule DumbbellShelf","og_description":"[vc_row][vc_column][vc_column_text el_class=&#8221;product-video&#8221;]F\u00f6rvaringshylla speciellt l\u00e4mplig f\u00f6r hantlar. 121 cm l\u00e5ng hylla, perfekt f\u00f6r f\u00f6rvaring av hantlar....","og_url":"https:\/\/abilica.com\/sv\/styrka\/lagring\/abilica-storagemodule-dumbbellshelf\/","og_site_name":"Abilica","article_publisher":"https:\/\/www.facebook.com\/abilicahometraining\/","article_modified_time":"2025-10-20T07:53:27+00:00","og_image":[{"width":1200,"height":1200,"url":"https:\/\/abilica.com\/wp-content\/uploads\/2024\/09\/408117.DumbbellShelf.jpg","type":"image\/jpeg"}],"twitter_card":"summary_large_image","twitter_misc":{"Ber\u00e4knad l\u00e4stid":"1 minut"},"schema":{"@context":"https:\/\/schema.org","@graph":[{"@type":"WebPage","@id":"https:\/\/abilica.com\/sv\/styrka\/lagring\/abilica-storagemodule-dumbbellshelf\/","url":"https:\/\/abilica.com\/sv\/styrka\/lagring\/abilica-storagemodule-dumbbellshelf\/","name":"Abilica StorageModule DumbbellShelf Abilica","isPartOf":{"@id":"https:\/\/abilica.com\/#website"},"primaryImageOfPage":{"@id":"https:\/\/abilica.com\/sv\/styrka\/lagring\/abilica-storagemodule-dumbbellshelf\/#primaryimage"},"image":{"@id":"https:\/\/abilica.com\/sv\/styrka\/lagring\/abilica-storagemodule-dumbbellshelf\/#primaryimage"},"thumbnailUrl":"https:\/\/abilica.com\/wp-content\/uploads\/2024\/09\/408117.DumbbellShelf.jpg","datePublished":"2024-09-11T12:51:20+00:00","dateModified":"2025-10-20T07:53:27+00:00","breadcrumb":{"@id":"https:\/\/abilica.com\/sv\/styrka\/lagring\/abilica-storagemodule-dumbbellshelf\/#breadcrumb"},"inLanguage":"sv-SE","potentialAction":[{"@type":"ReadAction","target":["https:\/\/abilica.com\/sv\/styrka\/lagring\/abilica-storagemodule-dumbbellshelf\/"]}]},{"@type":"ImageObject","inLanguage":"sv-SE","@id":"https:\/\/abilica.com\/sv\/styrka\/lagring\/abilica-storagemodule-dumbbellshelf\/#primaryimage","url":"https:\/\/abilica.com\/wp-content\/uploads\/2024\/09\/408117.DumbbellShelf.jpg","contentUrl":"https:\/\/abilica.com\/wp-content\/uploads\/2024\/09\/408117.DumbbellShelf.jpg","width":1200,"height":1200},{"@type":"BreadcrumbList","@id":"https:\/\/abilica.com\/sv\/styrka\/lagring\/abilica-storagemodule-dumbbellshelf\/#breadcrumb","itemListElement":[{"@type":"ListItem","position":1,"name":"Hem","item":"https:\/\/abilica.com\/sv\/"},{"@type":"ListItem","position":2,"name":"Produkter","item":"https:\/\/abilica.com\/sv\/shop\/"},{"@type":"ListItem","position":3,"name":"Abilica StorageModule DumbbellShelf"}]},{"@type":"WebSite","@id":"https:\/\/abilica.com\/#website","url":"https:\/\/abilica.com\/","name":"Abilica","description":"Abilica Home Training","potentialAction":[{"@type":"SearchAction","target":{"@type":"EntryPoint","urlTemplate":"https:\/\/abilica.com\/?s={search_term_string}"},"query-input":{"@type":"PropertyValueSpecification","valueRequired":true,"valueName":"search_term_string"}}],"inLanguage":"sv-SE"}]}},"_links":{"self":[{"href":"https:\/\/abilica.com\/sv\/wp-json\/wp\/v2\/product\/67909","targetHints":{"allow":["GET"]}}],"collection":[{"href":"https:\/\/abilica.com\/sv\/wp-json\/wp\/v2\/product"}],"about":[{"href":"https:\/\/abilica.com\/sv\/wp-json\/wp\/v2\/types\/product"}],"wp:featuredmedia":[{"embeddable":true,"href":"https:\/\/abilica.com\/sv\/wp-json\/wp\/v2\/media\/67902"}],"wp:attachment":[{"href":"https:\/\/abilica.com\/sv\/wp-json\/wp\/v2\/media?parent=67909"}],"wp:term":[{"taxonomy":"product_brand","embeddable":true,"href":"https:\/\/abilica.com\/sv\/wp-json\/wp\/v2\/product_brand?post=67909"},{"taxonomy":"product_cat","embeddable":true,"href":"https:\/\/abilica.com\/sv\/wp-json\/wp\/v2\/product_cat?post=67909"},{"taxonomy":"product_tag","embeddable":true,"href":"https:\/\/abilica.com\/sv\/wp-json\/wp\/v2\/product_tag?post=67909"}],"curies":[{"name":"wp","href":"https:\/\/api.w.org\/{rel}","templated":true}]}}