{"id":67910,"date":"2024-09-11T13:54:03","date_gmt":"2024-09-11T12:54:03","guid":{"rendered":"https:\/\/abilica.com\/?post_type=product&#038;p=67910"},"modified":"2024-10-02T11:54:18","modified_gmt":"2024-10-02T10:54:18","slug":"abilica-dumbbellrack-tier-2","status":"publish","type":"product","link":"https:\/\/abilica.com\/sv\/styrka\/lagring\/abilica-dumbbellrack-tier-2\/","title":{"rendered":"Abilica DumbbellRack Tier-2"},"content":{"rendered":"<div class=\"wpb-content-wrapper\"><p>[vc_row][vc_column][vc_column_text el_class=&#8221;product-video&#8221;]Abilica DumbbellRack Tier-2 \u00e4r ett rej\u00e4lt hantelst\u00e4ll med 2 hyllor p\u00e5 121 cm l\u00e4ngd vardera med en total f\u00f6rvaringsyta p\u00e5 242 cm. Med en lagringskapacitet p\u00e5 300 kg per hylla, 600 kg. totalt kan den lagra hantlar oavsett vikt. Benen har en h\u00f6jd p\u00e5 100 cm och \u00e4r f\u00f6rsedda med gummiskydd f\u00f6r att ta hand om golvet samt expansionsskruvar f\u00f6r att f\u00e4sta i golvet vid behov.<span class=\"Apple-converted-space\">\u00a0<\/span><\/p>\n<p>Detta st\u00e4ll \u00e4r en del av Abilicas f\u00f6rvaringsmodulsystem, vilket g\u00f6r att du senare kan k\u00f6pa fler ben och hyllor f\u00f6r att ut\u00f6ka f\u00f6rvaringsm\u00f6jligheterna. Produkterna passar lika bra i ett tr\u00e4ningsrum hemma som p\u00e5 ett f\u00f6retag.<\/p>\n<p><b>Specifikationer<br \/>\n<\/b>M\u00e5tt monterad: 133 x 51 x 101 cm (L x B x H)<b><br \/>\n<\/b>St\u00e5ltjocklek: 2 mm p\u00e5 ben, 5 mm p\u00e5 hyllor<b><br \/>\n<\/b>Max viktbelastning: 300 kg per hylla, totalt 600 kg. <b><br \/>\n<\/b>Produktvikt: 36,6 kg<span class=\"Apple-converted-space\">\u00a0<\/span><\/p>\n<p><b>Inneh\u00e5ller<br \/>\n<\/b>Abilica StorageModule Leg 100 cm x 2 st<b><br \/>\n<\/b>Abilica StorageModule DumbBell Shelf x 2 stk[\/vc_column_text][vc_empty_space height=&#8221;52px&#8221;][vc_btn title=&#8221;Anv\u00e4ndarmanual&#8221; style=&#8221;flat&#8221; color=&#8221;black&#8221; i_icon_fontawesome=&#8221;far fa-file-pdf&#8221; add_icon=&#8221;true&#8221; link=&#8221;url:https%3A%2F%2Fabilica.com%2Fwp-content%2Fuploads%2F2024%2F09%2FAB_StorageModule-240311.pdf&#8221;][\/vc_column][\/vc_row]<\/p>\n<\/div>","protected":false},"excerpt":{"rendered":"<p>[vc_row][vc_column][vc_column_text el_class=&#8221;product-video&#8221;]Abilica DumbbellRack Tier-2 \u00e4r ett rej\u00e4lt hantelst\u00e4ll med 2 hyllor p\u00e5 121 cm l\u00e4ngd&#8230;<\/p>\n","protected":false},"featured_media":67926,"template":"","meta":{"_acf_changed":false},"product_brand":[],"product_cat":[573,471],"product_tag":[49],"class_list":{"0":"post-67910","1":"product","2":"type-product","3":"status-publish","4":"has-post-thumbnail","6":"product_cat-lagring","7":"product_cat-styrka","8":"product_tag-premium","10":"first","11":"outofstock","12":"product-type-simple"},"acf":[],"yoast_head":"<!-- This site is optimized with the Yoast SEO Premium plugin v21.1 (Yoast SEO v25.4) - https:\/\/yoast.com\/wordpress\/plugins\/seo\/ -->\n<title>Abilica DumbbellRack Tier-2 Abilica<\/title>\n<meta name=\"robots\" content=\"index, follow, max-snippet:-1, max-image-preview:large, max-video-preview:-1\" \/>\n<link rel=\"canonical\" href=\"https:\/\/abilica.com\/sv\/styrka\/lagring\/abilica-dumbbellrack-tier-2\/\" \/>\n<meta property=\"og:locale\" content=\"sv_SE\" \/>\n<meta property=\"og:type\" content=\"article\" \/>\n<meta property=\"og:title\" content=\"Abilica DumbbellRack Tier-2\" \/>\n<meta property=\"og:description\" content=\"[vc_row][vc_column][vc_column_text el_class=&#8221;product-video&#8221;]Abilica DumbbellRack Tier-2 \u00e4r ett rej\u00e4lt hantelst\u00e4ll med 2 hyllor p\u00e5 121 cm l\u00e4ngd...\" \/>\n<meta property=\"og:url\" content=\"https:\/\/abilica.com\/sv\/styrka\/lagring\/abilica-dumbbellrack-tier-2\/\" \/>\n<meta property=\"og:site_name\" content=\"Abilica\" \/>\n<meta property=\"article:publisher\" content=\"https:\/\/www.facebook.com\/abilicahometraining\/\" \/>\n<meta property=\"article:modified_time\" content=\"2024-10-02T10:54:18+00:00\" \/>\n<meta property=\"og:image\" content=\"https:\/\/abilica.com\/wp-content\/uploads\/2024\/09\/408117-Abilica-StorageModule-DumbbellShelf_3-3.jpg\" \/>\n\t<meta property=\"og:image:width\" content=\"1200\" \/>\n\t<meta property=\"og:image:height\" content=\"1200\" \/>\n\t<meta property=\"og:image:type\" content=\"image\/jpeg\" \/>\n<meta name=\"twitter:card\" content=\"summary_large_image\" \/>\n<meta name=\"twitter:label1\" content=\"Ber\u00e4knad l\u00e4stid\" \/>\n\t<meta name=\"twitter:data1\" content=\"1 minut\" \/>\n<script type=\"application\/ld+json\" class=\"yoast-schema-graph\">{\"@context\":\"https:\/\/schema.org\",\"@graph\":[{\"@type\":\"WebPage\",\"@id\":\"https:\/\/abilica.com\/sv\/styrka\/lagring\/abilica-dumbbellrack-tier-2\/\",\"url\":\"https:\/\/abilica.com\/sv\/styrka\/lagring\/abilica-dumbbellrack-tier-2\/\",\"name\":\"Abilica DumbbellRack Tier-2 Abilica\",\"isPartOf\":{\"@id\":\"https:\/\/abilica.com\/#website\"},\"primaryImageOfPage\":{\"@id\":\"https:\/\/abilica.com\/sv\/styrka\/lagring\/abilica-dumbbellrack-tier-2\/#primaryimage\"},\"image\":{\"@id\":\"https:\/\/abilica.com\/sv\/styrka\/lagring\/abilica-dumbbellrack-tier-2\/#primaryimage\"},\"thumbnailUrl\":\"https:\/\/abilica.com\/wp-content\/uploads\/2024\/09\/408117-Abilica-StorageModule-DumbbellShelf_3-3.jpg\",\"datePublished\":\"2024-09-11T12:54:03+00:00\",\"dateModified\":\"2024-10-02T10:54:18+00:00\",\"breadcrumb\":{\"@id\":\"https:\/\/abilica.com\/sv\/styrka\/lagring\/abilica-dumbbellrack-tier-2\/#breadcrumb\"},\"inLanguage\":\"sv-SE\",\"potentialAction\":[{\"@type\":\"ReadAction\",\"target\":[\"https:\/\/abilica.com\/sv\/styrka\/lagring\/abilica-dumbbellrack-tier-2\/\"]}]},{\"@type\":\"ImageObject\",\"inLanguage\":\"sv-SE\",\"@id\":\"https:\/\/abilica.com\/sv\/styrka\/lagring\/abilica-dumbbellrack-tier-2\/#primaryimage\",\"url\":\"https:\/\/abilica.com\/wp-content\/uploads\/2024\/09\/408117-Abilica-StorageModule-DumbbellShelf_3-3.jpg\",\"contentUrl\":\"https:\/\/abilica.com\/wp-content\/uploads\/2024\/09\/408117-Abilica-StorageModule-DumbbellShelf_3-3.jpg\",\"width\":1200,\"height\":1200},{\"@type\":\"BreadcrumbList\",\"@id\":\"https:\/\/abilica.com\/sv\/styrka\/lagring\/abilica-dumbbellrack-tier-2\/#breadcrumb\",\"itemListElement\":[{\"@type\":\"ListItem\",\"position\":1,\"name\":\"Hem\",\"item\":\"https:\/\/abilica.com\/sv\/\"},{\"@type\":\"ListItem\",\"position\":2,\"name\":\"Produkter\",\"item\":\"https:\/\/abilica.com\/sv\/shop\/\"},{\"@type\":\"ListItem\",\"position\":3,\"name\":\"Abilica DumbbellRack Tier-2\"}]},{\"@type\":\"WebSite\",\"@id\":\"https:\/\/abilica.com\/#website\",\"url\":\"https:\/\/abilica.com\/\",\"name\":\"Abilica\",\"description\":\"Abilica Home Training\",\"potentialAction\":[{\"@type\":\"SearchAction\",\"target\":{\"@type\":\"EntryPoint\",\"urlTemplate\":\"https:\/\/abilica.com\/?s={search_term_string}\"},\"query-input\":{\"@type\":\"PropertyValueSpecification\",\"valueRequired\":true,\"valueName\":\"search_term_string\"}}],\"inLanguage\":\"sv-SE\"}]}<\/script>\n<!-- \/ Yoast SEO Premium plugin. -->","yoast_head_json":{"title":"Abilica DumbbellRack Tier-2 Abilica","robots":{"index":"index","follow":"follow","max-snippet":"max-snippet:-1","max-image-preview":"max-image-preview:large","max-video-preview":"max-video-preview:-1"},"canonical":"https:\/\/abilica.com\/sv\/styrka\/lagring\/abilica-dumbbellrack-tier-2\/","og_locale":"sv_SE","og_type":"article","og_title":"Abilica DumbbellRack Tier-2","og_description":"[vc_row][vc_column][vc_column_text el_class=&#8221;product-video&#8221;]Abilica DumbbellRack Tier-2 \u00e4r ett rej\u00e4lt hantelst\u00e4ll med 2 hyllor p\u00e5 121 cm l\u00e4ngd...","og_url":"https:\/\/abilica.com\/sv\/styrka\/lagring\/abilica-dumbbellrack-tier-2\/","og_site_name":"Abilica","article_publisher":"https:\/\/www.facebook.com\/abilicahometraining\/","article_modified_time":"2024-10-02T10:54:18+00:00","og_image":[{"width":1200,"height":1200,"url":"https:\/\/abilica.com\/wp-content\/uploads\/2024\/09\/408117-Abilica-StorageModule-DumbbellShelf_3-3.jpg","type":"image\/jpeg"}],"twitter_card":"summary_large_image","twitter_misc":{"Ber\u00e4knad l\u00e4stid":"1 minut"},"schema":{"@context":"https:\/\/schema.org","@graph":[{"@type":"WebPage","@id":"https:\/\/abilica.com\/sv\/styrka\/lagring\/abilica-dumbbellrack-tier-2\/","url":"https:\/\/abilica.com\/sv\/styrka\/lagring\/abilica-dumbbellrack-tier-2\/","name":"Abilica DumbbellRack Tier-2 Abilica","isPartOf":{"@id":"https:\/\/abilica.com\/#website"},"primaryImageOfPage":{"@id":"https:\/\/abilica.com\/sv\/styrka\/lagring\/abilica-dumbbellrack-tier-2\/#primaryimage"},"image":{"@id":"https:\/\/abilica.com\/sv\/styrka\/lagring\/abilica-dumbbellrack-tier-2\/#primaryimage"},"thumbnailUrl":"https:\/\/abilica.com\/wp-content\/uploads\/2024\/09\/408117-Abilica-StorageModule-DumbbellShelf_3-3.jpg","datePublished":"2024-09-11T12:54:03+00:00","dateModified":"2024-10-02T10:54:18+00:00","breadcrumb":{"@id":"https:\/\/abilica.com\/sv\/styrka\/lagring\/abilica-dumbbellrack-tier-2\/#breadcrumb"},"inLanguage":"sv-SE","potentialAction":[{"@type":"ReadAction","target":["https:\/\/abilica.com\/sv\/styrka\/lagring\/abilica-dumbbellrack-tier-2\/"]}]},{"@type":"ImageObject","inLanguage":"sv-SE","@id":"https:\/\/abilica.com\/sv\/styrka\/lagring\/abilica-dumbbellrack-tier-2\/#primaryimage","url":"https:\/\/abilica.com\/wp-content\/uploads\/2024\/09\/408117-Abilica-StorageModule-DumbbellShelf_3-3.jpg","contentUrl":"https:\/\/abilica.com\/wp-content\/uploads\/2024\/09\/408117-Abilica-StorageModule-DumbbellShelf_3-3.jpg","width":1200,"height":1200},{"@type":"BreadcrumbList","@id":"https:\/\/abilica.com\/sv\/styrka\/lagring\/abilica-dumbbellrack-tier-2\/#breadcrumb","itemListElement":[{"@type":"ListItem","position":1,"name":"Hem","item":"https:\/\/abilica.com\/sv\/"},{"@type":"ListItem","position":2,"name":"Produkter","item":"https:\/\/abilica.com\/sv\/shop\/"},{"@type":"ListItem","position":3,"name":"Abilica DumbbellRack Tier-2"}]},{"@type":"WebSite","@id":"https:\/\/abilica.com\/#website","url":"https:\/\/abilica.com\/","name":"Abilica","description":"Abilica Home Training","potentialAction":[{"@type":"SearchAction","target":{"@type":"EntryPoint","urlTemplate":"https:\/\/abilica.com\/?s={search_term_string}"},"query-input":{"@type":"PropertyValueSpecification","valueRequired":true,"valueName":"search_term_string"}}],"inLanguage":"sv-SE"}]}},"_links":{"self":[{"href":"https:\/\/abilica.com\/sv\/wp-json\/wp\/v2\/product\/67910","targetHints":{"allow":["GET"]}}],"collection":[{"href":"https:\/\/abilica.com\/sv\/wp-json\/wp\/v2\/product"}],"about":[{"href":"https:\/\/abilica.com\/sv\/wp-json\/wp\/v2\/types\/product"}],"wp:featuredmedia":[{"embeddable":true,"href":"https:\/\/abilica.com\/sv\/wp-json\/wp\/v2\/media\/67926"}],"wp:attachment":[{"href":"https:\/\/abilica.com\/sv\/wp-json\/wp\/v2\/media?parent=67910"}],"wp:term":[{"taxonomy":"product_brand","embeddable":true,"href":"https:\/\/abilica.com\/sv\/wp-json\/wp\/v2\/product_brand?post=67910"},{"taxonomy":"product_cat","embeddable":true,"href":"https:\/\/abilica.com\/sv\/wp-json\/wp\/v2\/product_cat?post=67910"},{"taxonomy":"product_tag","embeddable":true,"href":"https:\/\/abilica.com\/sv\/wp-json\/wp\/v2\/product_tag?post=67910"}],"curies":[{"name":"wp","href":"https:\/\/api.w.org\/{rel}","templated":true}]}}