{"id":68037,"date":"2024-10-03T11:52:35","date_gmt":"2024-10-03T10:52:35","guid":{"rendered":"https:\/\/abilica.com\/?post_type=product&#038;p=68037"},"modified":"2025-11-12T14:02:51","modified_gmt":"2025-11-12T13:02:51","slug":"abilica-rotatinghandle","status":"publish","type":"product","link":"https:\/\/abilica.com\/sv\/styrka\/multigym-2\/abilica-rotatinghandle\/","title":{"rendered":"Abilica RotatingHandle"},"content":{"rendered":"<div class=\"wpb-content-wrapper\"><p>[vc_row][vc_column][vc_column_text el_class=&#8221;product-video&#8221;]Abilica Rotating Handle \u00e4r ett enhandshandtag f\u00f6r multigym, perfekt f\u00f6r enarms\u00f6vningar som kr\u00e4ver rotation i flera plan. Handtaget passar b\u00e5de f\u00f6r hemmatr\u00e4ning och kommersiellt bruk. Det \u00e4r tillverkat av robust st\u00e5l med en h\u00f6gkvalitativ svivel som m\u00f6jligg\u00f6r tv\u00e5ledsrotation. Ytan \u00e4r belagd med en h\u00e5rd kromlegering som ger ett stilrent, matt utseende, vilket \u00e4r b\u00e5de korrosionsbest\u00e4ndigt och slitstarkt, samt ger ett utm\u00e4rkt grepp. Legeringen \u00e4r tunnare \u00e4n vanlig krom, vilket f\u00f6rb\u00e4ttrar strukturen p\u00e5 handtagets r\u00e4fflor, och den matta finishen g\u00f6r handtaget extra l\u00e4mpligt f\u00f6r fuktiga h\u00e4nder.<\/p>\n<p>Med b\u00e5de roterande f\u00e4stpunkt f\u00f6r kabeln och ett roterande handtag skyddar detta redskap din handled och l\u00e5ter dig fokusera p\u00e5 r\u00e4tt teknik i kr\u00e4vande \u00f6vningar. Handtaget l\u00e4mpar sig s\u00e4rskilt v\u00e4l f\u00f6r inre och yttre axelrotationer. Greppbredden \u00e4r 12,5 cm och greppdiametern 28,5 mm. Observera att karbinhake inte ing\u00e5r. S\u00e4ljs styckvis.<\/p>\n<p><b>Specifikationer<br \/>\n<\/b>M\u00e5tt: 15,5 x 24,5 cm (L x H) <b><br \/>\n<\/b>Greppbredd: 12,5 cm<b><br \/>\n<\/b>Diameter grepp: 28,5 mm<b><br \/>\n<\/b>Serration: Hill<b><br \/>\n<\/b>Legering: H\u00e5rd krom<b><br \/>\n<\/b>Produktvikt: 1,8 kg <b><br \/>\n<\/b>Material: St\u00e5l[\/vc_column_text][vc_empty_space height=&#8221;52px&#8221;][\/vc_column][\/vc_row]<\/p>\n<\/div>","protected":false},"excerpt":{"rendered":"<p>[vc_row][vc_column][vc_column_text el_class=&#8221;product-video&#8221;]Abilica Rotating Handle \u00e4r ett enhandshandtag f\u00f6r multigym, perfekt f\u00f6r enarms\u00f6vningar som kr\u00e4ver rotation&#8230;<\/p>\n","protected":false},"featured_media":68009,"template":"","meta":{"_acf_changed":false},"product_brand":[],"product_cat":[483,471],"product_tag":[49],"class_list":{"0":"post-68037","1":"product","2":"type-product","3":"status-publish","4":"has-post-thumbnail","6":"product_cat-multigym-2","7":"product_cat-styrka","8":"product_tag-premium","10":"first","11":"outofstock","12":"product-type-simple"},"acf":[],"yoast_head":"<!-- This site is optimized with the Yoast SEO Premium plugin v21.1 (Yoast SEO v25.4) - https:\/\/yoast.com\/wordpress\/plugins\/seo\/ -->\n<title>Abilica RotatingHandle Abilica<\/title>\n<meta name=\"robots\" content=\"index, follow, max-snippet:-1, max-image-preview:large, max-video-preview:-1\" \/>\n<link rel=\"canonical\" href=\"https:\/\/abilica.com\/sv\/styrka\/multigym-2\/abilica-rotatinghandle\/\" \/>\n<meta property=\"og:locale\" content=\"sv_SE\" \/>\n<meta property=\"og:type\" content=\"article\" \/>\n<meta property=\"og:title\" content=\"Abilica RotatingHandle\" \/>\n<meta property=\"og:description\" content=\"[vc_row][vc_column][vc_column_text el_class=&#8221;product-video&#8221;]Abilica Rotating Handle \u00e4r ett enhandshandtag f\u00f6r multigym, perfekt f\u00f6r enarms\u00f6vningar som kr\u00e4ver rotation...\" \/>\n<meta property=\"og:url\" content=\"https:\/\/abilica.com\/sv\/styrka\/multigym-2\/abilica-rotatinghandle\/\" \/>\n<meta property=\"og:site_name\" content=\"Abilica\" \/>\n<meta property=\"article:publisher\" content=\"https:\/\/www.facebook.com\/abilicahometraining\/\" \/>\n<meta property=\"article:modified_time\" content=\"2025-11-12T13:02:51+00:00\" \/>\n<meta property=\"og:image\" content=\"https:\/\/abilica.com\/wp-content\/uploads\/2024\/10\/408127-Abilica-Rotaing-Handle_1.jpg\" \/>\n\t<meta property=\"og:image:width\" content=\"1200\" \/>\n\t<meta property=\"og:image:height\" content=\"1200\" \/>\n\t<meta property=\"og:image:type\" content=\"image\/jpeg\" \/>\n<meta name=\"twitter:card\" content=\"summary_large_image\" \/>\n<meta name=\"twitter:label1\" content=\"Ber\u00e4knad l\u00e4stid\" \/>\n\t<meta name=\"twitter:data1\" content=\"1 minut\" \/>\n<script type=\"application\/ld+json\" class=\"yoast-schema-graph\">{\"@context\":\"https:\/\/schema.org\",\"@graph\":[{\"@type\":\"WebPage\",\"@id\":\"https:\/\/abilica.com\/sv\/styrka\/multigym-2\/abilica-rotatinghandle\/\",\"url\":\"https:\/\/abilica.com\/sv\/styrka\/multigym-2\/abilica-rotatinghandle\/\",\"name\":\"Abilica RotatingHandle Abilica\",\"isPartOf\":{\"@id\":\"https:\/\/abilica.com\/#website\"},\"primaryImageOfPage\":{\"@id\":\"https:\/\/abilica.com\/sv\/styrka\/multigym-2\/abilica-rotatinghandle\/#primaryimage\"},\"image\":{\"@id\":\"https:\/\/abilica.com\/sv\/styrka\/multigym-2\/abilica-rotatinghandle\/#primaryimage\"},\"thumbnailUrl\":\"https:\/\/abilica.com\/wp-content\/uploads\/2024\/10\/408127-Abilica-Rotaing-Handle_1.jpg\",\"datePublished\":\"2024-10-03T10:52:35+00:00\",\"dateModified\":\"2025-11-12T13:02:51+00:00\",\"breadcrumb\":{\"@id\":\"https:\/\/abilica.com\/sv\/styrka\/multigym-2\/abilica-rotatinghandle\/#breadcrumb\"},\"inLanguage\":\"sv-SE\",\"potentialAction\":[{\"@type\":\"ReadAction\",\"target\":[\"https:\/\/abilica.com\/sv\/styrka\/multigym-2\/abilica-rotatinghandle\/\"]}]},{\"@type\":\"ImageObject\",\"inLanguage\":\"sv-SE\",\"@id\":\"https:\/\/abilica.com\/sv\/styrka\/multigym-2\/abilica-rotatinghandle\/#primaryimage\",\"url\":\"https:\/\/abilica.com\/wp-content\/uploads\/2024\/10\/408127-Abilica-Rotaing-Handle_1.jpg\",\"contentUrl\":\"https:\/\/abilica.com\/wp-content\/uploads\/2024\/10\/408127-Abilica-Rotaing-Handle_1.jpg\",\"width\":1200,\"height\":1200},{\"@type\":\"BreadcrumbList\",\"@id\":\"https:\/\/abilica.com\/sv\/styrka\/multigym-2\/abilica-rotatinghandle\/#breadcrumb\",\"itemListElement\":[{\"@type\":\"ListItem\",\"position\":1,\"name\":\"Hem\",\"item\":\"https:\/\/abilica.com\/sv\/\"},{\"@type\":\"ListItem\",\"position\":2,\"name\":\"Produkter\",\"item\":\"https:\/\/abilica.com\/sv\/shop\/\"},{\"@type\":\"ListItem\",\"position\":3,\"name\":\"Abilica RotatingHandle\"}]},{\"@type\":\"WebSite\",\"@id\":\"https:\/\/abilica.com\/#website\",\"url\":\"https:\/\/abilica.com\/\",\"name\":\"Abilica\",\"description\":\"Abilica Home Training\",\"potentialAction\":[{\"@type\":\"SearchAction\",\"target\":{\"@type\":\"EntryPoint\",\"urlTemplate\":\"https:\/\/abilica.com\/?s={search_term_string}\"},\"query-input\":{\"@type\":\"PropertyValueSpecification\",\"valueRequired\":true,\"valueName\":\"search_term_string\"}}],\"inLanguage\":\"sv-SE\"}]}<\/script>\n<!-- \/ Yoast SEO Premium plugin. -->","yoast_head_json":{"title":"Abilica RotatingHandle Abilica","robots":{"index":"index","follow":"follow","max-snippet":"max-snippet:-1","max-image-preview":"max-image-preview:large","max-video-preview":"max-video-preview:-1"},"canonical":"https:\/\/abilica.com\/sv\/styrka\/multigym-2\/abilica-rotatinghandle\/","og_locale":"sv_SE","og_type":"article","og_title":"Abilica RotatingHandle","og_description":"[vc_row][vc_column][vc_column_text el_class=&#8221;product-video&#8221;]Abilica Rotating Handle \u00e4r ett enhandshandtag f\u00f6r multigym, perfekt f\u00f6r enarms\u00f6vningar som kr\u00e4ver rotation...","og_url":"https:\/\/abilica.com\/sv\/styrka\/multigym-2\/abilica-rotatinghandle\/","og_site_name":"Abilica","article_publisher":"https:\/\/www.facebook.com\/abilicahometraining\/","article_modified_time":"2025-11-12T13:02:51+00:00","og_image":[{"width":1200,"height":1200,"url":"https:\/\/abilica.com\/wp-content\/uploads\/2024\/10\/408127-Abilica-Rotaing-Handle_1.jpg","type":"image\/jpeg"}],"twitter_card":"summary_large_image","twitter_misc":{"Ber\u00e4knad l\u00e4stid":"1 minut"},"schema":{"@context":"https:\/\/schema.org","@graph":[{"@type":"WebPage","@id":"https:\/\/abilica.com\/sv\/styrka\/multigym-2\/abilica-rotatinghandle\/","url":"https:\/\/abilica.com\/sv\/styrka\/multigym-2\/abilica-rotatinghandle\/","name":"Abilica RotatingHandle Abilica","isPartOf":{"@id":"https:\/\/abilica.com\/#website"},"primaryImageOfPage":{"@id":"https:\/\/abilica.com\/sv\/styrka\/multigym-2\/abilica-rotatinghandle\/#primaryimage"},"image":{"@id":"https:\/\/abilica.com\/sv\/styrka\/multigym-2\/abilica-rotatinghandle\/#primaryimage"},"thumbnailUrl":"https:\/\/abilica.com\/wp-content\/uploads\/2024\/10\/408127-Abilica-Rotaing-Handle_1.jpg","datePublished":"2024-10-03T10:52:35+00:00","dateModified":"2025-11-12T13:02:51+00:00","breadcrumb":{"@id":"https:\/\/abilica.com\/sv\/styrka\/multigym-2\/abilica-rotatinghandle\/#breadcrumb"},"inLanguage":"sv-SE","potentialAction":[{"@type":"ReadAction","target":["https:\/\/abilica.com\/sv\/styrka\/multigym-2\/abilica-rotatinghandle\/"]}]},{"@type":"ImageObject","inLanguage":"sv-SE","@id":"https:\/\/abilica.com\/sv\/styrka\/multigym-2\/abilica-rotatinghandle\/#primaryimage","url":"https:\/\/abilica.com\/wp-content\/uploads\/2024\/10\/408127-Abilica-Rotaing-Handle_1.jpg","contentUrl":"https:\/\/abilica.com\/wp-content\/uploads\/2024\/10\/408127-Abilica-Rotaing-Handle_1.jpg","width":1200,"height":1200},{"@type":"BreadcrumbList","@id":"https:\/\/abilica.com\/sv\/styrka\/multigym-2\/abilica-rotatinghandle\/#breadcrumb","itemListElement":[{"@type":"ListItem","position":1,"name":"Hem","item":"https:\/\/abilica.com\/sv\/"},{"@type":"ListItem","position":2,"name":"Produkter","item":"https:\/\/abilica.com\/sv\/shop\/"},{"@type":"ListItem","position":3,"name":"Abilica RotatingHandle"}]},{"@type":"WebSite","@id":"https:\/\/abilica.com\/#website","url":"https:\/\/abilica.com\/","name":"Abilica","description":"Abilica Home Training","potentialAction":[{"@type":"SearchAction","target":{"@type":"EntryPoint","urlTemplate":"https:\/\/abilica.com\/?s={search_term_string}"},"query-input":{"@type":"PropertyValueSpecification","valueRequired":true,"valueName":"search_term_string"}}],"inLanguage":"sv-SE"}]}},"_links":{"self":[{"href":"https:\/\/abilica.com\/sv\/wp-json\/wp\/v2\/product\/68037","targetHints":{"allow":["GET"]}}],"collection":[{"href":"https:\/\/abilica.com\/sv\/wp-json\/wp\/v2\/product"}],"about":[{"href":"https:\/\/abilica.com\/sv\/wp-json\/wp\/v2\/types\/product"}],"wp:featuredmedia":[{"embeddable":true,"href":"https:\/\/abilica.com\/sv\/wp-json\/wp\/v2\/media\/68009"}],"wp:attachment":[{"href":"https:\/\/abilica.com\/sv\/wp-json\/wp\/v2\/media?parent=68037"}],"wp:term":[{"taxonomy":"product_brand","embeddable":true,"href":"https:\/\/abilica.com\/sv\/wp-json\/wp\/v2\/product_brand?post=68037"},{"taxonomy":"product_cat","embeddable":true,"href":"https:\/\/abilica.com\/sv\/wp-json\/wp\/v2\/product_cat?post=68037"},{"taxonomy":"product_tag","embeddable":true,"href":"https:\/\/abilica.com\/sv\/wp-json\/wp\/v2\/product_tag?post=68037"}],"curies":[{"name":"wp","href":"https:\/\/api.w.org\/{rel}","templated":true}]}}