{"id":68038,"date":"2024-10-03T11:55:18","date_gmt":"2024-10-03T10:55:18","guid":{"rendered":"https:\/\/abilica.com\/?post_type=product&#038;p=68038"},"modified":"2025-11-20T08:35:28","modified_gmt":"2025-11-20T07:35:28","slug":"abilica-rowhandle","status":"publish","type":"product","link":"https:\/\/abilica.com\/sv\/styrka\/multigym-2\/abilica-rowhandle\/","title":{"rendered":"Abilica RowHandle"},"content":{"rendered":"<div class=\"wpb-content-wrapper\"><p>[vc_row][vc_column][vc_column_text el_class=&#8221;product-video&#8221;]Abilica Triangle Row Handle \u00e4r ett robust roddhandtag f\u00f6r multigym, tillverkat i st\u00e5l med en h\u00e5rd kromlegering. Handtaget passar b\u00e5de f\u00f6r hemmatr\u00e4ning och kommersiellt bruk. Det \u00e4r tillverkat av kraftigt st\u00e5l med en h\u00f6gkvalitativ svivel som m\u00f6jligg\u00f6r tv\u00e5ledsrotation. Ytan \u00e4r belagd med en h\u00e5rd kromlegering som ger ett stilrent, matt utseende, \u00e4r korrosionsbest\u00e4ndigt och slitstarkt, samt ger ett utm\u00e4rkt grepp. Den tunna kromlegeringen f\u00f6rb\u00e4ttrar strukturen p\u00e5 handtagets r\u00e4fflor, och den matta finishen g\u00f6r handtaget s\u00e4rskilt l\u00e4mpligt f\u00f6r fuktiga h\u00e4nder.<\/p>\n<p>Roddhandtaget kan anv\u00e4ndas f\u00f6r drag\u00f6vningar som pull-downs och sittande rodd, b\u00e5de som enarmade och tv\u00e5armade \u00f6vningar. Avst\u00e5ndet mellan handtagen \u00e4r 12 cm, varje handtag har en greppbredd p\u00e5 18,5 cm och en greppdiameter p\u00e5 25 mm.<\/p>\n<p>Observera att karbinhake inte ing\u00e5r. S\u00e4ljs styckvis.<\/p>\n<p><b><br \/>\nSpecifikationer<br \/>\n<\/b>M\u00e5tt: 15 x 18 x 20,5 cm (L x B x H) <b><br \/>\n<\/b>Greppbredd: 11,8 cm<b><br \/>\n<\/b>Diameter grepp: 28,5 mm <b><br \/>\n<\/b>Serration: Hill<b><br \/>\n<\/b>Legering: H\u00e5rd krom<b><br \/>\n<\/b>Produktvikt: 2,9 kg <b><br \/>\n<\/b>Material: St\u00e5l[\/vc_column_text][vc_empty_space height=&#8221;52px&#8221;][\/vc_column][\/vc_row]<\/p>\n<\/div>","protected":false},"excerpt":{"rendered":"<p>[vc_row][vc_column][vc_column_text el_class=&#8221;product-video&#8221;]Abilica Triangle Row Handle \u00e4r ett robust roddhandtag f\u00f6r multigym, tillverkat i st\u00e5l med&#8230;<\/p>\n","protected":false},"featured_media":68029,"template":"","meta":{"_acf_changed":false},"product_brand":[],"product_cat":[483,471],"product_tag":[49],"class_list":{"0":"post-68038","1":"product","2":"type-product","3":"status-publish","4":"has-post-thumbnail","6":"product_cat-multigym-2","7":"product_cat-styrka","8":"product_tag-premium","10":"first","11":"outofstock","12":"product-type-simple"},"acf":[],"yoast_head":"<!-- This site is optimized with the Yoast SEO Premium plugin v21.1 (Yoast SEO v25.4) - https:\/\/yoast.com\/wordpress\/plugins\/seo\/ -->\n<title>Abilica RowHandle Abilica<\/title>\n<meta name=\"robots\" content=\"index, follow, max-snippet:-1, max-image-preview:large, max-video-preview:-1\" \/>\n<link rel=\"canonical\" href=\"https:\/\/abilica.com\/sv\/styrka\/multigym-2\/abilica-rowhandle\/\" \/>\n<meta property=\"og:locale\" content=\"sv_SE\" \/>\n<meta property=\"og:type\" content=\"article\" \/>\n<meta property=\"og:title\" content=\"Abilica RowHandle\" \/>\n<meta property=\"og:description\" content=\"[vc_row][vc_column][vc_column_text el_class=&#8221;product-video&#8221;]Abilica Triangle Row Handle \u00e4r ett robust roddhandtag f\u00f6r multigym, tillverkat i st\u00e5l med...\" \/>\n<meta property=\"og:url\" content=\"https:\/\/abilica.com\/sv\/styrka\/multigym-2\/abilica-rowhandle\/\" \/>\n<meta property=\"og:site_name\" content=\"Abilica\" \/>\n<meta property=\"article:publisher\" content=\"https:\/\/www.facebook.com\/abilicahometraining\/\" \/>\n<meta property=\"article:modified_time\" content=\"2025-11-20T07:35:28+00:00\" \/>\n<meta property=\"og:image\" content=\"https:\/\/abilica.com\/wp-content\/uploads\/2024\/10\/408128-Abilica-Triangle-RowHandle_1.jpg\" \/>\n\t<meta property=\"og:image:width\" content=\"1200\" \/>\n\t<meta property=\"og:image:height\" content=\"1200\" \/>\n\t<meta property=\"og:image:type\" content=\"image\/jpeg\" \/>\n<meta name=\"twitter:card\" content=\"summary_large_image\" \/>\n<meta name=\"twitter:label1\" content=\"Ber\u00e4knad l\u00e4stid\" \/>\n\t<meta name=\"twitter:data1\" content=\"1 minut\" \/>\n<script type=\"application\/ld+json\" class=\"yoast-schema-graph\">{\"@context\":\"https:\/\/schema.org\",\"@graph\":[{\"@type\":\"WebPage\",\"@id\":\"https:\/\/abilica.com\/sv\/styrka\/multigym-2\/abilica-rowhandle\/\",\"url\":\"https:\/\/abilica.com\/sv\/styrka\/multigym-2\/abilica-rowhandle\/\",\"name\":\"Abilica RowHandle Abilica\",\"isPartOf\":{\"@id\":\"https:\/\/abilica.com\/#website\"},\"primaryImageOfPage\":{\"@id\":\"https:\/\/abilica.com\/sv\/styrka\/multigym-2\/abilica-rowhandle\/#primaryimage\"},\"image\":{\"@id\":\"https:\/\/abilica.com\/sv\/styrka\/multigym-2\/abilica-rowhandle\/#primaryimage\"},\"thumbnailUrl\":\"https:\/\/abilica.com\/wp-content\/uploads\/2024\/10\/408128-Abilica-Triangle-RowHandle_1.jpg\",\"datePublished\":\"2024-10-03T10:55:18+00:00\",\"dateModified\":\"2025-11-20T07:35:28+00:00\",\"breadcrumb\":{\"@id\":\"https:\/\/abilica.com\/sv\/styrka\/multigym-2\/abilica-rowhandle\/#breadcrumb\"},\"inLanguage\":\"sv-SE\",\"potentialAction\":[{\"@type\":\"ReadAction\",\"target\":[\"https:\/\/abilica.com\/sv\/styrka\/multigym-2\/abilica-rowhandle\/\"]}]},{\"@type\":\"ImageObject\",\"inLanguage\":\"sv-SE\",\"@id\":\"https:\/\/abilica.com\/sv\/styrka\/multigym-2\/abilica-rowhandle\/#primaryimage\",\"url\":\"https:\/\/abilica.com\/wp-content\/uploads\/2024\/10\/408128-Abilica-Triangle-RowHandle_1.jpg\",\"contentUrl\":\"https:\/\/abilica.com\/wp-content\/uploads\/2024\/10\/408128-Abilica-Triangle-RowHandle_1.jpg\",\"width\":1200,\"height\":1200},{\"@type\":\"BreadcrumbList\",\"@id\":\"https:\/\/abilica.com\/sv\/styrka\/multigym-2\/abilica-rowhandle\/#breadcrumb\",\"itemListElement\":[{\"@type\":\"ListItem\",\"position\":1,\"name\":\"Hem\",\"item\":\"https:\/\/abilica.com\/sv\/\"},{\"@type\":\"ListItem\",\"position\":2,\"name\":\"Produkter\",\"item\":\"https:\/\/abilica.com\/sv\/shop\/\"},{\"@type\":\"ListItem\",\"position\":3,\"name\":\"Abilica RowHandle\"}]},{\"@type\":\"WebSite\",\"@id\":\"https:\/\/abilica.com\/#website\",\"url\":\"https:\/\/abilica.com\/\",\"name\":\"Abilica\",\"description\":\"Abilica Home Training\",\"potentialAction\":[{\"@type\":\"SearchAction\",\"target\":{\"@type\":\"EntryPoint\",\"urlTemplate\":\"https:\/\/abilica.com\/?s={search_term_string}\"},\"query-input\":{\"@type\":\"PropertyValueSpecification\",\"valueRequired\":true,\"valueName\":\"search_term_string\"}}],\"inLanguage\":\"sv-SE\"}]}<\/script>\n<!-- \/ Yoast SEO Premium plugin. -->","yoast_head_json":{"title":"Abilica RowHandle Abilica","robots":{"index":"index","follow":"follow","max-snippet":"max-snippet:-1","max-image-preview":"max-image-preview:large","max-video-preview":"max-video-preview:-1"},"canonical":"https:\/\/abilica.com\/sv\/styrka\/multigym-2\/abilica-rowhandle\/","og_locale":"sv_SE","og_type":"article","og_title":"Abilica RowHandle","og_description":"[vc_row][vc_column][vc_column_text el_class=&#8221;product-video&#8221;]Abilica Triangle Row Handle \u00e4r ett robust roddhandtag f\u00f6r multigym, tillverkat i st\u00e5l med...","og_url":"https:\/\/abilica.com\/sv\/styrka\/multigym-2\/abilica-rowhandle\/","og_site_name":"Abilica","article_publisher":"https:\/\/www.facebook.com\/abilicahometraining\/","article_modified_time":"2025-11-20T07:35:28+00:00","og_image":[{"width":1200,"height":1200,"url":"https:\/\/abilica.com\/wp-content\/uploads\/2024\/10\/408128-Abilica-Triangle-RowHandle_1.jpg","type":"image\/jpeg"}],"twitter_card":"summary_large_image","twitter_misc":{"Ber\u00e4knad l\u00e4stid":"1 minut"},"schema":{"@context":"https:\/\/schema.org","@graph":[{"@type":"WebPage","@id":"https:\/\/abilica.com\/sv\/styrka\/multigym-2\/abilica-rowhandle\/","url":"https:\/\/abilica.com\/sv\/styrka\/multigym-2\/abilica-rowhandle\/","name":"Abilica RowHandle Abilica","isPartOf":{"@id":"https:\/\/abilica.com\/#website"},"primaryImageOfPage":{"@id":"https:\/\/abilica.com\/sv\/styrka\/multigym-2\/abilica-rowhandle\/#primaryimage"},"image":{"@id":"https:\/\/abilica.com\/sv\/styrka\/multigym-2\/abilica-rowhandle\/#primaryimage"},"thumbnailUrl":"https:\/\/abilica.com\/wp-content\/uploads\/2024\/10\/408128-Abilica-Triangle-RowHandle_1.jpg","datePublished":"2024-10-03T10:55:18+00:00","dateModified":"2025-11-20T07:35:28+00:00","breadcrumb":{"@id":"https:\/\/abilica.com\/sv\/styrka\/multigym-2\/abilica-rowhandle\/#breadcrumb"},"inLanguage":"sv-SE","potentialAction":[{"@type":"ReadAction","target":["https:\/\/abilica.com\/sv\/styrka\/multigym-2\/abilica-rowhandle\/"]}]},{"@type":"ImageObject","inLanguage":"sv-SE","@id":"https:\/\/abilica.com\/sv\/styrka\/multigym-2\/abilica-rowhandle\/#primaryimage","url":"https:\/\/abilica.com\/wp-content\/uploads\/2024\/10\/408128-Abilica-Triangle-RowHandle_1.jpg","contentUrl":"https:\/\/abilica.com\/wp-content\/uploads\/2024\/10\/408128-Abilica-Triangle-RowHandle_1.jpg","width":1200,"height":1200},{"@type":"BreadcrumbList","@id":"https:\/\/abilica.com\/sv\/styrka\/multigym-2\/abilica-rowhandle\/#breadcrumb","itemListElement":[{"@type":"ListItem","position":1,"name":"Hem","item":"https:\/\/abilica.com\/sv\/"},{"@type":"ListItem","position":2,"name":"Produkter","item":"https:\/\/abilica.com\/sv\/shop\/"},{"@type":"ListItem","position":3,"name":"Abilica RowHandle"}]},{"@type":"WebSite","@id":"https:\/\/abilica.com\/#website","url":"https:\/\/abilica.com\/","name":"Abilica","description":"Abilica Home Training","potentialAction":[{"@type":"SearchAction","target":{"@type":"EntryPoint","urlTemplate":"https:\/\/abilica.com\/?s={search_term_string}"},"query-input":{"@type":"PropertyValueSpecification","valueRequired":true,"valueName":"search_term_string"}}],"inLanguage":"sv-SE"}]}},"_links":{"self":[{"href":"https:\/\/abilica.com\/sv\/wp-json\/wp\/v2\/product\/68038","targetHints":{"allow":["GET"]}}],"collection":[{"href":"https:\/\/abilica.com\/sv\/wp-json\/wp\/v2\/product"}],"about":[{"href":"https:\/\/abilica.com\/sv\/wp-json\/wp\/v2\/types\/product"}],"wp:featuredmedia":[{"embeddable":true,"href":"https:\/\/abilica.com\/sv\/wp-json\/wp\/v2\/media\/68029"}],"wp:attachment":[{"href":"https:\/\/abilica.com\/sv\/wp-json\/wp\/v2\/media?parent=68038"}],"wp:term":[{"taxonomy":"product_brand","embeddable":true,"href":"https:\/\/abilica.com\/sv\/wp-json\/wp\/v2\/product_brand?post=68038"},{"taxonomy":"product_cat","embeddable":true,"href":"https:\/\/abilica.com\/sv\/wp-json\/wp\/v2\/product_cat?post=68038"},{"taxonomy":"product_tag","embeddable":true,"href":"https:\/\/abilica.com\/sv\/wp-json\/wp\/v2\/product_tag?post=68038"}],"curies":[{"name":"wp","href":"https:\/\/api.w.org\/{rel}","templated":true}]}}