{"id":68057,"date":"2024-10-04T13:53:38","date_gmt":"2024-10-04T12:53:38","guid":{"rendered":"https:\/\/abilica.com\/?post_type=product&#038;p=68057"},"modified":"2025-11-03T19:26:42","modified_gmt":"2025-11-03T18:26:42","slug":"abilica-weightbar-200-cm-50-mm","status":"publish","type":"product","link":"https:\/\/abilica.com\/sv\/styrka\/skivor-och-stanger\/abilica-weightbar-200-cm-50-mm\/","title":{"rendered":"Abilica WeightBar 200 cm 50 mm"},"content":{"rendered":"<div class=\"wpb-content-wrapper\"><p>[vc_row][vc_column][vc_column_text el_class=&#8221;product-video&#8221;]<strong>Abilica WeightBar 200 cm \u00e4r perfekt f\u00f6r dig med mindre h\u00e4nder, eller som har behov av en kortare st\u00e5ng f\u00f6r hemmagymmet.<\/strong><\/p>\n<p>Viktst\u00e5ngen passar bra i de flesta rack och \u00e4r v\u00e4l l\u00e4mpad f\u00f6r marklyft, kn\u00e4b\u00f6j och b\u00e4nkpress. Viktst\u00e5ngen har en greppdiameter p\u00e5 25 mm med 1,2 mm hill-serratering och en ytbehandling av typen h\u00e5rdkrom. H\u00e5rdkrom \u00e4r en metallblandning som ger viktst\u00e5ngen ett snyggt utseende, en bra k\u00e4nsla, korrosionsbest\u00e4ndighet och h\u00f6g slitstyrka. Denna kombination g\u00f6r att greppet k\u00e4nns bekv\u00e4mt samtidigt som du fortfarande f\u00e5r ett bra grepp n\u00e4r vikterna blir tunga.<\/p>\n<p>St\u00e5ngen \u00e4r mycket v\u00e4l l\u00e4mpad f\u00f6r marklyft, eftersom den inte har n\u00e5gon serratering i mitten av st\u00e5ngen. Detta g\u00f6r att du inte skrapar upp smalbenen p\u00e5 grund av en grov serratering n\u00e4r st\u00e5ngen dras n\u00e4ra benen. Viktst\u00e5ngen har serrateringssektioner p\u00e5 b\u00e5da sidor av st\u00e5ngen, vilket g\u00f6r det enkelt att hitta samma greppbredd varje g\u00e5ng du ska lyfta marklyft eller b\u00e4nkpress. Vi rekommenderar Abilica Olympic WeightPlates till denna viktst\u00e5ng, tillsammans med 50 mm l\u00e5s. Abilica WeightBar 200 cm 50 mm passar lika bra i ett hemmagym som p\u00e5 en arbetsplats.<\/p>\n<p><b>Specifikationer<br \/>\n<\/b>L\u00e4ngd: 200 cm<br \/>\nVikt: 15 kg<br \/>\nL\u00e4ngd \u00e4ndstycke: 31,5 cm<br \/>\nGreppbredd: 131 cm<br \/>\nDiameter grepp: 25 mm<br \/>\nSerrateringssektioner: 4<br \/>\nTyp av Serratering: Hill 1,2 mm<br \/>\nLager: 2 n\u00e5l- och kopparlager<br \/>\nPSI: 110k<br \/>\nYtbehandling: H\u00e5rdkrom<br \/>\nMax belastning: 250 kg<br \/>\nLevereras utan l\u00e5s[\/vc_column_text][vc_empty_space height=&#8221;52px&#8221;][\/vc_column][\/vc_row]<\/p>\n<\/div>","protected":false},"excerpt":{"rendered":"<p>[vc_row][vc_column][vc_column_text el_class=&#8221;product-video&#8221;]Abilica WeightBar 200 cm \u00e4r perfekt f\u00f6r dig med mindre h\u00e4nder, eller som har&#8230;<\/p>\n","protected":false},"featured_media":68049,"template":"","meta":{"_acf_changed":false},"product_brand":[],"product_cat":[474,471],"product_tag":[49],"class_list":{"0":"post-68057","1":"product","2":"type-product","3":"status-publish","4":"has-post-thumbnail","6":"product_cat-skivor-och-stanger","7":"product_cat-styrka","8":"product_tag-premium","10":"first","11":"outofstock","12":"product-type-simple"},"acf":[],"yoast_head":"<!-- This site is optimized with the Yoast SEO Premium plugin v21.1 (Yoast SEO v25.4) - https:\/\/yoast.com\/wordpress\/plugins\/seo\/ -->\n<title>Abilica WeightBar 200 cm 50 mm Abilica<\/title>\n<meta name=\"robots\" content=\"index, follow, max-snippet:-1, max-image-preview:large, max-video-preview:-1\" \/>\n<link rel=\"canonical\" href=\"https:\/\/abilica.com\/sv\/styrka\/skivor-och-stanger\/abilica-weightbar-200-cm-50-mm\/\" \/>\n<meta property=\"og:locale\" content=\"sv_SE\" \/>\n<meta property=\"og:type\" content=\"article\" \/>\n<meta property=\"og:title\" content=\"Abilica WeightBar 200 cm 50 mm\" \/>\n<meta property=\"og:description\" content=\"[vc_row][vc_column][vc_column_text el_class=&#8221;product-video&#8221;]Abilica WeightBar 200 cm \u00e4r perfekt f\u00f6r dig med mindre h\u00e4nder, eller som har...\" \/>\n<meta property=\"og:url\" content=\"https:\/\/abilica.com\/sv\/styrka\/skivor-och-stanger\/abilica-weightbar-200-cm-50-mm\/\" \/>\n<meta property=\"og:site_name\" content=\"Abilica\" \/>\n<meta property=\"article:publisher\" content=\"https:\/\/www.facebook.com\/abilicahometraining\/\" \/>\n<meta property=\"article:modified_time\" content=\"2025-11-03T18:26:42+00:00\" \/>\n<meta property=\"og:image\" content=\"https:\/\/abilica.com\/wp-content\/uploads\/2024\/10\/408132-Abilica-WeightBar-200-cm-50-mm_B.jpg\" \/>\n\t<meta property=\"og:image:width\" content=\"1200\" \/>\n\t<meta property=\"og:image:height\" content=\"1200\" \/>\n\t<meta property=\"og:image:type\" content=\"image\/jpeg\" \/>\n<meta name=\"twitter:card\" content=\"summary_large_image\" \/>\n<meta name=\"twitter:label1\" content=\"Ber\u00e4knad l\u00e4stid\" \/>\n\t<meta name=\"twitter:data1\" content=\"1 minut\" \/>\n<script type=\"application\/ld+json\" class=\"yoast-schema-graph\">{\"@context\":\"https:\/\/schema.org\",\"@graph\":[{\"@type\":\"WebPage\",\"@id\":\"https:\/\/abilica.com\/sv\/styrka\/skivor-och-stanger\/abilica-weightbar-200-cm-50-mm\/\",\"url\":\"https:\/\/abilica.com\/sv\/styrka\/skivor-och-stanger\/abilica-weightbar-200-cm-50-mm\/\",\"name\":\"Abilica WeightBar 200 cm 50 mm Abilica\",\"isPartOf\":{\"@id\":\"https:\/\/abilica.com\/#website\"},\"primaryImageOfPage\":{\"@id\":\"https:\/\/abilica.com\/sv\/styrka\/skivor-och-stanger\/abilica-weightbar-200-cm-50-mm\/#primaryimage\"},\"image\":{\"@id\":\"https:\/\/abilica.com\/sv\/styrka\/skivor-och-stanger\/abilica-weightbar-200-cm-50-mm\/#primaryimage\"},\"thumbnailUrl\":\"https:\/\/abilica.com\/wp-content\/uploads\/2024\/10\/408132-Abilica-WeightBar-200-cm-50-mm_B.jpg\",\"datePublished\":\"2024-10-04T12:53:38+00:00\",\"dateModified\":\"2025-11-03T18:26:42+00:00\",\"breadcrumb\":{\"@id\":\"https:\/\/abilica.com\/sv\/styrka\/skivor-och-stanger\/abilica-weightbar-200-cm-50-mm\/#breadcrumb\"},\"inLanguage\":\"sv-SE\",\"potentialAction\":[{\"@type\":\"ReadAction\",\"target\":[\"https:\/\/abilica.com\/sv\/styrka\/skivor-och-stanger\/abilica-weightbar-200-cm-50-mm\/\"]}]},{\"@type\":\"ImageObject\",\"inLanguage\":\"sv-SE\",\"@id\":\"https:\/\/abilica.com\/sv\/styrka\/skivor-och-stanger\/abilica-weightbar-200-cm-50-mm\/#primaryimage\",\"url\":\"https:\/\/abilica.com\/wp-content\/uploads\/2024\/10\/408132-Abilica-WeightBar-200-cm-50-mm_B.jpg\",\"contentUrl\":\"https:\/\/abilica.com\/wp-content\/uploads\/2024\/10\/408132-Abilica-WeightBar-200-cm-50-mm_B.jpg\",\"width\":1200,\"height\":1200},{\"@type\":\"BreadcrumbList\",\"@id\":\"https:\/\/abilica.com\/sv\/styrka\/skivor-och-stanger\/abilica-weightbar-200-cm-50-mm\/#breadcrumb\",\"itemListElement\":[{\"@type\":\"ListItem\",\"position\":1,\"name\":\"Hem\",\"item\":\"https:\/\/abilica.com\/sv\/\"},{\"@type\":\"ListItem\",\"position\":2,\"name\":\"Produkter\",\"item\":\"https:\/\/abilica.com\/sv\/shop\/\"},{\"@type\":\"ListItem\",\"position\":3,\"name\":\"Abilica WeightBar 200 cm 50 mm\"}]},{\"@type\":\"WebSite\",\"@id\":\"https:\/\/abilica.com\/#website\",\"url\":\"https:\/\/abilica.com\/\",\"name\":\"Abilica\",\"description\":\"Abilica Home Training\",\"potentialAction\":[{\"@type\":\"SearchAction\",\"target\":{\"@type\":\"EntryPoint\",\"urlTemplate\":\"https:\/\/abilica.com\/?s={search_term_string}\"},\"query-input\":{\"@type\":\"PropertyValueSpecification\",\"valueRequired\":true,\"valueName\":\"search_term_string\"}}],\"inLanguage\":\"sv-SE\"}]}<\/script>\n<!-- \/ Yoast SEO Premium plugin. -->","yoast_head_json":{"title":"Abilica WeightBar 200 cm 50 mm Abilica","robots":{"index":"index","follow":"follow","max-snippet":"max-snippet:-1","max-image-preview":"max-image-preview:large","max-video-preview":"max-video-preview:-1"},"canonical":"https:\/\/abilica.com\/sv\/styrka\/skivor-och-stanger\/abilica-weightbar-200-cm-50-mm\/","og_locale":"sv_SE","og_type":"article","og_title":"Abilica WeightBar 200 cm 50 mm","og_description":"[vc_row][vc_column][vc_column_text el_class=&#8221;product-video&#8221;]Abilica WeightBar 200 cm \u00e4r perfekt f\u00f6r dig med mindre h\u00e4nder, eller som har...","og_url":"https:\/\/abilica.com\/sv\/styrka\/skivor-och-stanger\/abilica-weightbar-200-cm-50-mm\/","og_site_name":"Abilica","article_publisher":"https:\/\/www.facebook.com\/abilicahometraining\/","article_modified_time":"2025-11-03T18:26:42+00:00","og_image":[{"width":1200,"height":1200,"url":"https:\/\/abilica.com\/wp-content\/uploads\/2024\/10\/408132-Abilica-WeightBar-200-cm-50-mm_B.jpg","type":"image\/jpeg"}],"twitter_card":"summary_large_image","twitter_misc":{"Ber\u00e4knad l\u00e4stid":"1 minut"},"schema":{"@context":"https:\/\/schema.org","@graph":[{"@type":"WebPage","@id":"https:\/\/abilica.com\/sv\/styrka\/skivor-och-stanger\/abilica-weightbar-200-cm-50-mm\/","url":"https:\/\/abilica.com\/sv\/styrka\/skivor-och-stanger\/abilica-weightbar-200-cm-50-mm\/","name":"Abilica WeightBar 200 cm 50 mm Abilica","isPartOf":{"@id":"https:\/\/abilica.com\/#website"},"primaryImageOfPage":{"@id":"https:\/\/abilica.com\/sv\/styrka\/skivor-och-stanger\/abilica-weightbar-200-cm-50-mm\/#primaryimage"},"image":{"@id":"https:\/\/abilica.com\/sv\/styrka\/skivor-och-stanger\/abilica-weightbar-200-cm-50-mm\/#primaryimage"},"thumbnailUrl":"https:\/\/abilica.com\/wp-content\/uploads\/2024\/10\/408132-Abilica-WeightBar-200-cm-50-mm_B.jpg","datePublished":"2024-10-04T12:53:38+00:00","dateModified":"2025-11-03T18:26:42+00:00","breadcrumb":{"@id":"https:\/\/abilica.com\/sv\/styrka\/skivor-och-stanger\/abilica-weightbar-200-cm-50-mm\/#breadcrumb"},"inLanguage":"sv-SE","potentialAction":[{"@type":"ReadAction","target":["https:\/\/abilica.com\/sv\/styrka\/skivor-och-stanger\/abilica-weightbar-200-cm-50-mm\/"]}]},{"@type":"ImageObject","inLanguage":"sv-SE","@id":"https:\/\/abilica.com\/sv\/styrka\/skivor-och-stanger\/abilica-weightbar-200-cm-50-mm\/#primaryimage","url":"https:\/\/abilica.com\/wp-content\/uploads\/2024\/10\/408132-Abilica-WeightBar-200-cm-50-mm_B.jpg","contentUrl":"https:\/\/abilica.com\/wp-content\/uploads\/2024\/10\/408132-Abilica-WeightBar-200-cm-50-mm_B.jpg","width":1200,"height":1200},{"@type":"BreadcrumbList","@id":"https:\/\/abilica.com\/sv\/styrka\/skivor-och-stanger\/abilica-weightbar-200-cm-50-mm\/#breadcrumb","itemListElement":[{"@type":"ListItem","position":1,"name":"Hem","item":"https:\/\/abilica.com\/sv\/"},{"@type":"ListItem","position":2,"name":"Produkter","item":"https:\/\/abilica.com\/sv\/shop\/"},{"@type":"ListItem","position":3,"name":"Abilica WeightBar 200 cm 50 mm"}]},{"@type":"WebSite","@id":"https:\/\/abilica.com\/#website","url":"https:\/\/abilica.com\/","name":"Abilica","description":"Abilica Home Training","potentialAction":[{"@type":"SearchAction","target":{"@type":"EntryPoint","urlTemplate":"https:\/\/abilica.com\/?s={search_term_string}"},"query-input":{"@type":"PropertyValueSpecification","valueRequired":true,"valueName":"search_term_string"}}],"inLanguage":"sv-SE"}]}},"_links":{"self":[{"href":"https:\/\/abilica.com\/sv\/wp-json\/wp\/v2\/product\/68057","targetHints":{"allow":["GET"]}}],"collection":[{"href":"https:\/\/abilica.com\/sv\/wp-json\/wp\/v2\/product"}],"about":[{"href":"https:\/\/abilica.com\/sv\/wp-json\/wp\/v2\/types\/product"}],"wp:featuredmedia":[{"embeddable":true,"href":"https:\/\/abilica.com\/sv\/wp-json\/wp\/v2\/media\/68049"}],"wp:attachment":[{"href":"https:\/\/abilica.com\/sv\/wp-json\/wp\/v2\/media?parent=68057"}],"wp:term":[{"taxonomy":"product_brand","embeddable":true,"href":"https:\/\/abilica.com\/sv\/wp-json\/wp\/v2\/product_brand?post=68057"},{"taxonomy":"product_cat","embeddable":true,"href":"https:\/\/abilica.com\/sv\/wp-json\/wp\/v2\/product_cat?post=68057"},{"taxonomy":"product_tag","embeddable":true,"href":"https:\/\/abilica.com\/sv\/wp-json\/wp\/v2\/product_tag?post=68057"}],"curies":[{"name":"wp","href":"https:\/\/api.w.org\/{rel}","templated":true}]}}